{"id":4525,"date":"2023-10-23T12:02:13","date_gmt":"2023-10-23T10:02:13","guid":{"rendered":"https:\/\/www.camping-calypso.com\/?page_id=4525"},"modified":"2024-08-05T17:49:53","modified_gmt":"2024-08-05T15:49:53","slug":"seminars-perpignan-onze-camping-organiseert-uw-bedrijfsevenementen","status":"publish","type":"page","link":"https:\/\/www.camping-calypso.com\/nl\/seminars-perpignan-onze-camping-organiseert-uw-bedrijfsevenementen\/","title":{"rendered":"Seminars Perpignan: onze camping organiseert uw bedrijfsevenementen"},"content":{"rendered":"\n<div class=\"wp-block-cover alignfull is-light\"><span aria-hidden=\"true\" class=\"wp-block-cover__gradient-background has-background-dim\"><\/span><img loading=\"lazy\" width=\"1920\" height=\"1280\" class=\"wp-block-cover__image-background wp-image-6778\" alt=\"\" src=\"https:\/\/www.camping-calypso.com\/wp-content\/uploads\/2024\/08\/BD-Lavande-2.jpg\" style=\"object-position:60% 67%\" data-object-fit=\"cover\" data-object-position=\"60% 67%\" srcset=\"https:\/\/www.camping-calypso.com\/wp-content\/uploads\/2024\/08\/BD-Lavande-2.jpg 1920w, https:\/\/www.camping-calypso.com\/wp-content\/uploads\/2024\/08\/BD-Lavande-2-300x200.jpg 300w, https:\/\/www.camping-calypso.com\/wp-content\/uploads\/2024\/08\/BD-Lavande-2-1024x683.jpg 1024w, https:\/\/www.camping-calypso.com\/wp-content\/uploads\/2024\/08\/BD-Lavande-2-768x512.jpg 768w, https:\/\/www.camping-calypso.com\/wp-content\/uploads\/2024\/08\/BD-Lavande-2-1536x1024.jpg 1536w\" sizes=\"(max-width: 1920px) 100vw, 1920px\" \/><div class=\"wp-block-cover__inner-container\">\n<p class=\"has-text-align-center has-large-font-size\"><\/p>\n<\/div><\/div>\n\n\n\n<h1 id=\"seminaire-perpignan-notre-camping-accueille-vos-evenements-d-entreprise\">Seminars Perpignan: onze camping organiseert uw bedrijfsevenementen<\/h1>\n\n\n\n<p class=\"has-text-align-center\">Wat als u dit jaar een <strong>seminar organiseert in Perpignan, in de regio Pyr\u00e9n\u00e9es-Orientales<\/strong>, op een ongebruikelijke locatie? Zeg vaarwel tegen vergaderzalen in hotels in stadscentra &#8211; denk aan bedrijfsseminars op campings! Camping Le Calypso is de perfecte locatie voor uw bedrijfsseminars. Uw <strong>seminar op een<\/strong> <a href=\"https:\/\/www.camping-calypso.com\/nl\/\"><strong>camping in de buurt van Perpignan<\/strong><\/a>: een charmante, originele en aantrekkelijke oplossing waar uw medewerkers dol op zullen zijn!<\/p>\n\n\n\n<section class=\"wp-container-69f27ab12382d wp-block-group alignfull has-noir-background-color has-background\"><div class=\"wp-block-group__inner-container\">\n<h2 class=\"has-text-align-center\" id=\"seminars-perpignan\">Seminars Perpignan<\/h2>\n\n\n\n<ul class=\"pictos normal centre col-4 diaporama-mob has-vert-color has-text-color\"><li><i class=\"fas fa-microphone\"><\/i>&nbsp;<em>1 conferentieruimte<\/em> van 180m2 tot 200 personen<\/li><li><i class=\"fas fa-user-tie\"><\/i>&nbsp;<em>1 <em>conferentieruimte<\/em> <\/em>van 50m2 tot 60 personen<\/li><li><i class=\"fas fa-paperclip\"><\/i>&nbsp;<em>1 vergaderruimte <\/em>van<em> <\/em>23m2 tot 6 personen<\/li><li><i class=\"fas fa-laptop\"><\/i>&nbsp;<em>1 co-workingruimte<\/em> van 24m2<\/li><\/ul>\n<\/div><\/section>\n\n\n\n<div class=\"wp-block-columns alignfull has-blanc-background-color has-background\">\n<div class=\"wp-block-column\">\n<h1 id=\"camping-a-toreilles-5-etoiles-a-500-m-de-la-plage\"><strong>Waarom uw seminar op een camping <em>in de buurt van Perpignan?<\/em><\/strong><\/h1>\n\n\n\n<p>Onze camping Le Calypso heeft een dubbel voordeel: het is ideaal <strong>gelegen aan zee<\/strong> (Torreilles Plage) en <strong>in het hart van een landschapspark<\/strong> van 5 hectare, terwijl het toch heel dicht bij Perpignan ligt, de grootste stad van de Pyr\u00e9n\u00e9es-Orientales. <\/p>\n\n\n\n<p>Als je op zoek bent naar een <a href=\"https:\/\/www.camping-calypso.com\/nl\/reserveer-5-sterrencamping-calypso-in-torreilles-voor-uw-evenementen\/\">priv\u00e9-evenement<\/a> of een <strong>seminar dat natuur en stad combineert<\/strong>, dan zal onze camping zeker in de smaak vallen! <\/p>\n\n\n\n<p>Het <strong>bucolische aspect<\/strong> van onze camping, omgeven door groen, zal zeker een voordeel zijn in het stimuleren van de concentratie en motivatie van je teams. De <strong>directe nabijheid van Perpignan<\/strong> vergemakkelijkt de logistieke organisatie van uw seminar en de organisatie van teambuildingactiviteiten.<\/p>\n<\/div>\n\n\n\n<div class=\"wp-block-column\" style=\"flex-basis:52%\">\n<figure class=\"wp-block-image alignfull size-large\"><img loading=\"lazy\" width=\"1024\" height=\"683\" src=\"https:\/\/www.camping-calypso.com\/wp-content\/uploads\/2024\/08\/BD-Jasmin-1-1024x683.jpg\" alt=\"\" class=\"wp-image-6766\" srcset=\"https:\/\/www.camping-calypso.com\/wp-content\/uploads\/2024\/08\/BD-Jasmin-1-1024x683.jpg 1024w, https:\/\/www.camping-calypso.com\/wp-content\/uploads\/2024\/08\/BD-Jasmin-1-300x200.jpg 300w, https:\/\/www.camping-calypso.com\/wp-content\/uploads\/2024\/08\/BD-Jasmin-1-768x512.jpg 768w, https:\/\/www.camping-calypso.com\/wp-content\/uploads\/2024\/08\/BD-Jasmin-1-1536x1024.jpg 1536w, https:\/\/www.camping-calypso.com\/wp-content\/uploads\/2024\/08\/BD-Jasmin-1-2048x1365.jpg 2048w\" sizes=\"(max-width: 1024px) 100vw, 1024px\" \/><\/figure>\n<\/div>\n<\/div>\n\n\n\n<div class=\"wp-block-columns alignfull reverse-mob has-bleu-background-color has-background\">\n<div class=\"wp-block-column\" style=\"flex-basis:48%\">\n<figure class=\"wp-block-image alignfull size-large\"><img loading=\"lazy\" width=\"1024\" height=\"768\" src=\"https:\/\/www.camping-calypso.com\/wp-content\/uploads\/2024\/02\/DJI_0926-1024x768.jpg\" alt=\"Camping 5 \u00e9toiles pyr\u00e9n\u00e9es orientales bord de mer\" class=\"wp-image-6099\" srcset=\"https:\/\/www.camping-calypso.com\/wp-content\/uploads\/2024\/02\/DJI_0926-1024x768.jpg 1024w, https:\/\/www.camping-calypso.com\/wp-content\/uploads\/2024\/02\/DJI_0926-300x225.jpg 300w, https:\/\/www.camping-calypso.com\/wp-content\/uploads\/2024\/02\/DJI_0926-768x576.jpg 768w, https:\/\/www.camping-calypso.com\/wp-content\/uploads\/2024\/02\/DJI_0926-1536x1152.jpg 1536w, https:\/\/www.camping-calypso.com\/wp-content\/uploads\/2024\/02\/DJI_0926-2048x1536.jpg 2048w\" sizes=\"(max-width: 1024px) 100vw, 1024px\" \/><figcaption>DCIM100MEDIADJI_0926.JPG<\/figcaption><\/figure>\n<\/div>\n\n\n\n<div class=\"wp-block-column\">\n<h2 id=\"bar\"><strong>De voordelen van onze camping in Perpignan <em>voor uw bedrijfsseminar<\/em><\/strong><\/h2>\n\n\n\n<p>Dankzij de faciliteiten op <a href=\"https:\/\/www.camping-calypso.com\/nl\/\">onze camping in de buurt van Perpignan<\/a> wordt uw seminar <strong>een doorslaand succes<\/strong>!<\/p>\n<\/div>\n<\/div>\n\n\n\n<div class=\"wp-block-columns\">\n<div class=\"wp-block-column\">\n<h3 id=\"des-hebergements-de-qualite\">Kwaliteit accommodatie<\/h3>\n\n\n\n<p>Onze camping in de buurt van Perpignan heeft <strong>121 stacaravans en 24 chalets<\/strong>. Elke <a href=\"https:\/\/www.camping-calypso.com\/nl\/stacaravan-chalet\/\">vakantiewoning in Torreilles<\/a> is voorzien van alle noodzakelijke voorzieningen, zodat <strong>comfort en privacy<\/strong> gegarandeerd zijn, inclusief volledig uitgeruste slaapkamers, zithoek, keuken, badkamer en apart toilet, allemaal in een groene omgeving.<\/p>\n\n\n\n<p>Je kunt kiezen voor individuele accommodatie of groepsaccommodatie en profiteren van <strong>hotelservices<\/strong> zoals opgemaakte bedden en linnengoed (lakens en handdoeken).<\/p>\n\n\n\n<p>Op onze camping in de buurt van Perpignan worden uw medewerkers goed verzorgd, zodat uw <strong>seminar vlekkeloos verloopt<\/strong>!<\/p>\n\n\n\n<div class=\"wp-container-69f27ab123d4b wp-block-buttons\">\n<div class=\"wp-block-button\"><a class=\"wp-block-button__link\">Bekijk de verhuur<\/a><\/div>\n<\/div>\n<\/div>\n\n\n\n<div class=\"wp-block-column\">\n<h3 id=\"des-salles-de-reunion-completes\">Volledig uitgeruste vergaderzalen<\/h3>\n\n\n\n<p>Op onze camping in de buurt van Perpignan heb je optimale werkomstandigheden dankzij onze <strong>twee vergaderzalen, perfect aangepast<\/strong> aan jouw behoeften. WiFi met hoge snelheid, projector, flip-over, scherm en microfoon zijn allemaal beschikbaar in de vergaderruimte voor effectieve conferenties en workshops.<\/p>\n<\/div>\n\n\n\n<div class=\"wp-block-column\">\n<h3 id=\"une-situation-ideale-pour-vos-activites-de-cohesion-d-equipe\">Een ideale locatie voor uw teambuildingactiviteiten<\/h3>\n\n\n\n<p>Onze camping bij Perpignan ligt op <strong>500 meter van het strand<\/strong>. Bent u op zoek naar een nautische teambuildingactiviteit om de banden binnen uw bedrijf aan te halen? Op een steenworp afstand van onze camping kun je kano\u00ebn, strandzeilen, paddleboarden of yogasessies organiseren, maar ook boot- of catamarantochten op de Middellandse Zee of op het Etang de Salses. <strong>een brede waaier aan activiteiten<\/strong> om uw team te helpen elkaar beter te leren kennen: ontsnappingsspelletjes, olympiades, rally&#8217;s, enz. Tot slot kunt u dankzij ons multisportterrein, zwembad, uitgestrekte terreinen en vergader- en feestzaal ook <strong>organiseer uw activiteiten ter plaatse<\/strong>, zonder onze camping te verlaten: sporttoernooi, petanque, buitenspelen, teambuildingavond&#8230;<\/p>\n<\/div>\n<\/div>\n\n\n\n<div style=\"height:42px\" aria-hidden=\"true\" class=\"wp-block-spacer\"><\/div>\n\n\n\n<div class=\"wp-block-columns reverse-mob\">\n<div class=\"wp-block-column\" style=\"flex-basis:55%\">\n<h3 id=\"un-camping-5-etoiles-a-torreilles-aux-services-d-exception\">Een cateringservice op maat van uw behoeften<\/h3>\n\n\n\n<p>Het <strong>seminaraanbod op onze camping in de buurt van Perpignan<\/strong> omvat halfpension of volpension. Je kunt er ook voor kiezen om een cateraar in te schakelen. Je bedrijfsmaaltijden vinden plaats in onze ruime en comfortabele eetzaal, die zo is ingericht dat gezelligheid wordt bevorderd. We kunnen ook koffie, gebak en vruchtensap verzorgen voor de <strong>pauzes van je seminar<\/strong>.<\/p>\n\n\n\n<h3 id=\"des-equipements-attractifs-au-sein-de-notre-camping\">Aantrekkelijke faciliteiten op onze camping<\/h3>\n\n\n\n<p>Tussen de vergaderingen door kunnen uw medewerkers ontspannen in de zon van de Pyrenee\u00ebn-Ori\u00ebntaalse zon op een ligstoel of zelfs profiteren <strong><a href=\"https:\/\/www.camping-calypso.com\/nl\/waterpark\/\">van ons zwembad en waterpark<\/a><\/strong> van 3000 m\u00b2. Na een duik of een vitamine D-boost in de zon zullen je werknemers nog productiever zijn!<\/p>\n<\/div>\n\n\n\n<div class=\"wp-block-column\">\n<figure class=\"wp-block-image alignfull size-large\"><img loading=\"lazy\" width=\"1024\" height=\"683\" src=\"https:\/\/www.camping-calypso.com\/wp-content\/uploads\/2024\/08\/BD-Restaurant-4-1024x683.jpg\" alt=\"\" class=\"wp-image-6818\" srcset=\"https:\/\/www.camping-calypso.com\/wp-content\/uploads\/2024\/08\/BD-Restaurant-4-1024x683.jpg 1024w, https:\/\/www.camping-calypso.com\/wp-content\/uploads\/2024\/08\/BD-Restaurant-4-300x200.jpg 300w, https:\/\/www.camping-calypso.com\/wp-content\/uploads\/2024\/08\/BD-Restaurant-4-768x512.jpg 768w, https:\/\/www.camping-calypso.com\/wp-content\/uploads\/2024\/08\/BD-Restaurant-4-1536x1024.jpg 1536w, https:\/\/www.camping-calypso.com\/wp-content\/uploads\/2024\/08\/BD-Restaurant-4.jpg 1920w\" sizes=\"(max-width: 1024px) 100vw, 1024px\" \/><\/figure>\n<\/div>\n<\/div>\n\n\n\n<div class=\"wp-container-69f27ab124223 wp-block-group alignfull has-noir-background-color has-background\"><div class=\"wp-block-group__inner-container\">\n<h2 class=\"has-text-align-center h3\" id=\"votre-seminaire-d-entreprise-sur-mesure\">Uw bedrijfsseminar op maat<\/h2>\n\n\n\n<p class=\"has-text-align-center\">Neem contact met ons op om een <strong>bedrijfsseminar<\/strong> te organiseren op ons landgoed in de buurt van Perpignan dat perfect aan uw verwachtingen voldoet! Uitgeruste vergaderzaal, verhuur van meerdere stacaravans, teambuildingactiviteiten&#8230; vertel ons wat je nodig hebt en we sturen je een gepersonaliseerde offerte.<\/p>\n\n\n\n<p class=\"has-text-align-center\">Onze camping in de Pyr\u00e9n\u00e9es-Orientales, net buiten Perpignan, is de perfecte locatie voor bedrijfsseminars op maat. In plaats van een zakelijke bijeenkomst in een traditioneel hotel, neem je je team mee naar een <strong>betoverend landgoed met alle nodige voorzieningen<\/strong>!<\/p>\n<\/div><\/div>\n","protected":false},"excerpt":{"rendered":"<p>Seminars Perpignan: onze camping organiseert uw bedrijfsevenementen Wat als u dit jaar een seminar organiseert in Perpignan, in de regio Pyr\u00e9n\u00e9es-Orientales, op een ongebruikelijke locatie? Zeg vaarwel tegen vergaderzalen in hotels in stadscentra &#8211; denk aan bedrijfsseminars op campings! Camping Le Calypso is de perfecte locatie voor uw bedrijfsseminars. Uw seminar op een camping in [&hellip;]<\/p>\n","protected":false},"author":3,"featured_media":2128,"parent":0,"menu_order":0,"comment_status":"closed","ping_status":"closed","template":"","meta":[],"acf":[],"yoast_head":"<!-- This site is optimized with the Yoast SEO plugin v18.8 - https:\/\/yoast.com\/wordpress\/plugins\/seo\/ -->\n<title>Seminars Perpignan: onze camping organiseert uw bedrijfsevenementen - Camping Calypso<\/title>\n<meta name=\"robots\" content=\"index, follow, max-snippet:-1, max-image-preview:large, max-video-preview:-1\" \/>\n<link rel=\"canonical\" href=\"https:\/\/www.camping-calypso.com\/nl\/seminars-perpignan-onze-camping-organiseert-uw-bedrijfsevenementen\/\" \/>\n<meta property=\"og:locale\" content=\"nl_NL\" \/>\n<meta property=\"og:type\" content=\"article\" \/>\n<meta property=\"og:title\" content=\"Seminars Perpignan: onze camping organiseert uw bedrijfsevenementen - Camping Calypso\" \/>\n<meta property=\"og:description\" content=\"Seminars Perpignan: onze camping organiseert uw bedrijfsevenementen Wat als u dit jaar een seminar organiseert in Perpignan, in de regio Pyr\u00e9n\u00e9es-Orientales, op een ongebruikelijke locatie? Zeg vaarwel tegen vergaderzalen in hotels in stadscentra &#8211; denk aan bedrijfsseminars op campings! Camping Le Calypso is de perfecte locatie voor uw bedrijfsseminars. Uw seminar op een camping in [&hellip;]\" \/>\n<meta property=\"og:url\" content=\"https:\/\/www.camping-calypso.com\/nl\/seminars-perpignan-onze-camping-organiseert-uw-bedrijfsevenementen\/\" \/>\n<meta property=\"og:site_name\" content=\"Camping Calypso\" \/>\n<meta property=\"article:modified_time\" content=\"2024-08-05T15:49:53+00:00\" \/>\n<meta property=\"og:image\" content=\"https:\/\/www.camping-calypso.com\/wp-content\/uploads\/2023\/02\/Sans-titre-81.png\" \/>\n\t<meta property=\"og:image:width\" content=\"1080\" \/>\n\t<meta property=\"og:image:height\" content=\"900\" \/>\n\t<meta property=\"og:image:type\" content=\"image\/png\" \/>\n<meta name=\"twitter:card\" content=\"summary_large_image\" \/>\n<meta name=\"twitter:label1\" content=\"Est. reading time\" \/>\n\t<meta name=\"twitter:data1\" content=\"5 minuten\" \/>\n<script type=\"application\/ld+json\" class=\"yoast-schema-graph\">{\"@context\":\"https:\/\/schema.org\",\"@graph\":[{\"@type\":\"WebSite\",\"@id\":\"https:\/\/www.camping-calypso.com\/#website\",\"url\":\"https:\/\/www.camping-calypso.com\/\",\"name\":\"Camping Calypso\",\"description\":\"Camping 5 \u00e9toiles \u00e0 Toreilles Plage (66)\",\"potentialAction\":[{\"@type\":\"SearchAction\",\"target\":{\"@type\":\"EntryPoint\",\"urlTemplate\":\"https:\/\/www.camping-calypso.com\/?s={search_term_string}\"},\"query-input\":\"required name=search_term_string\"}],\"inLanguage\":\"nl\"},{\"@type\":\"ImageObject\",\"inLanguage\":\"nl\",\"@id\":\"https:\/\/www.camping-calypso.com\/nl\/seminars-perpignan-onze-camping-organiseert-uw-bedrijfsevenementen\/#primaryimage\",\"url\":\"https:\/\/www.camping-calypso.com\/wp-content\/uploads\/2023\/02\/Sans-titre-81.png\",\"contentUrl\":\"https:\/\/www.camping-calypso.com\/wp-content\/uploads\/2023\/02\/Sans-titre-81.png\",\"width\":1080,\"height\":900,\"caption\":\"s\u00e9minaire camping\"},{\"@type\":\"WebPage\",\"@id\":\"https:\/\/www.camping-calypso.com\/nl\/seminars-perpignan-onze-camping-organiseert-uw-bedrijfsevenementen\/#webpage\",\"url\":\"https:\/\/www.camping-calypso.com\/nl\/seminars-perpignan-onze-camping-organiseert-uw-bedrijfsevenementen\/\",\"name\":\"Seminars Perpignan: onze camping organiseert uw bedrijfsevenementen - Camping Calypso\",\"isPartOf\":{\"@id\":\"https:\/\/www.camping-calypso.com\/#website\"},\"primaryImageOfPage\":{\"@id\":\"https:\/\/www.camping-calypso.com\/nl\/seminars-perpignan-onze-camping-organiseert-uw-bedrijfsevenementen\/#primaryimage\"},\"datePublished\":\"2023-10-23T10:02:13+00:00\",\"dateModified\":\"2024-08-05T15:49:53+00:00\",\"breadcrumb\":{\"@id\":\"https:\/\/www.camping-calypso.com\/nl\/seminars-perpignan-onze-camping-organiseert-uw-bedrijfsevenementen\/#breadcrumb\"},\"inLanguage\":\"nl\",\"potentialAction\":[{\"@type\":\"ReadAction\",\"target\":[\"https:\/\/www.camping-calypso.com\/nl\/seminars-perpignan-onze-camping-organiseert-uw-bedrijfsevenementen\/\"]}]},{\"@type\":\"BreadcrumbList\",\"@id\":\"https:\/\/www.camping-calypso.com\/nl\/seminars-perpignan-onze-camping-organiseert-uw-bedrijfsevenementen\/#breadcrumb\",\"itemListElement\":[{\"@type\":\"ListItem\",\"position\":1,\"name\":\"Camping Torreilles\",\"item\":\"https:\/\/www.camping-calypso.com\/nl\/\"},{\"@type\":\"ListItem\",\"position\":2,\"name\":\"Seminars Perpignan: onze camping organiseert uw bedrijfsevenementen\"}]}]}<\/script>\n<!-- \/ Yoast SEO plugin. -->","yoast_head_json":{"title":"Seminars Perpignan: onze camping organiseert uw bedrijfsevenementen - Camping Calypso","robots":{"index":"index","follow":"follow","max-snippet":"max-snippet:-1","max-image-preview":"max-image-preview:large","max-video-preview":"max-video-preview:-1"},"canonical":"https:\/\/www.camping-calypso.com\/nl\/seminars-perpignan-onze-camping-organiseert-uw-bedrijfsevenementen\/","og_locale":"nl_NL","og_type":"article","og_title":"Seminars Perpignan: onze camping organiseert uw bedrijfsevenementen - Camping Calypso","og_description":"Seminars Perpignan: onze camping organiseert uw bedrijfsevenementen Wat als u dit jaar een seminar organiseert in Perpignan, in de regio Pyr\u00e9n\u00e9es-Orientales, op een ongebruikelijke locatie? Zeg vaarwel tegen vergaderzalen in hotels in stadscentra &#8211; denk aan bedrijfsseminars op campings! Camping Le Calypso is de perfecte locatie voor uw bedrijfsseminars. Uw seminar op een camping in [&hellip;]","og_url":"https:\/\/www.camping-calypso.com\/nl\/seminars-perpignan-onze-camping-organiseert-uw-bedrijfsevenementen\/","og_site_name":"Camping Calypso","article_modified_time":"2024-08-05T15:49:53+00:00","og_image":[{"width":1080,"height":900,"url":"https:\/\/www.camping-calypso.com\/wp-content\/uploads\/2023\/02\/Sans-titre-81.png","type":"image\/png"}],"twitter_card":"summary_large_image","twitter_misc":{"Est. reading time":"5 minuten"},"schema":{"@context":"https:\/\/schema.org","@graph":[{"@type":"WebSite","@id":"https:\/\/www.camping-calypso.com\/#website","url":"https:\/\/www.camping-calypso.com\/","name":"Camping Calypso","description":"Camping 5 \u00e9toiles \u00e0 Toreilles Plage (66)","potentialAction":[{"@type":"SearchAction","target":{"@type":"EntryPoint","urlTemplate":"https:\/\/www.camping-calypso.com\/?s={search_term_string}"},"query-input":"required name=search_term_string"}],"inLanguage":"nl"},{"@type":"ImageObject","inLanguage":"nl","@id":"https:\/\/www.camping-calypso.com\/nl\/seminars-perpignan-onze-camping-organiseert-uw-bedrijfsevenementen\/#primaryimage","url":"https:\/\/www.camping-calypso.com\/wp-content\/uploads\/2023\/02\/Sans-titre-81.png","contentUrl":"https:\/\/www.camping-calypso.com\/wp-content\/uploads\/2023\/02\/Sans-titre-81.png","width":1080,"height":900,"caption":"s\u00e9minaire camping"},{"@type":"WebPage","@id":"https:\/\/www.camping-calypso.com\/nl\/seminars-perpignan-onze-camping-organiseert-uw-bedrijfsevenementen\/#webpage","url":"https:\/\/www.camping-calypso.com\/nl\/seminars-perpignan-onze-camping-organiseert-uw-bedrijfsevenementen\/","name":"Seminars Perpignan: onze camping organiseert uw bedrijfsevenementen - Camping Calypso","isPartOf":{"@id":"https:\/\/www.camping-calypso.com\/#website"},"primaryImageOfPage":{"@id":"https:\/\/www.camping-calypso.com\/nl\/seminars-perpignan-onze-camping-organiseert-uw-bedrijfsevenementen\/#primaryimage"},"datePublished":"2023-10-23T10:02:13+00:00","dateModified":"2024-08-05T15:49:53+00:00","breadcrumb":{"@id":"https:\/\/www.camping-calypso.com\/nl\/seminars-perpignan-onze-camping-organiseert-uw-bedrijfsevenementen\/#breadcrumb"},"inLanguage":"nl","potentialAction":[{"@type":"ReadAction","target":["https:\/\/www.camping-calypso.com\/nl\/seminars-perpignan-onze-camping-organiseert-uw-bedrijfsevenementen\/"]}]},{"@type":"BreadcrumbList","@id":"https:\/\/www.camping-calypso.com\/nl\/seminars-perpignan-onze-camping-organiseert-uw-bedrijfsevenementen\/#breadcrumb","itemListElement":[{"@type":"ListItem","position":1,"name":"Camping Torreilles","item":"https:\/\/www.camping-calypso.com\/nl\/"},{"@type":"ListItem","position":2,"name":"Seminars Perpignan: onze camping organiseert uw bedrijfsevenementen"}]}]}},"_links":{"self":[{"href":"https:\/\/www.camping-calypso.com\/nl\/wp-json\/wp\/v2\/pages\/4525"}],"collection":[{"href":"https:\/\/www.camping-calypso.com\/nl\/wp-json\/wp\/v2\/pages"}],"about":[{"href":"https:\/\/www.camping-calypso.com\/nl\/wp-json\/wp\/v2\/types\/page"}],"author":[{"embeddable":true,"href":"https:\/\/www.camping-calypso.com\/nl\/wp-json\/wp\/v2\/users\/3"}],"replies":[{"embeddable":true,"href":"https:\/\/www.camping-calypso.com\/nl\/wp-json\/wp\/v2\/comments?post=4525"}],"version-history":[{"count":6,"href":"https:\/\/www.camping-calypso.com\/nl\/wp-json\/wp\/v2\/pages\/4525\/revisions"}],"predecessor-version":[{"id":6833,"href":"https:\/\/www.camping-calypso.com\/nl\/wp-json\/wp\/v2\/pages\/4525\/revisions\/6833"}],"wp:featuredmedia":[{"embeddable":true,"href":"https:\/\/www.camping-calypso.com\/nl\/wp-json\/wp\/v2\/media\/2128"}],"wp:attachment":[{"href":"https:\/\/www.camping-calypso.com\/nl\/wp-json\/wp\/v2\/media?parent=4525"}],"curies":[{"name":"wp","href":"https:\/\/api.w.org\/{rel}","templated":true}]}}