{"id":2452,"date":"2023-01-19T12:13:57","date_gmt":"2023-01-19T11:13:57","guid":{"rendered":"https:\/\/www.camping-calypso.com\/waterpark\/"},"modified":"2025-12-22T15:36:36","modified_gmt":"2025-12-22T14:36:36","slug":"waterpark","status":"publish","type":"page","link":"https:\/\/www.camping-calypso.com\/nl\/waterpark\/","title":{"rendered":"Waterpark"},"content":{"rendered":"\n<div class=\"wp-block-cover alignfull is-light\"><span aria-hidden=\"true\" class=\"wp-block-cover__gradient-background has-background-dim\"><\/span><img loading=\"lazy\" width=\"2560\" height=\"1920\" class=\"wp-block-cover__image-background wp-image-6014\" alt=\"Camping Le Calypso Torreilles Plage\" src=\"https:\/\/www.camping-calypso.com\/wp-content\/uploads\/2024\/02\/DJI_0909-scaled.jpg\" style=\"object-position:49% 42%\" data-object-fit=\"cover\" data-object-position=\"49% 42%\" srcset=\"https:\/\/www.camping-calypso.com\/wp-content\/uploads\/2024\/02\/DJI_0909-scaled.jpg 2560w, https:\/\/www.camping-calypso.com\/wp-content\/uploads\/2024\/02\/DJI_0909-300x225.jpg 300w, https:\/\/www.camping-calypso.com\/wp-content\/uploads\/2024\/02\/DJI_0909-1024x768.jpg 1024w, https:\/\/www.camping-calypso.com\/wp-content\/uploads\/2024\/02\/DJI_0909-768x576.jpg 768w, https:\/\/www.camping-calypso.com\/wp-content\/uploads\/2024\/02\/DJI_0909-1536x1152.jpg 1536w, https:\/\/www.camping-calypso.com\/wp-content\/uploads\/2024\/02\/DJI_0909-2048x1536.jpg 2048w\" sizes=\"(max-width: 2560px) 100vw, 2560px\" \/><div class=\"wp-block-cover__inner-container\">\n<p class=\"has-text-align-center has-large-font-size\"><\/p>\n<\/div><\/div>\n\n\n\n<div class=\"wp-block-columns\" id=\"piscine\">\n<div class=\"wp-block-column\">\n<h1 class=\"has-text-align-left\" id=\"camping-a-toreilles-5-etoiles-a-500-m-de-la-plage\">Camping bij Perpignan met waterpark <em>Een verwarmd zwemparadijs van 3000 m\u00b2<\/em><\/h1>\n\n\n\n<p><a href=\"https:\/\/www.camping-calypso.com\/nl\/\" data-type=\"page\" data-id=\"5\">Camping Le Calypso in Torreilles Plage<\/a> opent zijn deuren voor u voor een geslaagde vakantie met familie of vrienden. Wat is er aangenamer als je naar <strong>Zuid-Frankrijk<\/strong> op vakantie gaat dan het genot van fijne zandstranden te kunnen combineren met de aantrekkingskracht van prachtige zwembaden, waarin je kopje onder kunt gaan! Voor uw grootste plezier biedt Calypso u een uitzonderlijk watergebied: een echt park voor volwassenen en kinderen van alle leeftijden.<\/p>\n\n\n\n<div class=\"wp-block-group lire-plus-pc\"><div class=\"wp-block-group__inner-container\">\n<p>Meer lezen<\/p>\n\n\n\n<div class=\"wp-container-69f20762ac5c2 wp-block-group\"><div class=\"wp-block-group__inner-container\">\n<p>In totaal <strong>3.000 m\u00b2 open en verwarmd van april tot september<\/strong>. Door u te verwelkomen op onze 5-sterren camping in de buurt van <a href=\"https:\/\/www.camping-calypso.com\/nl\/alentours\/wat-te-zien-en-te-doen-op-een-camping-in-de-omgeving-van-perpignan\/\" data-type=\"alentours\" data-id=\"1024\">Perpignan<\/a>, is ons belangrijkste doel ervoor te zorgen dat u kunt ontspannen en genieten van <strong>uw zomer in de oostelijke Pyrenee\u00ebn<\/strong>. Het was dan ook niet meer dan terecht dat wij u deze faciliteit, die waarschijnlijk het meest wordt gewaardeerd door onze vakantiegangers, aanboden. U kunt ook profiteren van een aantal kwaliteitsdiensten in het hart van onze <a href=\"https:\/\/www.camping-calypso.com\/nl\/diensten\/\" data-type=\"page\" data-id=\"569\">5-sterrencamping in Torreilles<\/a>, die het prachtige waterpark aanvullen.<\/p>\n<\/div><\/div>\n<\/div><\/div>\n\n\n\n<div class=\"wp-block-group encart-information\"><div class=\"wp-block-group__inner-container\">\n<p>Omdat u veel meer verdient dan een zwembad, bieden wij u een echt aqualudisch complex van 3000 m\u00b2 met veel plezier en mogelijkheden.<\/p>\n<\/div><\/div>\n\n\n\n<div class=\"wp-container-69f20762ac92b wp-block-buttons\">\n<div class=\"wp-block-button btn_resa\"><a class=\"wp-block-button__link\">Boek nu!<\/a><\/div>\n<\/div>\n<\/div>\n\n\n\n<div class=\"wp-block-column\" style=\"flex-basis:52%\">\n<figure class=\"wp-block-image alignfull size-large\"><img loading=\"lazy\" width=\"1024\" height=\"768\" src=\"https:\/\/www.camping-calypso.com\/wp-content\/uploads\/2024\/02\/DJI_0937-1024x768.jpg\" alt=\"Camping Pyr\u00e9n\u00e9es Orientales 5 \u00e9toiles\" class=\"wp-image-6090\" srcset=\"https:\/\/www.camping-calypso.com\/wp-content\/uploads\/2024\/02\/DJI_0937-1024x768.jpg 1024w, https:\/\/www.camping-calypso.com\/wp-content\/uploads\/2024\/02\/DJI_0937-300x225.jpg 300w, https:\/\/www.camping-calypso.com\/wp-content\/uploads\/2024\/02\/DJI_0937-768x576.jpg 768w, https:\/\/www.camping-calypso.com\/wp-content\/uploads\/2024\/02\/DJI_0937-1536x1152.jpg 1536w, https:\/\/www.camping-calypso.com\/wp-content\/uploads\/2024\/02\/DJI_0937-2048x1536.jpg 2048w\" sizes=\"(max-width: 1024px) 100vw, 1024px\" \/><\/figure>\n<\/div>\n<\/div>\n\n\n\n<section class=\"wp-container-69f20762acced wp-block-group alignfull has-noir-background-color has-background\"><div class=\"wp-block-group__inner-container\">\n<h2 class=\"has-text-align-center\" id=\"camping-proche-perpignan-avec-espace-aquatique-et-jacuzzi-pour-toute-la-famille\">Camping bij Perpignan met waterpark en jacuzzi <em>voor het hele gezin<\/em><\/h2>\n\n\n\n<p class=\"has-text-align-center\"><strong>Camping Calypso in Torreilles<\/strong> Plage bij Perpignan nodigt u uit om te genieten van de zon van het zuiden, dankzij dit watergebied gewijd aan het hele gezin. <strong>Comfortabel ge\u00efnstalleerd op onze ligstoelen<\/strong>, hoeft u alleen maar te genieten van het moment, heel eenvoudig. En als het op zwemmen aankomt, zult u keuze te over hebben:<\/p>\n\n\n\n<ul class=\"pictos large centre scroll-mob l-2-mob has-vert-color has-text-color\"><li><i class=\"fas fa-person-sledding\"><\/i>  Pentagliss <em>om te concurreren met anderen<\/em><\/li><li><i class=\"fas fa-water-ladder\"><\/i>  Een glijbaan <em>voor plezier<\/em><\/li><li><i class=\"fas fa-person-swimming\"><\/i>  Een zwembad <em>voor vrij zwemmen<\/em><\/li><li><i class=\"fas fa-hot-tub-person\"><\/i>  Een jacuzzi en solarium <em>om in te ontspannen<\/em><\/li><li><i class=\"fas fa-water-arrow-down\"><\/i>  Een pierenbad voor de <em>kinderen<\/em><\/li><\/ul>\n<\/div><\/section>\n\n\n\n<div class=\"wp-block-columns are-vertically-aligned-bottom\">\n<div class=\"wp-block-column is-vertically-aligned-bottom\">\n<h2 class=\"h3\" id=\"emplacements-de-camping-pres-de-perpignan\">Een watergebied <em>voor iedereen<\/em><\/h2>\n\n\n\n<p>In het hart van onze <a href=\"https:\/\/www.camping-calypso.com\/nl\/seaside\/\" data-type=\"page\" data-id=\"989\">camping aan zee bij Perpignan<\/a> hebben de kleintjes een groot peuterbad, met vele leuke waterspelletjes zoals :<\/p>\n\n\n\n<ul class=\"pictos l-2-mob\"><li><i class=\"fas fa-trees\"><\/i>  Krokodil, aap en schildpad glijden&#8230;<\/li><li><i class=\"fas fa-sun-haze\"><\/i>  Kleine en grote vaten<\/li><li><i class=\"fas fa-child\"><\/i>  Swings<\/li><li><i class=\"fas fa-tank-water\"><\/i>  Watertoren<\/li><\/ul>\n<\/div>\n\n\n\n<div class=\"wp-block-column is-vertically-aligned-bottom\" style=\"flex-basis:67%\">\n<figure class=\"wp-block-gallery has-nested-images columns-default is-cropped diaporama--2 align\">\n<figure class=\"wp-block-image size-large\"><img loading=\"lazy\" width=\"1024\" height=\"768\" src=\"https:\/\/www.camping-calypso.com\/wp-content\/uploads\/2024\/02\/DJI_0915-1024x768.jpg\" alt=\"Piscine chauff\u00e9e camping 5 \u00e9toiles Torreilles-Plage\" class=\"wp-image-6086\" srcset=\"https:\/\/www.camping-calypso.com\/wp-content\/uploads\/2024\/02\/DJI_0915-1024x768.jpg 1024w, https:\/\/www.camping-calypso.com\/wp-content\/uploads\/2024\/02\/DJI_0915-300x225.jpg 300w, https:\/\/www.camping-calypso.com\/wp-content\/uploads\/2024\/02\/DJI_0915-768x576.jpg 768w, https:\/\/www.camping-calypso.com\/wp-content\/uploads\/2024\/02\/DJI_0915-1536x1152.jpg 1536w, https:\/\/www.camping-calypso.com\/wp-content\/uploads\/2024\/02\/DJI_0915-2048x1536.jpg 2048w\" sizes=\"(max-width: 1024px) 100vw, 1024px\" \/><figcaption>DCIM100MEDIADJI_0915.JPG<\/figcaption><\/figure>\n\n\n\n<figure class=\"wp-block-image size-large\"><img loading=\"lazy\" width=\"1024\" height=\"853\" src=\"https:\/\/www.camping-calypso.com\/wp-content\/uploads\/2023\/02\/Sans-titre-51-1024x853.png\" alt=\"\" class=\"wp-image-1898\" srcset=\"https:\/\/www.camping-calypso.com\/wp-content\/uploads\/2023\/02\/Sans-titre-51-1024x853.png 1024w, https:\/\/www.camping-calypso.com\/wp-content\/uploads\/2023\/02\/Sans-titre-51-300x250.png 300w, https:\/\/www.camping-calypso.com\/wp-content\/uploads\/2023\/02\/Sans-titre-51-768x640.png 768w, https:\/\/www.camping-calypso.com\/wp-content\/uploads\/2023\/02\/Sans-titre-51.png 1080w\" sizes=\"(max-width: 1024px) 100vw, 1024px\" \/><\/figure>\n\n\n\n<figure class=\"wp-block-image size-large\"><img loading=\"lazy\" width=\"1024\" height=\"681\" src=\"https:\/\/www.camping-calypso.com\/wp-content\/uploads\/2023\/02\/pataugeoire-enfant-1024x681.jpg\" alt=\"\" class=\"wp-image-1870\" srcset=\"https:\/\/www.camping-calypso.com\/wp-content\/uploads\/2023\/02\/pataugeoire-enfant-1024x681.jpg 1024w, https:\/\/www.camping-calypso.com\/wp-content\/uploads\/2023\/02\/pataugeoire-enfant-300x200.jpg 300w, https:\/\/www.camping-calypso.com\/wp-content\/uploads\/2023\/02\/pataugeoire-enfant-768x511.jpg 768w, https:\/\/www.camping-calypso.com\/wp-content\/uploads\/2023\/02\/pataugeoire-enfant-1536x1022.jpg 1536w, https:\/\/www.camping-calypso.com\/wp-content\/uploads\/2023\/02\/pataugeoire-enfant-2048x1363.jpg 2048w\" sizes=\"(max-width: 1024px) 100vw, 1024px\" \/><\/figure>\n\n\n\n<figure class=\"wp-block-image size-large\"><img loading=\"lazy\" width=\"1024\" height=\"853\" src=\"https:\/\/www.camping-calypso.com\/wp-content\/uploads\/2023\/02\/Sans-titre-52-1024x853.png\" alt=\"\" class=\"wp-image-1902\" srcset=\"https:\/\/www.camping-calypso.com\/wp-content\/uploads\/2023\/02\/Sans-titre-52-1024x853.png 1024w, https:\/\/www.camping-calypso.com\/wp-content\/uploads\/2023\/02\/Sans-titre-52-300x250.png 300w, https:\/\/www.camping-calypso.com\/wp-content\/uploads\/2023\/02\/Sans-titre-52-768x640.png 768w, https:\/\/www.camping-calypso.com\/wp-content\/uploads\/2023\/02\/Sans-titre-52.png 1080w\" sizes=\"(max-width: 1024px) 100vw, 1024px\" \/><\/figure>\n\n\n\n<figure class=\"wp-block-image size-large\"><img loading=\"lazy\" width=\"1024\" height=\"681\" src=\"https:\/\/www.camping-calypso.com\/wp-content\/uploads\/2023\/02\/enfants-pataugeoire-1-1024x681.jpg\" alt=\"\" class=\"wp-image-1906\" srcset=\"https:\/\/www.camping-calypso.com\/wp-content\/uploads\/2023\/02\/enfants-pataugeoire-1-1024x681.jpg 1024w, https:\/\/www.camping-calypso.com\/wp-content\/uploads\/2023\/02\/enfants-pataugeoire-1-300x200.jpg 300w, https:\/\/www.camping-calypso.com\/wp-content\/uploads\/2023\/02\/enfants-pataugeoire-1-768x511.jpg 768w, https:\/\/www.camping-calypso.com\/wp-content\/uploads\/2023\/02\/enfants-pataugeoire-1-1536x1022.jpg 1536w, https:\/\/www.camping-calypso.com\/wp-content\/uploads\/2023\/02\/enfants-pataugeoire-1-2048x1363.jpg 2048w\" sizes=\"(max-width: 1024px) 100vw, 1024px\" \/><\/figure>\n\n\n\n<figure class=\"wp-block-image size-large\"><img loading=\"lazy\" width=\"1024\" height=\"681\" src=\"https:\/\/www.camping-calypso.com\/wp-content\/uploads\/2023\/02\/enfant-pataugeoire-1024x681.jpg\" alt=\"\" class=\"wp-image-1842\" srcset=\"https:\/\/www.camping-calypso.com\/wp-content\/uploads\/2023\/02\/enfant-pataugeoire-1024x681.jpg 1024w, https:\/\/www.camping-calypso.com\/wp-content\/uploads\/2023\/02\/enfant-pataugeoire-300x200.jpg 300w, https:\/\/www.camping-calypso.com\/wp-content\/uploads\/2023\/02\/enfant-pataugeoire-768x511.jpg 768w, https:\/\/www.camping-calypso.com\/wp-content\/uploads\/2023\/02\/enfant-pataugeoire-1536x1022.jpg 1536w, https:\/\/www.camping-calypso.com\/wp-content\/uploads\/2023\/02\/enfant-pataugeoire-2048x1363.jpg 2048w\" sizes=\"(max-width: 1024px) 100vw, 1024px\" \/><\/figure>\n<\/figure>\n<\/div>\n<\/div>\n\n\n\n<div class=\"wp-block-columns alignfull reverse-mob has-bleu-background-color has-background\">\n<div class=\"wp-block-column\" style=\"flex-basis:48%\">\n<figure class=\"wp-block-gallery alignfull has-nested-images columns-default is-cropped grid-3 diaporama-mob\">\n<figure class=\"wp-block-image size-large\"><img loading=\"lazy\" width=\"1024\" height=\"681\" src=\"https:\/\/www.camping-calypso.com\/wp-content\/uploads\/2024\/02\/toboggans-piscine-2-1024x681.jpg\" alt=\"Pyr\u00e9n\u00e9es orientales 5 \u00e9toiles bord de mer\" class=\"wp-image-6103\" srcset=\"https:\/\/www.camping-calypso.com\/wp-content\/uploads\/2024\/02\/toboggans-piscine-2-1024x681.jpg 1024w, https:\/\/www.camping-calypso.com\/wp-content\/uploads\/2024\/02\/toboggans-piscine-2-300x200.jpg 300w, https:\/\/www.camping-calypso.com\/wp-content\/uploads\/2024\/02\/toboggans-piscine-2-768x511.jpg 768w, https:\/\/www.camping-calypso.com\/wp-content\/uploads\/2024\/02\/toboggans-piscine-2-1536x1022.jpg 1536w, https:\/\/www.camping-calypso.com\/wp-content\/uploads\/2024\/02\/toboggans-piscine-2-2048x1363.jpg 2048w\" sizes=\"(max-width: 1024px) 100vw, 1024px\" \/><\/figure>\n\n\n\n<figure class=\"wp-block-image size-large\"><img loading=\"lazy\" width=\"1024\" height=\"681\" src=\"https:\/\/www.camping-calypso.com\/wp-content\/uploads\/2023\/02\/pataugeoire-jeux-enfants-1024x681.jpg\" alt=\"\" class=\"wp-image-1878\" srcset=\"https:\/\/www.camping-calypso.com\/wp-content\/uploads\/2023\/02\/pataugeoire-jeux-enfants-1024x681.jpg 1024w, https:\/\/www.camping-calypso.com\/wp-content\/uploads\/2023\/02\/pataugeoire-jeux-enfants-300x200.jpg 300w, https:\/\/www.camping-calypso.com\/wp-content\/uploads\/2023\/02\/pataugeoire-jeux-enfants-768x511.jpg 768w, https:\/\/www.camping-calypso.com\/wp-content\/uploads\/2023\/02\/pataugeoire-jeux-enfants-1536x1022.jpg 1536w, https:\/\/www.camping-calypso.com\/wp-content\/uploads\/2023\/02\/pataugeoire-jeux-enfants-2048x1363.jpg 2048w\" sizes=\"(max-width: 1024px) 100vw, 1024px\" \/><\/figure>\n\n\n\n<figure class=\"wp-block-image size-large\"><img loading=\"lazy\" width=\"1024\" height=\"768\" src=\"https:\/\/www.camping-calypso.com\/wp-content\/uploads\/2024\/02\/DJI_0926-1024x768.jpg\" alt=\"Camping 5 \u00e9toiles pyr\u00e9n\u00e9es orientales bord de mer\" class=\"wp-image-6099\" srcset=\"https:\/\/www.camping-calypso.com\/wp-content\/uploads\/2024\/02\/DJI_0926-1024x768.jpg 1024w, https:\/\/www.camping-calypso.com\/wp-content\/uploads\/2024\/02\/DJI_0926-300x225.jpg 300w, https:\/\/www.camping-calypso.com\/wp-content\/uploads\/2024\/02\/DJI_0926-768x576.jpg 768w, https:\/\/www.camping-calypso.com\/wp-content\/uploads\/2024\/02\/DJI_0926-1536x1152.jpg 1536w, https:\/\/www.camping-calypso.com\/wp-content\/uploads\/2024\/02\/DJI_0926-2048x1536.jpg 2048w\" sizes=\"(max-width: 1024px) 100vw, 1024px\" \/><\/figure>\n\n\n\n<figure class=\"wp-block-image size-full\"><img loading=\"lazy\" width=\"1024\" height=\"682\" src=\"https:\/\/www.camping-calypso.com\/wp-content\/uploads\/2023\/01\/jaux-pataugeoire-1024x682-1.jpg\" alt=\"\" class=\"wp-image-892\" srcset=\"https:\/\/www.camping-calypso.com\/wp-content\/uploads\/2023\/01\/jaux-pataugeoire-1024x682-1.jpg 1024w, https:\/\/www.camping-calypso.com\/wp-content\/uploads\/2023\/01\/jaux-pataugeoire-1024x682-1-300x200.jpg 300w, https:\/\/www.camping-calypso.com\/wp-content\/uploads\/2023\/01\/jaux-pataugeoire-1024x682-1-768x512.jpg 768w\" sizes=\"(max-width: 1024px) 100vw, 1024px\" \/><\/figure>\n\n\n\n<figure class=\"wp-block-image size-large\"><img loading=\"lazy\" width=\"1024\" height=\"768\" src=\"https:\/\/www.camping-calypso.com\/wp-content\/uploads\/2024\/02\/DJI_0911-1024x768.jpg\" alt=\"Camping Le Calypso Torreilles-Plage\" class=\"wp-image-6082\" srcset=\"https:\/\/www.camping-calypso.com\/wp-content\/uploads\/2024\/02\/DJI_0911-1024x768.jpg 1024w, https:\/\/www.camping-calypso.com\/wp-content\/uploads\/2024\/02\/DJI_0911-300x225.jpg 300w, https:\/\/www.camping-calypso.com\/wp-content\/uploads\/2024\/02\/DJI_0911-768x576.jpg 768w, https:\/\/www.camping-calypso.com\/wp-content\/uploads\/2024\/02\/DJI_0911-1536x1152.jpg 1536w, https:\/\/www.camping-calypso.com\/wp-content\/uploads\/2024\/02\/DJI_0911-2048x1536.jpg 2048w\" sizes=\"(max-width: 1024px) 100vw, 1024px\" \/><\/figure>\n\n\n\n<figure class=\"wp-block-image size-full\"><img loading=\"lazy\" width=\"1024\" height=\"682\" src=\"https:\/\/www.camping-calypso.com\/wp-content\/uploads\/2023\/01\/pataugeoire-enfants-1024x682-1.jpg\" alt=\"\" class=\"wp-image-876\" srcset=\"https:\/\/www.camping-calypso.com\/wp-content\/uploads\/2023\/01\/pataugeoire-enfants-1024x682-1.jpg 1024w, https:\/\/www.camping-calypso.com\/wp-content\/uploads\/2023\/01\/pataugeoire-enfants-1024x682-1-300x200.jpg 300w, https:\/\/www.camping-calypso.com\/wp-content\/uploads\/2023\/01\/pataugeoire-enfants-1024x682-1-768x512.jpg 768w\" sizes=\"(max-width: 1024px) 100vw, 1024px\" \/><\/figure>\n<\/figure>\n<\/div>\n\n\n\n<div class=\"wp-block-column\">\n<h3 id=\"emplacements-de-camping-pres-de-perpignan\">Kies een familiecamping met waterpark <em>\n  <em>in de Ori\u00ebntaalse Pyrenee\u00ebn<\/em>\n<\/em><\/h3>\n\n\n\n<p>We zijn bijzonder trots op onze waterspeelplaats voor de kleintjes, omdat we weten hoezeer zij dit soort infrastructuur waarderen.  <\/p>\n\n\n\n<div class=\"wp-block-group lire-plus-mobile\"><div class=\"wp-block-group__inner-container\">\n<p>Meer lezen<\/p>\n\n\n\n<div class=\"wp-container-69f20762ad30b wp-block-group\"><div class=\"wp-block-group__inner-container\">\n<p>Het is een echt paradijsje voor de kleintjes, maar ook voor de ouderen die kunnen genieten van ontspannende momenten in onze jacuzzi en solarium. Kiezen voor een <strong>familiecamping in de Ori\u00ebntaalse Pyrenee\u00ebn<\/strong> met een waterpark is een garantie voor alle smaken in een regio waar het leven goed is. Tijdens de vele dagen op de camping kunt u genieten van een aangename gezinsvakantie. U kunt ook profiteren van deze prachtige omgeving tijdens de <a href=\"https:\/\/www.camping-calypso.com\/nl\/animaties\/\" data-type=\"page\" data-id=\"565\">vele activiteiten en animaties<\/a> die tijdens uw verblijf op <strong>onze 5-sterren camping in Torreilles<\/strong> worden aangeboden.<\/p>\n<\/div><\/div>\n<\/div><\/div>\n\n\n\n<div class=\"wp-container-69f20762ad606 wp-block-buttons\">\n<div class=\"wp-block-button btn_resa\"><a class=\"wp-block-button__link\">Boek nu!<\/a><\/div>\n<\/div>\n<\/div>\n<\/div>\n","protected":false},"excerpt":{"rendered":"<p>Camping bij Perpignan met waterpark Een verwarmd zwemparadijs van 3000 m\u00b2 Camping Le Calypso in Torreilles Plage opent zijn deuren voor u voor een geslaagde vakantie met familie of vrienden. Wat is er aangenamer als je naar Zuid-Frankrijk op vakantie gaat dan het genot van fijne zandstranden te kunnen combineren met de aantrekkingskracht van prachtige [&hellip;]<\/p>\n","protected":false},"author":1,"featured_media":2815,"parent":0,"menu_order":0,"comment_status":"closed","ping_status":"closed","template":"","meta":[],"acf":[],"yoast_head":"<!-- This site is optimized with the Yoast SEO plugin v18.8 - https:\/\/yoast.com\/wordpress\/plugins\/seo\/ -->\n<title>Waterpark - Camping Calypso<\/title>\n<meta name=\"robots\" content=\"index, follow, max-snippet:-1, max-image-preview:large, max-video-preview:-1\" \/>\n<link rel=\"canonical\" href=\"https:\/\/www.camping-calypso.com\/nl\/waterpark\/\" \/>\n<meta property=\"og:locale\" content=\"nl_NL\" \/>\n<meta property=\"og:type\" content=\"article\" \/>\n<meta property=\"og:title\" content=\"Waterpark - Camping Calypso\" \/>\n<meta property=\"og:description\" content=\"Camping bij Perpignan met waterpark Een verwarmd zwemparadijs van 3000 m\u00b2 Camping Le Calypso in Torreilles Plage opent zijn deuren voor u voor een geslaagde vakantie met familie of vrienden. Wat is er aangenamer als je naar Zuid-Frankrijk op vakantie gaat dan het genot van fijne zandstranden te kunnen combineren met de aantrekkingskracht van prachtige [&hellip;]\" \/>\n<meta property=\"og:url\" content=\"https:\/\/www.camping-calypso.com\/nl\/waterpark\/\" \/>\n<meta property=\"og:site_name\" content=\"Camping Calypso\" \/>\n<meta property=\"article:modified_time\" content=\"2025-12-22T14:36:36+00:00\" \/>\n<meta property=\"og:image\" content=\"https:\/\/www.camping-calypso.com\/wp-content\/uploads\/2023\/03\/calypso-video-piscine.jpg\" \/>\n\t<meta property=\"og:image:width\" content=\"1220\" \/>\n\t<meta property=\"og:image:height\" content=\"646\" \/>\n\t<meta property=\"og:image:type\" content=\"image\/jpeg\" \/>\n<meta name=\"twitter:card\" content=\"summary_large_image\" \/>\n<meta name=\"twitter:label1\" content=\"Est. reading time\" \/>\n\t<meta name=\"twitter:data1\" content=\"6 minuten\" \/>\n<script type=\"application\/ld+json\" class=\"yoast-schema-graph\">{\"@context\":\"https:\/\/schema.org\",\"@graph\":[{\"@type\":\"WebSite\",\"@id\":\"https:\/\/www.camping-calypso.com\/#website\",\"url\":\"https:\/\/www.camping-calypso.com\/\",\"name\":\"Camping Calypso\",\"description\":\"Camping 5 \u00e9toiles \u00e0 Toreilles Plage (66)\",\"potentialAction\":[{\"@type\":\"SearchAction\",\"target\":{\"@type\":\"EntryPoint\",\"urlTemplate\":\"https:\/\/www.camping-calypso.com\/?s={search_term_string}\"},\"query-input\":\"required name=search_term_string\"}],\"inLanguage\":\"nl\"},{\"@type\":\"ImageObject\",\"inLanguage\":\"nl\",\"@id\":\"https:\/\/www.camping-calypso.com\/nl\/waterpark\/#primaryimage\",\"url\":\"https:\/\/www.camping-calypso.com\/wp-content\/uploads\/2023\/03\/calypso-video-piscine.jpg\",\"contentUrl\":\"https:\/\/www.camping-calypso.com\/wp-content\/uploads\/2023\/03\/calypso-video-piscine.jpg\",\"width\":1220,\"height\":646,\"caption\":\"parc aquatique perpignan\"},{\"@type\":\"WebPage\",\"@id\":\"https:\/\/www.camping-calypso.com\/nl\/waterpark\/#webpage\",\"url\":\"https:\/\/www.camping-calypso.com\/nl\/waterpark\/\",\"name\":\"Waterpark - Camping Calypso\",\"isPartOf\":{\"@id\":\"https:\/\/www.camping-calypso.com\/#website\"},\"primaryImageOfPage\":{\"@id\":\"https:\/\/www.camping-calypso.com\/nl\/waterpark\/#primaryimage\"},\"datePublished\":\"2023-01-19T11:13:57+00:00\",\"dateModified\":\"2025-12-22T14:36:36+00:00\",\"breadcrumb\":{\"@id\":\"https:\/\/www.camping-calypso.com\/nl\/waterpark\/#breadcrumb\"},\"inLanguage\":\"nl\",\"potentialAction\":[{\"@type\":\"ReadAction\",\"target\":[\"https:\/\/www.camping-calypso.com\/nl\/waterpark\/\"]}]},{\"@type\":\"BreadcrumbList\",\"@id\":\"https:\/\/www.camping-calypso.com\/nl\/waterpark\/#breadcrumb\",\"itemListElement\":[{\"@type\":\"ListItem\",\"position\":1,\"name\":\"Camping Torreilles\",\"item\":\"https:\/\/www.camping-calypso.com\/nl\/\"},{\"@type\":\"ListItem\",\"position\":2,\"name\":\"Waterpark\"}]}]}<\/script>\n<!-- \/ Yoast SEO plugin. -->","yoast_head_json":{"title":"Waterpark - Camping Calypso","robots":{"index":"index","follow":"follow","max-snippet":"max-snippet:-1","max-image-preview":"max-image-preview:large","max-video-preview":"max-video-preview:-1"},"canonical":"https:\/\/www.camping-calypso.com\/nl\/waterpark\/","og_locale":"nl_NL","og_type":"article","og_title":"Waterpark - Camping Calypso","og_description":"Camping bij Perpignan met waterpark Een verwarmd zwemparadijs van 3000 m\u00b2 Camping Le Calypso in Torreilles Plage opent zijn deuren voor u voor een geslaagde vakantie met familie of vrienden. Wat is er aangenamer als je naar Zuid-Frankrijk op vakantie gaat dan het genot van fijne zandstranden te kunnen combineren met de aantrekkingskracht van prachtige [&hellip;]","og_url":"https:\/\/www.camping-calypso.com\/nl\/waterpark\/","og_site_name":"Camping Calypso","article_modified_time":"2025-12-22T14:36:36+00:00","og_image":[{"width":1220,"height":646,"url":"https:\/\/www.camping-calypso.com\/wp-content\/uploads\/2023\/03\/calypso-video-piscine.jpg","type":"image\/jpeg"}],"twitter_card":"summary_large_image","twitter_misc":{"Est. reading time":"6 minuten"},"schema":{"@context":"https:\/\/schema.org","@graph":[{"@type":"WebSite","@id":"https:\/\/www.camping-calypso.com\/#website","url":"https:\/\/www.camping-calypso.com\/","name":"Camping Calypso","description":"Camping 5 \u00e9toiles \u00e0 Toreilles Plage (66)","potentialAction":[{"@type":"SearchAction","target":{"@type":"EntryPoint","urlTemplate":"https:\/\/www.camping-calypso.com\/?s={search_term_string}"},"query-input":"required name=search_term_string"}],"inLanguage":"nl"},{"@type":"ImageObject","inLanguage":"nl","@id":"https:\/\/www.camping-calypso.com\/nl\/waterpark\/#primaryimage","url":"https:\/\/www.camping-calypso.com\/wp-content\/uploads\/2023\/03\/calypso-video-piscine.jpg","contentUrl":"https:\/\/www.camping-calypso.com\/wp-content\/uploads\/2023\/03\/calypso-video-piscine.jpg","width":1220,"height":646,"caption":"parc aquatique perpignan"},{"@type":"WebPage","@id":"https:\/\/www.camping-calypso.com\/nl\/waterpark\/#webpage","url":"https:\/\/www.camping-calypso.com\/nl\/waterpark\/","name":"Waterpark - Camping Calypso","isPartOf":{"@id":"https:\/\/www.camping-calypso.com\/#website"},"primaryImageOfPage":{"@id":"https:\/\/www.camping-calypso.com\/nl\/waterpark\/#primaryimage"},"datePublished":"2023-01-19T11:13:57+00:00","dateModified":"2025-12-22T14:36:36+00:00","breadcrumb":{"@id":"https:\/\/www.camping-calypso.com\/nl\/waterpark\/#breadcrumb"},"inLanguage":"nl","potentialAction":[{"@type":"ReadAction","target":["https:\/\/www.camping-calypso.com\/nl\/waterpark\/"]}]},{"@type":"BreadcrumbList","@id":"https:\/\/www.camping-calypso.com\/nl\/waterpark\/#breadcrumb","itemListElement":[{"@type":"ListItem","position":1,"name":"Camping Torreilles","item":"https:\/\/www.camping-calypso.com\/nl\/"},{"@type":"ListItem","position":2,"name":"Waterpark"}]}]}},"_links":{"self":[{"href":"https:\/\/www.camping-calypso.com\/nl\/wp-json\/wp\/v2\/pages\/2452"}],"collection":[{"href":"https:\/\/www.camping-calypso.com\/nl\/wp-json\/wp\/v2\/pages"}],"about":[{"href":"https:\/\/www.camping-calypso.com\/nl\/wp-json\/wp\/v2\/types\/page"}],"author":[{"embeddable":true,"href":"https:\/\/www.camping-calypso.com\/nl\/wp-json\/wp\/v2\/users\/1"}],"replies":[{"embeddable":true,"href":"https:\/\/www.camping-calypso.com\/nl\/wp-json\/wp\/v2\/comments?post=2452"}],"version-history":[{"count":6,"href":"https:\/\/www.camping-calypso.com\/nl\/wp-json\/wp\/v2\/pages\/2452\/revisions"}],"predecessor-version":[{"id":9689,"href":"https:\/\/www.camping-calypso.com\/nl\/wp-json\/wp\/v2\/pages\/2452\/revisions\/9689"}],"wp:featuredmedia":[{"embeddable":true,"href":"https:\/\/www.camping-calypso.com\/nl\/wp-json\/wp\/v2\/media\/2815"}],"wp:attachment":[{"href":"https:\/\/www.camping-calypso.com\/nl\/wp-json\/wp\/v2\/media?parent=2452"}],"curies":[{"name":"wp","href":"https:\/\/api.w.org\/{rel}","templated":true}]}}