{"id":2427,"date":"2023-03-02T14:43:06","date_gmt":"2023-03-02T13:43:06","guid":{"rendered":"https:\/\/www.camping-calypso.com\/de-mooiste-dorpen-van-de-pyrenees-orientales\/"},"modified":"2025-02-06T12:13:00","modified_gmt":"2025-02-06T11:13:00","slug":"de-mooiste-dorpen-van-de-pyrenees-orientales","status":"publish","type":"page","link":"https:\/\/www.camping-calypso.com\/nl\/de-mooiste-dorpen-van-de-pyrenees-orientales\/","title":{"rendered":"De mooiste dorpen van de Pyr\u00e9n\u00e9es-Orientales"},"content":{"rendered":"<div class=\"yoast-breadcrumbs\"><span><span><a href=\"https:\/\/www.camping-calypso.com\/nl\/\">Camping Torreilles<\/a> \u00bb <span class=\"breadcrumb_last\" aria-current=\"page\">De mooiste dorpen van de Pyr\u00e9n\u00e9es-Orientales<\/span><\/span><\/span><\/div>\n<h1 id=\"les-plus-beaux-villages-a-visiter-dans-les-pyrenees-orientales\">De mooiste dorpen om te bezoeken in de Pyr\u00e9n\u00e9es-Orientales<\/h1>\n\n<p>Verblijf op <a href=\"https:\/\/www.camping-calypso.com\/nl\/\" data-type=\"alentours\">5-sterrencamping Calypso in Torreilles<\/a> en <strong>ontdek de mooiste dorpjes van de regio Pyr\u00e9n\u00e9es-Orientales<\/strong>. Ideaal gelegen dicht bij de belangrijkste plaatsen om te bezoeken, kunt u gemakkelijk een van deze dorpen bereiken in het hart van een groene natuur of aan de kust van de Vermeille. Ontdek de architecturale pareltjes die je niet mag missen tijdens je <a href=\"https:\/\/www.camping-calypso.com\/nl\/toerisme\/\" data-type=\"page\" data-id=\"571\">vakantie in de Pyr\u00e9n\u00e9es-Orientales<\/a>!<\/p>\n\n<div class=\"wp-block-columns\">\n<div class=\"wp-block-column\" style=\"flex-basis:50%\">\n<h2 class=\"h3\" id=\"eus-le-village-ensoleille\">Eus, het zonnige dorp<\/h2>\n\n\n\n<p>Stop in <strong>Eus<\/strong> en wandel door de geplaveide straten van dit dorp, dat als een van de mooiste van het departement wordt beschouwd. Gelegen op een heuvel in de Conflent, biedt het zonnige dorp Eus een adembenemend uitzicht op de beroemde Mont Canigou piek. Maak een wandeling door de straten om de kleine winkeltjes van ambachtslieden en kunstenaars te ontdekken, bezoek de 18e-eeuwse kerk Saint-Vincent of geniet van een wandeling over de wandelpaden rond het dorp, in het hart van de wijngaarden.<\/p>\n\n\n\n<p>* Foto krediet: <a rel=\"noreferrer noopener\" href=\"https:\/\/visualhunt.co\/a7\/62f3255c\" target=\"_blank\">Floyd@Overdoz.com<\/a><\/p>\n\n\n\n<blockquote class=\"wp-block-quote\"><p>Torreilles &#8211; Eus: 62km<\/p><\/blockquote>\n<\/div>\n\n\n\n<div class=\"wp-block-column\" style=\"flex-basis:50%\">\n<figure class=\"wp-block-image alignwide size-full\"><img loading=\"lazy\" width=\"640\" height=\"360\" src=\"https:\/\/www.camping-calypso.com\/wp-content\/uploads\/2023\/03\/Eus-Pyrenees-Orientales.jpg\" alt=\"dorp pyr&#xE9;n&#xE9;es orientales\" class=\"wp-image-2312\" srcset=\"https:\/\/www.camping-calypso.com\/wp-content\/uploads\/2023\/03\/Eus-Pyrenees-Orientales.jpg 640w, https:\/\/www.camping-calypso.com\/wp-content\/uploads\/2023\/03\/Eus-Pyrenees-Orientales-300x169.jpg 300w\" sizes=\"(max-width: 640px) 100vw, 640px\" \/><\/figure>\n<\/div>\n<\/div>\n\n<div class=\"wp-block-columns\">\n<div class=\"wp-block-column\" style=\"flex-basis:50%\">\n<figure class=\"wp-block-image alignwide size-full\"><img loading=\"lazy\" width=\"640\" height=\"480\" src=\"https:\/\/www.camping-calypso.com\/wp-content\/uploads\/2023\/03\/Villefranche-de-Conflent.jpg\" alt=\"villefranche de conflent oostelijke pyr&#xE9;n&#xE9;es\" class=\"wp-image-2316\" srcset=\"https:\/\/www.camping-calypso.com\/wp-content\/uploads\/2023\/03\/Villefranche-de-Conflent.jpg 640w, https:\/\/www.camping-calypso.com\/wp-content\/uploads\/2023\/03\/Villefranche-de-Conflent-300x225.jpg 300w\" sizes=\"(max-width: 640px) 100vw, 640px\" \/><\/figure>\n<\/div>\n\n\n\n<div class=\"wp-block-column\" style=\"flex-basis:50%\">\n<h2 class=\"h3\" id=\"villefranche-de-conflent-la-cite-fortifiee\">Villefranche-de-Conflent, de versterkte stad<\/h2>\n\n\n\n<p>Gelegen in het centrum van de Pyr\u00e9n\u00e9es-Orientales, op 6 km van Prades, biedt <strong>Villefranche-de-Conflent<\/strong> u een reis door de tijd en de geschiedenis. <br\/>Deze stad, die is uitgeroepen tot een van de mooiste dorpen van Frankrijk, zal je veroveren met zijn middeleeuwse architectuur, zijn stadsmuren en zijn charmante straatjes. Ontdek het versterkte complex, dat onlangs op de Werelderfgoedlijst van UNESCO is geplaatst, ga naar de Saint-Jacques kerk of bekijk<a href=\"https:\/\/www.camping-calypso.com\/nl\/alentours\/de-gele-trein-van-cerdanya\/\">het beroemde gele treintje<\/a> dat tussen Villefranche-de-Conflent en Andorra rijdt. Voor de nieuwsgierigen is het mogelijk de grotten rond het dorp te bezoeken. Ontdek de versterkte grot van Cova Bastera of de grot van de Grandes Canalettes, ook bekend als het &#8220;ondergrondse Versailles van de Pyrenee\u00ebn&#8221;, beschouwd als een van de mooiste grotten van Frankrijk.<\/p>\n\n\n\n<blockquote class=\"wp-block-quote\"><p>Torreilles &#8211; Villefranche de Conflent: 71km<\/p><\/blockquote>\n<\/div>\n<\/div>\n\n<div class=\"wp-block-columns\">\n<div class=\"wp-block-column\" style=\"flex-basis:50%\">\n<h2 class=\"h3\" id=\"castelnou-le-village-medieval\">Castelnou, het middeleeuwse dorp<\/h2>\n\n\n\n<p>Gelegen in het hart van de Aspres, op slechts 25 minuten van Perpignan, wordt dit dorp van stenen vandaag de dag bestempeld als het mooiste dorp van Frankrijk. <strong>Castelnou<\/strong>, gebouwd op een heuvel, is ook een van de oudste dorpen van Frankrijk en Cataloni\u00eb. Ga tijdens uw bezoek door de grote poort die beschermd wordt door de twee torens, observeer de overblijfselen van de stadsmuren en ontdek het op een rots gebouwde kasteel van viscounty uit de 10e eeuw, dat uitkijkt over het dorp. Architectuurliefhebbers zullen gecharmeerd zijn van de 12e-eeuwse kerk van Santa Maria de Mercadal en het barokke meubilair.<\/p>\n\n\n\n<blockquote class=\"wp-block-quote\"><p>Torreilles &#8211; Castelnou: 41km<\/p><\/blockquote>\n<\/div>\n\n\n\n<div class=\"wp-block-column\" style=\"flex-basis:50%\">\n<figure class=\"wp-block-image alignwide size-full\"><img loading=\"lazy\" width=\"800\" height=\"600\" src=\"https:\/\/www.camping-calypso.com\/wp-content\/uploads\/2023\/03\/Castelnou-Pyrenees-Orientales.jpg\" alt=\"castelnou oostelijke pyr&#xE9;n&#xE9;es\" class=\"wp-image-2321\" srcset=\"https:\/\/www.camping-calypso.com\/wp-content\/uploads\/2023\/03\/Castelnou-Pyrenees-Orientales.jpg 800w, https:\/\/www.camping-calypso.com\/wp-content\/uploads\/2023\/03\/Castelnou-Pyrenees-Orientales-300x225.jpg 300w, https:\/\/www.camping-calypso.com\/wp-content\/uploads\/2023\/03\/Castelnou-Pyrenees-Orientales-768x576.jpg 768w\" sizes=\"(max-width: 800px) 100vw, 800px\" \/><\/figure>\n<\/div>\n<\/div>\n\n<div class=\"wp-block-columns\">\n<div class=\"wp-block-column\" style=\"flex-basis:50%\">\n<figure class=\"wp-block-image alignwide size-full\"><img loading=\"lazy\" width=\"799\" height=\"504\" src=\"https:\/\/www.camping-calypso.com\/wp-content\/uploads\/2023\/03\/Evol-Olette-Pyrenees-Orientales.jpg\" alt=\"evol dorp pyr&#xE9;n&#xE9;es orientales\" class=\"wp-image-2330\" srcset=\"https:\/\/www.camping-calypso.com\/wp-content\/uploads\/2023\/03\/Evol-Olette-Pyrenees-Orientales.jpg 799w, https:\/\/www.camping-calypso.com\/wp-content\/uploads\/2023\/03\/Evol-Olette-Pyrenees-Orientales-300x189.jpg 300w, https:\/\/www.camping-calypso.com\/wp-content\/uploads\/2023\/03\/Evol-Olette-Pyrenees-Orientales-768x484.jpg 768w\" sizes=\"(max-width: 799px) 100vw, 799px\" \/><\/figure>\n<\/div>\n\n\n\n<div class=\"wp-block-column\" style=\"flex-basis:50%\">\n<h2 class=\"h3\" id=\"evol-le-village-montagnard\">Evol, het bergdorp<\/h2>\n\n\n\n<p>Dit charmante gehucht in de bergen van de Pyrenee\u00ebn biedt u een reis naar de middeleeuwen. Dit dorp, geklasseerd als \u00e9\u00e9n van de vier mooiste dorpen van de Pyr\u00e9n\u00e9es-Orientales, wordt overschaduwd door zijn kasteel uit de 13e eeuw en verwelkomt u in zijn smalle straatjes om de leistenen huizen te ontdekken, zijn Romaanse kerk, geklasseerd als Historisch Monument, zijn broodovens en zijn nog zichtbare wasplaatsen, getuigen van het vroegere plattelandsleven. U kunt ook het Museum van Volkskunst en -tradities bezoeken.<\/p>\n\n\n\n<p>*Foto credit: <a rel=\"noreferrer noopener\" href=\"https:\/\/www.flickr.com\/photos\/llansades\/\" target=\"_blank\">Thierry llansades<\/a><\/p>\n\n\n\n<blockquote class=\"wp-block-quote\"><p>Torreilles &#8211; Evol (Olette): 80km<\/p><\/blockquote>\n<\/div>\n<\/div>\n\n<div class=\"wp-block-columns\">\n<div class=\"wp-block-column\" style=\"flex-basis:50%\">\n<h2 class=\"h3\" id=\"eus-le-village-ensoleille\">Collioure, het vissersdorp<\/h2>\n\n\n\n<p><a href=\"https:\/\/www.camping-calypso.com\/nl\/alentours\/collioure\/\">Collioure<\/a>, gelegen aan de Middellandse Zee, op enkele kilometers van Perpignan en Argel\u00e8s-sur-Mer, is een vissersdorp dat u uitnodigt om diep adem te halen. De bloemrijke straten en de Catalaanse haven hebben vele schilders zoals Matisse en Picasso ge\u00efnspireerd. Maak een dagtocht naar de haven en bereik de vuurtoren aan het eind van de Sint-Vincentiusdijk. Ontdek de geschiedenis van <strong>het<\/strong> 13e-eeuwse <strong>koninklijke kasteel van Collioure<\/strong> of geniet van de pittoreske markt in het hart van de levendige stad.<br\/>Bezoek het Museum voor Moderne Kunst en ontdek het verhaal van het ontstaan van het fauvisme, een artistieke stroming die gedreven werd door schilders als Matisse en Serein. Het kustpad dat langs het dorp loopt, geeft wandelliefhebbers de kans om te genieten van een lange wandeling langs de Middellandse Zee. <\/p>\n\n\n\n<blockquote class=\"wp-block-quote\"><p>Torreilles &#8211; Collioure: 38km<\/p><\/blockquote>\n<\/div>\n\n\n\n<div class=\"wp-block-column\" style=\"flex-basis:50%\">\n<figure class=\"wp-block-image alignwide size-large\"><img loading=\"lazy\" width=\"819\" height=\"1024\" src=\"https:\/\/www.camping-calypso.com\/wp-content\/uploads\/2023\/01\/jacques-dillies-w1o_TW5RFoY-unsplash-819x1024.jpg\" alt=\"collioure dorp oostelijke pyr&#xE9;n&#xE9;es\" class=\"wp-image-936\" srcset=\"https:\/\/www.camping-calypso.com\/wp-content\/uploads\/2023\/01\/jacques-dillies-w1o_TW5RFoY-unsplash-819x1024.jpg 819w, https:\/\/www.camping-calypso.com\/wp-content\/uploads\/2023\/01\/jacques-dillies-w1o_TW5RFoY-unsplash-240x300.jpg 240w, https:\/\/www.camping-calypso.com\/wp-content\/uploads\/2023\/01\/jacques-dillies-w1o_TW5RFoY-unsplash-768x960.jpg 768w, https:\/\/www.camping-calypso.com\/wp-content\/uploads\/2023\/01\/jacques-dillies-w1o_TW5RFoY-unsplash-1229x1536.jpg 1229w, https:\/\/www.camping-calypso.com\/wp-content\/uploads\/2023\/01\/jacques-dillies-w1o_TW5RFoY-unsplash-1638x2048.jpg 1638w, https:\/\/www.camping-calypso.com\/wp-content\/uploads\/2023\/01\/jacques-dillies-w1o_TW5RFoY-unsplash-scaled.jpg 2048w\" sizes=\"(max-width: 819px) 100vw, 819px\" \/><\/figure>\n<\/div>\n<\/div>\n\n<h2 id=\"decouvrir-les-plus-beaux-villages-des-pyrenees-orientales-en-camping-5-etoiles\">Ontdek de mooiste dorpen in de Pyrenee\u00ebn-Orientales op een 5-sterren camping<\/h2>\n\n<p>Onze <strong>5-sterrencamping in de Pyr\u00e9n\u00e9es-Orientales<\/strong> is ideaal gelegen om de dorpen van de regio te verkennen. Gelegen aan Torreilles Plage tussen land en zee, is ons eersteklas etablissement een perfecte vakantiebestemming voor bezoekers die op zoek zijn naar culturele uitstapjes, watersporten of <a href=\"https:\/\/www.camping-calypso.com\/nl\/de-mooiste-wandelingen-om-te-doen-in-de-pyrenees-orientales\/\" data-type=\"page\" data-id=\"2273\">wandeltochten.<\/a>  <\/p>\n\n<p>Kies voor kamperen om de authentieke sfeer van de mooiste dorpen van de Pyr\u00e9n\u00e9es-Orientales te ontdekken! Onze<a href=\"https:\/\/www.camping-calypso.com\/nl\/stacaravan-chalet\/\" data-type=\"page\" data-id=\"559\"> stacaravans en chalets<\/a> bieden u het comfort dat u zoekt tijdens uw <strong>vakantie in Torreilles<\/strong>. <a href=\"https:\/\/www.camping-calypso.com\/nl\/locaties\/\" data-type=\"page\" data-id=\"561\">Standplaatsen voor caravans, campers of tenten<\/a> zijn net zo goed een optie; u hebt toegang tot de rustige, met bomen omzoomde omgeving van onze camping terwijl u geniet van de <a href=\"https:\/\/www.camping-calypso.com\/nl\/diensten\/\" data-type=\"page\" data-id=\"569\">5-sterrenservice<\/a>. Ons <a href=\"https:\/\/www.camping-calypso.com\/nl\/waterpark\/\" data-type=\"page\" data-id=\"563\">waterpark<\/a>, uitgerust met een zwembad, jacuzzi en glijbanen, wacht op jong en oud voor momenten van ontspanning of plezier, zoals u wilt.     <\/p>\n\n<p>Voor het ultieme avontuur en een andere omgeving kies je voor een kampeervakantie in de Pyr\u00e9n\u00e9es-Orientales &#8211; je zult er zeker onvergetelijke herinneringen aan overhouden!<\/p>\n","protected":false},"excerpt":{"rendered":"<p>De mooiste dorpen om te bezoeken in de Pyr\u00e9n\u00e9es-Orientales Verblijf op 5-sterrencamping Calypso in Torreilles en ontdek de mooiste dorpjes van de regio Pyr\u00e9n\u00e9es-Orientales. Ideaal gelegen dicht bij de belangrijkste plaatsen om te bezoeken, kunt u gemakkelijk een van deze dorpen bereiken in het hart van een groene natuur of aan de kust van de [&hellip;]<\/p>\n","protected":false},"author":1,"featured_media":2317,"parent":0,"menu_order":0,"comment_status":"closed","ping_status":"closed","template":"","meta":[],"acf":[],"yoast_head":"<!-- This site is optimized with the Yoast SEO plugin v18.8 - https:\/\/yoast.com\/wordpress\/plugins\/seo\/ -->\n<title>De mooiste dorpen van de Pyr\u00e9n\u00e9es-Orientales - Camping Calypso<\/title>\n<meta name=\"robots\" content=\"index, follow, max-snippet:-1, max-image-preview:large, max-video-preview:-1\" \/>\n<link rel=\"canonical\" href=\"https:\/\/www.camping-calypso.com\/nl\/de-mooiste-dorpen-van-de-pyrenees-orientales\/\" \/>\n<meta property=\"og:locale\" content=\"nl_NL\" \/>\n<meta property=\"og:type\" content=\"article\" \/>\n<meta property=\"og:title\" content=\"De mooiste dorpen van de Pyr\u00e9n\u00e9es-Orientales - Camping Calypso\" \/>\n<meta property=\"og:description\" content=\"De mooiste dorpen om te bezoeken in de Pyr\u00e9n\u00e9es-Orientales Verblijf op 5-sterrencamping Calypso in Torreilles en ontdek de mooiste dorpjes van de regio Pyr\u00e9n\u00e9es-Orientales. Ideaal gelegen dicht bij de belangrijkste plaatsen om te bezoeken, kunt u gemakkelijk een van deze dorpen bereiken in het hart van een groene natuur of aan de kust van de [&hellip;]\" \/>\n<meta property=\"og:url\" content=\"https:\/\/www.camping-calypso.com\/nl\/de-mooiste-dorpen-van-de-pyrenees-orientales\/\" \/>\n<meta property=\"og:site_name\" content=\"Camping Calypso\" \/>\n<meta property=\"article:modified_time\" content=\"2025-02-06T11:13:00+00:00\" \/>\n<meta property=\"og:image\" content=\"https:\/\/www.camping-calypso.com\/wp-content\/uploads\/2023\/03\/Villefranche-de-Conflent.jpg\" \/>\n\t<meta property=\"og:image:width\" content=\"640\" \/>\n\t<meta property=\"og:image:height\" content=\"480\" \/>\n\t<meta property=\"og:image:type\" content=\"image\/jpeg\" \/>\n<meta name=\"twitter:card\" content=\"summary_large_image\" \/>\n<meta name=\"twitter:label1\" content=\"Est. reading time\" \/>\n\t<meta name=\"twitter:data1\" content=\"4 minuten\" \/>\n<script type=\"application\/ld+json\" class=\"yoast-schema-graph\">{\"@context\":\"https:\/\/schema.org\",\"@graph\":[{\"@type\":\"WebSite\",\"@id\":\"https:\/\/www.camping-calypso.com\/#website\",\"url\":\"https:\/\/www.camping-calypso.com\/\",\"name\":\"Camping Calypso\",\"description\":\"Camping 5 \u00e9toiles \u00e0 Toreilles Plage (66)\",\"potentialAction\":[{\"@type\":\"SearchAction\",\"target\":{\"@type\":\"EntryPoint\",\"urlTemplate\":\"https:\/\/www.camping-calypso.com\/?s={search_term_string}\"},\"query-input\":\"required name=search_term_string\"}],\"inLanguage\":\"nl\"},{\"@type\":\"ImageObject\",\"inLanguage\":\"nl\",\"@id\":\"https:\/\/www.camping-calypso.com\/nl\/de-mooiste-dorpen-van-de-pyrenees-orientales\/#primaryimage\",\"url\":\"https:\/\/www.camping-calypso.com\/wp-content\/uploads\/2023\/03\/Villefranche-de-Conflent.jpg\",\"contentUrl\":\"https:\/\/www.camping-calypso.com\/wp-content\/uploads\/2023\/03\/Villefranche-de-Conflent.jpg\",\"width\":640,\"height\":480},{\"@type\":\"WebPage\",\"@id\":\"https:\/\/www.camping-calypso.com\/nl\/de-mooiste-dorpen-van-de-pyrenees-orientales\/#webpage\",\"url\":\"https:\/\/www.camping-calypso.com\/nl\/de-mooiste-dorpen-van-de-pyrenees-orientales\/\",\"name\":\"De mooiste dorpen van de Pyr\u00e9n\u00e9es-Orientales - Camping Calypso\",\"isPartOf\":{\"@id\":\"https:\/\/www.camping-calypso.com\/#website\"},\"primaryImageOfPage\":{\"@id\":\"https:\/\/www.camping-calypso.com\/nl\/de-mooiste-dorpen-van-de-pyrenees-orientales\/#primaryimage\"},\"datePublished\":\"2023-03-02T13:43:06+00:00\",\"dateModified\":\"2025-02-06T11:13:00+00:00\",\"breadcrumb\":{\"@id\":\"https:\/\/www.camping-calypso.com\/nl\/de-mooiste-dorpen-van-de-pyrenees-orientales\/#breadcrumb\"},\"inLanguage\":\"nl\",\"potentialAction\":[{\"@type\":\"ReadAction\",\"target\":[\"https:\/\/www.camping-calypso.com\/nl\/de-mooiste-dorpen-van-de-pyrenees-orientales\/\"]}]},{\"@type\":\"BreadcrumbList\",\"@id\":\"https:\/\/www.camping-calypso.com\/nl\/de-mooiste-dorpen-van-de-pyrenees-orientales\/#breadcrumb\",\"itemListElement\":[{\"@type\":\"ListItem\",\"position\":1,\"name\":\"Camping Torreilles\",\"item\":\"https:\/\/www.camping-calypso.com\/nl\/\"},{\"@type\":\"ListItem\",\"position\":2,\"name\":\"De mooiste dorpen van de Pyr\u00e9n\u00e9es-Orientales\"}]}]}<\/script>\n<!-- \/ Yoast SEO plugin. -->","yoast_head_json":{"title":"De mooiste dorpen van de Pyr\u00e9n\u00e9es-Orientales - Camping Calypso","robots":{"index":"index","follow":"follow","max-snippet":"max-snippet:-1","max-image-preview":"max-image-preview:large","max-video-preview":"max-video-preview:-1"},"canonical":"https:\/\/www.camping-calypso.com\/nl\/de-mooiste-dorpen-van-de-pyrenees-orientales\/","og_locale":"nl_NL","og_type":"article","og_title":"De mooiste dorpen van de Pyr\u00e9n\u00e9es-Orientales - Camping Calypso","og_description":"De mooiste dorpen om te bezoeken in de Pyr\u00e9n\u00e9es-Orientales Verblijf op 5-sterrencamping Calypso in Torreilles en ontdek de mooiste dorpjes van de regio Pyr\u00e9n\u00e9es-Orientales. Ideaal gelegen dicht bij de belangrijkste plaatsen om te bezoeken, kunt u gemakkelijk een van deze dorpen bereiken in het hart van een groene natuur of aan de kust van de [&hellip;]","og_url":"https:\/\/www.camping-calypso.com\/nl\/de-mooiste-dorpen-van-de-pyrenees-orientales\/","og_site_name":"Camping Calypso","article_modified_time":"2025-02-06T11:13:00+00:00","og_image":[{"width":640,"height":480,"url":"https:\/\/www.camping-calypso.com\/wp-content\/uploads\/2023\/03\/Villefranche-de-Conflent.jpg","type":"image\/jpeg"}],"twitter_card":"summary_large_image","twitter_misc":{"Est. reading time":"4 minuten"},"schema":{"@context":"https:\/\/schema.org","@graph":[{"@type":"WebSite","@id":"https:\/\/www.camping-calypso.com\/#website","url":"https:\/\/www.camping-calypso.com\/","name":"Camping Calypso","description":"Camping 5 \u00e9toiles \u00e0 Toreilles Plage (66)","potentialAction":[{"@type":"SearchAction","target":{"@type":"EntryPoint","urlTemplate":"https:\/\/www.camping-calypso.com\/?s={search_term_string}"},"query-input":"required name=search_term_string"}],"inLanguage":"nl"},{"@type":"ImageObject","inLanguage":"nl","@id":"https:\/\/www.camping-calypso.com\/nl\/de-mooiste-dorpen-van-de-pyrenees-orientales\/#primaryimage","url":"https:\/\/www.camping-calypso.com\/wp-content\/uploads\/2023\/03\/Villefranche-de-Conflent.jpg","contentUrl":"https:\/\/www.camping-calypso.com\/wp-content\/uploads\/2023\/03\/Villefranche-de-Conflent.jpg","width":640,"height":480},{"@type":"WebPage","@id":"https:\/\/www.camping-calypso.com\/nl\/de-mooiste-dorpen-van-de-pyrenees-orientales\/#webpage","url":"https:\/\/www.camping-calypso.com\/nl\/de-mooiste-dorpen-van-de-pyrenees-orientales\/","name":"De mooiste dorpen van de Pyr\u00e9n\u00e9es-Orientales - Camping Calypso","isPartOf":{"@id":"https:\/\/www.camping-calypso.com\/#website"},"primaryImageOfPage":{"@id":"https:\/\/www.camping-calypso.com\/nl\/de-mooiste-dorpen-van-de-pyrenees-orientales\/#primaryimage"},"datePublished":"2023-03-02T13:43:06+00:00","dateModified":"2025-02-06T11:13:00+00:00","breadcrumb":{"@id":"https:\/\/www.camping-calypso.com\/nl\/de-mooiste-dorpen-van-de-pyrenees-orientales\/#breadcrumb"},"inLanguage":"nl","potentialAction":[{"@type":"ReadAction","target":["https:\/\/www.camping-calypso.com\/nl\/de-mooiste-dorpen-van-de-pyrenees-orientales\/"]}]},{"@type":"BreadcrumbList","@id":"https:\/\/www.camping-calypso.com\/nl\/de-mooiste-dorpen-van-de-pyrenees-orientales\/#breadcrumb","itemListElement":[{"@type":"ListItem","position":1,"name":"Camping Torreilles","item":"https:\/\/www.camping-calypso.com\/nl\/"},{"@type":"ListItem","position":2,"name":"De mooiste dorpen van de Pyr\u00e9n\u00e9es-Orientales"}]}]}},"_links":{"self":[{"href":"https:\/\/www.camping-calypso.com\/nl\/wp-json\/wp\/v2\/pages\/2427"}],"collection":[{"href":"https:\/\/www.camping-calypso.com\/nl\/wp-json\/wp\/v2\/pages"}],"about":[{"href":"https:\/\/www.camping-calypso.com\/nl\/wp-json\/wp\/v2\/types\/page"}],"author":[{"embeddable":true,"href":"https:\/\/www.camping-calypso.com\/nl\/wp-json\/wp\/v2\/users\/1"}],"replies":[{"embeddable":true,"href":"https:\/\/www.camping-calypso.com\/nl\/wp-json\/wp\/v2\/comments?post=2427"}],"version-history":[{"count":6,"href":"https:\/\/www.camping-calypso.com\/nl\/wp-json\/wp\/v2\/pages\/2427\/revisions"}],"predecessor-version":[{"id":8070,"href":"https:\/\/www.camping-calypso.com\/nl\/wp-json\/wp\/v2\/pages\/2427\/revisions\/8070"}],"wp:featuredmedia":[{"embeddable":true,"href":"https:\/\/www.camping-calypso.com\/nl\/wp-json\/wp\/v2\/media\/2317"}],"wp:attachment":[{"href":"https:\/\/www.camping-calypso.com\/nl\/wp-json\/wp\/v2\/media?parent=2427"}],"curies":[{"name":"wp","href":"https:\/\/api.w.org\/{rel}","templated":true}]}}