{"id":2369,"date":"2023-01-30T09:47:23","date_gmt":"2023-01-30T08:47:23","guid":{"rendered":"https:\/\/www.camping-calypso.com\/seaside\/"},"modified":"2024-08-05T17:01:04","modified_gmt":"2024-08-05T15:01:04","slug":"seaside","status":"publish","type":"page","link":"https:\/\/www.camping-calypso.com\/nl\/seaside\/","title":{"rendered":"Seaside"},"content":{"rendered":"\n<div class=\"wp-block-cover alignfull\"><span aria-hidden=\"true\" class=\"wp-block-cover__gradient-background has-background-dim\"><\/span><img loading=\"lazy\" width=\"2560\" height=\"1451\" class=\"wp-block-cover__image-background wp-image-1055\" alt=\"\" src=\"https:\/\/www.camping-calypso.com\/wp-content\/uploads\/2023\/01\/vincent-grg-AYMdO2Vfx0E-unsplash-scaled.jpg\" data-object-fit=\"cover\" srcset=\"https:\/\/www.camping-calypso.com\/wp-content\/uploads\/2023\/01\/vincent-grg-AYMdO2Vfx0E-unsplash-scaled.jpg 2560w, https:\/\/www.camping-calypso.com\/wp-content\/uploads\/2023\/01\/vincent-grg-AYMdO2Vfx0E-unsplash-300x170.jpg 300w, https:\/\/www.camping-calypso.com\/wp-content\/uploads\/2023\/01\/vincent-grg-AYMdO2Vfx0E-unsplash-1024x580.jpg 1024w, https:\/\/www.camping-calypso.com\/wp-content\/uploads\/2023\/01\/vincent-grg-AYMdO2Vfx0E-unsplash-768x435.jpg 768w, https:\/\/www.camping-calypso.com\/wp-content\/uploads\/2023\/01\/vincent-grg-AYMdO2Vfx0E-unsplash-1536x870.jpg 1536w, https:\/\/www.camping-calypso.com\/wp-content\/uploads\/2023\/01\/vincent-grg-AYMdO2Vfx0E-unsplash-2048x1161.jpg 2048w\" sizes=\"(max-width: 2560px) 100vw, 2560px\" \/><div class=\"wp-block-cover__inner-container\">\n<p class=\"has-text-align-center has-large-font-size\"><\/p>\n<\/div><\/div>\n\n\n\n<div class=\"wp-block-columns\">\n<div class=\"wp-block-column\">\n<h1 id=\"camping-a-toreilles-5-etoiles-a-500-m-de-la-plage\">5 sterren camping in de Ori\u00ebntaalse Pyrenee\u00ebn <em>aan zee<\/em><\/h1>\n\n\n\n<p>Wat als uw droomvakantie werkelijkheid wordt door een verblijf op een <strong>5-sterrencamping in de oostelijke Pyrenee\u00ebn<\/strong>?<\/p>\n\n\n\n<p>Gelegen <strong>tussen de Middellandse Zee en de Canigou<\/strong>, de heilige berg van de Catalanen, is Camping Calypso ideaal gelegen aan zee.<\/p>\n\n\n\n<p>Op minder dan 500 meter van het strand is het een uitnodiging om te ontspannen en ook om vele activiteiten binnen en buiten de camping te beoefenen.<\/p>\n<\/div>\n\n\n\n<div class=\"wp-block-column\" style=\"flex-basis:52%\">\n<figure class=\"wp-block-image alignfull size-large\"><img loading=\"lazy\" width=\"1024\" height=\"853\" src=\"https:\/\/www.camping-calypso.com\/wp-content\/uploads\/2023\/02\/Sans-titre-33-1024x853.jpg\" alt=\"\" class=\"wp-image-1606\" srcset=\"https:\/\/www.camping-calypso.com\/wp-content\/uploads\/2023\/02\/Sans-titre-33-1024x853.jpg 1024w, https:\/\/www.camping-calypso.com\/wp-content\/uploads\/2023\/02\/Sans-titre-33-300x250.jpg 300w, https:\/\/www.camping-calypso.com\/wp-content\/uploads\/2023\/02\/Sans-titre-33-768x640.jpg 768w, https:\/\/www.camping-calypso.com\/wp-content\/uploads\/2023\/02\/Sans-titre-33.jpg 1080w\" sizes=\"(max-width: 1024px) 100vw, 1024px\" \/><\/figure>\n<\/div>\n<\/div>\n\n\n\n<div class=\"wp-block-columns alignfull reverse-mob has-bleu-background-color has-background\">\n<div class=\"wp-block-column\" style=\"flex-basis:48%\">\n<figure class=\"wp-block-image alignfull size-large\"><img loading=\"lazy\" width=\"1920\" height=\"2560\" src=\"https:\/\/www.camping-calypso.com\/wp-content\/uploads\/2023\/02\/romain-cellier-be0Lpj0Ua6E-unsplash-edited-1-scaled.jpg\" alt=\"\" class=\"wp-image-1961\" srcset=\"https:\/\/www.camping-calypso.com\/wp-content\/uploads\/2023\/02\/romain-cellier-be0Lpj0Ua6E-unsplash-edited-1-scaled.jpg 1920w, https:\/\/www.camping-calypso.com\/wp-content\/uploads\/2023\/02\/romain-cellier-be0Lpj0Ua6E-unsplash-edited-1-225x300.jpg 225w, https:\/\/www.camping-calypso.com\/wp-content\/uploads\/2023\/02\/romain-cellier-be0Lpj0Ua6E-unsplash-edited-1-768x1024.jpg 768w, https:\/\/www.camping-calypso.com\/wp-content\/uploads\/2023\/02\/romain-cellier-be0Lpj0Ua6E-unsplash-edited-1-1152x1536.jpg 1152w, https:\/\/www.camping-calypso.com\/wp-content\/uploads\/2023\/02\/romain-cellier-be0Lpj0Ua6E-unsplash-edited-1-1536x2048.jpg 1536w\" sizes=\"(max-width: 1920px) 100vw, 1920px\" \/><\/figure>\n<\/div>\n\n\n\n<div class=\"wp-block-column\">\n<h2 id=\"emplacements-de-camping-pres-de-perpignan\">Camping bij de <em>stranden van Torreilles<\/em><\/h2>\n\n\n\n<p>De Middellandse Zee was nog nooit zo dicht bij huis! Onze familiecamping ligt op een steenworp afstand van uw huuraccommodatie en vlakbij de <a href=\"https:\/\/www.camping-calypso.com\/nl\/alentours\/torreilles-strand\/\" data-type=\"alentours\" data-id=\"1049\">stranden van Torreilles<\/a>. Als u kiest voor een <strong>kampeervakantie op Torreilles plage<\/strong>, kunt u net zo goed kiezen voor een camping aan zee!<\/p>\n\n\n\n<div class=\"wp-block-group lire-plus-pc\"><div class=\"wp-block-group__inner-container\">\n<p>Meer lezen<\/p>\n\n\n\n<div class=\"wp-container-69f1f8a505f6c wp-block-group\"><div class=\"wp-block-group__inner-container\">\n<p>Kiezen voor onze camping Torreilles plage is de zekerheid van een <strong>authentieke vakantie met de voeten in het water<\/strong>. Wat een genot om van een vakantie aan zee te genieten zonder dat je een auto hoeft te lenen of een parkeerplaats hoeft te zoeken. Het strand, zorgt voor een schema geheel gewijd aan ontspanning.  <\/p>\n\n\n\n<p>Herontdek als een betoverend intermezzo het plezier om alles te voet te doen en kom bovendien in actie voor de goede praktijk van het <strong>ecologisch verantwoord toerisme<\/strong>.<br>Vroege vogels kunnen genieten van de schoonheid van de zonsopgang, een vroege ochtendwandeling om het schuim te prikkelen of het natte zand voor een verkwikkende jogging.<\/p>\n\n\n\n<p>Ben je een late vogel? Er gaat niets boven een plons in de warme golven en een paar zandkastelen op <strong>het strand van Bourdigou<\/strong> met de kinderen om een geslaagde dag te beginnen.<\/p>\n\n\n\n<p>Wat als de echte luxe gewoon zou bestaan uit het genieten van de voordelen van een <a href=\"https:\/\/www.camping-calypso.com\/nl\/\" data-type=\"page\" data-id=\"5\">camping in de Ori\u00ebntaalse Pyrenee\u00ebn aan zee<\/a>?<\/p>\n<\/div><\/div>\n<\/div><\/div>\n<\/div>\n<\/div>\n\n\n\n<section class=\"wp-container-69f1f8a506358 wp-block-group alignfull has-noir-background-color has-background\"><div class=\"wp-block-group__inner-container\">\n<p class=\"has-text-align-center h3 has-blanc-color has-text-color\">Voor een geslaagde vakantie aan zee!<\/p>\n\n\n\n<ul class=\"pictos large centre has-vert-color has-text-color\"><li><i class=\"fas fa-trees\"><\/i>  Kamperen <em>op het platteland<\/em><\/li><li><i class=\"fas fa-sun-haze\"><\/i>  Dicht bij <em>het strand!<\/em><\/li><li><i class=\"fas fa-family\"><\/i>  Vakantie met familie <em>en vrienden<\/em><\/li><\/ul>\n<\/div><\/section>\n\n\n\n<div class=\"wp-block-columns\">\n<div class=\"wp-block-column\">\n<h2 id=\"camping-pyrenees-orientales-en-bord-de-mer-et-avec-piscine\">Camping Pyr\u00e9n\u00e9es Orientales  <\/h2>\n\n\n\n<h2 id=\"camping-pyrenees-orientales-en-bord-de-mer-et-avec-piscine\">bij de zee <em>en met een zwembad<\/em><\/h2>\n\n\n\n<p>Het dilemma is welke 5-sterren camping te kiezen voor de volgende vakantie? Moet u kiezen voor een accommodatie aan zee of een camping met zwembad? Wat als een<strong> camping in de Pyr\u00e9n\u00e9es Orientales aan zee met een zwembad<\/strong> iedereen gelijk geeft?<\/p>\n\n\n\n<div class=\"wp-block-group lire-plus-pc\"><div class=\"wp-block-group__inner-container\">\n<p>Meer lezen<\/p>\n\n\n\n<div class=\"wp-container-69f1f8a50675c wp-block-group\"><div class=\"wp-block-group__inner-container\">\n<p>In een groene omgeving, als een dennenbos aan het strand, wijdt <a href=\"https:\/\/www.camping-calypso.com\/nl\/waterpark\/\" data-type=\"page\" data-id=\"563\">de camping Pyr\u00e9n\u00e9es Orientales met zwembad<\/a> een oppervlakte van 3.000m2 aan <strong>het waterpark<\/strong>. Of de vakantie nu beschouwend of actief is, er is voor elk wat wils. De kinderen hebben alle tijd om te genieten van het waterpark en de vele beschikbare <strong>waterspelletjes<\/strong> (glijbanen, schommels of pentagliss&#8230;). De ouders kunnen zich ontspannen in het zwembad van hun keuze en genieten van de <strong>verwarmde zwembaden<\/strong> of <strong>de ontspanningsruimte<\/strong> met jacuzzi en solarium.<\/p>\n\n\n\n<p>Onze 5-sterren camping met zijn grote <strong>buitenzwembad<\/strong> is een heerlijke plek om te <strong>ontspannen<\/strong>, maar ook <strong>de<\/strong> nabijgelegen kust heeft veel te bieden. <strong>Stranduitstapjes<\/strong> zijn altijd een tijd van plezier, delen en samenzijn met het gezin. Uitgerust met ballonnen, handdoeken, paraplu, koelbox en zonnecr\u00e8me, is er geen ruimte voor de stress om iets te vergeten, u bent naast uw accommodatie!<\/p>\n<\/div><\/div>\n<\/div><\/div>\n<\/div>\n\n\n\n<div class=\"wp-block-column\" style=\"flex-basis:52%\">\n<figure class=\"wp-block-image alignfull size-large\"><img loading=\"lazy\" width=\"1024\" height=\"768\" src=\"https:\/\/www.camping-calypso.com\/wp-content\/uploads\/2024\/02\/DJI_0926-1024x768.jpg\" alt=\"Camping 5 \u00e9toiles pyr\u00e9n\u00e9es orientales bord de mer\" class=\"wp-image-6099\" srcset=\"https:\/\/www.camping-calypso.com\/wp-content\/uploads\/2024\/02\/DJI_0926-1024x768.jpg 1024w, https:\/\/www.camping-calypso.com\/wp-content\/uploads\/2024\/02\/DJI_0926-300x225.jpg 300w, https:\/\/www.camping-calypso.com\/wp-content\/uploads\/2024\/02\/DJI_0926-768x576.jpg 768w, https:\/\/www.camping-calypso.com\/wp-content\/uploads\/2024\/02\/DJI_0926-1536x1152.jpg 1536w, https:\/\/www.camping-calypso.com\/wp-content\/uploads\/2024\/02\/DJI_0926-2048x1536.jpg 2048w\" sizes=\"(max-width: 1024px) 100vw, 1024px\" \/><figcaption>DCIM100MEDIADJI_0926.JPG<\/figcaption><\/figure>\n<\/div>\n<\/div>\n\n\n\n<div class=\"wp-block-columns alignfull reverse-mob has-bleu-background-color has-background\">\n<div class=\"wp-block-column\" style=\"flex-basis:48%\">\n<figure class=\"wp-block-image alignfull size-full\"><img loading=\"lazy\" width=\"2560\" height=\"1707\" src=\"https:\/\/www.camping-calypso.com\/wp-content\/uploads\/2023\/01\/maxence-bouniort-J3ZvsCRgjm0-unsplash-scaled.jpg\" alt=\"\" class=\"wp-image-1025\" srcset=\"https:\/\/www.camping-calypso.com\/wp-content\/uploads\/2023\/01\/maxence-bouniort-J3ZvsCRgjm0-unsplash-scaled.jpg 2560w, https:\/\/www.camping-calypso.com\/wp-content\/uploads\/2023\/01\/maxence-bouniort-J3ZvsCRgjm0-unsplash-300x200.jpg 300w, https:\/\/www.camping-calypso.com\/wp-content\/uploads\/2023\/01\/maxence-bouniort-J3ZvsCRgjm0-unsplash-1024x683.jpg 1024w, https:\/\/www.camping-calypso.com\/wp-content\/uploads\/2023\/01\/maxence-bouniort-J3ZvsCRgjm0-unsplash-768x512.jpg 768w, https:\/\/www.camping-calypso.com\/wp-content\/uploads\/2023\/01\/maxence-bouniort-J3ZvsCRgjm0-unsplash-1536x1024.jpg 1536w, https:\/\/www.camping-calypso.com\/wp-content\/uploads\/2023\/01\/maxence-bouniort-J3ZvsCRgjm0-unsplash-2048x1365.jpg 2048w\" sizes=\"(max-width: 2560px) 100vw, 2560px\" \/><\/figure>\n<\/div>\n\n\n\n<div class=\"wp-block-column\">\n<h2 id=\"emplacements-de-camping-pres-de-perpignan\">Verblijf aan het water <em>in de buurt van Perpignan<\/em><\/h2>\n\n\n\n<p>Onze <strong>camping Torreilles plage<\/strong> heeft een bevoorrechte ligging aan <strong>de Catalaanse kust<\/strong>. Bovendien worden de stranden van de gemeente beschermd door het Conservatoire du Littoral, waardoor ze een wilde maar veilige en bewaakte omgeving vormen.<\/p>\n\n\n\n<p>Als de badplaats populair is bij liefhebbers van een vakantie aan de Middellandse Zee, dan is dat omdat een verblijf op een <strong>camping in perpignan plage<\/strong> een winnende combinatie is.<\/p>\n\n\n\n<div class=\"wp-block-group lire-plus-pc\"><div class=\"wp-block-group__inner-container\">\n<p>Meer lezen<\/p>\n\n\n\n<div class=\"wp-container-69f1f8a506bf3 wp-block-group\"><div class=\"wp-block-group__inner-container\">\n<p>Torreilles is <strong>een van de dichtstbijzijnde steden van Perpignan <\/strong>om van de kust te genieten. De <strong>zandkust<\/strong> biedt prachtige stukken fijn zand die zich uitstrekken tot de vermiljoenkust op de grens met Spanje.<\/p>\n\n\n\n<p>Als toeristische bestemming bij uitstek beschikken <a href=\"https:\/\/www.camping-calypso.com\/nl\/toerisme\/\" data-type=\"page\" data-id=\"571\">de oostelijke Pyrenee\u00ebn<\/a> over een uitzonderlijk cultureel, historisch en natuurlijk erfgoed. Voor een <strong>verblijf met de voeten in het water nabij Perpignan<\/strong> is kamperen bij Torreilles plage een voor de hand liggende keuze.<\/p>\n\n\n\n<p>Op slechts enkele kilometers van de hoofdstad van het departement is Torreilles het vertrekpunt voor vele excursies. Naar de rotskust om het pittoreske dorpje <strong>Collioure<\/strong> te ontdekken, naar de Cerdagne voor een frisse neus of naar het centrum van <a href=\"https:\/\/www.camping-calypso.com\/nl\/alentours\/wat-te-zien-en-te-doen-op-een-camping-in-de-omgeving-van-perpignan\/\" data-type=\"alentours\" data-id=\"1024\">Perpignan<\/a> om de vestingwerken van Vauban te bewonderen.<\/p>\n\n\n\n<p>Wilt u een ontspannende vakantie doorbrengen op een <strong>5-sterren camping in de Pyr\u00e9n\u00e9es Orientales<\/strong>? Het Calypso team voldoet aan alle eisen van de vakantiegangers, en de 3 stranden van Torreilles, die al 35 jaar het ecolabel &#8220;Blauwe Vlag&#8221; hebben, zorgen voor de rest om u onvergetelijke herinneringen te bezorgen&#8230;<\/p>\n<\/div><\/div>\n<\/div><\/div>\n<\/div>\n<\/div>\n","protected":false},"excerpt":{"rendered":"<p>5 sterren camping in de Ori\u00ebntaalse Pyrenee\u00ebn aan zee Wat als uw droomvakantie werkelijkheid wordt door een verblijf op een 5-sterrencamping in de oostelijke Pyrenee\u00ebn? Gelegen tussen de Middellandse Zee en de Canigou, de heilige berg van de Catalanen, is Camping Calypso ideaal gelegen aan zee. Op minder dan 500 meter van het strand is [&hellip;]<\/p>\n","protected":false},"author":1,"featured_media":4075,"parent":0,"menu_order":0,"comment_status":"closed","ping_status":"closed","template":"","meta":[],"acf":[],"yoast_head":"<!-- This site is optimized with the Yoast SEO plugin v18.8 - https:\/\/yoast.com\/wordpress\/plugins\/seo\/ -->\n<title>Seaside - Camping Calypso<\/title>\n<meta name=\"robots\" content=\"index, follow, max-snippet:-1, max-image-preview:large, max-video-preview:-1\" \/>\n<link rel=\"canonical\" href=\"https:\/\/www.camping-calypso.com\/nl\/seaside\/\" \/>\n<meta property=\"og:locale\" content=\"nl_NL\" \/>\n<meta property=\"og:type\" content=\"article\" \/>\n<meta property=\"og:title\" content=\"Seaside - Camping Calypso\" \/>\n<meta property=\"og:description\" content=\"5 sterren camping in de Ori\u00ebntaalse Pyrenee\u00ebn aan zee Wat als uw droomvakantie werkelijkheid wordt door een verblijf op een 5-sterrencamping in de oostelijke Pyrenee\u00ebn? Gelegen tussen de Middellandse Zee en de Canigou, de heilige berg van de Catalanen, is Camping Calypso ideaal gelegen aan zee. Op minder dan 500 meter van het strand is [&hellip;]\" \/>\n<meta property=\"og:url\" content=\"https:\/\/www.camping-calypso.com\/nl\/seaside\/\" \/>\n<meta property=\"og:site_name\" content=\"Camping Calypso\" \/>\n<meta property=\"article:modified_time\" content=\"2024-08-05T15:01:04+00:00\" \/>\n<meta property=\"og:image\" content=\"https:\/\/www.camping-calypso.com\/wp-content\/uploads\/2023\/09\/IMG_2913-scaled.jpg\" \/>\n\t<meta property=\"og:image:width\" content=\"1920\" \/>\n\t<meta property=\"og:image:height\" content=\"2560\" \/>\n\t<meta property=\"og:image:type\" content=\"image\/jpeg\" \/>\n<meta name=\"twitter:card\" content=\"summary_large_image\" \/>\n<meta name=\"twitter:label1\" content=\"Est. reading time\" \/>\n\t<meta name=\"twitter:data1\" content=\"5 minuten\" \/>\n<script type=\"application\/ld+json\" class=\"yoast-schema-graph\">{\"@context\":\"https:\/\/schema.org\",\"@graph\":[{\"@type\":\"WebSite\",\"@id\":\"https:\/\/www.camping-calypso.com\/#website\",\"url\":\"https:\/\/www.camping-calypso.com\/\",\"name\":\"Camping Calypso\",\"description\":\"Camping 5 \u00e9toiles \u00e0 Toreilles Plage (66)\",\"potentialAction\":[{\"@type\":\"SearchAction\",\"target\":{\"@type\":\"EntryPoint\",\"urlTemplate\":\"https:\/\/www.camping-calypso.com\/?s={search_term_string}\"},\"query-input\":\"required name=search_term_string\"}],\"inLanguage\":\"nl\"},{\"@type\":\"ImageObject\",\"inLanguage\":\"nl\",\"@id\":\"https:\/\/www.camping-calypso.com\/nl\/seaside\/#primaryimage\",\"url\":\"https:\/\/www.camping-calypso.com\/wp-content\/uploads\/2023\/09\/IMG_2913-scaled.jpg\",\"contentUrl\":\"https:\/\/www.camping-calypso.com\/wp-content\/uploads\/2023\/09\/IMG_2913-scaled.jpg\",\"width\":1920,\"height\":2560,\"caption\":\"Camping aan zee in Zuid-Frankrijk Le Calypso\"},{\"@type\":\"WebPage\",\"@id\":\"https:\/\/www.camping-calypso.com\/nl\/seaside\/#webpage\",\"url\":\"https:\/\/www.camping-calypso.com\/nl\/seaside\/\",\"name\":\"Seaside - Camping Calypso\",\"isPartOf\":{\"@id\":\"https:\/\/www.camping-calypso.com\/#website\"},\"primaryImageOfPage\":{\"@id\":\"https:\/\/www.camping-calypso.com\/nl\/seaside\/#primaryimage\"},\"datePublished\":\"2023-01-30T08:47:23+00:00\",\"dateModified\":\"2024-08-05T15:01:04+00:00\",\"breadcrumb\":{\"@id\":\"https:\/\/www.camping-calypso.com\/nl\/seaside\/#breadcrumb\"},\"inLanguage\":\"nl\",\"potentialAction\":[{\"@type\":\"ReadAction\",\"target\":[\"https:\/\/www.camping-calypso.com\/nl\/seaside\/\"]}]},{\"@type\":\"BreadcrumbList\",\"@id\":\"https:\/\/www.camping-calypso.com\/nl\/seaside\/#breadcrumb\",\"itemListElement\":[{\"@type\":\"ListItem\",\"position\":1,\"name\":\"Camping Torreilles\",\"item\":\"https:\/\/www.camping-calypso.com\/nl\/\"},{\"@type\":\"ListItem\",\"position\":2,\"name\":\"Seaside\"}]}]}<\/script>\n<!-- \/ Yoast SEO plugin. -->","yoast_head_json":{"title":"Seaside - Camping Calypso","robots":{"index":"index","follow":"follow","max-snippet":"max-snippet:-1","max-image-preview":"max-image-preview:large","max-video-preview":"max-video-preview:-1"},"canonical":"https:\/\/www.camping-calypso.com\/nl\/seaside\/","og_locale":"nl_NL","og_type":"article","og_title":"Seaside - Camping Calypso","og_description":"5 sterren camping in de Ori\u00ebntaalse Pyrenee\u00ebn aan zee Wat als uw droomvakantie werkelijkheid wordt door een verblijf op een 5-sterrencamping in de oostelijke Pyrenee\u00ebn? Gelegen tussen de Middellandse Zee en de Canigou, de heilige berg van de Catalanen, is Camping Calypso ideaal gelegen aan zee. Op minder dan 500 meter van het strand is [&hellip;]","og_url":"https:\/\/www.camping-calypso.com\/nl\/seaside\/","og_site_name":"Camping Calypso","article_modified_time":"2024-08-05T15:01:04+00:00","og_image":[{"width":1920,"height":2560,"url":"https:\/\/www.camping-calypso.com\/wp-content\/uploads\/2023\/09\/IMG_2913-scaled.jpg","type":"image\/jpeg"}],"twitter_card":"summary_large_image","twitter_misc":{"Est. reading time":"5 minuten"},"schema":{"@context":"https:\/\/schema.org","@graph":[{"@type":"WebSite","@id":"https:\/\/www.camping-calypso.com\/#website","url":"https:\/\/www.camping-calypso.com\/","name":"Camping Calypso","description":"Camping 5 \u00e9toiles \u00e0 Toreilles Plage (66)","potentialAction":[{"@type":"SearchAction","target":{"@type":"EntryPoint","urlTemplate":"https:\/\/www.camping-calypso.com\/?s={search_term_string}"},"query-input":"required name=search_term_string"}],"inLanguage":"nl"},{"@type":"ImageObject","inLanguage":"nl","@id":"https:\/\/www.camping-calypso.com\/nl\/seaside\/#primaryimage","url":"https:\/\/www.camping-calypso.com\/wp-content\/uploads\/2023\/09\/IMG_2913-scaled.jpg","contentUrl":"https:\/\/www.camping-calypso.com\/wp-content\/uploads\/2023\/09\/IMG_2913-scaled.jpg","width":1920,"height":2560,"caption":"Camping aan zee in Zuid-Frankrijk Le Calypso"},{"@type":"WebPage","@id":"https:\/\/www.camping-calypso.com\/nl\/seaside\/#webpage","url":"https:\/\/www.camping-calypso.com\/nl\/seaside\/","name":"Seaside - Camping Calypso","isPartOf":{"@id":"https:\/\/www.camping-calypso.com\/#website"},"primaryImageOfPage":{"@id":"https:\/\/www.camping-calypso.com\/nl\/seaside\/#primaryimage"},"datePublished":"2023-01-30T08:47:23+00:00","dateModified":"2024-08-05T15:01:04+00:00","breadcrumb":{"@id":"https:\/\/www.camping-calypso.com\/nl\/seaside\/#breadcrumb"},"inLanguage":"nl","potentialAction":[{"@type":"ReadAction","target":["https:\/\/www.camping-calypso.com\/nl\/seaside\/"]}]},{"@type":"BreadcrumbList","@id":"https:\/\/www.camping-calypso.com\/nl\/seaside\/#breadcrumb","itemListElement":[{"@type":"ListItem","position":1,"name":"Camping Torreilles","item":"https:\/\/www.camping-calypso.com\/nl\/"},{"@type":"ListItem","position":2,"name":"Seaside"}]}]}},"_links":{"self":[{"href":"https:\/\/www.camping-calypso.com\/nl\/wp-json\/wp\/v2\/pages\/2369"}],"collection":[{"href":"https:\/\/www.camping-calypso.com\/nl\/wp-json\/wp\/v2\/pages"}],"about":[{"href":"https:\/\/www.camping-calypso.com\/nl\/wp-json\/wp\/v2\/types\/page"}],"author":[{"embeddable":true,"href":"https:\/\/www.camping-calypso.com\/nl\/wp-json\/wp\/v2\/users\/1"}],"replies":[{"embeddable":true,"href":"https:\/\/www.camping-calypso.com\/nl\/wp-json\/wp\/v2\/comments?post=2369"}],"version-history":[{"count":6,"href":"https:\/\/www.camping-calypso.com\/nl\/wp-json\/wp\/v2\/pages\/2369\/revisions"}],"predecessor-version":[{"id":6758,"href":"https:\/\/www.camping-calypso.com\/nl\/wp-json\/wp\/v2\/pages\/2369\/revisions\/6758"}],"wp:featuredmedia":[{"embeddable":true,"href":"https:\/\/www.camping-calypso.com\/nl\/wp-json\/wp\/v2\/media\/4075"}],"wp:attachment":[{"href":"https:\/\/www.camping-calypso.com\/nl\/wp-json\/wp\/v2\/media?parent=2369"}],"curies":[{"name":"wp","href":"https:\/\/api.w.org\/{rel}","templated":true}]}}