{"id":2351,"date":"2023-01-31T12:12:32","date_gmt":"2023-01-31T11:12:32","guid":{"rendered":"https:\/\/www.camping-calypso.com\/nieuws\/"},"modified":"2025-12-22T16:09:19","modified_gmt":"2025-12-22T15:09:19","slug":"nieuws","status":"publish","type":"page","link":"https:\/\/www.camping-calypso.com\/nl\/nieuws\/","title":{"rendered":"Nieuws"},"content":{"rendered":"\n<div class=\"wp-block-cover alignfull\"><span aria-hidden=\"true\" class=\"wp-block-cover__gradient-background has-background-dim\"><\/span><img loading=\"lazy\" width=\"1920\" height=\"900\" class=\"wp-block-cover__image-background wp-image-1774\" alt=\"\" src=\"https:\/\/www.camping-calypso.com\/wp-content\/uploads\/2023\/02\/Sans-titre-40.png\" style=\"object-position:50% 90%\" data-object-fit=\"cover\" data-object-position=\"50% 90%\" srcset=\"https:\/\/www.camping-calypso.com\/wp-content\/uploads\/2023\/02\/Sans-titre-40.png 1920w, https:\/\/www.camping-calypso.com\/wp-content\/uploads\/2023\/02\/Sans-titre-40-300x141.png 300w, https:\/\/www.camping-calypso.com\/wp-content\/uploads\/2023\/02\/Sans-titre-40-1024x480.png 1024w, https:\/\/www.camping-calypso.com\/wp-content\/uploads\/2023\/02\/Sans-titre-40-768x360.png 768w, https:\/\/www.camping-calypso.com\/wp-content\/uploads\/2023\/02\/Sans-titre-40-1536x720.png 1536w\" sizes=\"(max-width: 1920px) 100vw, 1920px\" \/><div class=\"wp-block-cover__inner-container\">\n<h1 class=\"has-text-align-center\" id=\"camping-a-toreilles-5-etoiles-a-500-m-de-la-plage\">Nieuws<\/h1>\n<\/div><\/div>\n\n\n\n<section class=\"wp-container-69f244f272334 wp-block-group alignfull has-white-background-color has-background\"><div class=\"wp-block-group__inner-container\">\n<p class=\"has-text-align-center h2 has-large-font-size\" style=\"letter-spacing:1px\"><strong><strong>De Grote Speelweken voor de Start van het Schooljaar \u2013 Speciale Kinderweek<\/strong><\/strong><\/p>\n\n\n\n<ul class=\"pictos large centre has-bleu-color has-text-color\" style=\"letter-spacing:1px\"><li><i class=\"fas fa-calendar-check\"><\/i> <strong><strong>Van <strong>zaterdag 22 augustus tot zondag 30 augustus 2026<\/strong><\/strong><\/strong><\/li><\/ul>\n\n\n\n<p class=\"has-text-align-center\"><\/p>\n\n\n\n<p class=\"has-text-align-center\">Een hele week lang bieden wij kinderen jonger dan 10 jaar en hun ouders activiteiten aan rond elke dag een ander thema, gecombineerd met al het comfort dat nodig is om vakantie, ontspanning en (een beetje) werken te combineren indien nodig.<\/p>\n\n\n\n<div class=\"wp-container-69f244f27206a wp-block-buttons\">\n<div class=\"wp-block-button btn_resa\"><a class=\"wp-block-button__link\" href=\"https:\/\/www.camping-calypso.com\/nl\/campingclub\/\" target=\"_blank\" rel=\"noreferrer noopener\"><strong>Ontdek deze week die volledig in het teken staat van kinderen<\/strong><\/a><\/div>\n<\/div>\n<\/div><\/section>\n\n\n\n<section class=\"wp-container-69f244f2729a5 wp-block-group alignfull has-white-color has-bleu-background-color has-text-color has-background\"><div class=\"wp-block-group__inner-container\">\n<p class=\"has-text-align-center h2 has-large-font-size\" style=\"letter-spacing:1px\"><strong>\u00a0<strong>Premium Vakantieservice<\/strong>\u00a0en\u00a0<strong>Vakantie Plus Service<\/strong><\/strong><\/p>\n\n\n\n<p class=\"has-text-align-center\">Toegang tot het waterpark buiten de openingstijden? De beste plek op het terras om van een show te genieten? Droomt u ervan?<\/p>\n\n\n\n<p class=\"has-text-align-center\">De Premium Vakantieservice &amp; de Plus Vakantieservice bieden u voordelen zodat uw vakantie ECHT EXCLUSIEF wordt!<\/p>\n\n\n\n<div class=\"wp-block-image is-style-default\"><figure class=\"aligncenter size-large\"><img loading=\"lazy\" width=\"819\" height=\"1024\" src=\"https:\/\/www.camping-calypso.com\/wp-content\/uploads\/2025\/12\/NL-819x1024.png\" alt=\"\" class=\"wp-image-9663\" srcset=\"https:\/\/www.camping-calypso.com\/wp-content\/uploads\/2025\/12\/NL-819x1024.png 819w, https:\/\/www.camping-calypso.com\/wp-content\/uploads\/2025\/12\/NL-240x300.png 240w, https:\/\/www.camping-calypso.com\/wp-content\/uploads\/2025\/12\/NL-768x960.png 768w, https:\/\/www.camping-calypso.com\/wp-content\/uploads\/2025\/12\/NL.png 1080w\" sizes=\"(max-width: 819px) 100vw, 819px\" \/><\/figure><\/div>\n\n\n\n<div class=\"wp-container-69f244f2726e4 wp-block-buttons\">\n<div class=\"wp-block-button btn_resa\"><a class=\"wp-block-button__link\">Boek nu !<\/a><\/div>\n<\/div>\n<\/div><\/section>\n\n\n\n<section class=\"wp-container-69f244f272fe6 wp-block-group alignfull has-noir-background-color has-background\"><div class=\"wp-block-group__inner-container\">\n<p class=\"has-text-align-center h2 has-large-font-size\" style=\"letter-spacing:1px\">Boek vroeg met betaling in 3 termijnen zonder extra kosten<\/p>\n\n\n\n<ul class=\"pictos large centre has-bleu-color has-text-color\" style=\"letter-spacing:1px\"><li><i class=\"fas fa-calendar-check\"><\/i> <strong>Spreid uw termijnen tot een maand voor uw aankomst<\/strong><\/li><\/ul>\n\n\n\n<p class=\"has-text-align-center\"><\/p>\n\n\n\n<p class=\"has-text-align-center\">Deze betaalgemak stelt u in staat om uw vakantie in<strong> Torreilles-Plage<\/strong> tegen de beste prijs te reserveren.<\/p>\n\n\n\n<p class=\"has-text-align-center\">Het stelt u in staat om uw vakantie bij Calypso te plannen zonder uw portemonnee aanzienlijk te be\u00efnvloeden en garandeert u een verblijf aan zee in de zomerperiode.<\/p>\n\n\n\n<p class=\"has-text-align-center\">Door de betaling te spreiden over meerdere maanden, wordt de prijs van uw vakantie financieel toegankelijker.<\/p>\n\n\n\n<p class=\"has-text-align-center\"><strong>Zonder extra kosten en zonder ingewikkeld proces, hoeft u alleen maar deze betaaloptie te kiezen bij het maken van uw reservering.<\/strong><\/p>\n\n\n\n<div class=\"wp-container-69f244f272d41 wp-block-buttons\">\n<div class=\"wp-block-button btn_resa\"><a class=\"wp-block-button__link\">Boek nu !<\/a><\/div>\n<\/div>\n<\/div><\/section>\n\n\n\n<div class=\"wp-block-columns alignfull reverse-mob has-noir-color has-vert-background-color has-text-color has-background\">\n<div class=\"wp-block-column is-vertically-aligned-center\">\n<h2 class=\"has-noir-color has-text-color\" id=\"ouverture-2024\"><strong>Geen zorgen, geen probleem !<\/strong><\/h2>\n\n\n\n<p class=\"h3 has-medium-font-size\" style=\"letter-spacing:1px\"><strong>De Flex-optie stelt u in staat om uw verblijf moeiteloos te wijzigen en te annuleren<\/strong><\/p>\n\n\n\n<p class=\"has-text-align-left\">Goedkoper dan de annuleringsverzekering, deze optie biedt u een zekere flexibiliteit bij wijzigingen van uw verblijf. De onzekerheden van het dagelijks leven vormen geen probleem meer om vooruit te kijken naar uw gezinsvakantie aan zee op Camping Le Calypso. U kunt dus uw verblijf boeken tegen de beste prijs, met de mogelijkheid om het indien nodig aan te passen.<\/p>\n\n\n\n<div class=\"wp-container-69f244f273349 wp-block-buttons alignwide\">\n<div class=\"wp-block-button\"><a class=\"wp-block-button__link\" href=\"https:\/\/www.camping-calypso.com\/nl\/cglnl\/\" target=\"_blank\" rel=\"noreferrer noopener\">Ontdek de flexibele optie<\/a><\/div>\n<\/div>\n<\/div>\n\n\n\n<div class=\"wp-block-column is-vertically-aligned-center\" style=\"flex-basis:48%\">\n<figure class=\"wp-block-image size-large is-style-default\"><img loading=\"lazy\" width=\"1024\" height=\"683\" src=\"https:\/\/www.camping-calypso.com\/wp-content\/uploads\/2024\/08\/BD-Venus-5-1024x683.jpg\" alt=\"\" class=\"wp-image-6703\" srcset=\"https:\/\/www.camping-calypso.com\/wp-content\/uploads\/2024\/08\/BD-Venus-5-1024x683.jpg 1024w, https:\/\/www.camping-calypso.com\/wp-content\/uploads\/2024\/08\/BD-Venus-5-300x200.jpg 300w, https:\/\/www.camping-calypso.com\/wp-content\/uploads\/2024\/08\/BD-Venus-5-768x512.jpg 768w, https:\/\/www.camping-calypso.com\/wp-content\/uploads\/2024\/08\/BD-Venus-5-1536x1024.jpg 1536w, https:\/\/www.camping-calypso.com\/wp-content\/uploads\/2024\/08\/BD-Venus-5.jpg 1920w\" sizes=\"(max-width: 1024px) 100vw, 1024px\" \/><\/figure>\n<\/div>\n<\/div>\n\n\n\n<p><\/p>\n","protected":false},"excerpt":{"rendered":"<p>De Grote Speelweken voor de Start van het Schooljaar \u2013 Speciale Kinderweek Van zaterdag 22 augustus tot zondag 30 augustus 2026 Een hele week lang bieden wij kinderen jonger dan 10 jaar en hun ouders activiteiten aan rond elke dag een ander thema, gecombineerd met al het comfort dat nodig is om vakantie, ontspanning en [&hellip;]<\/p>\n","protected":false},"author":1,"featured_media":0,"parent":0,"menu_order":0,"comment_status":"closed","ping_status":"closed","template":"","meta":[],"acf":[],"yoast_head":"<!-- This site is optimized with the Yoast SEO plugin v18.8 - https:\/\/yoast.com\/wordpress\/plugins\/seo\/ -->\n<title>Nieuws - Camping Calypso<\/title>\n<meta name=\"robots\" content=\"index, follow, max-snippet:-1, max-image-preview:large, max-video-preview:-1\" \/>\n<link rel=\"canonical\" href=\"https:\/\/www.camping-calypso.com\/nl\/nieuws\/\" \/>\n<meta property=\"og:locale\" content=\"nl_NL\" \/>\n<meta property=\"og:type\" content=\"article\" \/>\n<meta property=\"og:title\" content=\"Nieuws - Camping Calypso\" \/>\n<meta property=\"og:description\" content=\"De Grote Speelweken voor de Start van het Schooljaar \u2013 Speciale Kinderweek Van zaterdag 22 augustus tot zondag 30 augustus 2026 Een hele week lang bieden wij kinderen jonger dan 10 jaar en hun ouders activiteiten aan rond elke dag een ander thema, gecombineerd met al het comfort dat nodig is om vakantie, ontspanning en [&hellip;]\" \/>\n<meta property=\"og:url\" content=\"https:\/\/www.camping-calypso.com\/nl\/nieuws\/\" \/>\n<meta property=\"og:site_name\" content=\"Camping Calypso\" \/>\n<meta property=\"article:modified_time\" content=\"2025-12-22T15:09:19+00:00\" \/>\n<meta property=\"og:image\" content=\"https:\/\/www.camping-calypso.com\/wp-content\/uploads\/2023\/02\/Sans-titre-40.png\" \/>\n<meta name=\"twitter:card\" content=\"summary_large_image\" \/>\n<meta name=\"twitter:label1\" content=\"Est. reading time\" \/>\n\t<meta name=\"twitter:data1\" content=\"3 minuten\" \/>\n<script type=\"application\/ld+json\" class=\"yoast-schema-graph\">{\"@context\":\"https:\/\/schema.org\",\"@graph\":[{\"@type\":\"WebSite\",\"@id\":\"https:\/\/www.camping-calypso.com\/#website\",\"url\":\"https:\/\/www.camping-calypso.com\/\",\"name\":\"Camping Calypso\",\"description\":\"Camping 5 \u00e9toiles \u00e0 Toreilles Plage (66)\",\"potentialAction\":[{\"@type\":\"SearchAction\",\"target\":{\"@type\":\"EntryPoint\",\"urlTemplate\":\"https:\/\/www.camping-calypso.com\/?s={search_term_string}\"},\"query-input\":\"required name=search_term_string\"}],\"inLanguage\":\"nl\"},{\"@type\":\"ImageObject\",\"inLanguage\":\"nl\",\"@id\":\"https:\/\/www.camping-calypso.com\/nl\/nieuws\/#primaryimage\",\"url\":\"https:\/\/www.camping-calypso.com\/wp-content\/uploads\/2023\/02\/Sans-titre-40.png\",\"contentUrl\":\"https:\/\/www.camping-calypso.com\/wp-content\/uploads\/2023\/02\/Sans-titre-40.png\",\"width\":1920,\"height\":900,\"caption\":\"h\u00e9bergement camping pyr\u00e9n\u00e9es orientales\"},{\"@type\":\"WebPage\",\"@id\":\"https:\/\/www.camping-calypso.com\/nl\/nieuws\/#webpage\",\"url\":\"https:\/\/www.camping-calypso.com\/nl\/nieuws\/\",\"name\":\"Nieuws - Camping Calypso\",\"isPartOf\":{\"@id\":\"https:\/\/www.camping-calypso.com\/#website\"},\"primaryImageOfPage\":{\"@id\":\"https:\/\/www.camping-calypso.com\/nl\/nieuws\/#primaryimage\"},\"datePublished\":\"2023-01-31T11:12:32+00:00\",\"dateModified\":\"2025-12-22T15:09:19+00:00\",\"breadcrumb\":{\"@id\":\"https:\/\/www.camping-calypso.com\/nl\/nieuws\/#breadcrumb\"},\"inLanguage\":\"nl\",\"potentialAction\":[{\"@type\":\"ReadAction\",\"target\":[\"https:\/\/www.camping-calypso.com\/nl\/nieuws\/\"]}]},{\"@type\":\"BreadcrumbList\",\"@id\":\"https:\/\/www.camping-calypso.com\/nl\/nieuws\/#breadcrumb\",\"itemListElement\":[{\"@type\":\"ListItem\",\"position\":1,\"name\":\"Camping Torreilles\",\"item\":\"https:\/\/www.camping-calypso.com\/nl\/\"},{\"@type\":\"ListItem\",\"position\":2,\"name\":\"Nieuws\"}]}]}<\/script>\n<!-- \/ Yoast SEO plugin. -->","yoast_head_json":{"title":"Nieuws - Camping Calypso","robots":{"index":"index","follow":"follow","max-snippet":"max-snippet:-1","max-image-preview":"max-image-preview:large","max-video-preview":"max-video-preview:-1"},"canonical":"https:\/\/www.camping-calypso.com\/nl\/nieuws\/","og_locale":"nl_NL","og_type":"article","og_title":"Nieuws - Camping Calypso","og_description":"De Grote Speelweken voor de Start van het Schooljaar \u2013 Speciale Kinderweek Van zaterdag 22 augustus tot zondag 30 augustus 2026 Een hele week lang bieden wij kinderen jonger dan 10 jaar en hun ouders activiteiten aan rond elke dag een ander thema, gecombineerd met al het comfort dat nodig is om vakantie, ontspanning en [&hellip;]","og_url":"https:\/\/www.camping-calypso.com\/nl\/nieuws\/","og_site_name":"Camping Calypso","article_modified_time":"2025-12-22T15:09:19+00:00","og_image":[{"url":"https:\/\/www.camping-calypso.com\/wp-content\/uploads\/2023\/02\/Sans-titre-40.png"}],"twitter_card":"summary_large_image","twitter_misc":{"Est. reading time":"3 minuten"},"schema":{"@context":"https:\/\/schema.org","@graph":[{"@type":"WebSite","@id":"https:\/\/www.camping-calypso.com\/#website","url":"https:\/\/www.camping-calypso.com\/","name":"Camping Calypso","description":"Camping 5 \u00e9toiles \u00e0 Toreilles Plage (66)","potentialAction":[{"@type":"SearchAction","target":{"@type":"EntryPoint","urlTemplate":"https:\/\/www.camping-calypso.com\/?s={search_term_string}"},"query-input":"required name=search_term_string"}],"inLanguage":"nl"},{"@type":"ImageObject","inLanguage":"nl","@id":"https:\/\/www.camping-calypso.com\/nl\/nieuws\/#primaryimage","url":"https:\/\/www.camping-calypso.com\/wp-content\/uploads\/2023\/02\/Sans-titre-40.png","contentUrl":"https:\/\/www.camping-calypso.com\/wp-content\/uploads\/2023\/02\/Sans-titre-40.png","width":1920,"height":900,"caption":"h\u00e9bergement camping pyr\u00e9n\u00e9es orientales"},{"@type":"WebPage","@id":"https:\/\/www.camping-calypso.com\/nl\/nieuws\/#webpage","url":"https:\/\/www.camping-calypso.com\/nl\/nieuws\/","name":"Nieuws - Camping Calypso","isPartOf":{"@id":"https:\/\/www.camping-calypso.com\/#website"},"primaryImageOfPage":{"@id":"https:\/\/www.camping-calypso.com\/nl\/nieuws\/#primaryimage"},"datePublished":"2023-01-31T11:12:32+00:00","dateModified":"2025-12-22T15:09:19+00:00","breadcrumb":{"@id":"https:\/\/www.camping-calypso.com\/nl\/nieuws\/#breadcrumb"},"inLanguage":"nl","potentialAction":[{"@type":"ReadAction","target":["https:\/\/www.camping-calypso.com\/nl\/nieuws\/"]}]},{"@type":"BreadcrumbList","@id":"https:\/\/www.camping-calypso.com\/nl\/nieuws\/#breadcrumb","itemListElement":[{"@type":"ListItem","position":1,"name":"Camping Torreilles","item":"https:\/\/www.camping-calypso.com\/nl\/"},{"@type":"ListItem","position":2,"name":"Nieuws"}]}]}},"_links":{"self":[{"href":"https:\/\/www.camping-calypso.com\/nl\/wp-json\/wp\/v2\/pages\/2351"}],"collection":[{"href":"https:\/\/www.camping-calypso.com\/nl\/wp-json\/wp\/v2\/pages"}],"about":[{"href":"https:\/\/www.camping-calypso.com\/nl\/wp-json\/wp\/v2\/types\/page"}],"author":[{"embeddable":true,"href":"https:\/\/www.camping-calypso.com\/nl\/wp-json\/wp\/v2\/users\/1"}],"replies":[{"embeddable":true,"href":"https:\/\/www.camping-calypso.com\/nl\/wp-json\/wp\/v2\/comments?post=2351"}],"version-history":[{"count":6,"href":"https:\/\/www.camping-calypso.com\/nl\/wp-json\/wp\/v2\/pages\/2351\/revisions"}],"predecessor-version":[{"id":9714,"href":"https:\/\/www.camping-calypso.com\/nl\/wp-json\/wp\/v2\/pages\/2351\/revisions\/9714"}],"wp:attachment":[{"href":"https:\/\/www.camping-calypso.com\/nl\/wp-json\/wp\/v2\/media?parent=2351"}],"curies":[{"name":"wp","href":"https:\/\/api.w.org\/{rel}","templated":true}]}}