{"id":4935,"date":"2023-11-07T16:43:12","date_gmt":"2023-11-07T15:43:12","guid":{"rendered":"https:\/\/www.camping-calypso.com\/restauracion\/"},"modified":"2025-10-03T15:43:10","modified_gmt":"2025-10-03T13:43:10","slug":"restauracion","status":"publish","type":"page","link":"https:\/\/www.camping-calypso.com\/es\/restauracion\/","title":{"rendered":"Restauraci\u00f3n"},"content":{"rendered":"\n<div class=\"wp-block-cover alignfull is-light\"><span aria-hidden=\"true\" class=\"wp-block-cover__gradient-background has-background-dim\"><\/span><img loading=\"lazy\" width=\"1920\" height=\"900\" class=\"wp-block-cover__image-background wp-image-3352\" alt=\"\" src=\"https:\/\/www.camping-calypso.com\/wp-content\/uploads\/2023\/06\/Sans-titre-11.png\" style=\"object-position:69% 43%\" data-object-fit=\"cover\" data-object-position=\"69% 43%\" srcset=\"https:\/\/www.camping-calypso.com\/wp-content\/uploads\/2023\/06\/Sans-titre-11.png 1920w, https:\/\/www.camping-calypso.com\/wp-content\/uploads\/2023\/06\/Sans-titre-11-300x141.png 300w, https:\/\/www.camping-calypso.com\/wp-content\/uploads\/2023\/06\/Sans-titre-11-1024x480.png 1024w, https:\/\/www.camping-calypso.com\/wp-content\/uploads\/2023\/06\/Sans-titre-11-768x360.png 768w, https:\/\/www.camping-calypso.com\/wp-content\/uploads\/2023\/06\/Sans-titre-11-1536x720.png 1536w\" sizes=\"(max-width: 1920px) 100vw, 1920px\" \/><div class=\"wp-block-cover__inner-container\">\n<p class=\"has-text-align-center has-large-font-size\"><\/p>\n<\/div><\/div>\n\n\n\n<div class=\"wp-block-columns reverse-mob\">\n<div class=\"wp-block-column\" style=\"flex-basis:55%\">\n<figure class=\"wp-block-image alignfull size-large\"><img loading=\"lazy\" width=\"1024\" height=\"683\" src=\"https:\/\/www.camping-calypso.com\/wp-content\/uploads\/2024\/08\/BD-Restaurant-2-1024x683.jpg\" alt=\"camping le calypso restaurant\" class=\"wp-image-6824\" srcset=\"https:\/\/www.camping-calypso.com\/wp-content\/uploads\/2024\/08\/BD-Restaurant-2-1024x683.jpg 1024w, https:\/\/www.camping-calypso.com\/wp-content\/uploads\/2024\/08\/BD-Restaurant-2-300x200.jpg 300w, https:\/\/www.camping-calypso.com\/wp-content\/uploads\/2024\/08\/BD-Restaurant-2-768x512.jpg 768w, https:\/\/www.camping-calypso.com\/wp-content\/uploads\/2024\/08\/BD-Restaurant-2-1536x1024.jpg 1536w, https:\/\/www.camping-calypso.com\/wp-content\/uploads\/2024\/08\/BD-Restaurant-2.jpg 1920w\" sizes=\"(max-width: 1024px) 100vw, 1024px\" \/><\/figure>\n<\/div>\n\n\n\n<div class=\"wp-block-column\">\n<h1 id=\"un-camping-5-etoiles-a-torreilles-aux-services-d-exception\">Su estancia cerca de Perpi\u00f1\u00e1n en un <em>camping con media pensi\u00f3n<\/em> <em>o pensi\u00f3n completa<\/em><\/h1>\n\n\n\n<p><strong>Un servicio de restauraci\u00f3n digno de un club de vacaciones que encontrar\u00e1 en nuestro camping de 5 estrellas.<\/strong><\/p>\n\n\n\n<p>Nuestro camping de 5 estrellas en Torreilles, Le Calypso, le ofrece numerosas opciones gastron\u00f3micas para sus vacaciones junto al mar.<\/p>\n\n\n\n<p>Para sus vacaciones en familia, dispone de varios establecimientos de restauraci\u00f3n.<\/p>\n\n\n\n<p><strong>El restaurante Coco de Mer<\/strong> ofrece una amplia selecci\u00f3n de platos (carne, pescado, ensaladas, pizzas, platos caseros del d\u00eda&#8230;), as\u00ed como men\u00fas tem\u00e1ticos y veladas especiales. No tendr\u00e1 que buscar un restaurante en Barcar\u00e8s o un restaurante en Canet en Roussillon, lo tendr\u00e1 todo in situ en el camping Torreilles plage.<\/p>\n\n\n\n<p>Tambi\u00e9n hay un <strong>snack bar<\/strong>, con servicio de comida para llevar o para sentarse. As\u00ed podr\u00e1 variar los placeres culinarios durante sus vacaciones de camping 5 estrellas.<\/p>\n\n\n\n<p><strong>El bar<\/strong>, situado frente al escenario principal y junto a nuestra zona acu\u00e1tica, est\u00e1 abierto ininterrumpidamente y ofrece una amplia gama de bebidas y aperitivos dulces a cualquier hora del d\u00eda.<\/p>\n\n\n\n<div class=\"wp-container-69f37e9acfdd6 wp-block-buttons\">\n<div class=\"wp-block-button btn_resa\"><a class=\"wp-block-button__link\">Reserve<\/a><\/div>\n<\/div>\n<\/div>\n<\/div>\n\n\n\n<section class=\"wp-container-69f37e9ad0108 wp-block-group alignfull has-noir-background-color has-background\" id=\"shops\"><div class=\"wp-block-group__inner-container\">\n<p class=\"has-text-align-center h3 has-blanc-color has-text-color\">Sus vacaciones 5 estrellas junto al mar<\/p>\n\n\n\n<ul class=\"pictos normal centre col-4 diaporama-mob has-vert-color has-text-color\"><li><a href=\"https:\/\/www.camping-calypso.com\/es\/restauracion#restaurant\"><i class=\"fas fa-plate-utensils\"><\/i> <em>Restaurant<\/em> <\/a>Venga a disfrutar de una deliciosa comida en familia o con amigos en la terraza de Coco de Mer, nuestro restaurante en Torreilles Plage. Abierto del 1 de Julio al 30 de Agosto.<\/li><li><a href=\"https:\/\/www.camping-calypso.com\/es\/restauracion#snack\"><i class=\"fas fa-hamburger\"><\/i> <em>Snack<\/em> <\/a>\u00bfTe apetece una comida r\u00e1pida y f\u00e1cil? Nos vemos en el bar del camping. D\u00e9jese tentar por una hamburguesa, un poke bowl y otros tentempi\u00e9s de todo tipo. Abierto del 1 de Julio al 30 de Agosto.<\/li><li><a href=\"https:\/\/www.camping-calypso.com\/es\/restauracion#bar\"><i class=\"fas fa-ice-cream\"><\/i> <em>Bar \/ Helader\u00eda<\/em><\/a> Disfrute de la amplia terraza del bar Hacienda de este camping de 5 estrellas. Con vistas a la zona de la piscina climatizada, es el lugar perfecto para saborear su bebida favorita. Abierto del 1 de Julio al 30 de Agosto.<\/li><li><a href=\"https:\/\/www.camping-calypso.com\/es\/restauracion#demi-pension\"><i class=\"fas fa-bread-slice\"><\/i> <em>Media pensi\u00f3n o pensi\u00f3n completa<\/em><\/a><em> <\/em>Ponga los pies debajo de la mesa con la opci\u00f3n de media pensi\u00f3n disponible a partir de un d\u00eda. Abierto del 1 de Julio al 30 de Agosto.<\/li><\/ul>\n<\/div><\/section>\n\n\n\n<div class=\"wp-block-columns reverse-mob\" id=\"demi-pension\">\n<div class=\"wp-block-column\" style=\"flex-basis:55%\">\n<figure class=\"wp-block-gallery has-nested-images columns-default is-cropped\">\n<figure class=\"wp-block-image size-large\"><img loading=\"lazy\" width=\"1024\" height=\"683\" src=\"https:\/\/www.camping-calypso.com\/wp-content\/uploads\/2024\/12\/BD-Restaurant-5-1024x683.jpg\" alt=\"\" class=\"wp-image-7566\" srcset=\"https:\/\/www.camping-calypso.com\/wp-content\/uploads\/2024\/12\/BD-Restaurant-5-1024x683.jpg 1024w, https:\/\/www.camping-calypso.com\/wp-content\/uploads\/2024\/12\/BD-Restaurant-5-300x200.jpg 300w, https:\/\/www.camping-calypso.com\/wp-content\/uploads\/2024\/12\/BD-Restaurant-5-768x512.jpg 768w, https:\/\/www.camping-calypso.com\/wp-content\/uploads\/2024\/12\/BD-Restaurant-5-1536x1024.jpg 1536w, https:\/\/www.camping-calypso.com\/wp-content\/uploads\/2024\/12\/BD-Restaurant-5.jpg 1920w\" sizes=\"(max-width: 1024px) 100vw, 1024px\" \/><\/figure>\n<\/figure>\n<\/div>\n\n\n\n<div class=\"wp-block-column\">\n<h1 id=\"village-vacances-en-demi-pension\"><strong>Pueblo de vacaciones con <em>media <\/em><\/strong><em><strong>pensi\u00f3n o pensi\u00f3n completa<\/strong><\/em><\/h1>\n\n\n\n<p><strong>El camping de 5 estrellas Le Calypso se adapta a sus necesidades y le ofrece la opci\u00f3n de desayuno, media pensi\u00f3n o <strong>pensi\u00f3n <\/strong>completa.<\/strong><\/p>\n\n\n\n<p>\u00bfBusca unas vacaciones en <strong>camping en r\u00e9gimen de media pensi\u00f3n<\/strong> o <strong>pensi\u00f3n<\/strong> <strong>completa<\/strong> en el sur de Francia?<\/p>\n\n\n\n<p>Descubra nuestro pueblo de vacaciones a s\u00f3lo 500 m del mar.<\/p>\n\n\n\n<p>Disfrute de unas vacaciones relajantes y c\u00f3modas eligiendo la opci\u00f3n de media pensi\u00f3n o pensi\u00f3n  completa durante su estancia en el <strong>camping Le Calypso<\/strong>.<\/p>\n\n\n\n<p>Con la media pensi\u00f3n o pensi\u00f3n completa, podr\u00e1 disfrutar de un desayuno y una comida o\/y cena todo preparado directamente en el restaurante del <strong>camping Le Calypso en Torreilles-plage<\/strong>.<\/p>\n\n\n\n<div class=\"wp-block-group lire-plus-mobile\"><div class=\"wp-block-group__inner-container\">\n<p>Leer mas<\/p>\n\n\n\n<div class=\"wp-container-69f37e9ad0585 wp-block-group\"><div class=\"wp-block-group__inner-container\">\n<p><strong>Vacaciones en r\u00e9gimen de media pensi\u00f3n significa :<\/strong><\/p>\n\n\n\n<p><strong>Desayuno<\/strong> completo con pan, boller\u00eda, zumos de fruta, bebidas calientes, cereales y fruta fresca. Puedes comprar extras in situ (huevos, jam\u00f3n, queso, etc.).<\/p>\n\n\n\n<p><strong>Almuerzo o cena a elegir<\/strong> : entrada y plato principal \/ plato principal y postre, a elegir del men\u00fa cada d\u00eda. Se incluye una bebida a elecci\u00f3n, excepto c\u00f3cteles.<\/p>\n\n\n\n<p>Los precios de los paquetes de media pensi\u00f3n en el camping son :<\/p>\n\n\n\n<p><strong>40\u20ac\/persona<strong>\/d\u00eda<\/strong> a partir de 13 a\u00f1os<\/strong><\/p>\n\n\n\n<p><strong>20\u20ac\/ni\u00f1o<strong>\/d\u00eda<\/strong> de 3 a 12 a\u00f1os<\/strong><\/p>\n<\/div><\/div>\n<\/div><\/div>\n<\/div>\n<\/div>\n\n\n\n<div class=\"wp-block-columns alignfull reverse-mob has-bleu-background-color has-background\">\n<div class=\"wp-block-column\">\n<h2 id=\"les-incontournables-de-votre-ete-en-camping-du-bord-de-mer\">Lo esencial para su verano <em>en un camping junto al mar<\/em><\/h2>\n\n\n\n<p><strong><strong>Las veladas del espect\u00e1culo Calypso<\/strong><\/strong><\/p>\n\n\n\n<p>El Calypso Show es un evento imperdible en el camping. Es una animaci\u00f3n del camping que no debe perderse y que re\u00fane entre cincuenta y cien personas para un espect\u00e1culo de alta calidad todos los viernes durante el verano. Para aquellos que deseen disfrutar plenamente de este espect\u00e1culo al aire libre desde la terraza del bar del camping, es posible. El restaurante del camping ofrece una opci\u00f3n de \u00abCalypso Show\u00bb. La cena se sirve directamente en la terraza frente a la escena para no perderse nada de esta animaci\u00f3n de verano.<\/p>\n\n\n\n<p><strong>Comida para adolescentes<\/strong><\/p>\n\n\n\n<p>Una vez a la semana en verano, el restaurante del camping Le Calypso organiza una comida para adolescentes. Despu\u00e9s de una actividad en el club de adolescentes, o de un evento deportivo, \u00a1no hay nada como reunirse con los amigos <strong>para compartir una buena pizza<\/strong>! Es una oportunidad para pasar tiempo con los j\u00f3venes, que a menudo da lugar a momentos inolvidables en vacaciones.<\/p>\n<\/div>\n\n\n\n<div class=\"wp-block-column\" style=\"flex-basis:48%\">\n<figure class=\"wp-block-image alignfull size-large\"><img loading=\"lazy\" width=\"1024\" height=\"853\" src=\"https:\/\/www.camping-calypso.com\/wp-content\/uploads\/2023\/02\/Sans-titre-83-1024x853.png\" alt=\"\" class=\"wp-image-2119\" srcset=\"https:\/\/www.camping-calypso.com\/wp-content\/uploads\/2023\/02\/Sans-titre-83-1024x853.png 1024w, https:\/\/www.camping-calypso.com\/wp-content\/uploads\/2023\/02\/Sans-titre-83-300x250.png 300w, https:\/\/www.camping-calypso.com\/wp-content\/uploads\/2023\/02\/Sans-titre-83-768x640.png 768w, https:\/\/www.camping-calypso.com\/wp-content\/uploads\/2023\/02\/Sans-titre-83.png 1080w\" sizes=\"(max-width: 1024px) 100vw, 1024px\" \/><\/figure>\n<\/div>\n<\/div>\n\n\n\n<div class=\"wp-block-columns alignfull reverse-mob has-vert-background-color has-background\" id=\"snack\">\n<div class=\"wp-block-column\" style=\"flex-basis:48%\">\n<figure class=\"wp-block-image alignfull size-large\"><img loading=\"lazy\" width=\"1024\" height=\"853\" src=\"https:\/\/www.camping-calypso.com\/wp-content\/uploads\/2023\/02\/Sans-titre-59-1024x853.png\" alt=\"servicios de camping luxe\" class=\"wp-image-1980\" srcset=\"https:\/\/www.camping-calypso.com\/wp-content\/uploads\/2023\/02\/Sans-titre-59-1024x853.png 1024w, https:\/\/www.camping-calypso.com\/wp-content\/uploads\/2023\/02\/Sans-titre-59-300x250.png 300w, https:\/\/www.camping-calypso.com\/wp-content\/uploads\/2023\/02\/Sans-titre-59-768x640.png 768w, https:\/\/www.camping-calypso.com\/wp-content\/uploads\/2023\/02\/Sans-titre-59.png 1080w\" sizes=\"(max-width: 1024px) 100vw, 1024px\" \/><\/figure>\n<\/div>\n\n\n\n<div class=\"wp-block-column\">\n<h2 id=\"bar\">Snack en <em>Torreilles junto al mar<\/em><\/h2>\n\n\n\n<p>Si no quiere cocinar y prefiere comer en la terraza de su mobil home o en su parcela de camping, el snack bar del camping le ofrece un <strong>servicio de comida para llevar<\/strong>. Abierto todos los d\u00edas, es la alternativa ideal para comer a la vuelta de la playa. Elige entre <strong>hamburguesas, pizzas, ensaladas<\/strong> y otros aperitivos. <\/p>\n\n\n\n<p><strong>El snack bar del camping Le Calypso<\/strong>, situado a la entrada del camping, le acoger\u00e1 durante todo el d\u00eda de su llegada o salida. Gracias a esta flexibilidad, podr\u00e1 disfrutar al m\u00e1ximo de su primer o \u00faltimo d\u00eda en nuestra <strong><a href=\"https:\/\/www.camping-calypso.com\/es\/parque-acuatico\/\">zona de piscina climatizada<\/a><\/strong>, en su casa m\u00f3vil o en su parcela de camping.<\/p>\n<\/div>\n<\/div>\n\n\n\n<div class=\"wp-block-columns alignfull reverse-mob has-noir-background-color has-background\" id=\"restaurant\">\n<div class=\"wp-block-column\">\n<h2 id=\"bar\">Restaurante del <em>camping en Torreilles<\/em><\/h2>\n\n\n\n<p>Le encantar\u00e1 el <strong>restaurante Coco de Mer del camping<\/strong>, con su amplio y acogedor comedor interior, techo de catedral y terraza a la sombra. Es el lugar ideal para degustar platos caseros tradicionales durante su estancia en un pueblo de vacaciones junto al mar. Para mayor comodidad, puede elegir la <strong>opci\u00f3n de media pensi\u00f3n<\/strong>, disponible a partir de un d\u00eda.<\/p>\n\n\n\n<p>Si est\u00e1 acostumbrado a otros tipos de vacaciones, como el todo incluido, piense en nuestro paquete de camping con pensi\u00f3n cmpleta, \u00a1perfecto para toda la familia!<\/p>\n\n\n\n<p>Cada semana, el restaurante del camping ofrece <strong>comidas tem\u00e1ticas<\/strong> para satisfacer los paladares m\u00e1s exigentes.<\/p>\n\n\n\n<div class=\"wp-container-69f37e9ad0aa7 wp-block-group\"><div class=\"wp-block-group__inner-container\">\n<ul class=\"pictos l-2-mob\"><li><i class=\"fas fa-saxophone\"><\/i> Un ambiente c\u00e1lido<\/li><li><i class=\"fas fa-torii-gate\"><\/i> Comidas tem\u00e1ticas<\/li><li><i class=\"fas fa-utensils\"><\/i><em> <\/em>Desayuno &#8211; Media pensi\u00f3n &#8211; Pensi\u00f3n completa<\/li><li><i class=\"fas fa-tree\"><\/i> Terraza sombreada<\/li><\/ul>\n<\/div><\/div>\n<\/div>\n\n\n\n<div class=\"wp-block-column\" style=\"flex-basis:48%\">\n<figure class=\"wp-block-image alignfull size-large\"><img loading=\"lazy\" width=\"1024\" height=\"683\" src=\"https:\/\/www.camping-calypso.com\/wp-content\/uploads\/2024\/12\/BD-Restaurant-6-1024x683.jpg\" alt=\"\" class=\"wp-image-7570\" srcset=\"https:\/\/www.camping-calypso.com\/wp-content\/uploads\/2024\/12\/BD-Restaurant-6-1024x683.jpg 1024w, https:\/\/www.camping-calypso.com\/wp-content\/uploads\/2024\/12\/BD-Restaurant-6-300x200.jpg 300w, https:\/\/www.camping-calypso.com\/wp-content\/uploads\/2024\/12\/BD-Restaurant-6-768x512.jpg 768w, https:\/\/www.camping-calypso.com\/wp-content\/uploads\/2024\/12\/BD-Restaurant-6-1536x1024.jpg 1536w, https:\/\/www.camping-calypso.com\/wp-content\/uploads\/2024\/12\/BD-Restaurant-6.jpg 1920w\" sizes=\"(max-width: 1024px) 100vw, 1024px\" \/><\/figure>\n<\/div>\n<\/div>\n\n\n\n<div class=\"wp-block-columns reverse-mob\" id=\"bar\">\n<div class=\"wp-block-column\" style=\"flex-basis:55%\">\n<figure class=\"wp-block-image alignfull size-full\"><img loading=\"lazy\" width=\"564\" height=\"846\" src=\"https:\/\/www.camping-calypso.com\/wp-content\/uploads\/2023\/11\/9a0ae47f4a0cbde298f331ec6e22a9a7.jpg\" alt=\"\" class=\"wp-image-4861\" srcset=\"https:\/\/www.camping-calypso.com\/wp-content\/uploads\/2023\/11\/9a0ae47f4a0cbde298f331ec6e22a9a7.jpg 564w, https:\/\/www.camping-calypso.com\/wp-content\/uploads\/2023\/11\/9a0ae47f4a0cbde298f331ec6e22a9a7-200x300.jpg 200w\" sizes=\"(max-width: 564px) 100vw, 564px\" \/><\/figure>\n<\/div>\n\n\n\n<div class=\"wp-block-column\">\n<h1 id=\"un-camping-5-etoiles-a-torreilles-aux-services-d-exception\"><strong>Bar y helader\u00eda en el <em>Camping Calypso<\/em><\/strong><\/h1>\n\n\n\n<p>El bar de la hacienda le da la bienvenida todos los d\u00edas desde la ma\u00f1ana hasta la noche. Por la ma\u00f1ana, despu\u00e9s de una clase de aquagym en el camping, puede tomarse un tiempo para usted con un <strong>caf\u00e9 en la terraza<\/strong>. Las vistas sobre la <strong><a href=\"https:\/\/www.camping-calypso.com\/es\/parque-acuatico\/\">zona de la piscina climatizada<\/a><\/strong> y el escenario facilitan una <strong>escapada gastron\u00f3mica<\/strong> o una bebida refrescante mientras esperas el espect\u00e1culo nocturno.<\/p>\n\n\n\n<ul class=\"pictos l-2-mob\"><li><i class=\"fas fa-cocktail\"><\/i> C\u00f3cteles<\/li><li><i class=\"fas fa-stroopwafel\"><\/i> Bocadillos dulces<\/li><li><i class=\"fas fa-ice-cream\"><\/i><em> <\/em>Helados<\/li><li><i class=\"fas fa-sun\"><\/i> Terraza con vistas<\/li><\/ul>\n\n\n\n<div class=\"wp-container-69f37e9ad0e79 wp-block-buttons\">\n<div class=\"wp-block-button btn_resa\"><a class=\"wp-block-button__link\">Reserve ahora<\/a><\/div>\n<\/div>\n<\/div>\n<\/div>\n\n\n\n<div class=\"wp-container-69f37e9ad14bd wp-block-group alignfull has-noir-background-color has-background\"><div class=\"wp-block-group__inner-container\">\n<h2 class=\"has-text-align-center h3\" id=\"decouvrez-nos-autres-services\">Descubra nuestros otros servicios<\/h2>\n\n\n\n<p class=\"has-text-align-center\">Nuestro <strong>camping 5 estrellas de los Pirineos Orientales<\/strong> le ofrece numerosos servicios para que sus vacaciones sean a\u00fan m\u00e1s inolvidables. Alojamientos de alquiler, servicios hoteleros, punto de recarga de veh\u00edculos el\u00e9ctricos, centro de bienestar&#8230;<\/p>\n\n\n\n<div class=\"wp-container-69f37e9ad1212 wp-block-buttons\">\n<div class=\"wp-block-button\"><a class=\"wp-block-button__link\" href=\"https:\/\/www.camping-calypso.com\/es\/servicios\/\">Servicios del camping Le Calypso<\/a><\/div>\n<\/div>\n<\/div><\/div>\n\n\n\n<p><\/p>\n","protected":false},"excerpt":{"rendered":"<p>Su estancia cerca de Perpi\u00f1\u00e1n en un camping con media pensi\u00f3n o pensi\u00f3n completa Un servicio de restauraci\u00f3n digno de un club de vacaciones que encontrar\u00e1 en nuestro camping de 5 estrellas. Nuestro camping de 5 estrellas en Torreilles, Le Calypso, le ofrece numerosas opciones gastron\u00f3micas para sus vacaciones junto al mar. Para sus vacaciones [&hellip;]<\/p>\n","protected":false},"author":1,"featured_media":0,"parent":0,"menu_order":0,"comment_status":"closed","ping_status":"closed","template":"","meta":[],"acf":[],"yoast_head":"<!-- This site is optimized with the Yoast SEO plugin v18.8 - https:\/\/yoast.com\/wordpress\/plugins\/seo\/ -->\n<title>Restauraci\u00f3n - Camping Calypso<\/title>\n<meta name=\"robots\" content=\"index, follow, max-snippet:-1, max-image-preview:large, max-video-preview:-1\" \/>\n<link rel=\"canonical\" href=\"https:\/\/www.camping-calypso.com\/es\/restauracion\/\" \/>\n<meta property=\"og:locale\" content=\"es_ES\" \/>\n<meta property=\"og:type\" content=\"article\" \/>\n<meta property=\"og:title\" content=\"Restauraci\u00f3n - Camping Calypso\" \/>\n<meta property=\"og:description\" content=\"Su estancia cerca de Perpi\u00f1\u00e1n en un camping con media pensi\u00f3n o pensi\u00f3n completa Un servicio de restauraci\u00f3n digno de un club de vacaciones que encontrar\u00e1 en nuestro camping de 5 estrellas. Nuestro camping de 5 estrellas en Torreilles, Le Calypso, le ofrece numerosas opciones gastron\u00f3micas para sus vacaciones junto al mar. Para sus vacaciones [&hellip;]\" \/>\n<meta property=\"og:url\" content=\"https:\/\/www.camping-calypso.com\/es\/restauracion\/\" \/>\n<meta property=\"og:site_name\" content=\"Camping Calypso\" \/>\n<meta property=\"article:modified_time\" content=\"2025-10-03T13:43:10+00:00\" \/>\n<meta property=\"og:image\" content=\"https:\/\/www.camping-calypso.com\/wp-content\/uploads\/2023\/06\/Sans-titre-11.png\" \/>\n<meta name=\"twitter:card\" content=\"summary_large_image\" \/>\n<meta name=\"twitter:label1\" content=\"Est. reading time\" \/>\n\t<meta name=\"twitter:data1\" content=\"8 minutos\" \/>\n<script type=\"application\/ld+json\" class=\"yoast-schema-graph\">{\"@context\":\"https:\/\/schema.org\",\"@graph\":[{\"@type\":\"WebSite\",\"@id\":\"https:\/\/www.camping-calypso.com\/#website\",\"url\":\"https:\/\/www.camping-calypso.com\/\",\"name\":\"Camping Calypso\",\"description\":\"Camping 5 \u00e9toiles \u00e0 Toreilles Plage (66)\",\"potentialAction\":[{\"@type\":\"SearchAction\",\"target\":{\"@type\":\"EntryPoint\",\"urlTemplate\":\"https:\/\/www.camping-calypso.com\/?s={search_term_string}\"},\"query-input\":\"required name=search_term_string\"}],\"inLanguage\":\"es\"},{\"@type\":\"ImageObject\",\"inLanguage\":\"es\",\"@id\":\"https:\/\/www.camping-calypso.com\/es\/restauracion\/#primaryimage\",\"url\":\"https:\/\/www.camping-calypso.com\/wp-content\/uploads\/2023\/06\/Sans-titre-11.png\",\"contentUrl\":\"https:\/\/www.camping-calypso.com\/wp-content\/uploads\/2023\/06\/Sans-titre-11.png\",\"width\":1920,\"height\":900},{\"@type\":\"WebPage\",\"@id\":\"https:\/\/www.camping-calypso.com\/es\/restauracion\/#webpage\",\"url\":\"https:\/\/www.camping-calypso.com\/es\/restauracion\/\",\"name\":\"Restauraci\u00f3n - Camping Calypso\",\"isPartOf\":{\"@id\":\"https:\/\/www.camping-calypso.com\/#website\"},\"primaryImageOfPage\":{\"@id\":\"https:\/\/www.camping-calypso.com\/es\/restauracion\/#primaryimage\"},\"datePublished\":\"2023-11-07T15:43:12+00:00\",\"dateModified\":\"2025-10-03T13:43:10+00:00\",\"breadcrumb\":{\"@id\":\"https:\/\/www.camping-calypso.com\/es\/restauracion\/#breadcrumb\"},\"inLanguage\":\"es\",\"potentialAction\":[{\"@type\":\"ReadAction\",\"target\":[\"https:\/\/www.camping-calypso.com\/es\/restauracion\/\"]}]},{\"@type\":\"BreadcrumbList\",\"@id\":\"https:\/\/www.camping-calypso.com\/es\/restauracion\/#breadcrumb\",\"itemListElement\":[{\"@type\":\"ListItem\",\"position\":1,\"name\":\"Camping Torreilles\",\"item\":\"https:\/\/www.camping-calypso.com\/es\/\"},{\"@type\":\"ListItem\",\"position\":2,\"name\":\"Restauraci\u00f3n\"}]}]}<\/script>\n<!-- \/ Yoast SEO plugin. -->","yoast_head_json":{"title":"Restauraci\u00f3n - Camping Calypso","robots":{"index":"index","follow":"follow","max-snippet":"max-snippet:-1","max-image-preview":"max-image-preview:large","max-video-preview":"max-video-preview:-1"},"canonical":"https:\/\/www.camping-calypso.com\/es\/restauracion\/","og_locale":"es_ES","og_type":"article","og_title":"Restauraci\u00f3n - Camping Calypso","og_description":"Su estancia cerca de Perpi\u00f1\u00e1n en un camping con media pensi\u00f3n o pensi\u00f3n completa Un servicio de restauraci\u00f3n digno de un club de vacaciones que encontrar\u00e1 en nuestro camping de 5 estrellas. Nuestro camping de 5 estrellas en Torreilles, Le Calypso, le ofrece numerosas opciones gastron\u00f3micas para sus vacaciones junto al mar. Para sus vacaciones [&hellip;]","og_url":"https:\/\/www.camping-calypso.com\/es\/restauracion\/","og_site_name":"Camping Calypso","article_modified_time":"2025-10-03T13:43:10+00:00","og_image":[{"url":"https:\/\/www.camping-calypso.com\/wp-content\/uploads\/2023\/06\/Sans-titre-11.png"}],"twitter_card":"summary_large_image","twitter_misc":{"Est. reading time":"8 minutos"},"schema":{"@context":"https:\/\/schema.org","@graph":[{"@type":"WebSite","@id":"https:\/\/www.camping-calypso.com\/#website","url":"https:\/\/www.camping-calypso.com\/","name":"Camping Calypso","description":"Camping 5 \u00e9toiles \u00e0 Toreilles Plage (66)","potentialAction":[{"@type":"SearchAction","target":{"@type":"EntryPoint","urlTemplate":"https:\/\/www.camping-calypso.com\/?s={search_term_string}"},"query-input":"required name=search_term_string"}],"inLanguage":"es"},{"@type":"ImageObject","inLanguage":"es","@id":"https:\/\/www.camping-calypso.com\/es\/restauracion\/#primaryimage","url":"https:\/\/www.camping-calypso.com\/wp-content\/uploads\/2023\/06\/Sans-titre-11.png","contentUrl":"https:\/\/www.camping-calypso.com\/wp-content\/uploads\/2023\/06\/Sans-titre-11.png","width":1920,"height":900},{"@type":"WebPage","@id":"https:\/\/www.camping-calypso.com\/es\/restauracion\/#webpage","url":"https:\/\/www.camping-calypso.com\/es\/restauracion\/","name":"Restauraci\u00f3n - Camping Calypso","isPartOf":{"@id":"https:\/\/www.camping-calypso.com\/#website"},"primaryImageOfPage":{"@id":"https:\/\/www.camping-calypso.com\/es\/restauracion\/#primaryimage"},"datePublished":"2023-11-07T15:43:12+00:00","dateModified":"2025-10-03T13:43:10+00:00","breadcrumb":{"@id":"https:\/\/www.camping-calypso.com\/es\/restauracion\/#breadcrumb"},"inLanguage":"es","potentialAction":[{"@type":"ReadAction","target":["https:\/\/www.camping-calypso.com\/es\/restauracion\/"]}]},{"@type":"BreadcrumbList","@id":"https:\/\/www.camping-calypso.com\/es\/restauracion\/#breadcrumb","itemListElement":[{"@type":"ListItem","position":1,"name":"Camping Torreilles","item":"https:\/\/www.camping-calypso.com\/es\/"},{"@type":"ListItem","position":2,"name":"Restauraci\u00f3n"}]}]}},"_links":{"self":[{"href":"https:\/\/www.camping-calypso.com\/es\/wp-json\/wp\/v2\/pages\/4935"}],"collection":[{"href":"https:\/\/www.camping-calypso.com\/es\/wp-json\/wp\/v2\/pages"}],"about":[{"href":"https:\/\/www.camping-calypso.com\/es\/wp-json\/wp\/v2\/types\/page"}],"author":[{"embeddable":true,"href":"https:\/\/www.camping-calypso.com\/es\/wp-json\/wp\/v2\/users\/1"}],"replies":[{"embeddable":true,"href":"https:\/\/www.camping-calypso.com\/es\/wp-json\/wp\/v2\/comments?post=4935"}],"version-history":[{"count":6,"href":"https:\/\/www.camping-calypso.com\/es\/wp-json\/wp\/v2\/pages\/4935\/revisions"}],"predecessor-version":[{"id":9114,"href":"https:\/\/www.camping-calypso.com\/es\/wp-json\/wp\/v2\/pages\/4935\/revisions\/9114"}],"wp:attachment":[{"href":"https:\/\/www.camping-calypso.com\/es\/wp-json\/wp\/v2\/media?parent=4935"}],"curies":[{"name":"wp","href":"https:\/\/api.w.org\/{rel}","templated":true}]}}