{"id":4531,"date":"2023-10-23T12:02:13","date_gmt":"2023-10-23T10:02:13","guid":{"rendered":"https:\/\/www.camping-calypso.com\/?page_id=4531"},"modified":"2024-08-05T17:51:34","modified_gmt":"2024-08-05T15:51:34","slug":"seminarios-perpinan-nuestro-camping-acoge-sus-eventos-de-empresa","status":"publish","type":"page","link":"https:\/\/www.camping-calypso.com\/es\/seminarios-perpinan-nuestro-camping-acoge-sus-eventos-de-empresa\/","title":{"rendered":"Seminarios Perpi\u00f1\u00e1n: nuestro camping acoge sus eventos de empresa"},"content":{"rendered":"\n<div class=\"wp-block-cover alignfull is-light\"><span aria-hidden=\"true\" class=\"wp-block-cover__gradient-background has-background-dim\"><\/span><img loading=\"lazy\" width=\"1920\" height=\"1280\" class=\"wp-block-cover__image-background wp-image-6780\" alt=\"\" src=\"https:\/\/www.camping-calypso.com\/wp-content\/uploads\/2024\/08\/BD-Lavande-2.jpg\" style=\"object-position:47% 67%\" data-object-fit=\"cover\" data-object-position=\"47% 67%\" srcset=\"https:\/\/www.camping-calypso.com\/wp-content\/uploads\/2024\/08\/BD-Lavande-2.jpg 1920w, https:\/\/www.camping-calypso.com\/wp-content\/uploads\/2024\/08\/BD-Lavande-2-300x200.jpg 300w, https:\/\/www.camping-calypso.com\/wp-content\/uploads\/2024\/08\/BD-Lavande-2-1024x683.jpg 1024w, https:\/\/www.camping-calypso.com\/wp-content\/uploads\/2024\/08\/BD-Lavande-2-768x512.jpg 768w, https:\/\/www.camping-calypso.com\/wp-content\/uploads\/2024\/08\/BD-Lavande-2-1536x1024.jpg 1536w\" sizes=\"(max-width: 1920px) 100vw, 1920px\" \/><div class=\"wp-block-cover__inner-container\">\n<p class=\"has-text-align-center has-large-font-size\"><\/p>\n<\/div><\/div>\n\n\n\n<h1 id=\"seminaire-perpignan-notre-camping-accueille-vos-evenements-d-entreprise\">Seminarios en Perpi\u00f1\u00e1n: nuestro camping acoge sus eventos de empresa<\/h1>\n\n\n\n<p class=\"has-text-align-center\">\u00bfY si este a\u00f1o organizara un <strong>seminario en Perpi\u00f1\u00e1n, en la regi\u00f3n de Pirineos Orientales<\/strong>, en un lugar ins\u00f3lito? Diga adi\u00f3s a las salas de reuniones de los hoteles del centro de la ciudad: \u00a1piense en seminarios de empresa en campings! Nuestro camping Le Calypso es el lugar perfecto para sus seminarios de empresa. Su <strong>seminario en un<\/strong> <a href=\"https:\/\/www.camping-calypso.com\/es\/\"><strong>camping cerca de Perpi\u00f1\u00e1n<\/strong><\/a>: \u00a1una soluci\u00f3n encantadora, original y atractiva que encantar\u00e1 a sus colaboradores!<\/p>\n\n\n\n<section class=\"wp-container-69f27c03ab0c2 wp-block-group alignfull has-noir-background-color has-background\"><div class=\"wp-block-group__inner-container\">\n<h2 class=\"has-text-align-center\" id=\"seminarios-en-perpinan\">Seminarios en Perpi\u00f1\u00e1n<\/h2>\n\n\n\n<ul class=\"pictos normal centre col-4 diaporama-mob has-vert-color has-text-color\"><li><i class=\"fas fa-microphone\"><\/i>&nbsp;<em>1 sala de conferencias <\/em>de 180m2 hasta 200 personas<\/li><li><i class=\"fas fa-user-tie\"><\/i>&nbsp;<em>1 sala de conferencias<\/em> de 50m2 hasta 60 personas<\/li><li><i class=\"fas fa-paperclip\"><\/i>&nbsp;<em>1 sala de reuniones <\/em>de 23m2 hasta 6 personas<\/li><li><i class=\"fas fa-laptop\"><\/i>&nbsp;<em>1 espacio de coworking <\/em>de 24m2<\/li><\/ul>\n<\/div><\/section>\n\n\n\n<div class=\"wp-block-columns alignfull has-blanc-background-color has-background\">\n<div class=\"wp-block-column\">\n<h1 id=\"camping-a-toreilles-5-etoiles-a-500-m-de-la-plage\"><strong>\u00bfPor qu\u00e9 celebrar su seminario en un camping <em>cerca de Perpi\u00f1\u00e1n?<\/em><\/strong><\/h1>\n\n\n\n<p>Nuestro camping Le Calypso tiene una doble ventaja: est\u00e1 idealmente situado <strong>junto al mar<\/strong> (Torreilles Plage) y en <strong>el coraz\u00f3n de un parque paisaj\u00edstico<\/strong> de 5 hect\u00e1reas, sin dejar de estar muy cerca de Perpi\u00f1\u00e1n, la mayor ciudad de los Pirineos Orientales. <\/p>\n\n\n\n<p>Si desea organizar un <a href=\"https:\/\/www.camping-calypso.com\/es\/reserve-el-camping-5-estrellas-calypso-de-torreilles-para-sus-eventos\/\">evento privado<\/a> o un <strong>seminario que combine naturaleza y ciudad<\/strong>, nuestro camping le encantar\u00e1. <\/p>\n\n\n\n<p>El <strong>aspecto buc\u00f3lico<\/strong> de nuestro camping, rodeado de vegetaci\u00f3n, ser\u00e1 una ventaja definitiva para potenciar la concentraci\u00f3n y la motivaci\u00f3n de sus equipos. En cuanto a la <strong>proximidad directa con Perpi\u00f1\u00e1n<\/strong>, facilitar\u00e1 la organizaci\u00f3n log\u00edstica de su seminario, as\u00ed como la organizaci\u00f3n de actividades de team-building.<\/p>\n<\/div>\n\n\n\n<div class=\"wp-block-column\" style=\"flex-basis:52%\">\n<figure class=\"wp-block-image alignfull size-large\"><img loading=\"lazy\" width=\"1024\" height=\"683\" src=\"https:\/\/www.camping-calypso.com\/wp-content\/uploads\/2024\/08\/BD-Jasmin-1-1024x683.jpg\" alt=\"\" class=\"wp-image-6768\" srcset=\"https:\/\/www.camping-calypso.com\/wp-content\/uploads\/2024\/08\/BD-Jasmin-1-1024x683.jpg 1024w, https:\/\/www.camping-calypso.com\/wp-content\/uploads\/2024\/08\/BD-Jasmin-1-300x200.jpg 300w, https:\/\/www.camping-calypso.com\/wp-content\/uploads\/2024\/08\/BD-Jasmin-1-768x512.jpg 768w, https:\/\/www.camping-calypso.com\/wp-content\/uploads\/2024\/08\/BD-Jasmin-1-1536x1024.jpg 1536w, https:\/\/www.camping-calypso.com\/wp-content\/uploads\/2024\/08\/BD-Jasmin-1-2048x1365.jpg 2048w\" sizes=\"(max-width: 1024px) 100vw, 1024px\" \/><\/figure>\n<\/div>\n<\/div>\n\n\n\n<div class=\"wp-block-columns alignfull reverse-mob has-bleu-background-color has-background\">\n<div class=\"wp-block-column\" style=\"flex-basis:48%\">\n<figure class=\"wp-block-image alignfull size-large\"><img loading=\"lazy\" width=\"1024\" height=\"768\" src=\"https:\/\/www.camping-calypso.com\/wp-content\/uploads\/2024\/02\/DJI_0926-1024x768.jpg\" alt=\"Camping 5 \u00e9toiles pyr\u00e9n\u00e9es orientales bord de mer\" class=\"wp-image-6101\" srcset=\"https:\/\/www.camping-calypso.com\/wp-content\/uploads\/2024\/02\/DJI_0926-1024x768.jpg 1024w, https:\/\/www.camping-calypso.com\/wp-content\/uploads\/2024\/02\/DJI_0926-300x225.jpg 300w, https:\/\/www.camping-calypso.com\/wp-content\/uploads\/2024\/02\/DJI_0926-768x576.jpg 768w, https:\/\/www.camping-calypso.com\/wp-content\/uploads\/2024\/02\/DJI_0926-1536x1152.jpg 1536w, https:\/\/www.camping-calypso.com\/wp-content\/uploads\/2024\/02\/DJI_0926-2048x1536.jpg 2048w\" sizes=\"(max-width: 1024px) 100vw, 1024px\" \/><figcaption>DCIM100MEDIADJI_0926.JPG<\/figcaption><\/figure>\n<\/div>\n\n\n\n<div class=\"wp-block-column\">\n<h2 id=\"bar\"><strong>Las ventajas de nuestro camping de Perpi\u00f1\u00e1n <em>para su seminario de empresa<\/em><\/strong><\/h2>\n\n\n\n<p>Gracias a las instalaciones de nuestro <a href=\"https:\/\/www.camping-calypso.com\/es\/\">camping cerca de Perpi\u00f1\u00e1n<\/a>, su seminario ser\u00e1 <strong>un \u00e9xito rotundo<\/strong>.<\/p>\n<\/div>\n<\/div>\n\n\n\n<div class=\"wp-block-columns\">\n<div class=\"wp-block-column\">\n<h3 id=\"des-hebergements-de-qualite\">Alojamiento de calidad<\/h3>\n\n\n\n<p>Nuestro camping cerca de Perpi\u00f1\u00e1n cuenta con <strong>121 casas m\u00f3viles y 24 chal\u00e9s<\/strong>. Cada <a href=\"https:\/\/www.camping-calypso.com\/es\/mobil-home-chalet\/\">alquiler de vacaciones en Torreilles<\/a> cuenta con todas las comodidades necesarias, garantizando <strong>el confort y la privacidad<\/strong>, incluyendo dormitorios totalmente equipados, sala de estar, cocina, ba\u00f1o y aseo independiente, todo ello en un entorno frondoso.<\/p>\n\n\n\n<p>Puede optar por un alojamiento individual o en grupo y beneficiarse de los <strong>servicios del hotel<\/strong>, como camas hechas o suministro de ropa de cama (s\u00e1banas y toallas).<\/p>\n\n\n\n<p>En nuestro camping cerca de Perpi\u00f1\u00e1n, sus colaboradores estar\u00e1n bien atendidos para que su <strong>seminario se desarrolle sin contratiempos<\/strong>.<\/p>\n\n\n\n<div class=\"wp-container-69f27c03ab5d1 wp-block-buttons\">\n<div class=\"wp-block-button\"><a class=\"wp-block-button__link\">Ver los alquileres<\/a><\/div>\n<\/div>\n<\/div>\n\n\n\n<div class=\"wp-block-column\">\n<h3 id=\"des-salles-de-reunion-completes\">Salas de reuniones totalmente equipadas<\/h3>\n\n\n\n<p>En nuestro camping cerca de Perpi\u00f1\u00e1n, dispondr\u00e1 de unas condiciones de trabajo \u00f3ptimas gracias a nuestras dos <strong>salas de reuniones, perfectamente adaptadas<\/strong> a sus necesidades. La sala de reuniones dispone de WiFi de alta velocidad, proyector, rotafolios, pantalla y micr\u00f3fono para conferencias y talleres eficaces.<\/p>\n<\/div>\n\n\n\n<div class=\"wp-block-column\">\n<h3 id=\"une-situation-ideale-pour-vos-activites-de-cohesion-d-equipe\">Un lugar ideal para sus actividades de creaci\u00f3n de equipos<\/h3>\n\n\n\n<p>Nuestro camping cerca de Perpi\u00f1\u00e1n se encuentra a <strong>500 metros de la playa<\/strong>. \u00bfBusca una actividad n\u00e1utica de team building para reforzar los lazos dentro de su empresa? A dos pasos de nuestro camping, podr\u00e1 organizar sesiones de pirag\u00fcismo, vela de arena, paddle boarding o yoga, as\u00ed como paseos en barco o catamar\u00e1n por el Mediterr\u00e1neo o el Etang de Salses. <strong>un amplio abanico de actividades<\/strong> para que su equipo se conozca mejor: juegos de escape, olimpiadas, m\u00edtines, etc. Por \u00faltimo, gracias a nuestro campo polideportivo, piscina, amplio parque y sala de reuniones y recepci\u00f3n, tambi\u00e9n podr\u00e1 <strong>organice sus actividades in situ<\/strong>, sin salir de nuestro camping: torneo deportivo, petanca, juegos al aire libre, velada de team building&#8230;<\/p>\n<\/div>\n<\/div>\n\n\n\n<div style=\"height:42px\" aria-hidden=\"true\" class=\"wp-block-spacer\"><\/div>\n\n\n\n<div class=\"wp-block-columns reverse-mob\">\n<div class=\"wp-block-column\" style=\"flex-basis:55%\">\n<h3 id=\"un-camping-5-etoiles-a-torreilles-aux-services-d-exception\">Un servicio de catering adaptado a sus necesidades<\/h3>\n\n\n\n<p>La <strong>oferta de seminarios en nuestro camping cerca de Perpi\u00f1\u00e1n<\/strong> incluye media pensi\u00f3n o pensi\u00f3n completa. Tambi\u00e9n puedes contratar un servicio de catering. Sus comidas de empresa tendr\u00e1n lugar en nuestro amplio y confortable comedor, dispuesto de tal forma que fomente la convivencia. Tambi\u00e9n podemos proporcionarle caf\u00e9, boller\u00eda y zumo de frutas para las <strong>pausas de sus seminarios<\/strong>.<\/p>\n\n\n\n<h3 id=\"des-equipements-attractifs-au-sein-de-notre-camping\">Atractivas instalaciones en nuestro camping<\/h3>\n\n\n\n<p>Entre reuni\u00f3n y reuni\u00f3n, sus empleados podr\u00e1n relajarse al sol de los Pirineos Orientales en una tumbona o incluso aprovechar <strong><a href=\"https:\/\/www.camping-calypso.com\/es\/parque-acuatico\/\">nuestra piscina y nuestro parque acu\u00e1tico<\/a><\/strong> de 3000 m\u00b2. Tras un ba\u00f1o o un aporte de vitamina D al sol, sus empleados ser\u00e1n a\u00fan m\u00e1s productivos.<\/p>\n<\/div>\n\n\n\n<div class=\"wp-block-column\">\n<figure class=\"wp-block-image alignfull size-large\"><img loading=\"lazy\" width=\"1024\" height=\"683\" src=\"https:\/\/www.camping-calypso.com\/wp-content\/uploads\/2024\/08\/BD-Restaurant-4-1024x683.jpg\" alt=\"\" class=\"wp-image-6820\" srcset=\"https:\/\/www.camping-calypso.com\/wp-content\/uploads\/2024\/08\/BD-Restaurant-4-1024x683.jpg 1024w, https:\/\/www.camping-calypso.com\/wp-content\/uploads\/2024\/08\/BD-Restaurant-4-300x200.jpg 300w, https:\/\/www.camping-calypso.com\/wp-content\/uploads\/2024\/08\/BD-Restaurant-4-768x512.jpg 768w, https:\/\/www.camping-calypso.com\/wp-content\/uploads\/2024\/08\/BD-Restaurant-4-1536x1024.jpg 1536w, https:\/\/www.camping-calypso.com\/wp-content\/uploads\/2024\/08\/BD-Restaurant-4.jpg 1920w\" sizes=\"(max-width: 1024px) 100vw, 1024px\" \/><\/figure>\n<\/div>\n<\/div>\n\n\n\n<div class=\"wp-container-69f27c03aba94 wp-block-group alignfull has-noir-background-color has-background\"><div class=\"wp-block-group__inner-container\">\n<h2 class=\"has-text-align-center h3\" id=\"votre-seminaire-d-entreprise-sur-mesure\">Su seminario de empresa a medida<\/h2>\n\n\n\n<p class=\"has-text-align-center\">P\u00f3ngase en contacto con nosotros para organizar en nuestra finca, cerca de Perpi\u00f1\u00e1n, un <strong>seminario de empresa<\/strong> que responda perfectamente a sus expectativas. Sala de reuniones equipada, alquiler de varias casas m\u00f3viles, actividades de team-building&#8230; d\u00edganos qu\u00e9 necesita y le enviaremos un presupuesto personalizado.<\/p>\n\n\n\n<p class=\"has-text-align-center\">Nuestro camping en los Pirineos Orientales, a las afueras de Perpi\u00f1\u00e1n, es el lugar perfecto para organizar seminarios de empresa a medida. En lugar de una reuni\u00f3n de negocios en un hotel tradicional, lleve a su equipo a una <strong>encantadora finca con todas las comodidades necesarias<\/strong>.<\/p>\n<\/div><\/div>\n","protected":false},"excerpt":{"rendered":"<p>Seminarios en Perpi\u00f1\u00e1n: nuestro camping acoge sus eventos de empresa \u00bfY si este a\u00f1o organizara un seminario en Perpi\u00f1\u00e1n, en la regi\u00f3n de Pirineos Orientales, en un lugar ins\u00f3lito? Diga adi\u00f3s a las salas de reuniones de los hoteles del centro de la ciudad: \u00a1piense en seminarios de empresa en campings! Nuestro camping Le Calypso [&hellip;]<\/p>\n","protected":false},"author":3,"featured_media":2130,"parent":0,"menu_order":0,"comment_status":"closed","ping_status":"closed","template":"","meta":[],"acf":[],"yoast_head":"<!-- This site is optimized with the Yoast SEO plugin v18.8 - https:\/\/yoast.com\/wordpress\/plugins\/seo\/ -->\n<title>Seminarios Perpi\u00f1\u00e1n: nuestro camping acoge sus eventos de empresa - Camping Calypso<\/title>\n<meta name=\"robots\" content=\"index, follow, max-snippet:-1, max-image-preview:large, max-video-preview:-1\" \/>\n<link rel=\"canonical\" href=\"https:\/\/www.camping-calypso.com\/es\/seminarios-perpinan-nuestro-camping-acoge-sus-eventos-de-empresa\/\" \/>\n<meta property=\"og:locale\" content=\"es_ES\" \/>\n<meta property=\"og:type\" content=\"article\" \/>\n<meta property=\"og:title\" content=\"Seminarios Perpi\u00f1\u00e1n: nuestro camping acoge sus eventos de empresa - Camping Calypso\" \/>\n<meta property=\"og:description\" content=\"Seminarios en Perpi\u00f1\u00e1n: nuestro camping acoge sus eventos de empresa \u00bfY si este a\u00f1o organizara un seminario en Perpi\u00f1\u00e1n, en la regi\u00f3n de Pirineos Orientales, en un lugar ins\u00f3lito? Diga adi\u00f3s a las salas de reuniones de los hoteles del centro de la ciudad: \u00a1piense en seminarios de empresa en campings! Nuestro camping Le Calypso [&hellip;]\" \/>\n<meta property=\"og:url\" content=\"https:\/\/www.camping-calypso.com\/es\/seminarios-perpinan-nuestro-camping-acoge-sus-eventos-de-empresa\/\" \/>\n<meta property=\"og:site_name\" content=\"Camping Calypso\" \/>\n<meta property=\"article:modified_time\" content=\"2024-08-05T15:51:34+00:00\" \/>\n<meta property=\"og:image\" content=\"https:\/\/www.camping-calypso.com\/wp-content\/uploads\/2023\/02\/Sans-titre-81.png\" \/>\n\t<meta property=\"og:image:width\" content=\"1080\" \/>\n\t<meta property=\"og:image:height\" content=\"900\" \/>\n\t<meta property=\"og:image:type\" content=\"image\/png\" \/>\n<meta name=\"twitter:card\" content=\"summary_large_image\" \/>\n<meta name=\"twitter:label1\" content=\"Est. reading time\" \/>\n\t<meta name=\"twitter:data1\" content=\"5 minutos\" \/>\n<script type=\"application\/ld+json\" class=\"yoast-schema-graph\">{\"@context\":\"https:\/\/schema.org\",\"@graph\":[{\"@type\":\"WebSite\",\"@id\":\"https:\/\/www.camping-calypso.com\/#website\",\"url\":\"https:\/\/www.camping-calypso.com\/\",\"name\":\"Camping Calypso\",\"description\":\"Camping 5 \u00e9toiles \u00e0 Toreilles Plage (66)\",\"potentialAction\":[{\"@type\":\"SearchAction\",\"target\":{\"@type\":\"EntryPoint\",\"urlTemplate\":\"https:\/\/www.camping-calypso.com\/?s={search_term_string}\"},\"query-input\":\"required name=search_term_string\"}],\"inLanguage\":\"es\"},{\"@type\":\"ImageObject\",\"inLanguage\":\"es\",\"@id\":\"https:\/\/www.camping-calypso.com\/es\/seminarios-perpinan-nuestro-camping-acoge-sus-eventos-de-empresa\/#primaryimage\",\"url\":\"https:\/\/www.camping-calypso.com\/wp-content\/uploads\/2023\/02\/Sans-titre-81.png\",\"contentUrl\":\"https:\/\/www.camping-calypso.com\/wp-content\/uploads\/2023\/02\/Sans-titre-81.png\",\"width\":1080,\"height\":900,\"caption\":\"s\u00e9minaire camping\"},{\"@type\":\"WebPage\",\"@id\":\"https:\/\/www.camping-calypso.com\/es\/seminarios-perpinan-nuestro-camping-acoge-sus-eventos-de-empresa\/#webpage\",\"url\":\"https:\/\/www.camping-calypso.com\/es\/seminarios-perpinan-nuestro-camping-acoge-sus-eventos-de-empresa\/\",\"name\":\"Seminarios Perpi\u00f1\u00e1n: nuestro camping acoge sus eventos de empresa - Camping Calypso\",\"isPartOf\":{\"@id\":\"https:\/\/www.camping-calypso.com\/#website\"},\"primaryImageOfPage\":{\"@id\":\"https:\/\/www.camping-calypso.com\/es\/seminarios-perpinan-nuestro-camping-acoge-sus-eventos-de-empresa\/#primaryimage\"},\"datePublished\":\"2023-10-23T10:02:13+00:00\",\"dateModified\":\"2024-08-05T15:51:34+00:00\",\"breadcrumb\":{\"@id\":\"https:\/\/www.camping-calypso.com\/es\/seminarios-perpinan-nuestro-camping-acoge-sus-eventos-de-empresa\/#breadcrumb\"},\"inLanguage\":\"es\",\"potentialAction\":[{\"@type\":\"ReadAction\",\"target\":[\"https:\/\/www.camping-calypso.com\/es\/seminarios-perpinan-nuestro-camping-acoge-sus-eventos-de-empresa\/\"]}]},{\"@type\":\"BreadcrumbList\",\"@id\":\"https:\/\/www.camping-calypso.com\/es\/seminarios-perpinan-nuestro-camping-acoge-sus-eventos-de-empresa\/#breadcrumb\",\"itemListElement\":[{\"@type\":\"ListItem\",\"position\":1,\"name\":\"Camping Torreilles\",\"item\":\"https:\/\/www.camping-calypso.com\/es\/\"},{\"@type\":\"ListItem\",\"position\":2,\"name\":\"Seminarios Perpi\u00f1\u00e1n: nuestro camping acoge sus eventos de empresa\"}]}]}<\/script>\n<!-- \/ Yoast SEO plugin. -->","yoast_head_json":{"title":"Seminarios Perpi\u00f1\u00e1n: nuestro camping acoge sus eventos de empresa - Camping Calypso","robots":{"index":"index","follow":"follow","max-snippet":"max-snippet:-1","max-image-preview":"max-image-preview:large","max-video-preview":"max-video-preview:-1"},"canonical":"https:\/\/www.camping-calypso.com\/es\/seminarios-perpinan-nuestro-camping-acoge-sus-eventos-de-empresa\/","og_locale":"es_ES","og_type":"article","og_title":"Seminarios Perpi\u00f1\u00e1n: nuestro camping acoge sus eventos de empresa - Camping Calypso","og_description":"Seminarios en Perpi\u00f1\u00e1n: nuestro camping acoge sus eventos de empresa \u00bfY si este a\u00f1o organizara un seminario en Perpi\u00f1\u00e1n, en la regi\u00f3n de Pirineos Orientales, en un lugar ins\u00f3lito? Diga adi\u00f3s a las salas de reuniones de los hoteles del centro de la ciudad: \u00a1piense en seminarios de empresa en campings! Nuestro camping Le Calypso [&hellip;]","og_url":"https:\/\/www.camping-calypso.com\/es\/seminarios-perpinan-nuestro-camping-acoge-sus-eventos-de-empresa\/","og_site_name":"Camping Calypso","article_modified_time":"2024-08-05T15:51:34+00:00","og_image":[{"width":1080,"height":900,"url":"https:\/\/www.camping-calypso.com\/wp-content\/uploads\/2023\/02\/Sans-titre-81.png","type":"image\/png"}],"twitter_card":"summary_large_image","twitter_misc":{"Est. reading time":"5 minutos"},"schema":{"@context":"https:\/\/schema.org","@graph":[{"@type":"WebSite","@id":"https:\/\/www.camping-calypso.com\/#website","url":"https:\/\/www.camping-calypso.com\/","name":"Camping Calypso","description":"Camping 5 \u00e9toiles \u00e0 Toreilles Plage (66)","potentialAction":[{"@type":"SearchAction","target":{"@type":"EntryPoint","urlTemplate":"https:\/\/www.camping-calypso.com\/?s={search_term_string}"},"query-input":"required name=search_term_string"}],"inLanguage":"es"},{"@type":"ImageObject","inLanguage":"es","@id":"https:\/\/www.camping-calypso.com\/es\/seminarios-perpinan-nuestro-camping-acoge-sus-eventos-de-empresa\/#primaryimage","url":"https:\/\/www.camping-calypso.com\/wp-content\/uploads\/2023\/02\/Sans-titre-81.png","contentUrl":"https:\/\/www.camping-calypso.com\/wp-content\/uploads\/2023\/02\/Sans-titre-81.png","width":1080,"height":900,"caption":"s\u00e9minaire camping"},{"@type":"WebPage","@id":"https:\/\/www.camping-calypso.com\/es\/seminarios-perpinan-nuestro-camping-acoge-sus-eventos-de-empresa\/#webpage","url":"https:\/\/www.camping-calypso.com\/es\/seminarios-perpinan-nuestro-camping-acoge-sus-eventos-de-empresa\/","name":"Seminarios Perpi\u00f1\u00e1n: nuestro camping acoge sus eventos de empresa - Camping Calypso","isPartOf":{"@id":"https:\/\/www.camping-calypso.com\/#website"},"primaryImageOfPage":{"@id":"https:\/\/www.camping-calypso.com\/es\/seminarios-perpinan-nuestro-camping-acoge-sus-eventos-de-empresa\/#primaryimage"},"datePublished":"2023-10-23T10:02:13+00:00","dateModified":"2024-08-05T15:51:34+00:00","breadcrumb":{"@id":"https:\/\/www.camping-calypso.com\/es\/seminarios-perpinan-nuestro-camping-acoge-sus-eventos-de-empresa\/#breadcrumb"},"inLanguage":"es","potentialAction":[{"@type":"ReadAction","target":["https:\/\/www.camping-calypso.com\/es\/seminarios-perpinan-nuestro-camping-acoge-sus-eventos-de-empresa\/"]}]},{"@type":"BreadcrumbList","@id":"https:\/\/www.camping-calypso.com\/es\/seminarios-perpinan-nuestro-camping-acoge-sus-eventos-de-empresa\/#breadcrumb","itemListElement":[{"@type":"ListItem","position":1,"name":"Camping Torreilles","item":"https:\/\/www.camping-calypso.com\/es\/"},{"@type":"ListItem","position":2,"name":"Seminarios Perpi\u00f1\u00e1n: nuestro camping acoge sus eventos de empresa"}]}]}},"_links":{"self":[{"href":"https:\/\/www.camping-calypso.com\/es\/wp-json\/wp\/v2\/pages\/4531"}],"collection":[{"href":"https:\/\/www.camping-calypso.com\/es\/wp-json\/wp\/v2\/pages"}],"about":[{"href":"https:\/\/www.camping-calypso.com\/es\/wp-json\/wp\/v2\/types\/page"}],"author":[{"embeddable":true,"href":"https:\/\/www.camping-calypso.com\/es\/wp-json\/wp\/v2\/users\/3"}],"replies":[{"embeddable":true,"href":"https:\/\/www.camping-calypso.com\/es\/wp-json\/wp\/v2\/comments?post=4531"}],"version-history":[{"count":6,"href":"https:\/\/www.camping-calypso.com\/es\/wp-json\/wp\/v2\/pages\/4531\/revisions"}],"predecessor-version":[{"id":6835,"href":"https:\/\/www.camping-calypso.com\/es\/wp-json\/wp\/v2\/pages\/4531\/revisions\/6835"}],"wp:featuredmedia":[{"embeddable":true,"href":"https:\/\/www.camping-calypso.com\/es\/wp-json\/wp\/v2\/media\/2130"}],"wp:attachment":[{"href":"https:\/\/www.camping-calypso.com\/es\/wp-json\/wp\/v2\/media?parent=4531"}],"curies":[{"name":"wp","href":"https:\/\/api.w.org\/{rel}","templated":true}]}}