{"id":4523,"date":"2023-10-19T15:06:12","date_gmt":"2023-10-19T13:06:12","guid":{"rendered":"https:\/\/www.camping-calypso.com\/reserve-el-camping-5-estrellas-calypso-de-torreilles-para-sus-eventos\/"},"modified":"2023-11-22T11:53:07","modified_gmt":"2023-11-22T10:53:07","slug":"reserve-el-camping-5-estrellas-calypso-de-torreilles-para-sus-eventos","status":"publish","type":"page","link":"https:\/\/www.camping-calypso.com\/es\/reserve-el-camping-5-estrellas-calypso-de-torreilles-para-sus-eventos\/","title":{"rendered":"Reserve el camping 5 estrellas Calypso de Torreilles para sus eventos"},"content":{"rendered":"\n<div class=\"wp-block-cover alignfull is-light\"><span aria-hidden=\"true\" class=\"wp-block-cover__gradient-background has-background-dim\"><\/span><img loading=\"lazy\" width=\"2560\" height=\"1704\" class=\"wp-block-cover__image-background wp-image-2087\" alt=\"privatisation camping perpignan\" src=\"https:\/\/www.camping-calypso.com\/wp-content\/uploads\/2023\/02\/parc-aquatique-scaled.jpg\" data-object-fit=\"cover\" srcset=\"https:\/\/www.camping-calypso.com\/wp-content\/uploads\/2023\/02\/parc-aquatique-scaled.jpg 2560w, https:\/\/www.camping-calypso.com\/wp-content\/uploads\/2023\/02\/parc-aquatique-300x200.jpg 300w, https:\/\/www.camping-calypso.com\/wp-content\/uploads\/2023\/02\/parc-aquatique-1024x681.jpg 1024w, https:\/\/www.camping-calypso.com\/wp-content\/uploads\/2023\/02\/parc-aquatique-768x511.jpg 768w, https:\/\/www.camping-calypso.com\/wp-content\/uploads\/2023\/02\/parc-aquatique-1536x1022.jpg 1536w, https:\/\/www.camping-calypso.com\/wp-content\/uploads\/2023\/02\/parc-aquatique-2048x1363.jpg 2048w\" sizes=\"(max-width: 2560px) 100vw, 2560px\" \/><div class=\"wp-block-cover__inner-container\">\n<p class=\"has-text-align-center has-large-font-size\"><\/p>\n<\/div><\/div>\n\n\n\n<h1 class=\"has-text-align-center\" id=\"privatiser-le-camping-calypso-5-etoiles-a-torreilles-pour-vos-evenements\">Reserve el camping 5 estrellas Calypso de Torreilles para sus eventos<\/h1>\n\n\n\n<p class=\"has-text-align-center\">\u00bfBusca un <strong>marco \u00fanico<\/strong> para su pr\u00f3ximo evento especial? Ya se trate de una boda al aire libre, de una fiesta de cumplea\u00f1os memorable, de la formaci\u00f3n de un equipo de empresa o de un retiro espiritual, la <strong>privatizaci\u00f3n de nuestro camping de 5 estrellas en Torreilles<\/strong> ofrece un marco excepcional para cualquier tipo de evento. <\/p>\n\n\n\n<p class=\"has-text-align-center\">Situado en 5 hect\u00e1reas de terreno ajardinado, nuestro establecimiento destaca por la calidad de sus instalaciones en el coraz\u00f3n de los Pirineos Orientales. A dos pasos del mar y rodeado de destinos legendarios, este peque\u00f1o rinc\u00f3n del para\u00edso es el <strong>camping ideal para alquiler privado<\/strong>.<\/p>\n\n\n\n<h1 id=\"camping-a-toreilles-5-etoiles-a-500-m-de-la-plage\"><strong>Descubra las insospechadas ventajas<\/strong> <strong><em>de privatizar un camping<\/em><\/strong><\/h1>\n\n\n\n<div class=\"wp-block-columns alignfull has-blanc-background-color has-background\">\n<div class=\"wp-block-column\">\n<h3 id=\"pourquoi-la-privatisation-d-un-camping-est-le-choix-parfait-pour-votre-prochain-evenement\">\u00bfPor qu\u00e9 privatizar un camping es la opci\u00f3n perfecta para su pr\u00f3ximo evento?<\/h3>\n\n\n\n<p>Nuestro <a href=\"https:\/\/www.camping-calypso.com\/es\/\">camping privado de 5 estrellas en Torreilles<\/a> le ofrece numerosas ventajas para organizar sus eventos, como bodas, escapadas en grupo o actos de empresa. Se beneficiar\u00e1 de un entorno natural y tranquilo, donde sus invitados podr\u00e1n disfrutar del aire libre y de actividades de ocio. Adem\u00e1s, la privatizaci\u00f3n le ofrece una gran flexibilidad a la hora de organizar y personalizar su evento seg\u00fan sus deseos.<\/p>\n<\/div>\n\n\n\n<div class=\"wp-block-column\" style=\"flex-basis:52%\">\n<figure class=\"wp-block-image alignfull size-large\"><img loading=\"lazy\" width=\"1024\" height=\"768\" src=\"https:\/\/www.camping-calypso.com\/wp-content\/uploads\/2023\/10\/seminaire2-1024x768.jpg\" alt=\"privatizaci\u00f3n de campings\" class=\"wp-image-4477\" srcset=\"https:\/\/www.camping-calypso.com\/wp-content\/uploads\/2023\/10\/seminaire2-1024x768.jpg 1024w, https:\/\/www.camping-calypso.com\/wp-content\/uploads\/2023\/10\/seminaire2-300x225.jpg 300w, https:\/\/www.camping-calypso.com\/wp-content\/uploads\/2023\/10\/seminaire2-768x576.jpg 768w, https:\/\/www.camping-calypso.com\/wp-content\/uploads\/2023\/10\/seminaire2-1536x1152.jpg 1536w, https:\/\/www.camping-calypso.com\/wp-content\/uploads\/2023\/10\/seminaire2.jpg 1920w\" sizes=\"(max-width: 1024px) 100vw, 1024px\" \/><\/figure>\n<\/div>\n<\/div>\n\n\n\n<section class=\"wp-container-69efa5c827b48 wp-block-group alignfull has-noir-background-color has-background\"><div class=\"wp-block-group__inner-container\">\n<h2 class=\"has-text-align-center\" id=\"privatizar-un-camping-en-perpinan\">Privatizar un camping en Perpi\u00f1an<\/h2>\n\n\n\n<ul class=\"pictos normal centre col-4 diaporama-mob has-vert-color has-text-color\"><li><i class=\"fas fa-user\"><\/i>&nbsp;<em>Capacidad <\/em>hasta 820 personas<\/li><li><i class=\"fas fa-shop\"><\/i><em> Acceso a instalaciones recreativas<\/em> seg\u00fan la temporada<\/li><li><i class=\"fas fa-trees\"><\/i>&nbsp;<em>Extensi\u00f3n de 13 hect\u00e1reas disponibles<\/em> para sus actividades<\/li><li><i class=\"fas fa-utensils\"><\/i>&nbsp;<em>Restauraci\u00f3n <\/em>y Foodtrucks<\/li><\/ul>\n<\/div><\/section>\n\n\n\n<section class=\"wp-container-69efa5c827f3c wp-block-group alignfull has-noir-background-color has-background\"><div class=\"wp-block-group__inner-container\">\n<h2 class=\"has-text-align-center\" id=\"la-opinion-de-nuestros-clientes\">La opini\u00f3n de nuestros clientes<\/h2>\n\n\n\n<p class=\"has-text-align-center\"><em>\u00abDesde hace algunos a\u00f1os confiamos en el camping &#8216;Le Calypso&#8217; para recibir a clubes de f\u00fatbol de toda Francia y del extranjero durante nuestro torneo internacional Riberal.<\/em><\/p>\n\n\n\n<p class=\"has-text-align-center\"><em>Cada a\u00f1o, privatizamos el camping y nunca nos hemos sentido decepcionados. Carole, Blandine y Jessica siempre nos dan una excelente bienvenida, son accesibles, sonrientes y serviciales. Las casas m\u00f3viles est\u00e1n muy limpias y cuentan con todas las comodidades necesarias. Los precios son asequibles. Todos los clubes de f\u00fatbol que acogemos guardan un excelente recuerdo y desean regresar al a\u00f1o siguiente (consulte los numerosos testimonios en nuestro sitio web del FC SOLER).<\/em><\/p>\n\n\n\n<p class=\"has-text-align-center\"><em>Y qu\u00e9 decir de Audrey, quien se encarga del bar y prepara cada ma\u00f1ana 800 desayunos con una sonrisa y siempre est\u00e1 disponible. Francamente, no cambiar\u00edamos de camping por nada en el mundo.\u00bb<\/em><\/p>\n\n\n\n<p class=\"has-text-align-center\">El presidente del FC SOLER<\/p>\n\n\n\n<p class=\"has-text-align-center\">Sr. WARTELLE Fran\u00e7ois-Xavier<\/p>\n<\/div><\/section>\n\n\n\n<div class=\"wp-block-columns alignfull has-bleu-background-color has-background\">\n<div class=\"wp-block-column\" style=\"flex-basis:48%\">\n<figure class=\"wp-block-image alignfull size-full\"><img loading=\"lazy\" width=\"1024\" height=\"682\" src=\"https:\/\/www.camping-calypso.com\/wp-content\/uploads\/2023\/03\/fare-1024x682-1.jpg\" alt=\"privatizaci\u00f3n de los c\u00e1mpings\" class=\"wp-image-2712\" srcset=\"https:\/\/www.camping-calypso.com\/wp-content\/uploads\/2023\/03\/fare-1024x682-1.jpg 1024w, https:\/\/www.camping-calypso.com\/wp-content\/uploads\/2023\/03\/fare-1024x682-1-300x200.jpg 300w, https:\/\/www.camping-calypso.com\/wp-content\/uploads\/2023\/03\/fare-1024x682-1-768x512.jpg 768w\" sizes=\"(max-width: 1024px) 100vw, 1024px\" \/><\/figure>\n<\/div>\n\n\n\n<div class=\"wp-block-column\">\n<h3 id=\"emplacements-de-camping-pres-de-perpignan\">Los diferentes paquetes de privatizaci\u00f3n de campings a su disposici\u00f3n<\/h3>\n\n\n\n<p>Le ofrecemos varias opciones para <strong>privatizar su camping<\/strong>: gesti\u00f3n libre, en la que usted mismo se encarga de todo; pensi\u00f3n completa con restauraci\u00f3n y servicios incluidos; u opciones intermedias adaptadas a sus necesidades. Sea cual sea el paquete que elija, es importante definir sus expectativas en cuanto a alojamiento, actividades y servicios ofrecidos.<\/p>\n\n\n\n<h3 id=\"pourquoi-privatiser-un-camping-plutot-qu-un-autre-type-d-hebergement-les-raisons-qui-feront-pencher-la-balance\">Por qu\u00e9 privatizar un camping en lugar de otro tipo de alojamiento: las razones que inclinar\u00e1n la balanza<\/h3>\n\n\n\n<p><strong>Privatizar un camping<\/strong> ofrece ventajas \u00fanicas frente a otros tipos de alojamiento. En primer lugar, tiene una <strong>gran capacidad<\/strong>, con una <strong>amplia gama de alojamientos<\/strong> (chal\u00e9s, casas m\u00f3viles, parcelas para tiendas, etc.). En segundo lugar, reservar un camping privado le permite aprovechar las <strong>numerosas instalaciones y actividades<\/strong> del lugar, como piscinas, parques infantiles, campos deportivos, etc. Por \u00faltimo, el ambiente agradable y relajado de un camping es ideal para crear recuerdos inolvidables con los amigos o la familia.<\/p>\n\n\n\n<div class=\"wp-container-69efa5c828312 wp-block-buttons\">\n<div class=\"wp-block-button\"><a class=\"wp-block-button__link\" href=\"https:\/\/www.camping-calypso.com\/es\/mobil-home-chalet\/\">Ver los alquileres<\/a><\/div>\n<\/div>\n<\/div>\n<\/div>\n\n\n\n<h2 id=\"les-occasions-parfaites-pour-privatiser-un-camping\"><strong>Las ocasiones perfectas <em>para reservar un camping privado<\/em><\/strong><\/h2>\n\n\n\n<div style=\"height:43px\" aria-hidden=\"true\" class=\"wp-block-spacer\"><\/div>\n\n\n\n<div class=\"wp-block-columns\">\n<div class=\"wp-block-column\">\n<h3 id=\"mariages-en-plein-air-une-celebration-unique-et-memorable-dans-un-cadre-naturel\">Bodas al aire libre: una celebraci\u00f3n \u00fanica e inolvidable en un entorno natural<\/h3>\n\n\n\n<p>Una <strong>boda en camping<\/strong> es una opci\u00f3n original que gustar\u00e1 a las parejas que busquen un lugar inusual. El entorno verde y el ambiente relajado crean una atm\u00f3sfera cordial en la que celebrar este d\u00eda tan especial en compa\u00f1\u00eda de sus seres queridos.<\/p>\n\n\n\n<h3 id=\"sejours-en-groupe-comment-creer-un-moment-inoubliable-avec-vos-proches\">Vacaciones en grupo: c\u00f3mo crear un momento inolvidable con los suyos<\/h3>\n\n\n\n<p><strong>Privatizar un camping<\/strong> para unas <strong>vacaciones en grupo<\/strong> es la forma ideal de pasar unas vacaciones inolvidables con los amigos o la familia. Podr\u00e1 organizar diversas actividades para peque\u00f1os y mayores, compartir comidas de convivencia y aprovechar al m\u00e1ximo el entorno natural.<\/p>\n\n\n\n<h3 id=\"evenements-d-entreprise-une-solution-originale-pour-vos-seminaires-et-team-building\">Eventos de empresa: una soluci\u00f3n original para sus seminarios y actividades de team building<\/h3>\n\n\n\n<p>La <strong>privatizaci\u00f3n de un camping<\/strong> tambi\u00e9n puede adaptarse a <strong>eventos empresariales<\/strong> como seminarios, cursos de formaci\u00f3n o actividades de team building. En este contexto, el cambio de aires y las actividades propuestas favorecen la cohesi\u00f3n y la creatividad del equipo.<\/p>\n<\/div>\n\n\n\n<div class=\"wp-block-column\" style=\"flex-basis:52%\">\n<figure class=\"wp-block-image alignfull size-large\"><img loading=\"lazy\" width=\"768\" height=\"1024\" src=\"https:\/\/www.camping-calypso.com\/wp-content\/uploads\/2023\/10\/seminaire1-768x1024.jpg\" alt=\"privatisation camping \" class=\"wp-image-4473\" srcset=\"https:\/\/www.camping-calypso.com\/wp-content\/uploads\/2023\/10\/seminaire1-768x1024.jpg 768w, https:\/\/www.camping-calypso.com\/wp-content\/uploads\/2023\/10\/seminaire1-225x300.jpg 225w, https:\/\/www.camping-calypso.com\/wp-content\/uploads\/2023\/10\/seminaire1-1152x1536.jpg 1152w, https:\/\/www.camping-calypso.com\/wp-content\/uploads\/2023\/10\/seminaire1.jpg 1440w\" sizes=\"(max-width: 768px) 100vw, 768px\" \/><\/figure>\n<\/div>\n<\/div>\n\n\n\n<div class=\"wp-block-columns alignfull has-bleu-background-color has-background\">\n<div class=\"wp-block-column\" style=\"flex-basis:48%\">\n<h2 id=\"des-hebergements-adaptes-au-groupe-dans-notre-camping-a-torreilles\"><strong>Alojamiento para grupos en <em>nuestro camping de Torreilles<\/em><\/strong><\/h2>\n\n\n\n<p>En nuestro camping de Torreilles podr\u00e1 alquilar 121 casas m\u00f3viles y 24 chal\u00e9s. Todos nuestros alojamientos <strong>se adaptan perfectamente a los grupos<\/strong>. Nuestros chal\u00e9s y casas m\u00f3viles pueden alojar hasta 8 personas y est\u00e1n totalmente equipados para garantizarle todo el confort.<\/p>\n\n\n\n<p>Para los amantes del camping tradicional, tambi\u00e9n ofrecemos una amplia selecci\u00f3n de <strong>parcelas de acampada<\/strong> en Torreilles, en el coraz\u00f3n de nuestro parque arbolado. Nuestras amplias parcelas est\u00e1n situadas en un entorno excepcional. <\/p>\n\n\n\n<div class=\"wp-container-69efa5c8287e5 wp-block-buttons\">\n<div class=\"wp-block-button\"><a class=\"wp-block-button__link\" href=\"https:\/\/www.camping-calypso.com\/es\/contacto-y-localizacion\/\">P\u00f3ngase en contacto con nosotros para reservar su camping<\/a><\/div>\n<\/div>\n<\/div>\n\n\n\n<div class=\"wp-block-column\">\n<h2 id=\"emplacements-de-camping-pres-de-perpignan\"><strong>Los servicios que ofrece <em>nuestro camping privado<\/em> <\/strong><\/h2>\n\n\n\n<p><strong>Al reservar una estancia privada en nuestro camping 5 estrellas<\/strong> de los Pirineos Orientales, podr\u00e1 disfrutar de todos los servicios de alta gama que ofrece nuestro establecimiento. Seg\u00fan la temporada, podr\u00e1 disfrutar del <a href=\"https:\/\/www.camping-calypso.com\/es\/parque-acuatico\/\">parque acu\u00e1tico<\/a> climatizado de 3.000 m\u00b2 para adultos y ni\u00f1os. La <strong>privatizaci\u00f3n de nuestro camping<\/strong> le permite disfrutar de actividades para grandes y peque\u00f1os durante toda la temporada estival en nuestro camping cerca de Perpi\u00f1\u00e1n.<\/p>\n\n\n\n<p>Tambi\u00e9n podr\u00e1 divertirse en las pistas polideportivas, el campo de petanca, etc. Para las vacaciones en grupo m\u00e1s lujosas, tambi\u00e9n ofrecemos un servicio de hotel para nuestras gamas de mobil homes m\u00e1s lujosas. Por ejemplo, puedes optar por el \u00abkit de s\u00e1banas\u00bb, lo que significa que tus camas estar\u00e1n hechas a tu llegada, y tambi\u00e9n dispondr\u00e1s de toallas de ba\u00f1o y de playa en la piscina. Adem\u00e1s, ponemos a su disposici\u00f3n una serie de <a href=\"https:\/\/www.camping-calypso.com\/es\/servicios\/\">servicios<\/a> para satisfacer todas sus expectativas en materia de confort: TV, caja fuerte, nevera superior&#8230; para que disfrute de una estancia sin problemas.<\/p>\n<\/div>\n<\/div>\n","protected":false},"excerpt":{"rendered":"<p>Reserve el camping 5 estrellas Calypso de Torreilles para sus eventos \u00bfBusca un marco \u00fanico para su pr\u00f3ximo evento especial? Ya se trate de una boda al aire libre, de una fiesta de cumplea\u00f1os memorable, de la formaci\u00f3n de un equipo de empresa o de un retiro espiritual, la privatizaci\u00f3n de nuestro camping de 5 [&hellip;]<\/p>\n","protected":false},"author":3,"featured_media":2090,"parent":0,"menu_order":0,"comment_status":"closed","ping_status":"closed","template":"","meta":[],"acf":[],"yoast_head":"<!-- This site is optimized with the Yoast SEO plugin v18.8 - https:\/\/yoast.com\/wordpress\/plugins\/seo\/ -->\n<title>Reserve el camping 5 estrellas Calypso de Torreilles para sus eventos - Camping Calypso<\/title>\n<meta name=\"robots\" content=\"index, follow, max-snippet:-1, max-image-preview:large, max-video-preview:-1\" \/>\n<link rel=\"canonical\" href=\"https:\/\/www.camping-calypso.com\/es\/reserve-el-camping-5-estrellas-calypso-de-torreilles-para-sus-eventos\/\" \/>\n<meta property=\"og:locale\" content=\"es_ES\" \/>\n<meta property=\"og:type\" content=\"article\" \/>\n<meta property=\"og:title\" content=\"Reserve el camping 5 estrellas Calypso de Torreilles para sus eventos - Camping Calypso\" \/>\n<meta property=\"og:description\" content=\"Reserve el camping 5 estrellas Calypso de Torreilles para sus eventos \u00bfBusca un marco \u00fanico para su pr\u00f3ximo evento especial? Ya se trate de una boda al aire libre, de una fiesta de cumplea\u00f1os memorable, de la formaci\u00f3n de un equipo de empresa o de un retiro espiritual, la privatizaci\u00f3n de nuestro camping de 5 [&hellip;]\" \/>\n<meta property=\"og:url\" content=\"https:\/\/www.camping-calypso.com\/es\/reserve-el-camping-5-estrellas-calypso-de-torreilles-para-sus-eventos\/\" \/>\n<meta property=\"og:site_name\" content=\"Camping Calypso\" \/>\n<meta property=\"article:modified_time\" content=\"2023-11-22T10:53:07+00:00\" \/>\n<meta property=\"og:image\" content=\"https:\/\/www.camping-calypso.com\/wp-content\/uploads\/2023\/02\/parc-aquatique-scaled.jpg\" \/>\n\t<meta property=\"og:image:width\" content=\"2560\" \/>\n\t<meta property=\"og:image:height\" content=\"1704\" \/>\n\t<meta property=\"og:image:type\" content=\"image\/jpeg\" \/>\n<meta name=\"twitter:card\" content=\"summary_large_image\" \/>\n<meta name=\"twitter:label1\" content=\"Est. reading time\" \/>\n\t<meta name=\"twitter:data1\" content=\"6 minutos\" \/>\n<script type=\"application\/ld+json\" class=\"yoast-schema-graph\">{\"@context\":\"https:\/\/schema.org\",\"@graph\":[{\"@type\":\"WebSite\",\"@id\":\"https:\/\/www.camping-calypso.com\/#website\",\"url\":\"https:\/\/www.camping-calypso.com\/\",\"name\":\"Camping Calypso\",\"description\":\"Camping 5 \u00e9toiles \u00e0 Toreilles Plage (66)\",\"potentialAction\":[{\"@type\":\"SearchAction\",\"target\":{\"@type\":\"EntryPoint\",\"urlTemplate\":\"https:\/\/www.camping-calypso.com\/?s={search_term_string}\"},\"query-input\":\"required name=search_term_string\"}],\"inLanguage\":\"es\"},{\"@type\":\"ImageObject\",\"inLanguage\":\"es\",\"@id\":\"https:\/\/www.camping-calypso.com\/es\/reserve-el-camping-5-estrellas-calypso-de-torreilles-para-sus-eventos\/#primaryimage\",\"url\":\"https:\/\/www.camping-calypso.com\/wp-content\/uploads\/2023\/02\/parc-aquatique-scaled.jpg\",\"contentUrl\":\"https:\/\/www.camping-calypso.com\/wp-content\/uploads\/2023\/02\/parc-aquatique-scaled.jpg\",\"width\":2560,\"height\":1704,\"caption\":\"privatis\"},{\"@type\":\"WebPage\",\"@id\":\"https:\/\/www.camping-calypso.com\/es\/reserve-el-camping-5-estrellas-calypso-de-torreilles-para-sus-eventos\/#webpage\",\"url\":\"https:\/\/www.camping-calypso.com\/es\/reserve-el-camping-5-estrellas-calypso-de-torreilles-para-sus-eventos\/\",\"name\":\"Reserve el camping 5 estrellas Calypso de Torreilles para sus eventos - Camping Calypso\",\"isPartOf\":{\"@id\":\"https:\/\/www.camping-calypso.com\/#website\"},\"primaryImageOfPage\":{\"@id\":\"https:\/\/www.camping-calypso.com\/es\/reserve-el-camping-5-estrellas-calypso-de-torreilles-para-sus-eventos\/#primaryimage\"},\"datePublished\":\"2023-10-19T13:06:12+00:00\",\"dateModified\":\"2023-11-22T10:53:07+00:00\",\"breadcrumb\":{\"@id\":\"https:\/\/www.camping-calypso.com\/es\/reserve-el-camping-5-estrellas-calypso-de-torreilles-para-sus-eventos\/#breadcrumb\"},\"inLanguage\":\"es\",\"potentialAction\":[{\"@type\":\"ReadAction\",\"target\":[\"https:\/\/www.camping-calypso.com\/es\/reserve-el-camping-5-estrellas-calypso-de-torreilles-para-sus-eventos\/\"]}]},{\"@type\":\"BreadcrumbList\",\"@id\":\"https:\/\/www.camping-calypso.com\/es\/reserve-el-camping-5-estrellas-calypso-de-torreilles-para-sus-eventos\/#breadcrumb\",\"itemListElement\":[{\"@type\":\"ListItem\",\"position\":1,\"name\":\"Camping Torreilles\",\"item\":\"https:\/\/www.camping-calypso.com\/es\/\"},{\"@type\":\"ListItem\",\"position\":2,\"name\":\"Reserve el camping 5 estrellas Calypso de Torreilles para sus eventos\"}]}]}<\/script>\n<!-- \/ Yoast SEO plugin. -->","yoast_head_json":{"title":"Reserve el camping 5 estrellas Calypso de Torreilles para sus eventos - Camping Calypso","robots":{"index":"index","follow":"follow","max-snippet":"max-snippet:-1","max-image-preview":"max-image-preview:large","max-video-preview":"max-video-preview:-1"},"canonical":"https:\/\/www.camping-calypso.com\/es\/reserve-el-camping-5-estrellas-calypso-de-torreilles-para-sus-eventos\/","og_locale":"es_ES","og_type":"article","og_title":"Reserve el camping 5 estrellas Calypso de Torreilles para sus eventos - Camping Calypso","og_description":"Reserve el camping 5 estrellas Calypso de Torreilles para sus eventos \u00bfBusca un marco \u00fanico para su pr\u00f3ximo evento especial? Ya se trate de una boda al aire libre, de una fiesta de cumplea\u00f1os memorable, de la formaci\u00f3n de un equipo de empresa o de un retiro espiritual, la privatizaci\u00f3n de nuestro camping de 5 [&hellip;]","og_url":"https:\/\/www.camping-calypso.com\/es\/reserve-el-camping-5-estrellas-calypso-de-torreilles-para-sus-eventos\/","og_site_name":"Camping Calypso","article_modified_time":"2023-11-22T10:53:07+00:00","og_image":[{"width":2560,"height":1704,"url":"https:\/\/www.camping-calypso.com\/wp-content\/uploads\/2023\/02\/parc-aquatique-scaled.jpg","type":"image\/jpeg"}],"twitter_card":"summary_large_image","twitter_misc":{"Est. reading time":"6 minutos"},"schema":{"@context":"https:\/\/schema.org","@graph":[{"@type":"WebSite","@id":"https:\/\/www.camping-calypso.com\/#website","url":"https:\/\/www.camping-calypso.com\/","name":"Camping Calypso","description":"Camping 5 \u00e9toiles \u00e0 Toreilles Plage (66)","potentialAction":[{"@type":"SearchAction","target":{"@type":"EntryPoint","urlTemplate":"https:\/\/www.camping-calypso.com\/?s={search_term_string}"},"query-input":"required name=search_term_string"}],"inLanguage":"es"},{"@type":"ImageObject","inLanguage":"es","@id":"https:\/\/www.camping-calypso.com\/es\/reserve-el-camping-5-estrellas-calypso-de-torreilles-para-sus-eventos\/#primaryimage","url":"https:\/\/www.camping-calypso.com\/wp-content\/uploads\/2023\/02\/parc-aquatique-scaled.jpg","contentUrl":"https:\/\/www.camping-calypso.com\/wp-content\/uploads\/2023\/02\/parc-aquatique-scaled.jpg","width":2560,"height":1704,"caption":"privatis"},{"@type":"WebPage","@id":"https:\/\/www.camping-calypso.com\/es\/reserve-el-camping-5-estrellas-calypso-de-torreilles-para-sus-eventos\/#webpage","url":"https:\/\/www.camping-calypso.com\/es\/reserve-el-camping-5-estrellas-calypso-de-torreilles-para-sus-eventos\/","name":"Reserve el camping 5 estrellas Calypso de Torreilles para sus eventos - Camping Calypso","isPartOf":{"@id":"https:\/\/www.camping-calypso.com\/#website"},"primaryImageOfPage":{"@id":"https:\/\/www.camping-calypso.com\/es\/reserve-el-camping-5-estrellas-calypso-de-torreilles-para-sus-eventos\/#primaryimage"},"datePublished":"2023-10-19T13:06:12+00:00","dateModified":"2023-11-22T10:53:07+00:00","breadcrumb":{"@id":"https:\/\/www.camping-calypso.com\/es\/reserve-el-camping-5-estrellas-calypso-de-torreilles-para-sus-eventos\/#breadcrumb"},"inLanguage":"es","potentialAction":[{"@type":"ReadAction","target":["https:\/\/www.camping-calypso.com\/es\/reserve-el-camping-5-estrellas-calypso-de-torreilles-para-sus-eventos\/"]}]},{"@type":"BreadcrumbList","@id":"https:\/\/www.camping-calypso.com\/es\/reserve-el-camping-5-estrellas-calypso-de-torreilles-para-sus-eventos\/#breadcrumb","itemListElement":[{"@type":"ListItem","position":1,"name":"Camping Torreilles","item":"https:\/\/www.camping-calypso.com\/es\/"},{"@type":"ListItem","position":2,"name":"Reserve el camping 5 estrellas Calypso de Torreilles para sus eventos"}]}]}},"_links":{"self":[{"href":"https:\/\/www.camping-calypso.com\/es\/wp-json\/wp\/v2\/pages\/4523"}],"collection":[{"href":"https:\/\/www.camping-calypso.com\/es\/wp-json\/wp\/v2\/pages"}],"about":[{"href":"https:\/\/www.camping-calypso.com\/es\/wp-json\/wp\/v2\/types\/page"}],"author":[{"embeddable":true,"href":"https:\/\/www.camping-calypso.com\/es\/wp-json\/wp\/v2\/users\/3"}],"replies":[{"embeddable":true,"href":"https:\/\/www.camping-calypso.com\/es\/wp-json\/wp\/v2\/comments?post=4523"}],"version-history":[{"count":4,"href":"https:\/\/www.camping-calypso.com\/es\/wp-json\/wp\/v2\/pages\/4523\/revisions"}],"predecessor-version":[{"id":5146,"href":"https:\/\/www.camping-calypso.com\/es\/wp-json\/wp\/v2\/pages\/4523\/revisions\/5146"}],"wp:featuredmedia":[{"embeddable":true,"href":"https:\/\/www.camping-calypso.com\/es\/wp-json\/wp\/v2\/media\/2090"}],"wp:attachment":[{"href":"https:\/\/www.camping-calypso.com\/es\/wp-json\/wp\/v2\/media?parent=4523"}],"curies":[{"name":"wp","href":"https:\/\/api.w.org\/{rel}","templated":true}]}}