{"id":4253,"date":"2023-10-11T10:19:47","date_gmt":"2023-10-11T08:19:47","guid":{"rendered":"https:\/\/www.camping-calypso.com\/conditions-generales-de-location-garantie-annulation\/"},"modified":"2025-10-02T16:34:47","modified_gmt":"2025-10-02T14:34:47","slug":"cgles","status":"publish","type":"page","link":"https:\/\/www.camping-calypso.com\/es\/cgles\/","title":{"rendered":"T\u00e9rminos generales de alquiler y Garant\u00eda de cancelaci\u00f3n"},"content":{"rendered":"\n<p class=\"has-medium-font-size\"><strong><a href=\"https:\/\/www.camping-calypso.com\/wp-content\/uploads\/2025\/10\/Conditions-generales-de-location-ES.pdf\" target=\"_blank\" rel=\"noreferrer noopener\">T\u00e9rminos generales de alquiler<\/a><\/strong><\/p>\n\n\n\n<p class=\"has-medium-font-size\"><strong><a href=\"https:\/\/www.camping-calypso.com\/wp-content\/uploads\/2024\/09\/Garantie-annulation-ES-2025-1.pdf\">Garant\u00eda de cancelaci\u00f3n y Opci\u00f3n Flex<\/a><\/strong><\/p>\n\n\n\n<p class=\"has-medium-font-size\"><strong><a href=\"https:\/\/www.camping-calypso.com\/wp-content\/uploads\/2024\/09\/Conditions-garantie-annulation-2025-ES-1.pdf\">T\u00e9rminos de la garant\u00eda de cancelaci\u00f3n y de la opci\u00f3n flex<\/a><\/strong><\/p>\n","protected":false},"excerpt":{"rendered":"<p>T\u00e9rminos generales de alquiler Garant\u00eda de cancelaci\u00f3n y Opci\u00f3n Flex T\u00e9rminos de la garant\u00eda de cancelaci\u00f3n y de la opci\u00f3n flex<\/p>\n","protected":false},"author":2,"featured_media":0,"parent":0,"menu_order":0,"comment_status":"closed","ping_status":"closed","template":"","meta":[],"acf":[],"yoast_head":"<!-- This site is optimized with the Yoast SEO plugin v18.8 - https:\/\/yoast.com\/wordpress\/plugins\/seo\/ -->\n<title>T\u00e9rminos generales de alquiler y Garant\u00eda de cancelaci\u00f3n - Camping Calypso<\/title>\n<meta name=\"robots\" content=\"index, follow, max-snippet:-1, max-image-preview:large, max-video-preview:-1\" \/>\n<link rel=\"canonical\" href=\"https:\/\/www.camping-calypso.com\/es\/cgles\/\" \/>\n<meta property=\"og:locale\" content=\"es_ES\" \/>\n<meta property=\"og:type\" content=\"article\" \/>\n<meta property=\"og:title\" content=\"T\u00e9rminos generales de alquiler y Garant\u00eda de cancelaci\u00f3n - Camping Calypso\" \/>\n<meta property=\"og:description\" content=\"T\u00e9rminos generales de alquiler Garant\u00eda de cancelaci\u00f3n y Opci\u00f3n Flex T\u00e9rminos de la garant\u00eda de cancelaci\u00f3n y de la opci\u00f3n flex\" \/>\n<meta property=\"og:url\" content=\"https:\/\/www.camping-calypso.com\/es\/cgles\/\" \/>\n<meta property=\"og:site_name\" content=\"Camping Calypso\" \/>\n<meta property=\"article:modified_time\" content=\"2025-10-02T14:34:47+00:00\" \/>\n<meta name=\"twitter:card\" content=\"summary_large_image\" \/>\n<meta name=\"twitter:label1\" content=\"Est. reading time\" \/>\n\t<meta name=\"twitter:data1\" content=\"1 minuto\" \/>\n<script type=\"application\/ld+json\" class=\"yoast-schema-graph\">{\"@context\":\"https:\/\/schema.org\",\"@graph\":[{\"@type\":\"WebSite\",\"@id\":\"https:\/\/www.camping-calypso.com\/#website\",\"url\":\"https:\/\/www.camping-calypso.com\/\",\"name\":\"Camping Calypso\",\"description\":\"Camping 5 \u00e9toiles \u00e0 Toreilles Plage (66)\",\"potentialAction\":[{\"@type\":\"SearchAction\",\"target\":{\"@type\":\"EntryPoint\",\"urlTemplate\":\"https:\/\/www.camping-calypso.com\/?s={search_term_string}\"},\"query-input\":\"required name=search_term_string\"}],\"inLanguage\":\"es\"},{\"@type\":\"WebPage\",\"@id\":\"https:\/\/www.camping-calypso.com\/es\/cgles\/#webpage\",\"url\":\"https:\/\/www.camping-calypso.com\/es\/cgles\/\",\"name\":\"T\u00e9rminos generales de alquiler y Garant\u00eda de cancelaci\u00f3n - Camping Calypso\",\"isPartOf\":{\"@id\":\"https:\/\/www.camping-calypso.com\/#website\"},\"datePublished\":\"2023-10-11T08:19:47+00:00\",\"dateModified\":\"2025-10-02T14:34:47+00:00\",\"breadcrumb\":{\"@id\":\"https:\/\/www.camping-calypso.com\/es\/cgles\/#breadcrumb\"},\"inLanguage\":\"es\",\"potentialAction\":[{\"@type\":\"ReadAction\",\"target\":[\"https:\/\/www.camping-calypso.com\/es\/cgles\/\"]}]},{\"@type\":\"BreadcrumbList\",\"@id\":\"https:\/\/www.camping-calypso.com\/es\/cgles\/#breadcrumb\",\"itemListElement\":[{\"@type\":\"ListItem\",\"position\":1,\"name\":\"Camping Torreilles\",\"item\":\"https:\/\/www.camping-calypso.com\/es\/\"},{\"@type\":\"ListItem\",\"position\":2,\"name\":\"T\u00e9rminos generales de alquiler y Garant\u00eda de cancelaci\u00f3n\"}]}]}<\/script>\n<!-- \/ Yoast SEO plugin. -->","yoast_head_json":{"title":"T\u00e9rminos generales de alquiler y Garant\u00eda de cancelaci\u00f3n - Camping Calypso","robots":{"index":"index","follow":"follow","max-snippet":"max-snippet:-1","max-image-preview":"max-image-preview:large","max-video-preview":"max-video-preview:-1"},"canonical":"https:\/\/www.camping-calypso.com\/es\/cgles\/","og_locale":"es_ES","og_type":"article","og_title":"T\u00e9rminos generales de alquiler y Garant\u00eda de cancelaci\u00f3n - Camping Calypso","og_description":"T\u00e9rminos generales de alquiler Garant\u00eda de cancelaci\u00f3n y Opci\u00f3n Flex T\u00e9rminos de la garant\u00eda de cancelaci\u00f3n y de la opci\u00f3n flex","og_url":"https:\/\/www.camping-calypso.com\/es\/cgles\/","og_site_name":"Camping Calypso","article_modified_time":"2025-10-02T14:34:47+00:00","twitter_card":"summary_large_image","twitter_misc":{"Est. reading time":"1 minuto"},"schema":{"@context":"https:\/\/schema.org","@graph":[{"@type":"WebSite","@id":"https:\/\/www.camping-calypso.com\/#website","url":"https:\/\/www.camping-calypso.com\/","name":"Camping Calypso","description":"Camping 5 \u00e9toiles \u00e0 Toreilles Plage (66)","potentialAction":[{"@type":"SearchAction","target":{"@type":"EntryPoint","urlTemplate":"https:\/\/www.camping-calypso.com\/?s={search_term_string}"},"query-input":"required name=search_term_string"}],"inLanguage":"es"},{"@type":"WebPage","@id":"https:\/\/www.camping-calypso.com\/es\/cgles\/#webpage","url":"https:\/\/www.camping-calypso.com\/es\/cgles\/","name":"T\u00e9rminos generales de alquiler y Garant\u00eda de cancelaci\u00f3n - Camping Calypso","isPartOf":{"@id":"https:\/\/www.camping-calypso.com\/#website"},"datePublished":"2023-10-11T08:19:47+00:00","dateModified":"2025-10-02T14:34:47+00:00","breadcrumb":{"@id":"https:\/\/www.camping-calypso.com\/es\/cgles\/#breadcrumb"},"inLanguage":"es","potentialAction":[{"@type":"ReadAction","target":["https:\/\/www.camping-calypso.com\/es\/cgles\/"]}]},{"@type":"BreadcrumbList","@id":"https:\/\/www.camping-calypso.com\/es\/cgles\/#breadcrumb","itemListElement":[{"@type":"ListItem","position":1,"name":"Camping Torreilles","item":"https:\/\/www.camping-calypso.com\/es\/"},{"@type":"ListItem","position":2,"name":"T\u00e9rminos generales de alquiler y Garant\u00eda de cancelaci\u00f3n"}]}]}},"_links":{"self":[{"href":"https:\/\/www.camping-calypso.com\/es\/wp-json\/wp\/v2\/pages\/4253"}],"collection":[{"href":"https:\/\/www.camping-calypso.com\/es\/wp-json\/wp\/v2\/pages"}],"about":[{"href":"https:\/\/www.camping-calypso.com\/es\/wp-json\/wp\/v2\/types\/page"}],"author":[{"embeddable":true,"href":"https:\/\/www.camping-calypso.com\/es\/wp-json\/wp\/v2\/users\/2"}],"replies":[{"embeddable":true,"href":"https:\/\/www.camping-calypso.com\/es\/wp-json\/wp\/v2\/comments?post=4253"}],"version-history":[{"count":6,"href":"https:\/\/www.camping-calypso.com\/es\/wp-json\/wp\/v2\/pages\/4253\/revisions"}],"predecessor-version":[{"id":9087,"href":"https:\/\/www.camping-calypso.com\/es\/wp-json\/wp\/v2\/pages\/4253\/revisions\/9087"}],"wp:attachment":[{"href":"https:\/\/www.camping-calypso.com\/es\/wp-json\/wp\/v2\/media?parent=4253"}],"curies":[{"name":"wp","href":"https:\/\/api.w.org\/{rel}","templated":true}]}}