{"id":2456,"date":"2023-01-19T12:13:57","date_gmt":"2023-01-19T11:13:57","guid":{"rendered":"https:\/\/www.camping-calypso.com\/parque-acuatico\/"},"modified":"2025-12-22T15:36:31","modified_gmt":"2025-12-22T14:36:31","slug":"parque-acuatico","status":"publish","type":"page","link":"https:\/\/www.camping-calypso.com\/es\/parque-acuatico\/","title":{"rendered":"Parque acu\u00e1tico"},"content":{"rendered":"\n<div class=\"wp-block-cover alignfull is-light\"><span aria-hidden=\"true\" class=\"wp-block-cover__gradient-background has-background-dim\"><\/span><img loading=\"lazy\" width=\"2560\" height=\"1920\" class=\"wp-block-cover__image-background wp-image-6014\" alt=\"Camping Le Calypso Torreilles Plage\" src=\"https:\/\/www.camping-calypso.com\/wp-content\/uploads\/2024\/02\/DJI_0909-scaled.jpg\" style=\"object-position:49% 33%\" data-object-fit=\"cover\" data-object-position=\"49% 33%\" srcset=\"https:\/\/www.camping-calypso.com\/wp-content\/uploads\/2024\/02\/DJI_0909-scaled.jpg 2560w, https:\/\/www.camping-calypso.com\/wp-content\/uploads\/2024\/02\/DJI_0909-300x225.jpg 300w, https:\/\/www.camping-calypso.com\/wp-content\/uploads\/2024\/02\/DJI_0909-1024x768.jpg 1024w, https:\/\/www.camping-calypso.com\/wp-content\/uploads\/2024\/02\/DJI_0909-768x576.jpg 768w, https:\/\/www.camping-calypso.com\/wp-content\/uploads\/2024\/02\/DJI_0909-1536x1152.jpg 1536w, https:\/\/www.camping-calypso.com\/wp-content\/uploads\/2024\/02\/DJI_0909-2048x1536.jpg 2048w\" sizes=\"(max-width: 2560px) 100vw, 2560px\" \/><div class=\"wp-block-cover__inner-container\">\n<p class=\"has-text-align-center has-large-font-size\"><\/p>\n<\/div><\/div>\n\n\n\n<div class=\"wp-block-columns\" id=\"piscine\">\n<div class=\"wp-block-column\">\n<h1 class=\"has-text-align-left\" id=\"camping-a-toreilles-5-etoiles-a-500-m-de-la-plage\">Camping cerca de Perpi\u00f1\u00e1n con parque acu\u00e1tico <em>Un espacio acu\u00e1tico climatizado de 3000 m\u00b2<\/em><\/h1>\n\n\n\n<p><a href=\"https:\/\/www.camping-calypso.com\/es\/\" data-type=\"page\" data-id=\"5\">El camping Le Calypso en Torreilles Plage<\/a> le abre sus puertas para que pase unas vacaciones de \u00e9xito en familia o entre amigos. Qu\u00e9 hay m\u00e1s agradable cuando se va de vacaciones al <strong>sur de Francia<\/strong> que poder combinar la alegr\u00eda de las playas de arena fina con el atractivo de unas magn\u00edficas piscinas en las que zambullirse de cabeza. Para su mayor placer, Calypso le ofrece un espacio acu\u00e1tico excepcional: un aut\u00e9ntico parque para adultos y ni\u00f1os de todas las edades.<\/p>\n\n\n\n<div class=\"wp-block-group lire-plus-pc\"><div class=\"wp-block-group__inner-container\">\n<p>Seguir leyendo<\/p>\n\n\n\n<div class=\"wp-container-69f20b925f74a wp-block-group\"><div class=\"wp-block-group__inner-container\">\n<p>Un total de <strong>3.000 m\u00b2 abiertos y con calefacci\u00f3n de abril a septiembre<\/strong>. Al acogerle en nuestro camping de 5 estrellas cerca de <a href=\"https:\/\/www.camping-calypso.com\/es\/alentours\/que-ver-y-hacer-en-un-camping-en-perpinan\/\" data-type=\"alentours\" data-id=\"1024\">Perpi\u00f1\u00e1n<\/a>, nuestro principal objetivo es que pueda relajarse y disfrutar de <strong>su verano en los Pirineos Orientales<\/strong>. Por lo tanto, era justo que le ofreci\u00e9ramos este servicio, que es probablemente el m\u00e1s popular entre nuestros veraneantes. En el coraz\u00f3n de nuestro <a href=\"https:\/\/www.camping-calypso.com\/es\/servicios\/\" data-type=\"page\" data-id=\"569\">camping 5 estrellas de Torreilles<\/a>, tambi\u00e9n podr\u00e1 beneficiarse de numerosos servicios de calidad que complementan el magn\u00edfico parque acu\u00e1tico.<\/p>\n<\/div><\/div>\n<\/div><\/div>\n\n\n\n<div class=\"wp-block-group encart-information\"><div class=\"wp-block-group__inner-container\">\n<p>Porque usted se merece mucho m\u00e1s que una piscina, le ofrecemos un aut\u00e9ntico complejo acu\u00e1tico de 3000 m\u00b2 con m\u00faltiples placeres y posibilidades.<\/p>\n<\/div><\/div>\n\n\n\n<div class=\"wp-container-69f20b925faa6 wp-block-buttons\">\n<div class=\"wp-block-button btn_resa\"><a class=\"wp-block-button__link\">Reserve ahora<\/a><\/div>\n<\/div>\n<\/div>\n\n\n\n<div class=\"wp-block-column\" style=\"flex-basis:52%\" id=\"piscine\">\n<figure class=\"wp-block-image alignfull size-large\"><img loading=\"lazy\" width=\"1024\" height=\"768\" src=\"https:\/\/www.camping-calypso.com\/wp-content\/uploads\/2024\/02\/DJI_0937-1024x768.jpg\" alt=\"Camping Pyr\u00e9n\u00e9es Orientales 5 \u00e9toiles\" class=\"wp-image-6092\" srcset=\"https:\/\/www.camping-calypso.com\/wp-content\/uploads\/2024\/02\/DJI_0937-1024x768.jpg 1024w, https:\/\/www.camping-calypso.com\/wp-content\/uploads\/2024\/02\/DJI_0937-300x225.jpg 300w, https:\/\/www.camping-calypso.com\/wp-content\/uploads\/2024\/02\/DJI_0937-768x576.jpg 768w, https:\/\/www.camping-calypso.com\/wp-content\/uploads\/2024\/02\/DJI_0937-1536x1152.jpg 1536w, https:\/\/www.camping-calypso.com\/wp-content\/uploads\/2024\/02\/DJI_0937-2048x1536.jpg 2048w\" sizes=\"(max-width: 1024px) 100vw, 1024px\" \/><\/figure>\n<\/div>\n<\/div>\n\n\n\n<section class=\"wp-container-69f20b925fe3f wp-block-group alignfull has-noir-background-color has-background\"><div class=\"wp-block-group__inner-container\">\n<h2 class=\"has-text-align-center\" id=\"camping-proche-perpignan-avec-espace-aquatique-et-jacuzzi-pour-toute-la-famille\">Camping cerca de Perpi\u00f1\u00e1n con parque acu\u00e1tico y jacuzzi <em>para toda la familia<\/em><\/h2>\n\n\n\n<p class=\"has-text-align-center\">El <strong>camping Calypso de Torreilles<\/strong> Plage, cerca de Perpi\u00f1\u00e1n, le invita a disfrutar del sol del sur gracias a este parque acu\u00e1tico dedicado a toda la familia. <strong>C\u00f3modamente instalado en nuestras tumbonas<\/strong>, s\u00f3lo tendr\u00e1 que disfrutar del momento, sencillamente. Y en lo que respecta a la nataci\u00f3n, no le faltar\u00e1 donde elegir:<\/p>\n\n\n\n<ul class=\"pictos large centre scroll-mob l-2-mob has-vert-color has-text-color\"><li><i class=\"fas fa-person-sledding\"><\/i>  Pentagliss <em>para competir con otros<\/em><\/li><li><i class=\"fas fa-water-ladder\"><\/i>  Un tobog\u00e1n <em>para divertirse<\/em><\/li><li><i class=\"fas fa-person-swimming\"><\/i>  Una piscina <em>para nadar libremente<\/em><\/li><li><i class=\"fas fa-hot-tub-person\"><\/i>  Un jacuzzi y un solarium <em>para relajarse<\/em><\/li><li><i class=\"fas fa-water-arrow-down\"><\/i>  Una piscina infantil para <em>los ni\u00f1os<\/em><\/li><\/ul>\n<\/div><\/section>\n\n\n\n<div class=\"wp-block-columns are-vertically-aligned-bottom\">\n<div class=\"wp-block-column is-vertically-aligned-bottom\">\n<h2 class=\"h3\" id=\"emplacements-de-camping-pres-de-perpignan\">Un espacio acu\u00e1tico <em>para todos<\/em><\/h2>\n\n\n\n<p>En el coraz\u00f3n de nuestro <a href=\"https:\/\/www.camping-calypso.com\/es\/seaside\/\" data-type=\"page\" data-id=\"989\">camping junto al mar, cerca de Perpi\u00f1\u00e1n<\/a>, los m\u00e1s peque\u00f1os dispondr\u00e1n de una gran piscina infantil, con numerosos y divertidos juegos acu\u00e1ticos como :<\/p>\n\n\n\n<ul class=\"pictos l-2-mob\"><li><i class=\"fas fa-trees\"><\/i>  Tobog\u00e1n de cocodrilo, mono y tortuga&#8230;<\/li><li><i class=\"fas fa-sun-haze\"><\/i>  Barriles peque\u00f1os y grandes<\/li><li><i class=\"fas fa-child\"><\/i>  Columpios<\/li><li><i class=\"fas fa-tank-water\"><\/i>  Torre de agua<\/li><\/ul>\n<\/div>\n\n\n\n<div class=\"wp-block-column is-vertically-aligned-bottom\" style=\"flex-basis:67%\">\n<figure class=\"wp-block-gallery has-nested-images columns-default is-cropped diaporama--2 align\">\n<figure class=\"wp-block-image size-large\"><img loading=\"lazy\" width=\"1024\" height=\"681\" src=\"https:\/\/www.camping-calypso.com\/wp-content\/uploads\/2024\/02\/toboggans-piscine-2-1024x681.jpg\" alt=\"Pyr\u00e9n\u00e9es orientales 5 \u00e9toiles bord de mer\" class=\"wp-image-6105\" srcset=\"https:\/\/www.camping-calypso.com\/wp-content\/uploads\/2024\/02\/toboggans-piscine-2-1024x681.jpg 1024w, https:\/\/www.camping-calypso.com\/wp-content\/uploads\/2024\/02\/toboggans-piscine-2-300x200.jpg 300w, https:\/\/www.camping-calypso.com\/wp-content\/uploads\/2024\/02\/toboggans-piscine-2-768x511.jpg 768w, https:\/\/www.camping-calypso.com\/wp-content\/uploads\/2024\/02\/toboggans-piscine-2-1536x1022.jpg 1536w, https:\/\/www.camping-calypso.com\/wp-content\/uploads\/2024\/02\/toboggans-piscine-2-2048x1363.jpg 2048w\" sizes=\"(max-width: 1024px) 100vw, 1024px\" \/><\/figure>\n\n\n\n<figure class=\"wp-block-image size-large\"><img loading=\"lazy\" width=\"1024\" height=\"853\" src=\"https:\/\/www.camping-calypso.com\/wp-content\/uploads\/2023\/02\/Sans-titre-51-1024x853.png\" alt=\"\" class=\"wp-image-1898\" srcset=\"https:\/\/www.camping-calypso.com\/wp-content\/uploads\/2023\/02\/Sans-titre-51-1024x853.png 1024w, https:\/\/www.camping-calypso.com\/wp-content\/uploads\/2023\/02\/Sans-titre-51-300x250.png 300w, https:\/\/www.camping-calypso.com\/wp-content\/uploads\/2023\/02\/Sans-titre-51-768x640.png 768w, https:\/\/www.camping-calypso.com\/wp-content\/uploads\/2023\/02\/Sans-titre-51.png 1080w\" sizes=\"(max-width: 1024px) 100vw, 1024px\" \/><\/figure>\n\n\n\n<figure class=\"wp-block-image size-large\"><img loading=\"lazy\" width=\"1024\" height=\"681\" src=\"https:\/\/www.camping-calypso.com\/wp-content\/uploads\/2023\/02\/pataugeoire-enfant-1024x681.jpg\" alt=\"\" class=\"wp-image-1870\" srcset=\"https:\/\/www.camping-calypso.com\/wp-content\/uploads\/2023\/02\/pataugeoire-enfant-1024x681.jpg 1024w, https:\/\/www.camping-calypso.com\/wp-content\/uploads\/2023\/02\/pataugeoire-enfant-300x200.jpg 300w, https:\/\/www.camping-calypso.com\/wp-content\/uploads\/2023\/02\/pataugeoire-enfant-768x511.jpg 768w, https:\/\/www.camping-calypso.com\/wp-content\/uploads\/2023\/02\/pataugeoire-enfant-1536x1022.jpg 1536w, https:\/\/www.camping-calypso.com\/wp-content\/uploads\/2023\/02\/pataugeoire-enfant-2048x1363.jpg 2048w\" sizes=\"(max-width: 1024px) 100vw, 1024px\" \/><\/figure>\n\n\n\n<figure class=\"wp-block-image size-large\"><img loading=\"lazy\" width=\"1024\" height=\"853\" src=\"https:\/\/www.camping-calypso.com\/wp-content\/uploads\/2023\/02\/Sans-titre-52-1024x853.png\" alt=\"\" class=\"wp-image-1902\" srcset=\"https:\/\/www.camping-calypso.com\/wp-content\/uploads\/2023\/02\/Sans-titre-52-1024x853.png 1024w, https:\/\/www.camping-calypso.com\/wp-content\/uploads\/2023\/02\/Sans-titre-52-300x250.png 300w, https:\/\/www.camping-calypso.com\/wp-content\/uploads\/2023\/02\/Sans-titre-52-768x640.png 768w, https:\/\/www.camping-calypso.com\/wp-content\/uploads\/2023\/02\/Sans-titre-52.png 1080w\" sizes=\"(max-width: 1024px) 100vw, 1024px\" \/><\/figure>\n\n\n\n<figure class=\"wp-block-image size-large\"><img loading=\"lazy\" width=\"1024\" height=\"681\" src=\"https:\/\/www.camping-calypso.com\/wp-content\/uploads\/2023\/02\/enfants-pataugeoire-1-1024x681.jpg\" alt=\"\" class=\"wp-image-1906\" srcset=\"https:\/\/www.camping-calypso.com\/wp-content\/uploads\/2023\/02\/enfants-pataugeoire-1-1024x681.jpg 1024w, https:\/\/www.camping-calypso.com\/wp-content\/uploads\/2023\/02\/enfants-pataugeoire-1-300x200.jpg 300w, https:\/\/www.camping-calypso.com\/wp-content\/uploads\/2023\/02\/enfants-pataugeoire-1-768x511.jpg 768w, https:\/\/www.camping-calypso.com\/wp-content\/uploads\/2023\/02\/enfants-pataugeoire-1-1536x1022.jpg 1536w, https:\/\/www.camping-calypso.com\/wp-content\/uploads\/2023\/02\/enfants-pataugeoire-1-2048x1363.jpg 2048w\" sizes=\"(max-width: 1024px) 100vw, 1024px\" \/><\/figure>\n\n\n\n<figure class=\"wp-block-image size-large\"><img loading=\"lazy\" width=\"1024\" height=\"681\" src=\"https:\/\/www.camping-calypso.com\/wp-content\/uploads\/2023\/02\/enfant-pataugeoire-1024x681.jpg\" alt=\"\" class=\"wp-image-1842\" srcset=\"https:\/\/www.camping-calypso.com\/wp-content\/uploads\/2023\/02\/enfant-pataugeoire-1024x681.jpg 1024w, https:\/\/www.camping-calypso.com\/wp-content\/uploads\/2023\/02\/enfant-pataugeoire-300x200.jpg 300w, https:\/\/www.camping-calypso.com\/wp-content\/uploads\/2023\/02\/enfant-pataugeoire-768x511.jpg 768w, https:\/\/www.camping-calypso.com\/wp-content\/uploads\/2023\/02\/enfant-pataugeoire-1536x1022.jpg 1536w, https:\/\/www.camping-calypso.com\/wp-content\/uploads\/2023\/02\/enfant-pataugeoire-2048x1363.jpg 2048w\" sizes=\"(max-width: 1024px) 100vw, 1024px\" \/><\/figure>\n<\/figure>\n<\/div>\n<\/div>\n\n\n\n<div class=\"wp-block-columns alignfull reverse-mob has-bleu-background-color has-background\">\n<div class=\"wp-block-column\" style=\"flex-basis:48%\">\n<figure class=\"wp-block-gallery alignfull has-nested-images columns-default is-cropped grid-3 diaporama-mob\">\n<figure class=\"wp-block-image size-large\"><img loading=\"lazy\" width=\"1024\" height=\"768\" src=\"https:\/\/www.camping-calypso.com\/wp-content\/uploads\/2024\/02\/DJI_0926-1024x768.jpg\" alt=\"Camping 5 \u00e9toiles pyr\u00e9n\u00e9es orientales bord de mer\" class=\"wp-image-6101\" srcset=\"https:\/\/www.camping-calypso.com\/wp-content\/uploads\/2024\/02\/DJI_0926-1024x768.jpg 1024w, https:\/\/www.camping-calypso.com\/wp-content\/uploads\/2024\/02\/DJI_0926-300x225.jpg 300w, https:\/\/www.camping-calypso.com\/wp-content\/uploads\/2024\/02\/DJI_0926-768x576.jpg 768w, https:\/\/www.camping-calypso.com\/wp-content\/uploads\/2024\/02\/DJI_0926-1536x1152.jpg 1536w, https:\/\/www.camping-calypso.com\/wp-content\/uploads\/2024\/02\/DJI_0926-2048x1536.jpg 2048w\" sizes=\"(max-width: 1024px) 100vw, 1024px\" \/><\/figure>\n\n\n\n<figure class=\"wp-block-image size-large\"><img loading=\"lazy\" width=\"1024\" height=\"681\" src=\"https:\/\/www.camping-calypso.com\/wp-content\/uploads\/2023\/02\/pataugeoire-jeux-enfants-1024x681.jpg\" alt=\"\" class=\"wp-image-1878\" srcset=\"https:\/\/www.camping-calypso.com\/wp-content\/uploads\/2023\/02\/pataugeoire-jeux-enfants-1024x681.jpg 1024w, https:\/\/www.camping-calypso.com\/wp-content\/uploads\/2023\/02\/pataugeoire-jeux-enfants-300x200.jpg 300w, https:\/\/www.camping-calypso.com\/wp-content\/uploads\/2023\/02\/pataugeoire-jeux-enfants-768x511.jpg 768w, https:\/\/www.camping-calypso.com\/wp-content\/uploads\/2023\/02\/pataugeoire-jeux-enfants-1536x1022.jpg 1536w, https:\/\/www.camping-calypso.com\/wp-content\/uploads\/2023\/02\/pataugeoire-jeux-enfants-2048x1363.jpg 2048w\" sizes=\"(max-width: 1024px) 100vw, 1024px\" \/><\/figure>\n\n\n\n<figure class=\"wp-block-image size-large\"><img loading=\"lazy\" width=\"1024\" height=\"768\" src=\"https:\/\/www.camping-calypso.com\/wp-content\/uploads\/2024\/02\/DJI_0911-1024x768.jpg\" alt=\"Camping Le Calypso Torreilles-Plage\" class=\"wp-image-6084\" srcset=\"https:\/\/www.camping-calypso.com\/wp-content\/uploads\/2024\/02\/DJI_0911-1024x768.jpg 1024w, https:\/\/www.camping-calypso.com\/wp-content\/uploads\/2024\/02\/DJI_0911-300x225.jpg 300w, https:\/\/www.camping-calypso.com\/wp-content\/uploads\/2024\/02\/DJI_0911-768x576.jpg 768w, https:\/\/www.camping-calypso.com\/wp-content\/uploads\/2024\/02\/DJI_0911-1536x1152.jpg 1536w, https:\/\/www.camping-calypso.com\/wp-content\/uploads\/2024\/02\/DJI_0911-2048x1536.jpg 2048w\" sizes=\"(max-width: 1024px) 100vw, 1024px\" \/><\/figure>\n\n\n\n<figure class=\"wp-block-image size-full\"><img loading=\"lazy\" width=\"1024\" height=\"682\" src=\"https:\/\/www.camping-calypso.com\/wp-content\/uploads\/2023\/01\/jaux-pataugeoire-1024x682-1.jpg\" alt=\"\" class=\"wp-image-892\" srcset=\"https:\/\/www.camping-calypso.com\/wp-content\/uploads\/2023\/01\/jaux-pataugeoire-1024x682-1.jpg 1024w, https:\/\/www.camping-calypso.com\/wp-content\/uploads\/2023\/01\/jaux-pataugeoire-1024x682-1-300x200.jpg 300w, https:\/\/www.camping-calypso.com\/wp-content\/uploads\/2023\/01\/jaux-pataugeoire-1024x682-1-768x512.jpg 768w\" sizes=\"(max-width: 1024px) 100vw, 1024px\" \/><\/figure>\n\n\n\n<figure class=\"wp-block-image size-large\"><img loading=\"lazy\" width=\"1024\" height=\"768\" src=\"https:\/\/www.camping-calypso.com\/wp-content\/uploads\/2024\/02\/DJI_0915-1024x768.jpg\" alt=\"Piscine chauff\u00e9e camping 5 \u00e9toiles Torreilles-Plage\" class=\"wp-image-6088\" srcset=\"https:\/\/www.camping-calypso.com\/wp-content\/uploads\/2024\/02\/DJI_0915-1024x768.jpg 1024w, https:\/\/www.camping-calypso.com\/wp-content\/uploads\/2024\/02\/DJI_0915-300x225.jpg 300w, https:\/\/www.camping-calypso.com\/wp-content\/uploads\/2024\/02\/DJI_0915-768x576.jpg 768w, https:\/\/www.camping-calypso.com\/wp-content\/uploads\/2024\/02\/DJI_0915-1536x1152.jpg 1536w, https:\/\/www.camping-calypso.com\/wp-content\/uploads\/2024\/02\/DJI_0915-2048x1536.jpg 2048w\" sizes=\"(max-width: 1024px) 100vw, 1024px\" \/><\/figure>\n\n\n\n<figure class=\"wp-block-image size-full\"><img loading=\"lazy\" width=\"1024\" height=\"682\" src=\"https:\/\/www.camping-calypso.com\/wp-content\/uploads\/2023\/01\/pataugeoire-enfants-1024x682-1.jpg\" alt=\"\" class=\"wp-image-876\" srcset=\"https:\/\/www.camping-calypso.com\/wp-content\/uploads\/2023\/01\/pataugeoire-enfants-1024x682-1.jpg 1024w, https:\/\/www.camping-calypso.com\/wp-content\/uploads\/2023\/01\/pataugeoire-enfants-1024x682-1-300x200.jpg 300w, https:\/\/www.camping-calypso.com\/wp-content\/uploads\/2023\/01\/pataugeoire-enfants-1024x682-1-768x512.jpg 768w\" sizes=\"(max-width: 1024px) 100vw, 1024px\" \/><\/figure>\n<\/figure>\n<\/div>\n\n\n\n<div class=\"wp-block-column\">\n<h3 id=\"emplacements-de-camping-pres-de-perpignan\">Elija un camping familiar con parque acu\u00e1tico <em>\n  <em>en los Pirineos Orientales<\/em>\n<\/em><\/h3>\n\n\n\n<p>Estamos especialmente orgullosos de nuestra zona de juegos acu\u00e1ticos para los m\u00e1s peque\u00f1os, porque sabemos lo mucho que aprecian este tipo de infraestructuras.  <\/p>\n\n\n\n<div class=\"wp-block-group lire-plus-mobile\"><div class=\"wp-block-group__inner-container\">\n<p>Seguir leyendo<\/p>\n\n\n\n<div class=\"wp-container-69f20b9260458 wp-block-group\"><div class=\"wp-block-group__inner-container\">\n<p>Es un verdadero peque\u00f1o para\u00edso para los m\u00e1s peque\u00f1os, pero tambi\u00e9n para los mayores que pueden disfrutar de momentos de relax en nuestro jacuzzi y solarium. Elegir un <strong>camping familiar en los Pirineos Orientales<\/strong> con parque acu\u00e1tico es una garant\u00eda para complacer todos los gustos en una regi\u00f3n donde se vive bien. Podr\u00e1 disfrutar de los numerosos d\u00edas pasados en el camping para pasar unas agradables vacaciones en familia. Tambi\u00e9n podr\u00e1 aprovechar esta hermosa zona durante las <a href=\"https:\/\/www.camping-calypso.com\/es\/animaciones\/\" data-type=\"page\" data-id=\"565\">numerosas actividades y animaciones<\/a> que le ofrecemos durante su estancia en <strong>nuestro camping 5 estrellas de Torreilles<\/strong>.<\/p>\n<\/div><\/div>\n<\/div><\/div>\n\n\n\n<div class=\"wp-container-69f20b9260744 wp-block-buttons\">\n<div class=\"wp-block-button btn_resa\"><a class=\"wp-block-button__link\">Reserve ahora<\/a><\/div>\n<\/div>\n<\/div>\n<\/div>\n","protected":false},"excerpt":{"rendered":"<p>Camping cerca de Perpi\u00f1\u00e1n con parque acu\u00e1tico Un espacio acu\u00e1tico climatizado de 3000 m\u00b2 El camping Le Calypso en Torreilles Plage le abre sus puertas para que pase unas vacaciones de \u00e9xito en familia o entre amigos. Qu\u00e9 hay m\u00e1s agradable cuando se va de vacaciones al sur de Francia que poder combinar la alegr\u00eda [&hellip;]<\/p>\n","protected":false},"author":1,"featured_media":2817,"parent":0,"menu_order":0,"comment_status":"closed","ping_status":"closed","template":"","meta":[],"acf":[],"yoast_head":"<!-- This site is optimized with the Yoast SEO plugin v18.8 - https:\/\/yoast.com\/wordpress\/plugins\/seo\/ -->\n<title>Parque acu\u00e1tico - Camping Calypso<\/title>\n<meta name=\"robots\" content=\"index, follow, max-snippet:-1, max-image-preview:large, max-video-preview:-1\" \/>\n<link rel=\"canonical\" href=\"https:\/\/www.camping-calypso.com\/es\/parque-acuatico\/\" \/>\n<meta property=\"og:locale\" content=\"es_ES\" \/>\n<meta property=\"og:type\" content=\"article\" \/>\n<meta property=\"og:title\" content=\"Parque acu\u00e1tico - Camping Calypso\" \/>\n<meta property=\"og:description\" content=\"Camping cerca de Perpi\u00f1\u00e1n con parque acu\u00e1tico Un espacio acu\u00e1tico climatizado de 3000 m\u00b2 El camping Le Calypso en Torreilles Plage le abre sus puertas para que pase unas vacaciones de \u00e9xito en familia o entre amigos. Qu\u00e9 hay m\u00e1s agradable cuando se va de vacaciones al sur de Francia que poder combinar la alegr\u00eda [&hellip;]\" \/>\n<meta property=\"og:url\" content=\"https:\/\/www.camping-calypso.com\/es\/parque-acuatico\/\" \/>\n<meta property=\"og:site_name\" content=\"Camping Calypso\" \/>\n<meta property=\"article:modified_time\" content=\"2025-12-22T14:36:31+00:00\" \/>\n<meta property=\"og:image\" content=\"https:\/\/www.camping-calypso.com\/wp-content\/uploads\/2023\/03\/calypso-video-piscine.jpg\" \/>\n\t<meta property=\"og:image:width\" content=\"1220\" \/>\n\t<meta property=\"og:image:height\" content=\"646\" \/>\n\t<meta property=\"og:image:type\" content=\"image\/jpeg\" \/>\n<meta name=\"twitter:card\" content=\"summary_large_image\" \/>\n<meta name=\"twitter:label1\" content=\"Est. reading time\" \/>\n\t<meta name=\"twitter:data1\" content=\"6 minutos\" \/>\n<script type=\"application\/ld+json\" class=\"yoast-schema-graph\">{\"@context\":\"https:\/\/schema.org\",\"@graph\":[{\"@type\":\"WebSite\",\"@id\":\"https:\/\/www.camping-calypso.com\/#website\",\"url\":\"https:\/\/www.camping-calypso.com\/\",\"name\":\"Camping Calypso\",\"description\":\"Camping 5 \u00e9toiles \u00e0 Toreilles Plage (66)\",\"potentialAction\":[{\"@type\":\"SearchAction\",\"target\":{\"@type\":\"EntryPoint\",\"urlTemplate\":\"https:\/\/www.camping-calypso.com\/?s={search_term_string}\"},\"query-input\":\"required name=search_term_string\"}],\"inLanguage\":\"es\"},{\"@type\":\"ImageObject\",\"inLanguage\":\"es\",\"@id\":\"https:\/\/www.camping-calypso.com\/es\/parque-acuatico\/#primaryimage\",\"url\":\"https:\/\/www.camping-calypso.com\/wp-content\/uploads\/2023\/03\/calypso-video-piscine.jpg\",\"contentUrl\":\"https:\/\/www.camping-calypso.com\/wp-content\/uploads\/2023\/03\/calypso-video-piscine.jpg\",\"width\":1220,\"height\":646,\"caption\":\"parc aquatique perpignan\"},{\"@type\":\"WebPage\",\"@id\":\"https:\/\/www.camping-calypso.com\/es\/parque-acuatico\/#webpage\",\"url\":\"https:\/\/www.camping-calypso.com\/es\/parque-acuatico\/\",\"name\":\"Parque acu\u00e1tico - Camping Calypso\",\"isPartOf\":{\"@id\":\"https:\/\/www.camping-calypso.com\/#website\"},\"primaryImageOfPage\":{\"@id\":\"https:\/\/www.camping-calypso.com\/es\/parque-acuatico\/#primaryimage\"},\"datePublished\":\"2023-01-19T11:13:57+00:00\",\"dateModified\":\"2025-12-22T14:36:31+00:00\",\"breadcrumb\":{\"@id\":\"https:\/\/www.camping-calypso.com\/es\/parque-acuatico\/#breadcrumb\"},\"inLanguage\":\"es\",\"potentialAction\":[{\"@type\":\"ReadAction\",\"target\":[\"https:\/\/www.camping-calypso.com\/es\/parque-acuatico\/\"]}]},{\"@type\":\"BreadcrumbList\",\"@id\":\"https:\/\/www.camping-calypso.com\/es\/parque-acuatico\/#breadcrumb\",\"itemListElement\":[{\"@type\":\"ListItem\",\"position\":1,\"name\":\"Camping Torreilles\",\"item\":\"https:\/\/www.camping-calypso.com\/es\/\"},{\"@type\":\"ListItem\",\"position\":2,\"name\":\"Parque acu\u00e1tico\"}]}]}<\/script>\n<!-- \/ Yoast SEO plugin. -->","yoast_head_json":{"title":"Parque acu\u00e1tico - Camping Calypso","robots":{"index":"index","follow":"follow","max-snippet":"max-snippet:-1","max-image-preview":"max-image-preview:large","max-video-preview":"max-video-preview:-1"},"canonical":"https:\/\/www.camping-calypso.com\/es\/parque-acuatico\/","og_locale":"es_ES","og_type":"article","og_title":"Parque acu\u00e1tico - Camping Calypso","og_description":"Camping cerca de Perpi\u00f1\u00e1n con parque acu\u00e1tico Un espacio acu\u00e1tico climatizado de 3000 m\u00b2 El camping Le Calypso en Torreilles Plage le abre sus puertas para que pase unas vacaciones de \u00e9xito en familia o entre amigos. Qu\u00e9 hay m\u00e1s agradable cuando se va de vacaciones al sur de Francia que poder combinar la alegr\u00eda [&hellip;]","og_url":"https:\/\/www.camping-calypso.com\/es\/parque-acuatico\/","og_site_name":"Camping Calypso","article_modified_time":"2025-12-22T14:36:31+00:00","og_image":[{"width":1220,"height":646,"url":"https:\/\/www.camping-calypso.com\/wp-content\/uploads\/2023\/03\/calypso-video-piscine.jpg","type":"image\/jpeg"}],"twitter_card":"summary_large_image","twitter_misc":{"Est. reading time":"6 minutos"},"schema":{"@context":"https:\/\/schema.org","@graph":[{"@type":"WebSite","@id":"https:\/\/www.camping-calypso.com\/#website","url":"https:\/\/www.camping-calypso.com\/","name":"Camping Calypso","description":"Camping 5 \u00e9toiles \u00e0 Toreilles Plage (66)","potentialAction":[{"@type":"SearchAction","target":{"@type":"EntryPoint","urlTemplate":"https:\/\/www.camping-calypso.com\/?s={search_term_string}"},"query-input":"required name=search_term_string"}],"inLanguage":"es"},{"@type":"ImageObject","inLanguage":"es","@id":"https:\/\/www.camping-calypso.com\/es\/parque-acuatico\/#primaryimage","url":"https:\/\/www.camping-calypso.com\/wp-content\/uploads\/2023\/03\/calypso-video-piscine.jpg","contentUrl":"https:\/\/www.camping-calypso.com\/wp-content\/uploads\/2023\/03\/calypso-video-piscine.jpg","width":1220,"height":646,"caption":"parc aquatique perpignan"},{"@type":"WebPage","@id":"https:\/\/www.camping-calypso.com\/es\/parque-acuatico\/#webpage","url":"https:\/\/www.camping-calypso.com\/es\/parque-acuatico\/","name":"Parque acu\u00e1tico - Camping Calypso","isPartOf":{"@id":"https:\/\/www.camping-calypso.com\/#website"},"primaryImageOfPage":{"@id":"https:\/\/www.camping-calypso.com\/es\/parque-acuatico\/#primaryimage"},"datePublished":"2023-01-19T11:13:57+00:00","dateModified":"2025-12-22T14:36:31+00:00","breadcrumb":{"@id":"https:\/\/www.camping-calypso.com\/es\/parque-acuatico\/#breadcrumb"},"inLanguage":"es","potentialAction":[{"@type":"ReadAction","target":["https:\/\/www.camping-calypso.com\/es\/parque-acuatico\/"]}]},{"@type":"BreadcrumbList","@id":"https:\/\/www.camping-calypso.com\/es\/parque-acuatico\/#breadcrumb","itemListElement":[{"@type":"ListItem","position":1,"name":"Camping Torreilles","item":"https:\/\/www.camping-calypso.com\/es\/"},{"@type":"ListItem","position":2,"name":"Parque acu\u00e1tico"}]}]}},"_links":{"self":[{"href":"https:\/\/www.camping-calypso.com\/es\/wp-json\/wp\/v2\/pages\/2456"}],"collection":[{"href":"https:\/\/www.camping-calypso.com\/es\/wp-json\/wp\/v2\/pages"}],"about":[{"href":"https:\/\/www.camping-calypso.com\/es\/wp-json\/wp\/v2\/types\/page"}],"author":[{"embeddable":true,"href":"https:\/\/www.camping-calypso.com\/es\/wp-json\/wp\/v2\/users\/1"}],"replies":[{"embeddable":true,"href":"https:\/\/www.camping-calypso.com\/es\/wp-json\/wp\/v2\/comments?post=2456"}],"version-history":[{"count":6,"href":"https:\/\/www.camping-calypso.com\/es\/wp-json\/wp\/v2\/pages\/2456\/revisions"}],"predecessor-version":[{"id":9688,"href":"https:\/\/www.camping-calypso.com\/es\/wp-json\/wp\/v2\/pages\/2456\/revisions\/9688"}],"wp:featuredmedia":[{"embeddable":true,"href":"https:\/\/www.camping-calypso.com\/es\/wp-json\/wp\/v2\/media\/2817"}],"wp:attachment":[{"href":"https:\/\/www.camping-calypso.com\/es\/wp-json\/wp\/v2\/media?parent=2456"}],"curies":[{"name":"wp","href":"https:\/\/api.w.org\/{rel}","templated":true}]}}