{"id":2443,"date":"2023-03-02T12:20:52","date_gmt":"2023-03-02T11:20:52","guid":{"rendered":"https:\/\/www.camping-calypso.com\/las-excursiones-mas-bonitas-de-los-pirineos-orientales\/"},"modified":"2023-03-07T10:41:47","modified_gmt":"2023-03-07T09:41:47","slug":"las-excursiones-mas-bonitas-de-los-pirineos-orientales","status":"publish","type":"page","link":"https:\/\/www.camping-calypso.com\/es\/las-excursiones-mas-bonitas-de-los-pirineos-orientales\/","title":{"rendered":"Las excursiones m\u00e1s bonitas de los Pirineos Orientales"},"content":{"rendered":"\n<h1 id=\"les-plus-belles-randonnees-a-faire-dans-les-pyrenees-orientales\">Las excursiones m\u00e1s bonitas de los Pirineos Orientales<\/h1>\n\n<p><em>Desde senderos junto al mar hasta paisajes de alta monta\u00f1a, la regi\u00f3n de los Pirineos Orientales ofrece una amplia selecci\u00f3n de paseos. Al\u00f3jese en el Camping Calypso de Torreilles y descubra los Pirineos Orientales. Desde paseos por la costa hasta escaladas al Canig\u00f3, p\u00f3ngase las botas de monta\u00f1a y disfrute de la regi\u00f3n de una forma diferente.<\/em><\/p>\n\n<div style=\"height:20px\" aria-hidden=\"true\" class=\"wp-block-spacer\"><\/div>\n\n<div class=\"wp-block-columns\">\n<div class=\"wp-block-column\" style=\"flex-basis:50%\">\n<h2 class=\"h3\" id=\"grimpez-jusqu-a-la-tour-madeloc-ou-la-tour-de-la-massane\">Subir a la Torre Madeloc o a la Torre Massane<\/h2>\n\n\n\n<p>Saint-Cyprien es un municipio que re\u00fane todos los ingredientes para  <\/p>\n\n\n\n<p>Visite dos atalayas que dominan la costa de Vermeille y disfrute de una vista impresionante del mar y de la regi\u00f3n del Rosell\u00f3n.<br\/>Para llegar a la Torre Madeloc, puedes elegir entre varios caminos. Desde Les Casernes-de-Gauche, se tarda unos 45 minutos a pie en llegar a la cumbre. Este paseo de 4 km (ida y vuelta) es accesible para todos. Hay una ruta m\u00e1s dif\u00edcil desde el Col des Gascons, cerca de Banyuls-sur-Mer, que dura 3 horas.<br\/>Desde la capitan\u00eda del puerto de Collioure, tambi\u00e9n puede disfrutar de un hermoso paseo de 7 horas por un sendero de 15 km.<\/p>\n\n\n\n<p>Para llegar a la Tour de Massane, otra torre medieval, hay varias salidas. Puede partir de Valmy y hacer un bucle de 14 km (5 h a pie), o de Lavall para un recorrido de 6 km, accesible en 3 h.<\/p>\n\n\n\n<blockquote class=\"wp-block-quote\"><p>Nivel: De f\u00e1cil a dif\u00edcil (dependiendo del sendero elegido)<\/p><\/blockquote>\n<\/div>\n\n\n\n<div class=\"wp-block-column\" style=\"flex-basis:50%\">\n<figure class=\"wp-block-image alignwide size-full\"><img loading=\"lazy\" width=\"533\" height=\"799\" src=\"https:\/\/www.camping-calypso.com\/wp-content\/uploads\/2023\/03\/Tour-de-la-Massane.jpg\" alt=\"\" class=\"wp-image-2278\" srcset=\"https:\/\/www.camping-calypso.com\/wp-content\/uploads\/2023\/03\/Tour-de-la-Massane.jpg 533w, https:\/\/www.camping-calypso.com\/wp-content\/uploads\/2023\/03\/Tour-de-la-Massane-200x300.jpg 200w\" sizes=\"(max-width: 533px) 100vw, 533px\" \/><figcaption>Cr\u00e9dito de la foto: <a href=\"https:\/\/visualhunt.co\/a7\/65d3f2ee\">Philippe Garcelon<\/a> en <a href=\"https:\/\/visualhunt.com\/re10\/159da182\">VisualHunt<\/a><\/figcaption><\/figure><\/div>\n<\/div>\n\n<div class=\"wp-block-columns\">\n<div class=\"wp-block-column\" style=\"flex-basis:50%\">\n<figure class=\"wp-block-image alignwide size-full\"><img loading=\"lazy\" width=\"800\" height=\"483\" src=\"https:\/\/www.camping-calypso.com\/wp-content\/uploads\/2023\/03\/Randonnee-au-Pic-Carlit.jpg\" alt=\"\" class=\"wp-image-2284\" srcset=\"https:\/\/www.camping-calypso.com\/wp-content\/uploads\/2023\/03\/Randonnee-au-Pic-Carlit.jpg 800w, https:\/\/www.camping-calypso.com\/wp-content\/uploads\/2023\/03\/Randonnee-au-Pic-Carlit-300x181.jpg 300w, https:\/\/www.camping-calypso.com\/wp-content\/uploads\/2023\/03\/Randonnee-au-Pic-Carlit-768x464.jpg 768w\" sizes=\"(max-width: 800px) 100vw, 800px\" \/><figcaption>Cr\u00e9dito de la foto: <a href=\"https:\/\/visualhunt.co\/a7\/61a052be\">thierry llansades<\/a> en <a href=\"https:\/\/visualhunt.com\/re10\/159da182\">Visualhunt.<\/a>com<\/figcaption><\/figure><\/div>\n\n\n\n<div class=\"wp-block-column\" style=\"flex-basis:50%\">\n<h2 class=\"h3\" id=\"partez-a-la-rencontre-des-etangs-du-mont-carlit\">Descubrir los estanques de Mont Carlit<\/h2>\n\n\n\n<p>Descubra durante esta excursi\u00f3n en un marco monta\u00f1oso extraordinario, nueve estanques de gran altitud, en el coraz\u00f3n del paraje natural de Les Bouillouses. Partiendo del aparcamiento del Lago des Bouillouses, cuente con 2 horas de marcha para completar este circuito.<br\/>Hay una variante de 3,5 horas que recorre los 12 estanques (10 km).<\/p>\n\n\n\n<blockquote class=\"wp-block-quote\"><p>A saber:<br\/>Nivel: f\u00e1cil<br\/>Longitud: 7,6 km<\/p><\/blockquote>\n<\/div>\n<\/div>\n\n<div class=\"wp-block-columns\">\n<div class=\"wp-block-column\" style=\"flex-basis:50%\">\n<h2 class=\"h3\" id=\"baladez-vous-sur-le-sentier-du-littoral\">Pasee por la senda costera<\/h2>\n\n\n\n<p>El sendero costero ofrece un magn\u00edfico panorama de la costa de Vermeille y sus calas preservadas. Con una longitud total de 32 km, este sendero une Argel\u00e8s-sur-Mer con Cerb\u00e8re. Le aconsejamos que recorra los 10 km que separan Argel\u00e8s-sur-Mer de Port-Vendres para descubrir el bonito pueblo de Collioure.<br\/>El sendero es accesible para todos. Ideal para una excursi\u00f3n en familia.<\/p>\n\n\n\n<blockquote class=\"wp-block-quote\"><p>A saber:<br\/>Nivel: f\u00e1cil<br\/>Longitud: 32 km m\u00e1ximo<\/p><\/blockquote>\n<\/div>\n\n\n\n<div class=\"wp-block-column\" style=\"flex-basis:50%\">\n<figure class=\"wp-block-image alignwide size-large\"><img loading=\"lazy\" width=\"1024\" height=\"768\" src=\"https:\/\/www.camping-calypso.com\/wp-content\/uploads\/2023\/01\/op23-DgE-BlRLKUU-unsplash-1024x768.jpg\" alt=\"\" class=\"wp-image-1089\" srcset=\"https:\/\/www.camping-calypso.com\/wp-content\/uploads\/2023\/01\/op23-DgE-BlRLKUU-unsplash-1024x768.jpg 1024w, https:\/\/www.camping-calypso.com\/wp-content\/uploads\/2023\/01\/op23-DgE-BlRLKUU-unsplash-300x225.jpg 300w, https:\/\/www.camping-calypso.com\/wp-content\/uploads\/2023\/01\/op23-DgE-BlRLKUU-unsplash-768x576.jpg 768w, https:\/\/www.camping-calypso.com\/wp-content\/uploads\/2023\/01\/op23-DgE-BlRLKUU-unsplash-1536x1152.jpg 1536w, https:\/\/www.camping-calypso.com\/wp-content\/uploads\/2023\/01\/op23-DgE-BlRLKUU-unsplash-2048x1536.jpg 2048w\" sizes=\"(max-width: 1024px) 100vw, 1024px\" \/><\/figure><\/div>\n<\/div>\n\n<div class=\"wp-block-columns\">\n<div class=\"wp-block-column\" style=\"flex-basis:50%\">\n<figure class=\"wp-block-image alignwide size-full\"><img loading=\"lazy\" width=\"800\" height=\"600\" src=\"https:\/\/www.camping-calypso.com\/wp-content\/uploads\/2023\/03\/Cascade-des-anglais.jpg\" alt=\"\" class=\"wp-image-2296\" srcset=\"https:\/\/www.camping-calypso.com\/wp-content\/uploads\/2023\/03\/Cascade-des-anglais.jpg 800w, https:\/\/www.camping-calypso.com\/wp-content\/uploads\/2023\/03\/Cascade-des-anglais-300x225.jpg 300w, https:\/\/www.camping-calypso.com\/wp-content\/uploads\/2023\/03\/Cascade-des-anglais-768x576.jpg 768w\" sizes=\"(max-width: 800px) 100vw, 800px\" \/><\/figure><\/div>\n\n\n\n<div class=\"wp-block-column\" style=\"flex-basis:50%\">\n<h2 class=\"h3\" id=\"profitez-de-la-fraicheur-de-la-cascade-des-anglais\">Disfrute del frescor de la Cascade des Anglais<\/h2>\n\n\n\n<p>Partiendo de Vernet-les-bains, esta excursi\u00f3n, accesible a los ni\u00f1os, le llevar\u00e1 a descubrir dos cascadas: la de Saint-Vincent y la de los Ingleses. Esta excursi\u00f3n es ideal en verano para disfrutar del clima m\u00e1s fresco. A lo largo de su paseo, le acompa\u00f1ar\u00e1 el r\u00edo de Saint-Vincent.<br\/>Se tarda unas 2,5 horas en ir y volver andando.<\/p>\n\n\n\n<blockquote class=\"wp-block-quote\"><p>A saber:<br\/>Nivel: f\u00e1cil<br\/>Longitud: 6,7 km<br\/>Sendero cerrado de octubre a abril<\/p><\/blockquote>\n<\/div>\n<\/div>\n\n<div class=\"wp-block-columns\">\n<div class=\"wp-block-column\" style=\"flex-basis:50%\">\n<h2 class=\"h3\" id=\"decouvrez-le-decor-magique-des-gorges-de-la-caranca\">Descubra el m\u00e1gico entorno de las gargantas de Caran\u00e7a<\/h2>\n\n\n\n<p>Situadas cerca de Villefranche-de-Conflent, en el pueblo de Thu\u00e8s-Entre-Valls, las gargantas de Caran\u00e7a revelan un entorno rocoso impresionante. Durante esta original caminata, pase por vertiginosas cornisas, un puente colgante o disfrute del frescor del bosque.<br\/>Desde el aparcamiento, hay varios paseos de entre 1 y 5 horas para algunos.<\/p>\n\n\n\n<blockquote class=\"wp-block-quote\"><p>A saber:<br\/>Nivel: medio<br\/>no recomendado para personas con v\u00e9rtigo<br\/>no recomendado para ni\u00f1os peque\u00f1os<br\/>intransitable en un d\u00eda lluvioso<\/p><\/blockquote>\n<\/div>\n\n\n\n<div class=\"wp-block-column\" style=\"flex-basis:50%\">\n<figure class=\"wp-block-image alignwide size-full\"><img loading=\"lazy\" width=\"799\" height=\"509\" src=\"https:\/\/www.camping-calypso.com\/wp-content\/uploads\/2023\/03\/Gorges-de-la-Caranca.jpg\" alt=\"\" class=\"wp-image-2301\" srcset=\"https:\/\/www.camping-calypso.com\/wp-content\/uploads\/2023\/03\/Gorges-de-la-Caranca.jpg 799w, https:\/\/www.camping-calypso.com\/wp-content\/uploads\/2023\/03\/Gorges-de-la-Caranca-300x191.jpg 300w, https:\/\/www.camping-calypso.com\/wp-content\/uploads\/2023\/03\/Gorges-de-la-Caranca-768x489.jpg 768w\" sizes=\"(max-width: 799px) 100vw, 799px\" \/><figcaption>Cr\u00e9dito de la foto: <a href=\"https:\/\/visualhunt.co\/a7\/d2cde5b7\">thierry llansades<\/a> en <a href=\"https:\/\/visualhunt.com\/re10\/159da182\">Visualhunt<\/a><\/figcaption><\/figure><\/div>\n<\/div>\n\n<div class=\"wp-block-columns\">\n<div class=\"wp-block-column\" style=\"flex-basis:50%\">\n<figure class=\"wp-block-image alignwide size-large\"><img loading=\"lazy\" width=\"1024\" height=\"683\" src=\"https:\/\/www.camping-calypso.com\/wp-content\/uploads\/2023\/01\/maxence-bouniort-J3ZvsCRgjm0-unsplash-1024x683.jpg\" alt=\"\" class=\"wp-image-1025\" srcset=\"https:\/\/www.camping-calypso.com\/wp-content\/uploads\/2023\/01\/maxence-bouniort-J3ZvsCRgjm0-unsplash-1024x683.jpg 1024w, https:\/\/www.camping-calypso.com\/wp-content\/uploads\/2023\/01\/maxence-bouniort-J3ZvsCRgjm0-unsplash-300x200.jpg 300w, https:\/\/www.camping-calypso.com\/wp-content\/uploads\/2023\/01\/maxence-bouniort-J3ZvsCRgjm0-unsplash-768x512.jpg 768w, https:\/\/www.camping-calypso.com\/wp-content\/uploads\/2023\/01\/maxence-bouniort-J3ZvsCRgjm0-unsplash-1536x1024.jpg 1536w, https:\/\/www.camping-calypso.com\/wp-content\/uploads\/2023\/01\/maxence-bouniort-J3ZvsCRgjm0-unsplash-2048x1365.jpg 2048w\" sizes=\"(max-width: 1024px) 100vw, 1024px\" \/><\/figure><\/div>\n\n\n\n<div class=\"wp-block-column\">\n<h2 class=\"h3\" id=\"lancez-vous-dans-l-ascension-du-pic-du-canigou\">Escalar el Pic du Canigou<\/h2>\n\n\n\n<p>Al Pic du Canigou (2783 m), considerado la monta\u00f1a sagrada de los catalanes, se llega tras 2 d\u00edas de marcha. El primer d\u00eda, dir\u00edjase a uno de los refugios como Mariailles o Cortalets para pasar la noche. Al d\u00eda siguiente, suba a la cima para disfrutar de una vista m\u00e1gica de los Pirineos.<\/p>\n\n\n\n<blockquote class=\"wp-block-quote\"><p>A saber:<br\/>Nivel: Dif\u00edcil<br\/>Vivac tolerado<\/p><\/blockquote>\n<\/div>\n<\/div>\n\n<p>M\u00e1s informaci\u00f3n sobre el senderismo en los Pirineos Orientales:  <br\/><a rel=\"noreferrer noopener\" href=\"https:\/\/www.tourisme-pyreneesorientales.com\" target=\"_blank\">Turismo Pirineos Orientales<br\/><\/a><a href=\"https:\/\/www.tourisme-canigou.com\/organisez\/voir-faire\/randonnees\" target=\"_blank\" rel=\"noreferrer noopener\">Senderismo en el Canig\u00f3<\/a><\/p>\n","protected":false},"excerpt":{"rendered":"<p>Las excursiones m\u00e1s bonitas de los Pirineos Orientales Desde senderos junto al mar hasta paisajes de alta monta\u00f1a, la regi\u00f3n de los Pirineos Orientales ofrece una amplia selecci\u00f3n de paseos. Al\u00f3jese en el Camping Calypso de Torreilles y descubra los Pirineos Orientales. Desde paseos por la costa hasta escaladas al Canig\u00f3, p\u00f3ngase las botas de [&hellip;]<\/p>\n","protected":false},"author":1,"featured_media":2281,"parent":0,"menu_order":0,"comment_status":"closed","ping_status":"closed","template":"","meta":[],"acf":[],"yoast_head":"<!-- This site is optimized with the Yoast SEO plugin v18.8 - https:\/\/yoast.com\/wordpress\/plugins\/seo\/ -->\n<title>Las excursiones m\u00e1s bonitas de los Pirineos Orientales - Camping Calypso<\/title>\n<meta name=\"robots\" content=\"index, follow, max-snippet:-1, max-image-preview:large, max-video-preview:-1\" \/>\n<link rel=\"canonical\" href=\"https:\/\/www.camping-calypso.com\/es\/las-excursiones-mas-bonitas-de-los-pirineos-orientales\/\" \/>\n<meta property=\"og:locale\" content=\"es_ES\" \/>\n<meta property=\"og:type\" content=\"article\" \/>\n<meta property=\"og:title\" content=\"Las excursiones m\u00e1s bonitas de los Pirineos Orientales - Camping Calypso\" \/>\n<meta property=\"og:description\" content=\"Las excursiones m\u00e1s bonitas de los Pirineos Orientales Desde senderos junto al mar hasta paisajes de alta monta\u00f1a, la regi\u00f3n de los Pirineos Orientales ofrece una amplia selecci\u00f3n de paseos. Al\u00f3jese en el Camping Calypso de Torreilles y descubra los Pirineos Orientales. Desde paseos por la costa hasta escaladas al Canig\u00f3, p\u00f3ngase las botas de [&hellip;]\" \/>\n<meta property=\"og:url\" content=\"https:\/\/www.camping-calypso.com\/es\/las-excursiones-mas-bonitas-de-los-pirineos-orientales\/\" \/>\n<meta property=\"og:site_name\" content=\"Camping Calypso\" \/>\n<meta property=\"article:modified_time\" content=\"2023-03-07T09:41:47+00:00\" \/>\n<meta property=\"og:image\" content=\"https:\/\/www.camping-calypso.com\/wp-content\/uploads\/2023\/03\/Tour-de-la-Massane.jpg\" \/>\n\t<meta property=\"og:image:width\" content=\"533\" \/>\n\t<meta property=\"og:image:height\" content=\"799\" \/>\n\t<meta property=\"og:image:type\" content=\"image\/jpeg\" \/>\n<meta name=\"twitter:card\" content=\"summary_large_image\" \/>\n<meta name=\"twitter:label1\" content=\"Est. reading time\" \/>\n\t<meta name=\"twitter:data1\" content=\"3 minutos\" \/>\n<script type=\"application\/ld+json\" class=\"yoast-schema-graph\">{\"@context\":\"https:\/\/schema.org\",\"@graph\":[{\"@type\":\"WebSite\",\"@id\":\"https:\/\/www.camping-calypso.com\/#website\",\"url\":\"https:\/\/www.camping-calypso.com\/\",\"name\":\"Camping Calypso\",\"description\":\"Camping 5 \u00e9toiles \u00e0 Toreilles Plage (66)\",\"potentialAction\":[{\"@type\":\"SearchAction\",\"target\":{\"@type\":\"EntryPoint\",\"urlTemplate\":\"https:\/\/www.camping-calypso.com\/?s={search_term_string}\"},\"query-input\":\"required name=search_term_string\"}],\"inLanguage\":\"es\"},{\"@type\":\"ImageObject\",\"inLanguage\":\"es\",\"@id\":\"https:\/\/www.camping-calypso.com\/es\/las-excursiones-mas-bonitas-de-los-pirineos-orientales\/#primaryimage\",\"url\":\"https:\/\/www.camping-calypso.com\/wp-content\/uploads\/2023\/03\/Tour-de-la-Massane.jpg\",\"contentUrl\":\"https:\/\/www.camping-calypso.com\/wp-content\/uploads\/2023\/03\/Tour-de-la-Massane.jpg\",\"width\":533,\"height\":799,\"caption\":\"Photo credit: Philippe Garcelon on VisualHunt\"},{\"@type\":\"WebPage\",\"@id\":\"https:\/\/www.camping-calypso.com\/es\/las-excursiones-mas-bonitas-de-los-pirineos-orientales\/#webpage\",\"url\":\"https:\/\/www.camping-calypso.com\/es\/las-excursiones-mas-bonitas-de-los-pirineos-orientales\/\",\"name\":\"Las excursiones m\u00e1s bonitas de los Pirineos Orientales - Camping Calypso\",\"isPartOf\":{\"@id\":\"https:\/\/www.camping-calypso.com\/#website\"},\"primaryImageOfPage\":{\"@id\":\"https:\/\/www.camping-calypso.com\/es\/las-excursiones-mas-bonitas-de-los-pirineos-orientales\/#primaryimage\"},\"datePublished\":\"2023-03-02T11:20:52+00:00\",\"dateModified\":\"2023-03-07T09:41:47+00:00\",\"breadcrumb\":{\"@id\":\"https:\/\/www.camping-calypso.com\/es\/las-excursiones-mas-bonitas-de-los-pirineos-orientales\/#breadcrumb\"},\"inLanguage\":\"es\",\"potentialAction\":[{\"@type\":\"ReadAction\",\"target\":[\"https:\/\/www.camping-calypso.com\/es\/las-excursiones-mas-bonitas-de-los-pirineos-orientales\/\"]}]},{\"@type\":\"BreadcrumbList\",\"@id\":\"https:\/\/www.camping-calypso.com\/es\/las-excursiones-mas-bonitas-de-los-pirineos-orientales\/#breadcrumb\",\"itemListElement\":[{\"@type\":\"ListItem\",\"position\":1,\"name\":\"Camping Torreilles\",\"item\":\"https:\/\/www.camping-calypso.com\/es\/\"},{\"@type\":\"ListItem\",\"position\":2,\"name\":\"Las excursiones m\u00e1s bonitas de los Pirineos Orientales\"}]}]}<\/script>\n<!-- \/ Yoast SEO plugin. -->","yoast_head_json":{"title":"Las excursiones m\u00e1s bonitas de los Pirineos Orientales - Camping Calypso","robots":{"index":"index","follow":"follow","max-snippet":"max-snippet:-1","max-image-preview":"max-image-preview:large","max-video-preview":"max-video-preview:-1"},"canonical":"https:\/\/www.camping-calypso.com\/es\/las-excursiones-mas-bonitas-de-los-pirineos-orientales\/","og_locale":"es_ES","og_type":"article","og_title":"Las excursiones m\u00e1s bonitas de los Pirineos Orientales - Camping Calypso","og_description":"Las excursiones m\u00e1s bonitas de los Pirineos Orientales Desde senderos junto al mar hasta paisajes de alta monta\u00f1a, la regi\u00f3n de los Pirineos Orientales ofrece una amplia selecci\u00f3n de paseos. Al\u00f3jese en el Camping Calypso de Torreilles y descubra los Pirineos Orientales. Desde paseos por la costa hasta escaladas al Canig\u00f3, p\u00f3ngase las botas de [&hellip;]","og_url":"https:\/\/www.camping-calypso.com\/es\/las-excursiones-mas-bonitas-de-los-pirineos-orientales\/","og_site_name":"Camping Calypso","article_modified_time":"2023-03-07T09:41:47+00:00","og_image":[{"width":533,"height":799,"url":"https:\/\/www.camping-calypso.com\/wp-content\/uploads\/2023\/03\/Tour-de-la-Massane.jpg","type":"image\/jpeg"}],"twitter_card":"summary_large_image","twitter_misc":{"Est. reading time":"3 minutos"},"schema":{"@context":"https:\/\/schema.org","@graph":[{"@type":"WebSite","@id":"https:\/\/www.camping-calypso.com\/#website","url":"https:\/\/www.camping-calypso.com\/","name":"Camping Calypso","description":"Camping 5 \u00e9toiles \u00e0 Toreilles Plage (66)","potentialAction":[{"@type":"SearchAction","target":{"@type":"EntryPoint","urlTemplate":"https:\/\/www.camping-calypso.com\/?s={search_term_string}"},"query-input":"required name=search_term_string"}],"inLanguage":"es"},{"@type":"ImageObject","inLanguage":"es","@id":"https:\/\/www.camping-calypso.com\/es\/las-excursiones-mas-bonitas-de-los-pirineos-orientales\/#primaryimage","url":"https:\/\/www.camping-calypso.com\/wp-content\/uploads\/2023\/03\/Tour-de-la-Massane.jpg","contentUrl":"https:\/\/www.camping-calypso.com\/wp-content\/uploads\/2023\/03\/Tour-de-la-Massane.jpg","width":533,"height":799,"caption":"Photo credit: Philippe Garcelon on VisualHunt"},{"@type":"WebPage","@id":"https:\/\/www.camping-calypso.com\/es\/las-excursiones-mas-bonitas-de-los-pirineos-orientales\/#webpage","url":"https:\/\/www.camping-calypso.com\/es\/las-excursiones-mas-bonitas-de-los-pirineos-orientales\/","name":"Las excursiones m\u00e1s bonitas de los Pirineos Orientales - Camping Calypso","isPartOf":{"@id":"https:\/\/www.camping-calypso.com\/#website"},"primaryImageOfPage":{"@id":"https:\/\/www.camping-calypso.com\/es\/las-excursiones-mas-bonitas-de-los-pirineos-orientales\/#primaryimage"},"datePublished":"2023-03-02T11:20:52+00:00","dateModified":"2023-03-07T09:41:47+00:00","breadcrumb":{"@id":"https:\/\/www.camping-calypso.com\/es\/las-excursiones-mas-bonitas-de-los-pirineos-orientales\/#breadcrumb"},"inLanguage":"es","potentialAction":[{"@type":"ReadAction","target":["https:\/\/www.camping-calypso.com\/es\/las-excursiones-mas-bonitas-de-los-pirineos-orientales\/"]}]},{"@type":"BreadcrumbList","@id":"https:\/\/www.camping-calypso.com\/es\/las-excursiones-mas-bonitas-de-los-pirineos-orientales\/#breadcrumb","itemListElement":[{"@type":"ListItem","position":1,"name":"Camping Torreilles","item":"https:\/\/www.camping-calypso.com\/es\/"},{"@type":"ListItem","position":2,"name":"Las excursiones m\u00e1s bonitas de los Pirineos Orientales"}]}]}},"_links":{"self":[{"href":"https:\/\/www.camping-calypso.com\/es\/wp-json\/wp\/v2\/pages\/2443"}],"collection":[{"href":"https:\/\/www.camping-calypso.com\/es\/wp-json\/wp\/v2\/pages"}],"about":[{"href":"https:\/\/www.camping-calypso.com\/es\/wp-json\/wp\/v2\/types\/page"}],"author":[{"embeddable":true,"href":"https:\/\/www.camping-calypso.com\/es\/wp-json\/wp\/v2\/users\/1"}],"replies":[{"embeddable":true,"href":"https:\/\/www.camping-calypso.com\/es\/wp-json\/wp\/v2\/comments?post=2443"}],"version-history":[{"count":1,"href":"https:\/\/www.camping-calypso.com\/es\/wp-json\/wp\/v2\/pages\/2443\/revisions"}],"predecessor-version":[{"id":2444,"href":"https:\/\/www.camping-calypso.com\/es\/wp-json\/wp\/v2\/pages\/2443\/revisions\/2444"}],"wp:featuredmedia":[{"embeddable":true,"href":"https:\/\/www.camping-calypso.com\/es\/wp-json\/wp\/v2\/media\/2281"}],"wp:attachment":[{"href":"https:\/\/www.camping-calypso.com\/es\/wp-json\/wp\/v2\/media?parent=2443"}],"curies":[{"name":"wp","href":"https:\/\/api.w.org\/{rel}","templated":true}]}}