{"id":2405,"date":"2023-02-28T10:23:11","date_gmt":"2023-02-28T09:23:11","guid":{"rendered":"https:\/\/www.camping-calypso.com\/explorar-los-mercados-de-torreilles-y-sus-alrededores\/"},"modified":"2023-03-07T10:39:48","modified_gmt":"2023-03-07T09:39:48","slug":"explorar-los-mercados-de-torreilles-y-sus-alrededores","status":"publish","type":"page","link":"https:\/\/www.camping-calypso.com\/es\/explorar-los-mercados-de-torreilles-y-sus-alrededores\/","title":{"rendered":"Explorar los mercados de Torreilles y sus alrededores"},"content":{"rendered":"\n<div class=\"wp-block-cover alignfull is-light\"><span aria-hidden=\"true\" class=\"wp-block-cover__gradient-background has-background-dim\"><\/span><img loading=\"lazy\" width=\"2560\" height=\"1707\" class=\"wp-block-cover__image-background wp-image-1025\" alt=\"\" src=\"https:\/\/www.camping-calypso.com\/wp-content\/uploads\/2023\/01\/maxence-bouniort-J3ZvsCRgjm0-unsplash-scaled.jpg\" data-object-fit=\"cover\" srcset=\"https:\/\/www.camping-calypso.com\/wp-content\/uploads\/2023\/01\/maxence-bouniort-J3ZvsCRgjm0-unsplash-scaled.jpg 2560w, https:\/\/www.camping-calypso.com\/wp-content\/uploads\/2023\/01\/maxence-bouniort-J3ZvsCRgjm0-unsplash-300x200.jpg 300w, https:\/\/www.camping-calypso.com\/wp-content\/uploads\/2023\/01\/maxence-bouniort-J3ZvsCRgjm0-unsplash-1024x683.jpg 1024w, https:\/\/www.camping-calypso.com\/wp-content\/uploads\/2023\/01\/maxence-bouniort-J3ZvsCRgjm0-unsplash-768x512.jpg 768w, https:\/\/www.camping-calypso.com\/wp-content\/uploads\/2023\/01\/maxence-bouniort-J3ZvsCRgjm0-unsplash-1536x1024.jpg 1536w, https:\/\/www.camping-calypso.com\/wp-content\/uploads\/2023\/01\/maxence-bouniort-J3ZvsCRgjm0-unsplash-2048x1365.jpg 2048w\" sizes=\"(max-width: 2560px) 100vw, 2560px\" \/><div class=\"wp-block-cover__inner-container\">\n<p class=\"has-text-align-center has-large-font-size\"><\/p>\n<\/div><\/div>\n\n<h1 class=\"has-text-align-center\" id=\"camping-a-toreilles-5-etoiles-a-500-m-de-la-plage\">Explorar los mercados <em>de Torreilles y sus alrededores<\/em><\/h1>\n\n<p class=\"has-text-align-center\">Situada en los Pirineos Orientales, la <strong>zona de Torreilles alberga mercados locales ricos en productos frescos y artesan\u00eda<\/strong>, que ofrecen al visitante una experiencia cultural inolvidable. El camping Calypso, a s\u00f3lo 500 metros de la orilla, es el lugar ideal para explorar la belleza de esta zona. Con su combinaci\u00f3n de tierra, mar y una fuerte identidad cultural, la costa de Vermeille le mantendr\u00e1 en vilo.<\/p>\n\n<div class=\"wp-block-columns alignfull has-blanc-background-color has-background\">\n<div class=\"wp-block-column\">\n<h1 id=\"camping-a-toreilles-5-etoiles-a-500-m-de-la-plage\">Los mercados locales de Torreilles<\/h1>\n\n\n\n<p>Los <strong>mercados de Torreilles y sus<\/strong> alrededores son una visita obligada para cualquier visitante de la zona. Est\u00e1n situadas en <strong>los Pirineos Orientales<\/strong>, en el suroeste de Francia. Famosas por su variedad y calidad, son el lugar ideal para descubrir los productos locales y los platos tradicionales de esta regi\u00f3n. Encontrar\u00e1 puestos de comida local, artesan\u00eda, etc.<\/p>\n\n\n\n<p>El mercado de Torreilles, <strong>situado en la plaza Louis Blasi<\/strong>, es perfecto para encontrar recuerdos \u00fanicos, disfrutar de un paseo tranquilo y sumergirse en la cultura local. Puede venir los martes y viernes por la ma\u00f1ana (de 8.00 a 13.00). Est\u00e1 situado en el pueblo, a pocos minutos de la estaci\u00f3n balnearia de <a href=\"https:\/\/www.camping-calypso.com\/es\/alentours\/playa-de-torreilles\/\" data-type=\"alentours\" data-id=\"1049\">Torreilles Plage<\/a>.<\/p>\n\n\n\n<p>Los viernes de verano, el mercado se transforma en un mercado de agricultores con la <strong>etiqueta March\u00e9 de Producteurs de Pays\u00ae<\/strong>, que garantiza a visitantes y lugare\u00f1os la oportunidad de adquirir aut\u00e9nticos productos de calidad de la regi\u00f3n de Occitanie.<\/p>\n\n\n\n<p>Tambi\u00e9n puede aprovechar para probar algunas de las deliciosas especialidades locales, como <strong>casta\u00f1as asadas<\/strong> y pan reci\u00e9n horneado. Con sus coloridos puestos y sus amables vendedores, <strong>los mercados de Torreilles y sus<\/strong> alrededores ofrecen una experiencia \u00fanica y agradable. Los mercados suelen <strong>abrir dos veces por semana<\/strong> e incluyen artesan\u00eda, productos locales y de importaci\u00f3n. Tambi\u00e9n hay puestos de comida donde degustar especialidades locales.<\/p>\n<\/div>\n\n\n\n<div class=\"wp-block-column\" style=\"flex-basis:40%\">\n<figure class=\"wp-block-image alignfull size-full\"><img loading=\"lazy\" width=\"640\" height=\"427\" src=\"https:\/\/www.camping-calypso.com\/wp-content\/uploads\/2023\/02\/confitures-marches-occitanie.jpg\" alt=\"\" class=\"wp-image-2157\" srcset=\"https:\/\/www.camping-calypso.com\/wp-content\/uploads\/2023\/02\/confitures-marches-occitanie.jpg 640w, https:\/\/www.camping-calypso.com\/wp-content\/uploads\/2023\/02\/confitures-marches-occitanie-300x200.jpg 300w\" sizes=\"(max-width: 640px) 100vw, 640px\" \/><\/figure><\/div>\n<\/div>\n\n<div class=\"wp-block-columns alignfull has-bleu-background-color has-background\">\n<div class=\"wp-block-column\" style=\"flex-basis:40%\">\n<figure class=\"wp-block-image alignfull size-full\"><img loading=\"lazy\" width=\"640\" height=\"427\" src=\"https:\/\/www.camping-calypso.com\/wp-content\/uploads\/2023\/02\/chataignes-grillees-marches-pyrenees-orientales.jpg\" alt=\"\" class=\"wp-image-2161\" srcset=\"https:\/\/www.camping-calypso.com\/wp-content\/uploads\/2023\/02\/chataignes-grillees-marches-pyrenees-orientales.jpg 640w, https:\/\/www.camping-calypso.com\/wp-content\/uploads\/2023\/02\/chataignes-grillees-marches-pyrenees-orientales-300x200.jpg 300w\" sizes=\"(max-width: 640px) 100vw, 640px\" \/><\/figure><\/div>\n\n\n\n<div class=\"wp-block-column\">\n<h2 id=\"emplacements-de-camping-pres-de-perpignan\">Los mercados m\u00e1s bonitos <em>de los Pirineos Orientales<\/em><\/h2>\n\n\n\n<p>La regi\u00f3n francesa de los Pirineos Orientales est\u00e1 repleta de animados mercados que le har\u00e1n volver a por m\u00e1s. Hay para todos los gustos, desde el <strong>bullicioso mercado de Perpi\u00f1\u00e1n<\/strong> hasta el hermoso <strong>mercado<\/strong> costero <strong>de Collioure<\/strong>.<\/p>\n\n\n\n<ul><li><strong>El mercado de Cassanyes, en Perpi\u00f1\u00e1n<\/strong>, es el m\u00e1s popular de la ciudad, repleto de productos frescos a precios excepcionales. En este mercado de <a href=\"https:\/\/www.camping-calypso.com\/es\/alentours\/que-ver-y-hacer-en-un-camping-en-perpinan\/\" data-type=\"alentours\" data-id=\"1024\">Perpi\u00f1\u00e1n<\/a>, encontrar\u00e1 una completa selecci\u00f3n de productos locales como aceitunas, frutos secos, charcuter\u00eda, paella, as\u00ed como una gran variedad de restaurantes y caf\u00e9s que ofrecen deliciosa cocina local.<\/li><li><strong>El mercado de Collioure <\/strong>es igualmente impresionante. <a href=\"https:\/\/www.camping-calypso.com\/es\/alentours\/collioure\/\" data-type=\"alentours\" data-id=\"1077\">Collioure<\/a> es famosa por su marisco fresco y ofrece un bello entorno costero.<\/li><li><strong>El mercado semanal de<\/strong> <a href=\"https:\/\/www.camping-calypso.com\/es\/alentours\/argeles-sur-mer\/\" data-type=\"alentours\" data-id=\"1097\">Argel\u00e8s-sur-Mer: Argel\u00e8s-sur-Mer<\/a> es el lugar ideal para comprar especialidades locales como quesos y vinos.<\/li><li>Por \u00faltimo, <strong>el mercado de Saint-Cyprien<\/strong> celebra el terru\u00f1o catal\u00e1n. Tiene un delicioso aroma a mel\u00f3n, pollo a la parrilla y hierbas arom\u00e1ticas. Los puestos ofrecen albaricoques del Rosell\u00f3n, as\u00ed como marisco, crust\u00e1ceos, carne y productos de los agricultores locales.<\/li><\/ul><\/div>\n<\/div>\n\n<div class=\"wp-block-columns\">\n<div class=\"wp-block-column\">\n<h2 class=\"h3\" id=\"quels-sont-les-produits-regionaux-a-retrouver-sur-les-marches\">\u00bfQu\u00e9 productos regionales se pueden encontrar en los mercados?<\/h2>\n\n\n\n<p>Los mercados de Torreilles son una fuente inagotable de productos frescos y artesanales. Los puestos del mercado est\u00e1n repletos de <strong>productos locales<\/strong>, como todo tipo de frutas y verduras frescas, queso, jam\u00f3n y pescado, y todo tipo de <strong>artesan\u00eda hecha a mano<\/strong>. Tambi\u00e9n son conocidos por su excelente oferta alimentaria, como platos preparados, panes y boller\u00eda. Entre ellas figuran:<\/p>\n\n\n\n<ul><li>El albaricoque rojo del Rosell\u00f3n (AOC)<\/li><li>La cereza de C\u00e9ret<\/li><li>Las anchoas catalanas de Collioure<\/li><li>Los narcisos<\/li><li>Los vinos del Rosell\u00f3n<\/li><li>Aceite de oliva<\/li><\/ul>\n\n\n<p>Hay <strong>puestos de comida que ofrecen platos locales <\/strong>como tapas, ensaladas y platos tradicionales, adem\u00e1s de productos como fruta fresca, verduras, productos l\u00e1cteos y panader\u00eda. Tambi\u00e9n hay puestos de bebidas donde se pueden degustar vinos locales y cervezas artesanales.<\/p>\n<\/div>\n\n\n\n<div class=\"wp-block-column\" style=\"flex-basis:40%\">\n<figure class=\"wp-block-image alignfull size-full\"><img loading=\"lazy\" width=\"640\" height=\"459\" src=\"https:\/\/www.camping-calypso.com\/wp-content\/uploads\/2023\/02\/marches-sud-pyrenees-orientales.jpg\" alt=\"\" class=\"wp-image-2153\" srcset=\"https:\/\/www.camping-calypso.com\/wp-content\/uploads\/2023\/02\/marches-sud-pyrenees-orientales.jpg 640w, https:\/\/www.camping-calypso.com\/wp-content\/uploads\/2023\/02\/marches-sud-pyrenees-orientales-300x215.jpg 300w\" sizes=\"(max-width: 640px) 100vw, 640px\" \/><\/figure><\/div>\n<\/div>\n\n<div class=\"wp-block-columns alignfull has-noir-background-color has-background\">\n<div class=\"wp-block-column\" style=\"flex-basis:48%\">\n<figure class=\"wp-block-image alignfull size-full\"><img loading=\"lazy\" width=\"640\" height=\"427\" src=\"https:\/\/www.camping-calypso.com\/wp-content\/uploads\/2023\/02\/the-grand-cheese-master-TJDBqlvTdGI-unsplash.jpg\" alt=\"\" class=\"wp-image-2165\" srcset=\"https:\/\/www.camping-calypso.com\/wp-content\/uploads\/2023\/02\/the-grand-cheese-master-TJDBqlvTdGI-unsplash.jpg 640w, https:\/\/www.camping-calypso.com\/wp-content\/uploads\/2023\/02\/the-grand-cheese-master-TJDBqlvTdGI-unsplash-300x200.jpg 300w\" sizes=\"(max-width: 640px) 100vw, 640px\" \/><\/figure><\/div>\n\n\n\n<div class=\"wp-block-column\">\n<h3 id=\"emplacements-de-camping-pres-de-perpignan\">\u00a1Prepare su pr\u00f3xima escapada <em>a los Pirineos Orientales!<\/em><\/h3>\n\n\n\n<p>Para vivir una experiencia \u00fanica, no deje de visitar uno de los muchos mercados de esta vibrante regi\u00f3n. Adem\u00e1s de la abundancia de productos frescos, el olor de la comida callejera seguro que excita sus sentidos. Inf\u00f3rmese de los horarios de apertura de los mercados y prevea un lugar donde descansar tras su exploraci\u00f3n.<\/p>\n\n\n\n<p><strong> El camping Calypso en Torreilles Plage est\u00e1 cerca de los mercados de Torreilles<\/strong> y ofrece actividades para todas las edades. Est\u00e1 a poca distancia de la hermosa costa de Perpi\u00f1\u00e1n y del sur de Francia. Con el oc\u00e9ano cerca, lugares emblem\u00e1ticos cerca de la frontera espa\u00f1ola y un personal que se encarga de todo, este pedazo de para\u00edso es el lugar perfecto para sus pr\u00f3ximas vacaciones.<\/p>\n\n\n\n<p><strong>Distancia del camping Calypso al mercado de Torreilles: 4 km en bicicleta, coche o autob\u00fas desde la Oficina de Turismo.<\/strong><\/p>\n<\/div>\n<\/div>\n","protected":false},"excerpt":{"rendered":"<p>Explorar los mercados de Torreilles y sus alrededores Situada en los Pirineos Orientales, la zona de Torreilles alberga mercados locales ricos en productos frescos y artesan\u00eda, que ofrecen al visitante una experiencia cultural inolvidable. El camping Calypso, a s\u00f3lo 500 metros de la orilla, es el lugar ideal para explorar la belleza de esta zona. [&hellip;]<\/p>\n","protected":false},"author":1,"featured_media":0,"parent":0,"menu_order":0,"comment_status":"closed","ping_status":"closed","template":"","meta":[],"acf":[],"yoast_head":"<!-- This site is optimized with the Yoast SEO plugin v18.8 - https:\/\/yoast.com\/wordpress\/plugins\/seo\/ -->\n<title>Explorar los mercados de Torreilles y sus alrededores - Camping Calypso<\/title>\n<meta name=\"robots\" content=\"index, follow, max-snippet:-1, max-image-preview:large, max-video-preview:-1\" \/>\n<link rel=\"canonical\" href=\"https:\/\/www.camping-calypso.com\/es\/explorar-los-mercados-de-torreilles-y-sus-alrededores\/\" \/>\n<meta property=\"og:locale\" content=\"es_ES\" \/>\n<meta property=\"og:type\" content=\"article\" \/>\n<meta property=\"og:title\" content=\"Explorar los mercados de Torreilles y sus alrededores - Camping Calypso\" \/>\n<meta property=\"og:description\" content=\"Explorar los mercados de Torreilles y sus alrededores Situada en los Pirineos Orientales, la zona de Torreilles alberga mercados locales ricos en productos frescos y artesan\u00eda, que ofrecen al visitante una experiencia cultural inolvidable. El camping Calypso, a s\u00f3lo 500 metros de la orilla, es el lugar ideal para explorar la belleza de esta zona. [&hellip;]\" \/>\n<meta property=\"og:url\" content=\"https:\/\/www.camping-calypso.com\/es\/explorar-los-mercados-de-torreilles-y-sus-alrededores\/\" \/>\n<meta property=\"og:site_name\" content=\"Camping Calypso\" \/>\n<meta property=\"article:modified_time\" content=\"2023-03-07T09:39:48+00:00\" \/>\n<meta property=\"og:image\" content=\"https:\/\/www.camping-calypso.com\/wp-content\/uploads\/2023\/01\/maxence-bouniort-J3ZvsCRgjm0-unsplash-scaled.jpg\" \/>\n<meta name=\"twitter:card\" content=\"summary_large_image\" \/>\n<meta name=\"twitter:label1\" content=\"Est. reading time\" \/>\n\t<meta name=\"twitter:data1\" content=\"4 minutos\" \/>\n<script type=\"application\/ld+json\" class=\"yoast-schema-graph\">{\"@context\":\"https:\/\/schema.org\",\"@graph\":[{\"@type\":\"WebSite\",\"@id\":\"https:\/\/www.camping-calypso.com\/#website\",\"url\":\"https:\/\/www.camping-calypso.com\/\",\"name\":\"Camping Calypso\",\"description\":\"Camping 5 \u00e9toiles \u00e0 Toreilles Plage (66)\",\"potentialAction\":[{\"@type\":\"SearchAction\",\"target\":{\"@type\":\"EntryPoint\",\"urlTemplate\":\"https:\/\/www.camping-calypso.com\/?s={search_term_string}\"},\"query-input\":\"required name=search_term_string\"}],\"inLanguage\":\"es\"},{\"@type\":\"ImageObject\",\"inLanguage\":\"es\",\"@id\":\"https:\/\/www.camping-calypso.com\/es\/explorar-los-mercados-de-torreilles-y-sus-alrededores\/#primaryimage\",\"url\":\"https:\/\/www.camping-calypso.com\/wp-content\/uploads\/2023\/01\/maxence-bouniort-J3ZvsCRgjm0-unsplash-scaled.jpg\",\"contentUrl\":\"https:\/\/www.camping-calypso.com\/wp-content\/uploads\/2023\/01\/maxence-bouniort-J3ZvsCRgjm0-unsplash-scaled.jpg\",\"width\":2560,\"height\":1707},{\"@type\":\"WebPage\",\"@id\":\"https:\/\/www.camping-calypso.com\/es\/explorar-los-mercados-de-torreilles-y-sus-alrededores\/#webpage\",\"url\":\"https:\/\/www.camping-calypso.com\/es\/explorar-los-mercados-de-torreilles-y-sus-alrededores\/\",\"name\":\"Explorar los mercados de Torreilles y sus alrededores - Camping Calypso\",\"isPartOf\":{\"@id\":\"https:\/\/www.camping-calypso.com\/#website\"},\"primaryImageOfPage\":{\"@id\":\"https:\/\/www.camping-calypso.com\/es\/explorar-los-mercados-de-torreilles-y-sus-alrededores\/#primaryimage\"},\"datePublished\":\"2023-02-28T09:23:11+00:00\",\"dateModified\":\"2023-03-07T09:39:48+00:00\",\"breadcrumb\":{\"@id\":\"https:\/\/www.camping-calypso.com\/es\/explorar-los-mercados-de-torreilles-y-sus-alrededores\/#breadcrumb\"},\"inLanguage\":\"es\",\"potentialAction\":[{\"@type\":\"ReadAction\",\"target\":[\"https:\/\/www.camping-calypso.com\/es\/explorar-los-mercados-de-torreilles-y-sus-alrededores\/\"]}]},{\"@type\":\"BreadcrumbList\",\"@id\":\"https:\/\/www.camping-calypso.com\/es\/explorar-los-mercados-de-torreilles-y-sus-alrededores\/#breadcrumb\",\"itemListElement\":[{\"@type\":\"ListItem\",\"position\":1,\"name\":\"Camping Torreilles\",\"item\":\"https:\/\/www.camping-calypso.com\/es\/\"},{\"@type\":\"ListItem\",\"position\":2,\"name\":\"Explorar los mercados de Torreilles y sus alrededores\"}]}]}<\/script>\n<!-- \/ Yoast SEO plugin. -->","yoast_head_json":{"title":"Explorar los mercados de Torreilles y sus alrededores - Camping Calypso","robots":{"index":"index","follow":"follow","max-snippet":"max-snippet:-1","max-image-preview":"max-image-preview:large","max-video-preview":"max-video-preview:-1"},"canonical":"https:\/\/www.camping-calypso.com\/es\/explorar-los-mercados-de-torreilles-y-sus-alrededores\/","og_locale":"es_ES","og_type":"article","og_title":"Explorar los mercados de Torreilles y sus alrededores - Camping Calypso","og_description":"Explorar los mercados de Torreilles y sus alrededores Situada en los Pirineos Orientales, la zona de Torreilles alberga mercados locales ricos en productos frescos y artesan\u00eda, que ofrecen al visitante una experiencia cultural inolvidable. El camping Calypso, a s\u00f3lo 500 metros de la orilla, es el lugar ideal para explorar la belleza de esta zona. [&hellip;]","og_url":"https:\/\/www.camping-calypso.com\/es\/explorar-los-mercados-de-torreilles-y-sus-alrededores\/","og_site_name":"Camping Calypso","article_modified_time":"2023-03-07T09:39:48+00:00","og_image":[{"url":"https:\/\/www.camping-calypso.com\/wp-content\/uploads\/2023\/01\/maxence-bouniort-J3ZvsCRgjm0-unsplash-scaled.jpg"}],"twitter_card":"summary_large_image","twitter_misc":{"Est. reading time":"4 minutos"},"schema":{"@context":"https:\/\/schema.org","@graph":[{"@type":"WebSite","@id":"https:\/\/www.camping-calypso.com\/#website","url":"https:\/\/www.camping-calypso.com\/","name":"Camping Calypso","description":"Camping 5 \u00e9toiles \u00e0 Toreilles Plage (66)","potentialAction":[{"@type":"SearchAction","target":{"@type":"EntryPoint","urlTemplate":"https:\/\/www.camping-calypso.com\/?s={search_term_string}"},"query-input":"required name=search_term_string"}],"inLanguage":"es"},{"@type":"ImageObject","inLanguage":"es","@id":"https:\/\/www.camping-calypso.com\/es\/explorar-los-mercados-de-torreilles-y-sus-alrededores\/#primaryimage","url":"https:\/\/www.camping-calypso.com\/wp-content\/uploads\/2023\/01\/maxence-bouniort-J3ZvsCRgjm0-unsplash-scaled.jpg","contentUrl":"https:\/\/www.camping-calypso.com\/wp-content\/uploads\/2023\/01\/maxence-bouniort-J3ZvsCRgjm0-unsplash-scaled.jpg","width":2560,"height":1707},{"@type":"WebPage","@id":"https:\/\/www.camping-calypso.com\/es\/explorar-los-mercados-de-torreilles-y-sus-alrededores\/#webpage","url":"https:\/\/www.camping-calypso.com\/es\/explorar-los-mercados-de-torreilles-y-sus-alrededores\/","name":"Explorar los mercados de Torreilles y sus alrededores - Camping Calypso","isPartOf":{"@id":"https:\/\/www.camping-calypso.com\/#website"},"primaryImageOfPage":{"@id":"https:\/\/www.camping-calypso.com\/es\/explorar-los-mercados-de-torreilles-y-sus-alrededores\/#primaryimage"},"datePublished":"2023-02-28T09:23:11+00:00","dateModified":"2023-03-07T09:39:48+00:00","breadcrumb":{"@id":"https:\/\/www.camping-calypso.com\/es\/explorar-los-mercados-de-torreilles-y-sus-alrededores\/#breadcrumb"},"inLanguage":"es","potentialAction":[{"@type":"ReadAction","target":["https:\/\/www.camping-calypso.com\/es\/explorar-los-mercados-de-torreilles-y-sus-alrededores\/"]}]},{"@type":"BreadcrumbList","@id":"https:\/\/www.camping-calypso.com\/es\/explorar-los-mercados-de-torreilles-y-sus-alrededores\/#breadcrumb","itemListElement":[{"@type":"ListItem","position":1,"name":"Camping Torreilles","item":"https:\/\/www.camping-calypso.com\/es\/"},{"@type":"ListItem","position":2,"name":"Explorar los mercados de Torreilles y sus alrededores"}]}]}},"_links":{"self":[{"href":"https:\/\/www.camping-calypso.com\/es\/wp-json\/wp\/v2\/pages\/2405"}],"collection":[{"href":"https:\/\/www.camping-calypso.com\/es\/wp-json\/wp\/v2\/pages"}],"about":[{"href":"https:\/\/www.camping-calypso.com\/es\/wp-json\/wp\/v2\/types\/page"}],"author":[{"embeddable":true,"href":"https:\/\/www.camping-calypso.com\/es\/wp-json\/wp\/v2\/users\/1"}],"replies":[{"embeddable":true,"href":"https:\/\/www.camping-calypso.com\/es\/wp-json\/wp\/v2\/comments?post=2405"}],"version-history":[{"count":6,"href":"https:\/\/www.camping-calypso.com\/es\/wp-json\/wp\/v2\/pages\/2405\/revisions"}],"predecessor-version":[{"id":2941,"href":"https:\/\/www.camping-calypso.com\/es\/wp-json\/wp\/v2\/pages\/2405\/revisions\/2941"}],"wp:attachment":[{"href":"https:\/\/www.camping-calypso.com\/es\/wp-json\/wp\/v2\/media?parent=2405"}],"curies":[{"name":"wp","href":"https:\/\/api.w.org\/{rel}","templated":true}]}}