{"id":2397,"date":"2023-01-19T12:07:04","date_gmt":"2023-01-19T11:07:04","guid":{"rendered":"https:\/\/www.camping-calypso.com\/ubicaciones\/"},"modified":"2026-03-30T10:51:34","modified_gmt":"2026-03-30T08:51:34","slug":"ubicaciones","status":"publish","type":"page","link":"https:\/\/www.camping-calypso.com\/es\/ubicaciones\/","title":{"rendered":"Parcelas"},"content":{"rendered":"\n<div class=\"wp-block-cover alignfull\"><span aria-hidden=\"true\" class=\"wp-block-cover__gradient-background has-background-dim\"><\/span><img loading=\"lazy\" width=\"2560\" height=\"1704\" class=\"wp-block-cover__image-background wp-image-1794\" alt=\"emplacement location camping torreilles \" src=\"https:\/\/www.camping-calypso.com\/wp-content\/uploads\/2023\/02\/emplacement-tente-scaled.jpg\" style=\"object-position:50% 90%\" data-object-fit=\"cover\" data-object-position=\"50% 90%\" srcset=\"https:\/\/www.camping-calypso.com\/wp-content\/uploads\/2023\/02\/emplacement-tente-scaled.jpg 2560w, https:\/\/www.camping-calypso.com\/wp-content\/uploads\/2023\/02\/emplacement-tente-300x200.jpg 300w, https:\/\/www.camping-calypso.com\/wp-content\/uploads\/2023\/02\/emplacement-tente-1024x681.jpg 1024w, https:\/\/www.camping-calypso.com\/wp-content\/uploads\/2023\/02\/emplacement-tente-768x511.jpg 768w, https:\/\/www.camping-calypso.com\/wp-content\/uploads\/2023\/02\/emplacement-tente-1536x1022.jpg 1536w, https:\/\/www.camping-calypso.com\/wp-content\/uploads\/2023\/02\/emplacement-tente-2048x1363.jpg 2048w\" sizes=\"(max-width: 2560px) 100vw, 2560px\" \/><div class=\"wp-block-cover__inner-container\">\n<h1 class=\"has-text-align-center\"><\/h1>\n<\/div><\/div>\n\n\n<div class=\"yoast-breadcrumbs\"><span><span><a href=\"https:\/\/www.camping-calypso.com\/es\/\">Camping Torreilles<\/a> \u00bb <span class=\"breadcrumb_last\" aria-current=\"page\">Parcelas en el camping Torreilles Plage<\/span><\/span><\/span><\/div>\n\n\n<h1 class=\"has-text-align-center\" id=\"emplacements-de-camping-a-torreilles-plage\">Parcelas de camping <em>en Torreilles Plage<\/em><\/h1>\n\n\n\n<p class=\"has-text-align-center\">En nuestro <a href=\"https:\/\/www.camping-calypso.com\/es\/\" data-type=\"page\" data-id=\"5\">camping de 5 estrellas de los Pirineos Orientales<\/a>, le ofrecemos un gran n\u00famero de parcelas para que viva la experiencia de <strong>acampar<\/strong> como a usted le gusta, <strong>cerca de la naturaleza<\/strong>.<\/p>\n\n\n\n<div style=\"height:24px\" aria-hidden=\"true\" class=\"wp-block-spacer\"><\/div>\n\n\n\n<div class=\"wp-block-columns reverse-mob\">\n<div class=\"wp-block-column\" style=\"flex-basis:45%\">\n<figure class=\"wp-block-image alignfull size-large\"><img loading=\"lazy\" width=\"1024\" height=\"853\" src=\"https:\/\/www.camping-calypso.com\/wp-content\/uploads\/2023\/02\/Sans-titre-44-1024x853.png\" alt=\"emplazamiento camping torreilles \" class=\"wp-image-1799\" srcset=\"https:\/\/www.camping-calypso.com\/wp-content\/uploads\/2023\/02\/Sans-titre-44-1024x853.png 1024w, https:\/\/www.camping-calypso.com\/wp-content\/uploads\/2023\/02\/Sans-titre-44-300x250.png 300w, https:\/\/www.camping-calypso.com\/wp-content\/uploads\/2023\/02\/Sans-titre-44-768x640.png 768w, https:\/\/www.camping-calypso.com\/wp-content\/uploads\/2023\/02\/Sans-titre-44.png 1080w\" sizes=\"(max-width: 1024px) 100vw, 1024px\" \/><\/figure>\n<\/div>\n\n\n\n<div class=\"wp-block-column\">\n<h2 id=\"camping-a-toreilles-5-etoiles-a-500-m-de-la-plage\">Nuestro camping cerca de Perpi\u00f1\u00e1n: \u00a1un entorno verde en el <em>coraz\u00f3n de los Pirineos Orientales!<\/em><\/h2>\n\n\n\n<p><strong>Tanto si se aloja en tienda de campa\u00f1a como en caravana o autocaravana<\/strong>, disfrute de una parcela espaciosa y delimitada, para beneficiarse de la intimidad necesaria para unas vacaciones agradables. Tambi\u00e9n es una de las f\u00f3rmulas m\u00e1s ventajosas para quienes viajan en familia. Elegir una parcela en nuestro camping 5 estrellas le permitir\u00e1 disfrutar de <strong>servicios de alta gama a precios m\u00e1s<\/strong> econ\u00f3micos. Benef\u00edciese del acceso a nuestra zona acu\u00e1tica, as\u00ed como de todas las dem\u00e1s instalaciones que ofrece nuestro camping cerca de Perpi\u00f1\u00e1n. Encuentre <a href=\"https:\/\/www.camping-calypso.com\/es\/servicios\/\" data-type=\"page\" data-id=\"569\">en Torreilles una amplia gama de servicios de prestigio<\/a> para que su estancia sea lo m\u00e1s c\u00f3moda posible.<\/p>\n\n\n\n<div class=\"wp-container-69d545d862321 wp-block-buttons\">\n<div class=\"wp-block-button btn_resa_emplacement\"><a class=\"wp-block-button__link\">Reserve<\/a><\/div>\n<\/div>\n<\/div>\n<\/div>\n\n\n\n<div class=\"wp-block-cover alignfull\"><span aria-hidden=\"true\" class=\"wp-block-cover__gradient-background has-background-dim\"><\/span><img loading=\"lazy\" width=\"1920\" height=\"900\" class=\"wp-block-cover__image-background wp-image-1818\" alt=\"emplacement tente camping torreilles \" src=\"https:\/\/www.camping-calypso.com\/wp-content\/uploads\/2023\/02\/Sans-titre-47.png\" data-object-fit=\"cover\" srcset=\"https:\/\/www.camping-calypso.com\/wp-content\/uploads\/2023\/02\/Sans-titre-47.png 1920w, https:\/\/www.camping-calypso.com\/wp-content\/uploads\/2023\/02\/Sans-titre-47-300x141.png 300w, https:\/\/www.camping-calypso.com\/wp-content\/uploads\/2023\/02\/Sans-titre-47-1024x480.png 1024w, https:\/\/www.camping-calypso.com\/wp-content\/uploads\/2023\/02\/Sans-titre-47-768x360.png 768w, https:\/\/www.camping-calypso.com\/wp-content\/uploads\/2023\/02\/Sans-titre-47-1536x720.png 1536w\" sizes=\"(max-width: 1920px) 100vw, 1920px\" \/><div class=\"wp-block-cover__inner-container\">\n<div class=\"wp-block-columns\">\n<div class=\"wp-block-column has-blanc-background-color has-background\" style=\"flex-basis:54%\">\n<h2 class=\"h3\" id=\"camping-vers-perpignan-146-emplacements-spacieux-et-delimites\">Camping cerca de Perpi\u00f1\u00e1n: 142 parcelas <em>amplias y delimitadas<\/em><\/h2>\n\n\n\n<p>Las 5 hect\u00e1reas del camping Calypso albergan  <strong>142 parcelas de 50 a 112 m\u00b2. Todas equipadas con una conexi\u00f3n el\u00e9ctrica de 10 amperios. <\/strong>.<\/p>\n\n\n\n<p>Para mayor comodidad, tambi\u00e9n ofrecemos <strong>\u00abinstalaciones sanitarias individuales\u00bb directamente en su parcela<\/strong>. En concreto, se trata de un peque\u00f1o edificio privado con ducha, inodoro y lavabo. En el exterior tambi\u00e9n encontrar\u00e1 un peque\u00f1o fregadero para lavar los platos.<\/p>\n\n\n\n<div class=\"wp-container-69d545d862682 wp-block-buttons\">\n<div class=\"wp-block-button is-style-outline\"><a class=\"wp-block-button__link has-rose-color has-text-color\" href=\"https:\/\/www.camping-calypso.com\/es\/servicios\/\">Nuestros servicios<\/a><\/div>\n<\/div>\n<\/div>\n\n\n\n<div class=\"wp-block-column\">\n<ul class=\"pictos liste-mob\"><li><i class=\"fas fa-umbrella-beach\"><\/i> NUEVO Servicio Vacaciones Premium y Servicio Vacaciones Plus<\/li><li><i class=\"fas fa-refrigerator\"><\/i> Una nevera a partir de 15 euros al d\u00eda<\/li><li><i class=\"fas fa-vault\"><\/i> Una caja fuerte en la recepci\u00f3n por 3 euros al d\u00eda<\/li><li><i class=\"fas fa-wifi\"><\/i>  Wi-fi<\/li><li><i class=\"fas fa-utensils\"><\/i>  Media pensi\u00f3n<\/li><li><i class=\"fas fa-laptop\"><\/i> Espacio coworking<\/li><\/ul>\n\n\n\n<div class=\"wp-container-69d545d862997 wp-block-buttons\">\n<div class=\"wp-block-button\"><a class=\"wp-block-button__link\" href=\"https:\/\/www.camping-calypso.com\/es\/inventario\/\" target=\"_blank\" rel=\"noreferrer noopener\">+ m\u00e1s informaci\u00f3n<\/a><\/div>\n<\/div>\n<\/div>\n<\/div>\n<\/div><\/div>\n\n\n\n<div class=\"wp-container-69d545d862ce1 wp-block-group alignfull has-noir-background-color has-background\"><div class=\"wp-block-group__inner-container\">\n<h2 class=\"has-text-align-center h3\" id=\"emplacements-de-camping-pres-de-perpignan\">Nuestras diferentes gamas de ubicaciones<\/h2>\n\n\n\n<ul class=\"pictos large centre has-vert-color has-text-color\"><li><i class=\"fas fa-arrows-maximize\"><\/i> 50 a 100 m\u00b2 (80 a 100 pies cuadrados)<\/li><li><i class=\"fas fa-bolt\"><\/i> 10 A<\/li><li><i class=\"fas fa-person\"><\/i> 3-6 personas.<\/li><li><i class=\"fas fa-dog\"><\/i>  Animales admitidos \u20ac.<\/li><li><i class=\"fas fa-calendar-check\"><\/i> D\u00edas de llegada y salida <em>mi\u00e9rcoles, viernes, s\u00e1bado y domingo en julio y agosto<\/em><\/li><\/ul>\n<\/div><\/div>\n\n\n\n<div class=\"wp-block-columns alignfull reverse-mob has-rose-background-color has-background\">\n<div class=\"wp-block-column\" style=\"flex-basis:48%\">\n<figure class=\"wp-block-image alignfull size-large\"><img loading=\"lazy\" width=\"1024\" height=\"768\" src=\"https:\/\/www.camping-calypso.com\/wp-content\/uploads\/2023\/09\/IMG_2920-1024x768.jpg\" alt=\"seminario de empresa camping\" class=\"wp-image-4082\" srcset=\"https:\/\/www.camping-calypso.com\/wp-content\/uploads\/2023\/09\/IMG_2920-1024x768.jpg 1024w, https:\/\/www.camping-calypso.com\/wp-content\/uploads\/2023\/09\/IMG_2920-300x225.jpg 300w, https:\/\/www.camping-calypso.com\/wp-content\/uploads\/2023\/09\/IMG_2920-768x576.jpg 768w, https:\/\/www.camping-calypso.com\/wp-content\/uploads\/2023\/09\/IMG_2920-1536x1152.jpg 1536w, https:\/\/www.camping-calypso.com\/wp-content\/uploads\/2023\/09\/IMG_2920-2048x1536.jpg 2048w\" sizes=\"(max-width: 1024px) 100vw, 1024px\" \/><\/figure>\n<\/div>\n\n\n\n<div class=\"wp-block-column\">\n<h2 class=\"has-medium-font-size\" id=\"un-camping-a-torreilles-synonyme-de-convivialite\">La opci\u00f3n Flex, <strong><em>su aliada para unas vacaciones junto al mar sin estr\u00e9s<\/em><\/strong><\/h2>\n\n\n\n<p>La opci\u00f3n flexible le da libertad para planificar y modificar sus vacaciones como desee.<\/p>\n\n\n\n<p><strong>Gracias a la opci\u00f3n flex, puede cambiar su estancia gratuitamente, sin necesidad de indicar los motivos, hasta el mismo d\u00eda de su llegada.<\/strong> Esto significa que puede reservar su parcela en calypso al mejor precio, con la opci\u00f3n de cambiarla si es necesario.<\/p>\n\n\n\n<p>\u00bfAlg\u00fan imprevisto? \u00bfCompromisos laborales? La opci\u00f3n Flex del camping le calypso le ofrece la flexibilidad que necesita.  <\/p>\n\n\n\n<p><strong>Como nuestra pol\u00edtica de cancelaci\u00f3n es m\u00e1s indulgente, podr\u00e1 afrontar los altibajos de la vida cotidiana con mayor tranquilidad.<\/strong><\/p>\n\n\n\n<ul class=\"pictos l-2-mob has-blanc-color has-text-color has-small-font-size\"><li><i class=\"fas fa-calendar-edit\"><\/i> Cambios gratuitos sin motivo hasta el d\u00eda de llegada<\/li><li><i class=\"fas fa-window-close\"><\/i> Cancelaci\u00f3n gratuita hasta el d\u00eda de llegada seg\u00fan las condiciones de la opci\u00f3n flexible<\/li><\/ul>\n\n\n\n<div class=\"wp-container-69d545d8630b1 wp-block-buttons\">\n<div class=\"wp-block-button is-style-outline\"><a class=\"wp-block-button__link\" href=\"https:\/\/www.camping-calypso.com\/es\/cgles\/\" target=\"_blank\" rel=\"noreferrer noopener\">Descubra la opci\u00f3n Flex<\/a><\/div>\n<\/div>\n<\/div>\n<\/div>\n\n\n\n<div class=\"wp-container-69d545d86380b wp-block-group\"><div class=\"wp-block-group__inner-container\">\n<div class=\"wp-block-columns are-vertically-aligned-bottom\">\n<div class=\"wp-block-column is-vertically-aligned-bottom\">\n<h2 class=\"h3\" id=\"emplacements-de-camping-pres-de-perpignan\"><em>6 gamas<\/em> de parcelas<\/h2>\n\n\n\n<p>Para los veraneantes que buscan un alojamiento m\u00e1s cercano, nuestro camping 5 estrellas tambi\u00e9n ofrece una amplia selecci\u00f3n de <a href=\"https:\/\/www.camping-calypso.com\/es\/mobil-home-chalet\/\" data-type=\"page\" data-id=\"559\">alquileres de mobil homes en Torreilles<\/a>.<\/p>\n\n\n\n<p>Encontrar\u00e1 alojamientos vacacionales que van desde bungalows cl\u00e1sicos a chal\u00e9s m\u00e1s acogedores para un m\u00e1ximo de 6 personas. No dude en consultar <a data-type=\"page\" data-id=\"574\" href=\"https:\/\/www.camping-calypso.com\/es\/comentarios-de-los-clientes\/\">las opiniones de nuestros clientes<\/a> para confirmar su elecci\u00f3n para sus pr\u00f3ximas<strong> vacaciones de camping en los Pirineos Orientales<\/strong>.<\/p>\n\n\n\n<div class=\"wp-container-69d545d86341d wp-block-buttons\">\n<div class=\"wp-block-button btn_resa_emplacement\"><a class=\"wp-block-button__link\">\u00a1Reserve ahora!<\/a><\/div>\n<\/div>\n<\/div>\n\n\n\n<div class=\"wp-block-column is-vertically-aligned-bottom\" style=\"flex-basis:67%\">\n<figure class=\"wp-block-gallery has-nested-images columns-6 is-cropped align diaporama--3\">\n<figure class=\"wp-block-image size-large\"><img loading=\"lazy\" width=\"1024\" height=\"768\" src=\"https:\/\/www.camping-calypso.com\/wp-content\/uploads\/2025\/10\/212-copie-1024x768.jpg\" alt=\"\" class=\"wp-image-9031\" srcset=\"https:\/\/www.camping-calypso.com\/wp-content\/uploads\/2025\/10\/212-copie-1024x768.jpg 1024w, https:\/\/www.camping-calypso.com\/wp-content\/uploads\/2025\/10\/212-copie-300x225.jpg 300w, https:\/\/www.camping-calypso.com\/wp-content\/uploads\/2025\/10\/212-copie-768x576.jpg 768w, https:\/\/www.camping-calypso.com\/wp-content\/uploads\/2025\/10\/212-copie-1536x1152.jpg 1536w, https:\/\/www.camping-calypso.com\/wp-content\/uploads\/2025\/10\/212-copie.jpg 2016w\" sizes=\"(max-width: 1024px) 100vw, 1024px\" \/><figcaption> <strong><i class=\"fa-light fa-stars\"><\/i> <em>Nomade<\/em><\/strong> <br><em>Parcela de 50 m\u00b2 con tumbona, frigor\u00edfico-congelador y mesa de picnic, alejada de los sanitarios comunes.<\/em><\/figcaption><\/figure>\n\n\n\n<figure class=\"wp-block-image size-large\"><img loading=\"lazy\" width=\"1024\" height=\"681\" src=\"https:\/\/www.camping-calypso.com\/wp-content\/uploads\/2023\/02\/emplacement-tente-1024x681.jpg\" alt=\"emplacement camping sainte marie la mer\" class=\"wp-image-1797\" srcset=\"https:\/\/www.camping-calypso.com\/wp-content\/uploads\/2023\/02\/emplacement-tente-1024x681.jpg 1024w, https:\/\/www.camping-calypso.com\/wp-content\/uploads\/2023\/02\/emplacement-tente-300x200.jpg 300w, https:\/\/www.camping-calypso.com\/wp-content\/uploads\/2023\/02\/emplacement-tente-768x511.jpg 768w, https:\/\/www.camping-calypso.com\/wp-content\/uploads\/2023\/02\/emplacement-tente-1536x1022.jpg 1536w, https:\/\/www.camping-calypso.com\/wp-content\/uploads\/2023\/02\/emplacement-tente-2048x1363.jpg 2048w\" sizes=\"(max-width: 1024px) 100vw, 1024px\" \/><figcaption> <strong><i class=\"fa-light fa-star-shooting\"><\/i> Basico<\/strong> <em>Parcela junto al bulevar y alejada de los sanitarios<\/em><\/figcaption><\/figure>\n\n\n\n<figure class=\"wp-block-image size-large\"><img loading=\"lazy\" width=\"1024\" height=\"768\" src=\"https:\/\/www.camping-calypso.com\/wp-content\/uploads\/2025\/10\/Emplacement-1024x768.jpg\" alt=\"\" class=\"wp-image-9037\" srcset=\"https:\/\/www.camping-calypso.com\/wp-content\/uploads\/2025\/10\/Emplacement-1024x768.jpg 1024w, https:\/\/www.camping-calypso.com\/wp-content\/uploads\/2025\/10\/Emplacement-300x225.jpg 300w, https:\/\/www.camping-calypso.com\/wp-content\/uploads\/2025\/10\/Emplacement-768x576.jpg 768w, https:\/\/www.camping-calypso.com\/wp-content\/uploads\/2025\/10\/Emplacement-1536x1152.jpg 1536w, https:\/\/www.camping-calypso.com\/wp-content\/uploads\/2025\/10\/Emplacement-2048x1536.jpg 2048w\" sizes=\"(max-width: 1024px) 100vw, 1024px\" \/><figcaption> <strong><i class=\"fa-light fa-star-shooting\"><\/i> <em>Cl\u00e1sico<\/em><\/strong> <em>Parcela esparcialmente sombreada.<\/em><\/figcaption><\/figure>\n\n\n\n<figure class=\"wp-block-image size-large\"><img loading=\"lazy\" width=\"1024\" height=\"439\" src=\"https:\/\/www.camping-calypso.com\/wp-content\/uploads\/2023\/02\/banniere_emplacement1-1920x824-1-1024x439.jpg\" alt=\"emplacement camping torreilles \" class=\"wp-image-1453\" srcset=\"https:\/\/www.camping-calypso.com\/wp-content\/uploads\/2023\/02\/banniere_emplacement1-1920x824-1-1024x439.jpg 1024w, https:\/\/www.camping-calypso.com\/wp-content\/uploads\/2023\/02\/banniere_emplacement1-1920x824-1-300x129.jpg 300w, https:\/\/www.camping-calypso.com\/wp-content\/uploads\/2023\/02\/banniere_emplacement1-1920x824-1-768x330.jpg 768w, https:\/\/www.camping-calypso.com\/wp-content\/uploads\/2023\/02\/banniere_emplacement1-1920x824-1-1536x659.jpg 1536w, https:\/\/www.camping-calypso.com\/wp-content\/uploads\/2023\/02\/banniere_emplacement1-1920x824-1.jpg 1920w\" sizes=\"(max-width: 1024px) 100vw, 1024px\" \/><figcaption> <strong><i class=\"fa-light fa-star-shooting\"><\/i> <em>Prestige<\/em><\/strong> <em>Parcela &gt; 100 m\u00b2 con frigor\u00edfico-congelador.<\/em><\/figcaption><\/figure>\n\n\n\n<figure class=\"wp-block-image size-large\"><img loading=\"lazy\" width=\"1024\" height=\"853\" src=\"https:\/\/www.camping-calypso.com\/wp-content\/uploads\/2023\/02\/Sans-titre-49-1024x853.png\" alt=\"\" class=\"wp-image-1832\" srcset=\"https:\/\/www.camping-calypso.com\/wp-content\/uploads\/2023\/02\/Sans-titre-49-1024x853.png 1024w, https:\/\/www.camping-calypso.com\/wp-content\/uploads\/2023\/02\/Sans-titre-49-300x250.png 300w, https:\/\/www.camping-calypso.com\/wp-content\/uploads\/2023\/02\/Sans-titre-49-768x640.png 768w, https:\/\/www.camping-calypso.com\/wp-content\/uploads\/2023\/02\/Sans-titre-49.png 1080w\" sizes=\"(max-width: 1024px) 100vw, 1024px\" \/><figcaption> <strong><i class=\"fa-light fa-star\"><\/i> <\/strong><em><strong>Premium <\/strong>Premium con instalaciones sanitarias privadas: agua, ducha, WC, lavabo y fregadero.<\/em><\/figcaption><\/figure>\n\n\n\n<figure class=\"wp-block-image size-full\"><img loading=\"lazy\" width=\"1024\" height=\"853\" src=\"https:\/\/www.camping-calypso.com\/wp-content\/uploads\/2023\/02\/Sans-titre-49-1024x853.png\" alt=\"\" class=\"wp-image-1832\" srcset=\"https:\/\/www.camping-calypso.com\/wp-content\/uploads\/2023\/02\/Sans-titre-49-1024x853.png 1024w, https:\/\/www.camping-calypso.com\/wp-content\/uploads\/2023\/02\/Sans-titre-49-300x250.png 300w, https:\/\/www.camping-calypso.com\/wp-content\/uploads\/2023\/02\/Sans-titre-49-768x640.png 768w, https:\/\/www.camping-calypso.com\/wp-content\/uploads\/2023\/02\/Sans-titre-49.png 1080w\" sizes=\"(max-width: 1024px) 100vw, 1024px\" \/><figcaption> <strong><i class=\"fa-light fa-star\"><\/i><\/strong> <em><strong>Premium XL <\/strong><em>Parcela &gt; 100 m\u00b2 <\/em>con instalaciones sanitarias privadas: agua, ducha, WC, lavabo y fregadero.<\/em><\/figcaption><\/figure>\n<\/figure>\n<\/div>\n<\/div>\n<\/div><\/div>\n\n\n\n<p><\/p>\n","protected":false},"excerpt":{"rendered":"<p>Parcelas de camping en Torreilles Plage En nuestro camping de 5 estrellas de los Pirineos Orientales, le ofrecemos un gran n\u00famero de parcelas para que viva la experiencia de acampar como a usted le gusta, cerca de la naturaleza. Nuestro camping cerca de Perpi\u00f1\u00e1n: \u00a1un entorno verde en el coraz\u00f3n de los Pirineos Orientales! Tanto [&hellip;]<\/p>\n","protected":false},"author":1,"featured_media":1453,"parent":0,"menu_order":0,"comment_status":"closed","ping_status":"closed","template":"","meta":[],"acf":[],"yoast_head":"<!-- This site is optimized with the Yoast SEO plugin v18.8 - https:\/\/yoast.com\/wordpress\/plugins\/seo\/ -->\n<title>Parcelas - Camping Calypso<\/title>\n<meta name=\"robots\" content=\"index, follow, max-snippet:-1, max-image-preview:large, max-video-preview:-1\" \/>\n<link rel=\"canonical\" href=\"https:\/\/www.camping-calypso.com\/es\/ubicaciones\/\" \/>\n<meta property=\"og:locale\" content=\"es_ES\" \/>\n<meta property=\"og:type\" content=\"article\" \/>\n<meta property=\"og:title\" content=\"Parcelas - Camping Calypso\" \/>\n<meta property=\"og:description\" content=\"Parcelas de camping en Torreilles Plage En nuestro camping de 5 estrellas de los Pirineos Orientales, le ofrecemos un gran n\u00famero de parcelas para que viva la experiencia de acampar como a usted le gusta, cerca de la naturaleza. Nuestro camping cerca de Perpi\u00f1\u00e1n: \u00a1un entorno verde en el coraz\u00f3n de los Pirineos Orientales! Tanto [&hellip;]\" \/>\n<meta property=\"og:url\" content=\"https:\/\/www.camping-calypso.com\/es\/ubicaciones\/\" \/>\n<meta property=\"og:site_name\" content=\"Camping Calypso\" \/>\n<meta property=\"article:modified_time\" content=\"2026-03-30T08:51:34+00:00\" \/>\n<meta property=\"og:image\" content=\"https:\/\/www.camping-calypso.com\/wp-content\/uploads\/2023\/02\/banniere_emplacement1-1920x824-1.jpg\" \/>\n\t<meta property=\"og:image:width\" content=\"1920\" \/>\n\t<meta property=\"og:image:height\" content=\"824\" \/>\n\t<meta property=\"og:image:type\" content=\"image\/jpeg\" \/>\n<meta name=\"twitter:card\" content=\"summary_large_image\" \/>\n<meta name=\"twitter:label1\" content=\"Est. reading time\" \/>\n\t<meta name=\"twitter:data1\" content=\"6 minutos\" \/>\n<script type=\"application\/ld+json\" class=\"yoast-schema-graph\">{\"@context\":\"https:\/\/schema.org\",\"@graph\":[{\"@type\":\"WebSite\",\"@id\":\"https:\/\/www.camping-calypso.com\/#website\",\"url\":\"https:\/\/www.camping-calypso.com\/\",\"name\":\"Camping Calypso\",\"description\":\"Camping 5 \u00e9toiles \u00e0 Toreilles Plage (66)\",\"potentialAction\":[{\"@type\":\"SearchAction\",\"target\":{\"@type\":\"EntryPoint\",\"urlTemplate\":\"https:\/\/www.camping-calypso.com\/?s={search_term_string}\"},\"query-input\":\"required name=search_term_string\"}],\"inLanguage\":\"es\"},{\"@type\":\"ImageObject\",\"inLanguage\":\"es\",\"@id\":\"https:\/\/www.camping-calypso.com\/es\/ubicaciones\/#primaryimage\",\"url\":\"https:\/\/www.camping-calypso.com\/wp-content\/uploads\/2023\/02\/banniere_emplacement1-1920x824-1.jpg\",\"contentUrl\":\"https:\/\/www.camping-calypso.com\/wp-content\/uploads\/2023\/02\/banniere_emplacement1-1920x824-1.jpg\",\"width\":1920,\"height\":824,\"caption\":\"emplacement camping torreilles\"},{\"@type\":\"WebPage\",\"@id\":\"https:\/\/www.camping-calypso.com\/es\/ubicaciones\/#webpage\",\"url\":\"https:\/\/www.camping-calypso.com\/es\/ubicaciones\/\",\"name\":\"Parcelas - Camping Calypso\",\"isPartOf\":{\"@id\":\"https:\/\/www.camping-calypso.com\/#website\"},\"primaryImageOfPage\":{\"@id\":\"https:\/\/www.camping-calypso.com\/es\/ubicaciones\/#primaryimage\"},\"datePublished\":\"2023-01-19T11:07:04+00:00\",\"dateModified\":\"2026-03-30T08:51:34+00:00\",\"breadcrumb\":{\"@id\":\"https:\/\/www.camping-calypso.com\/es\/ubicaciones\/#breadcrumb\"},\"inLanguage\":\"es\",\"potentialAction\":[{\"@type\":\"ReadAction\",\"target\":[\"https:\/\/www.camping-calypso.com\/es\/ubicaciones\/\"]}]},{\"@type\":\"BreadcrumbList\",\"@id\":\"https:\/\/www.camping-calypso.com\/es\/ubicaciones\/#breadcrumb\",\"itemListElement\":[{\"@type\":\"ListItem\",\"position\":1,\"name\":\"Camping Torreilles\",\"item\":\"https:\/\/www.camping-calypso.com\/es\/\"},{\"@type\":\"ListItem\",\"position\":2,\"name\":\"Parcelas en el camping Torreilles Plage\"}]}]}<\/script>\n<!-- \/ Yoast SEO plugin. -->","yoast_head_json":{"title":"Parcelas - Camping Calypso","robots":{"index":"index","follow":"follow","max-snippet":"max-snippet:-1","max-image-preview":"max-image-preview:large","max-video-preview":"max-video-preview:-1"},"canonical":"https:\/\/www.camping-calypso.com\/es\/ubicaciones\/","og_locale":"es_ES","og_type":"article","og_title":"Parcelas - Camping Calypso","og_description":"Parcelas de camping en Torreilles Plage En nuestro camping de 5 estrellas de los Pirineos Orientales, le ofrecemos un gran n\u00famero de parcelas para que viva la experiencia de acampar como a usted le gusta, cerca de la naturaleza. Nuestro camping cerca de Perpi\u00f1\u00e1n: \u00a1un entorno verde en el coraz\u00f3n de los Pirineos Orientales! Tanto [&hellip;]","og_url":"https:\/\/www.camping-calypso.com\/es\/ubicaciones\/","og_site_name":"Camping Calypso","article_modified_time":"2026-03-30T08:51:34+00:00","og_image":[{"width":1920,"height":824,"url":"https:\/\/www.camping-calypso.com\/wp-content\/uploads\/2023\/02\/banniere_emplacement1-1920x824-1.jpg","type":"image\/jpeg"}],"twitter_card":"summary_large_image","twitter_misc":{"Est. reading time":"6 minutos"},"schema":{"@context":"https:\/\/schema.org","@graph":[{"@type":"WebSite","@id":"https:\/\/www.camping-calypso.com\/#website","url":"https:\/\/www.camping-calypso.com\/","name":"Camping Calypso","description":"Camping 5 \u00e9toiles \u00e0 Toreilles Plage (66)","potentialAction":[{"@type":"SearchAction","target":{"@type":"EntryPoint","urlTemplate":"https:\/\/www.camping-calypso.com\/?s={search_term_string}"},"query-input":"required name=search_term_string"}],"inLanguage":"es"},{"@type":"ImageObject","inLanguage":"es","@id":"https:\/\/www.camping-calypso.com\/es\/ubicaciones\/#primaryimage","url":"https:\/\/www.camping-calypso.com\/wp-content\/uploads\/2023\/02\/banniere_emplacement1-1920x824-1.jpg","contentUrl":"https:\/\/www.camping-calypso.com\/wp-content\/uploads\/2023\/02\/banniere_emplacement1-1920x824-1.jpg","width":1920,"height":824,"caption":"emplacement camping torreilles"},{"@type":"WebPage","@id":"https:\/\/www.camping-calypso.com\/es\/ubicaciones\/#webpage","url":"https:\/\/www.camping-calypso.com\/es\/ubicaciones\/","name":"Parcelas - Camping Calypso","isPartOf":{"@id":"https:\/\/www.camping-calypso.com\/#website"},"primaryImageOfPage":{"@id":"https:\/\/www.camping-calypso.com\/es\/ubicaciones\/#primaryimage"},"datePublished":"2023-01-19T11:07:04+00:00","dateModified":"2026-03-30T08:51:34+00:00","breadcrumb":{"@id":"https:\/\/www.camping-calypso.com\/es\/ubicaciones\/#breadcrumb"},"inLanguage":"es","potentialAction":[{"@type":"ReadAction","target":["https:\/\/www.camping-calypso.com\/es\/ubicaciones\/"]}]},{"@type":"BreadcrumbList","@id":"https:\/\/www.camping-calypso.com\/es\/ubicaciones\/#breadcrumb","itemListElement":[{"@type":"ListItem","position":1,"name":"Camping Torreilles","item":"https:\/\/www.camping-calypso.com\/es\/"},{"@type":"ListItem","position":2,"name":"Parcelas en el camping Torreilles Plage"}]}]}},"_links":{"self":[{"href":"https:\/\/www.camping-calypso.com\/es\/wp-json\/wp\/v2\/pages\/2397"}],"collection":[{"href":"https:\/\/www.camping-calypso.com\/es\/wp-json\/wp\/v2\/pages"}],"about":[{"href":"https:\/\/www.camping-calypso.com\/es\/wp-json\/wp\/v2\/types\/page"}],"author":[{"embeddable":true,"href":"https:\/\/www.camping-calypso.com\/es\/wp-json\/wp\/v2\/users\/1"}],"replies":[{"embeddable":true,"href":"https:\/\/www.camping-calypso.com\/es\/wp-json\/wp\/v2\/comments?post=2397"}],"version-history":[{"count":6,"href":"https:\/\/www.camping-calypso.com\/es\/wp-json\/wp\/v2\/pages\/2397\/revisions"}],"predecessor-version":[{"id":10115,"href":"https:\/\/www.camping-calypso.com\/es\/wp-json\/wp\/v2\/pages\/2397\/revisions\/10115"}],"wp:featuredmedia":[{"embeddable":true,"href":"https:\/\/www.camping-calypso.com\/es\/wp-json\/wp\/v2\/media\/1453"}],"wp:attachment":[{"href":"https:\/\/www.camping-calypso.com\/es\/wp-json\/wp\/v2\/media?parent=2397"}],"curies":[{"name":"wp","href":"https:\/\/api.w.org\/{rel}","templated":true}]}}