{"id":2385,"date":"2023-02-22T14:49:50","date_gmt":"2023-02-22T13:49:50","guid":{"rendered":"https:\/\/www.camping-calypso.com\/camping-5-estrellas-perpinan\/"},"modified":"2025-10-01T15:15:03","modified_gmt":"2025-10-01T13:15:03","slug":"camping-5-estrellas-perpinan","status":"publish","type":"page","link":"https:\/\/www.camping-calypso.com\/es\/camping-5-estrellas-perpinan\/","title":{"rendered":"Camping 5 estrellas Perpi\u00f1\u00e1n"},"content":{"rendered":"\n<div class=\"wp-block-cover alignfull is-light\"><span aria-hidden=\"true\" class=\"wp-block-cover__gradient-background has-background-dim\"><\/span><img loading=\"lazy\" width=\"2560\" height=\"1707\" class=\"wp-block-cover__image-background wp-image-1025\" alt=\"\" src=\"https:\/\/www.camping-calypso.com\/wp-content\/uploads\/2023\/01\/maxence-bouniort-J3ZvsCRgjm0-unsplash-scaled.jpg\" data-object-fit=\"cover\" srcset=\"https:\/\/www.camping-calypso.com\/wp-content\/uploads\/2023\/01\/maxence-bouniort-J3ZvsCRgjm0-unsplash-scaled.jpg 2560w, https:\/\/www.camping-calypso.com\/wp-content\/uploads\/2023\/01\/maxence-bouniort-J3ZvsCRgjm0-unsplash-300x200.jpg 300w, https:\/\/www.camping-calypso.com\/wp-content\/uploads\/2023\/01\/maxence-bouniort-J3ZvsCRgjm0-unsplash-1024x683.jpg 1024w, https:\/\/www.camping-calypso.com\/wp-content\/uploads\/2023\/01\/maxence-bouniort-J3ZvsCRgjm0-unsplash-768x512.jpg 768w, https:\/\/www.camping-calypso.com\/wp-content\/uploads\/2023\/01\/maxence-bouniort-J3ZvsCRgjm0-unsplash-1536x1024.jpg 1536w, https:\/\/www.camping-calypso.com\/wp-content\/uploads\/2023\/01\/maxence-bouniort-J3ZvsCRgjm0-unsplash-2048x1365.jpg 2048w\" sizes=\"(max-width: 2560px) 100vw, 2560px\" \/><div class=\"wp-block-cover__inner-container\">\n<p class=\"has-text-align-center has-large-font-size\"><\/p>\n<\/div><\/div>\n\n\n\n<h1 class=\"has-text-align-center\" id=\"camping-a-toreilles-5-etoiles-a-500-m-de-la-plage\">Camping 5 estrellas Perpi\u00f1\u00e1n, Le Calypso<\/h1>\n\n\n\n<p class=\"has-text-align-center\"><em>\u00bfSue\u00f1a con un <strong>alquiler de vacaciones en<\/strong> las inmediaciones del mar, en un bello entorno, con servicios de calidad? Descubra sin m\u00e1s demora el Calypso, un <strong>camping de 5 estrellas cerca de Perpi\u00f1\u00e1n<\/strong>. Todo est\u00e1 previsto para que su estancia en familia sea inolvidable: alojamiento totalmente equipado o una parcela en contacto con la naturaleza, una zona acu\u00e1tica excepcional, actividades para todos y un personal que cuida de los veraneantes.<\/em><\/p>\n\n\n\n<div class=\"wp-block-columns alignfull has-blanc-background-color has-background\">\n<div class=\"wp-block-column\">\n<h1 id=\"camping-a-toreilles-5-etoiles-a-500-m-de-la-plage\">Bienvenido a un camping cerca de Perpi\u00f1\u00e1n, junto al mar.<\/h1>\n\n\n\n<p>El camping Calypso est\u00e1 situado en Torreilles, a dos pasos del mar Mediterr\u00e1neo y a quince minutos en coche de <a href=\"https:\/\/www.camping-calypso.com\/es\/alentours\/que-ver-y-hacer-en-un-camping-en-perpinan\/\" data-type=\"alentours\" data-id=\"1024\">Perpi\u00f1\u00e1n<\/a>. Se beneficia as\u00ed de una situaci\u00f3n geogr\u00e1fica privilegiada, cerca de la naturaleza, pero tambi\u00e9n de las principales atracciones tur\u00edsticas de la regi\u00f3n. Podr\u00e1 visitar f\u00e1cilmente las m\u00e1s bellas estaciones balnearias del litoral de los Pirineos Orientales<strong>(Sainte Marie de la mer, Argel\u00e8s sur mer, Collioure, Banyuls sur mer<\/strong>, etc.) o hacer una excursi\u00f3n <strong>al macizo de Alb\u00e8res<\/strong> para respirar aire puro.<br>Este <a href=\"https:\/\/www.camping-calypso.com\/es\/seaside\/\" data-type=\"page\" data-id=\"989\">camping junto al mar, cerca de Perpi\u00f1\u00e1n<\/a>, le ofrece un alquiler de vacaciones acorde con sus deseos y su presupuesto. \u00bfQuiere sentirse como en casa? En este caso, opte por una <strong>casa m\u00f3vil o un chalet<\/strong> muy confortables y totalmente equipados. \u00bfPrefiere un camping aut\u00e9ntico y natural? Instale su <strong>tienda, caravana o autocaravana<\/strong>en un entorno verde y disfrute de unas lujosas vacaciones en familia a un precio razonable.<br>Para su entretenimiento y comodidad, el camping ofrece una amplia gama de actividades, animaciones y servicios de alta gama (kit de ropa blanca, lavander\u00eda, restaurante, etc.). Entre el parque acu\u00e1tico, las animadas veladas, el club infantil y muchas otras sorpresas, \u00a1no tendr\u00e1 tiempo de aburrirse!<\/p>\n<\/div>\n\n\n\n<div class=\"wp-block-column\" style=\"flex-basis:52%\">\n<figure class=\"wp-block-image alignfull size-large\"><img loading=\"lazy\" width=\"1024\" height=\"815\" src=\"https:\/\/www.camping-calypso.com\/wp-content\/uploads\/2023\/01\/plage-1024x815.jpg\" alt=\"\" class=\"wp-image-553\" srcset=\"https:\/\/www.camping-calypso.com\/wp-content\/uploads\/2023\/01\/plage-1024x815.jpg 1024w, https:\/\/www.camping-calypso.com\/wp-content\/uploads\/2023\/01\/plage-300x239.jpg 300w, https:\/\/www.camping-calypso.com\/wp-content\/uploads\/2023\/01\/plage-768x611.jpg 768w, https:\/\/www.camping-calypso.com\/wp-content\/uploads\/2023\/01\/plage-1536x1222.jpg 1536w, https:\/\/www.camping-calypso.com\/wp-content\/uploads\/2023\/01\/plage.jpg 1920w\" sizes=\"(max-width: 1024px) 100vw, 1024px\" \/><\/figure>\n<\/div>\n<\/div>\n\n\n\n<div class=\"wp-block-columns alignfull has-bleu-background-color has-background\">\n<div class=\"wp-block-column\" style=\"flex-basis:48%\">\n<figure class=\"wp-block-image alignfull size-large\"><img loading=\"lazy\" width=\"1024\" height=\"683\" src=\"https:\/\/www.camping-calypso.com\/wp-content\/uploads\/2024\/08\/BD-Cordelia-8-1024x683.jpg\" alt=\"\" class=\"wp-image-6685\" srcset=\"https:\/\/www.camping-calypso.com\/wp-content\/uploads\/2024\/08\/BD-Cordelia-8-1024x683.jpg 1024w, https:\/\/www.camping-calypso.com\/wp-content\/uploads\/2024\/08\/BD-Cordelia-8-300x200.jpg 300w, https:\/\/www.camping-calypso.com\/wp-content\/uploads\/2024\/08\/BD-Cordelia-8-768x512.jpg 768w, https:\/\/www.camping-calypso.com\/wp-content\/uploads\/2024\/08\/BD-Cordelia-8-1536x1024.jpg 1536w, https:\/\/www.camping-calypso.com\/wp-content\/uploads\/2024\/08\/BD-Cordelia-8.jpg 1920w\" sizes=\"(max-width: 1024px) 100vw, 1024px\" \/><\/figure>\n<\/div>\n\n\n\n<div class=\"wp-block-column\">\n<h2 id=\"emplacements-de-camping-pres-de-perpignan\">Alquiler de mobil home en Perpignan<\/h2>\n\n\n\n<p>Acom\u00f3dese en pareja o en familia en una casa m\u00f3vil para pasar una estancia inolvidable junto al mar. En funci\u00f3n de sus deseos y necesidades, este camping de 5 estrellas cerca de Perpi\u00f1\u00e1n le propone 5 tipos de mobil-homes:<\/p>\n\n\n\n<ul><li><strong>Cl\u00e1sico<\/strong>: para 4 a 6 personas, ideal para una estancia confortable con toda sencillez.<\/li><li><strong>Comodidad<\/strong>: esta casa m\u00f3vil puede alojar hasta 8 personas. Est\u00e1 equipada con un televisor y una plancha para pasar agradables momentos con los tuyos.<\/li><li><strong>Privil\u00e8ge<\/strong>: para un m\u00e1ximo de 6 personas, accesible para personas con movilidad reducida, este tipo de alojamiento ofrece un confort \u00f3ptimo con su aire acondicionado<\/li><li><strong>Prestigio<\/strong>: disfrute de un amplio mobil-home con servicios de alta gama (terraza cubierta, wifi, equipamiento completo, 3 dormitorios + cama supletoria, aire acondicionado, plancha, etc.).<\/li><li><strong>Lujo <\/strong>: digno de un camping de 5 estrellas, este alquiler de vacaciones seduce tanto a los enamorados como a las familias que desean darse un capricho. En un ambiente acogedor y moderno, disfrute de los servicios hoteleros incluidos (limpieza diaria, nueva decoraci\u00f3n, suministro de toallas, etc.).<\/li><\/ul>\n\n\n\n<p>Todos estos alojamientos est\u00e1n totalmente equipados y disponen de terraza, a veces cubierta, y muebles de jard\u00edn para disfrutar de sus comidas familiares al aire libre y aprovechar las c\u00e1lidas tardes de verano.<\/p>\n\n\n\n<div class=\"wp-container-69f222e35d69a wp-block-buttons\">\n<div class=\"wp-block-button\"><a class=\"wp-block-button__link\" href=\"https:\/\/www.camping-calypso.com\/es\/mobil-home-chalet\/\">Ver los alquileres<\/a><\/div>\n<\/div>\n<\/div>\n<\/div>\n\n\n\n<div class=\"wp-block-columns\">\n<div class=\"wp-block-column\">\n<h2 id=\"camping-perpignan-avec-piscine-et-toboggans\">Camping Perpignan con piscina y toboganes<\/h2>\n\n\n\n<p>Disfrute de todos los placeres del agua en este <a href=\"https:\/\/www.camping-calypso.com\/es\/parque-acuatico\/\" data-type=\"page\" data-id=\"563\">parque acu\u00e1tico cerca de Perpi\u00f1\u00e1n<\/a>. Toda la familia puede disfrutar de la <strong>zona acu\u00e1tica climatizada de 3.000 metros cuadrados<\/strong>. De abril a septiembre, este espacio acu\u00e1tico re\u00fane a todas las generaciones. Es un verdadero peque\u00f1o para\u00edso para los ni\u00f1os, que pueden divertirse con total seguridad en <strong>la gran piscina infantil y en los divertidos juegos acu\u00e1ticos<\/strong> (columpios, toboganes, etc.). Los ni\u00f1os mayores y los adultos pueden nadar en la piscina, tirarse por los toboganes, jugar en el pentagliss o relajarse en las tumbonas.<br><\/p>\n\n\n\n<div class=\"wp-block-group lire-plus-pc\"><div class=\"wp-block-group__inner-container\">\n<p>Seguir leyendo<\/p>\n\n\n\n<div class=\"wp-container-69f222e35da67 wp-block-group\"><div class=\"wp-block-group__inner-container\">\n<p>Todos los animadores se encargar\u00e1n de que est\u00e9 entretenido durante su estancia. <strong>El parque acu\u00e1tico<\/strong> es uno de los lugares m\u00e1s animados de nuestro <a href=\"https:\/\/www.camping-calypso.com\/es\/animaciones\/\" data-type=\"page\" data-id=\"565\">camping familiar de Perpi\u00f1\u00e1n<\/a>. Puede participar en <strong>clases colectivas<\/strong> junto a la piscina para mantenerse en forma y hacer ejercicio durante sus vacaciones. El programa incluye clases de aquazumba, aquabike y aquafun, \u00a1as\u00ed que prep\u00e1rate para moverte este verano!<\/p>\n\n\n\n<p>Pero no se preocupe, en el Camping Le Calypso hay para todos los gustos. \u00bfNo te apetece nada bailar en la piscina? No se preocupe, puede optar por relajarse, lejos de los problemas de la vida cotidiana. Para ello, el camping Le Calypso cuenta con <strong>un sol\u00e1rium y un jacuzzi<\/strong>.<\/p>\n\n\n\n<p>Como puede ver, todo est\u00e1 pensado para que disfrute al m\u00e1ximo del camping.<\/p>\n<\/div><\/div>\n<\/div><\/div>\n<\/div>\n\n\n\n<div class=\"wp-block-column\" style=\"flex-basis:52%\">\n<figure class=\"wp-block-image alignfull size-large\"><img loading=\"lazy\" width=\"1024\" height=\"768\" src=\"https:\/\/www.camping-calypso.com\/wp-content\/uploads\/2024\/02\/DJI_0911-1024x768.jpg\" alt=\"Camping Le Calypso Torreilles-Plage\" class=\"wp-image-6084\" srcset=\"https:\/\/www.camping-calypso.com\/wp-content\/uploads\/2024\/02\/DJI_0911-1024x768.jpg 1024w, https:\/\/www.camping-calypso.com\/wp-content\/uploads\/2024\/02\/DJI_0911-300x225.jpg 300w, https:\/\/www.camping-calypso.com\/wp-content\/uploads\/2024\/02\/DJI_0911-768x576.jpg 768w, https:\/\/www.camping-calypso.com\/wp-content\/uploads\/2024\/02\/DJI_0911-1536x1152.jpg 1536w, https:\/\/www.camping-calypso.com\/wp-content\/uploads\/2024\/02\/DJI_0911-2048x1536.jpg 2048w\" sizes=\"(max-width: 1024px) 100vw, 1024px\" \/><\/figure>\n<\/div>\n<\/div>\n\n\n\n<div class=\"wp-block-columns alignfull has-bleu-background-color has-background\">\n<div class=\"wp-block-column\" style=\"flex-basis:48%\">\n<figure class=\"wp-block-image alignfull size-full\"><img loading=\"lazy\" width=\"2560\" height=\"1707\" src=\"https:\/\/www.camping-calypso.com\/wp-content\/uploads\/2023\/01\/maxence-bouniort-J3ZvsCRgjm0-unsplash-scaled.jpg\" alt=\"\" class=\"wp-image-1025\" srcset=\"https:\/\/www.camping-calypso.com\/wp-content\/uploads\/2023\/01\/maxence-bouniort-J3ZvsCRgjm0-unsplash-scaled.jpg 2560w, https:\/\/www.camping-calypso.com\/wp-content\/uploads\/2023\/01\/maxence-bouniort-J3ZvsCRgjm0-unsplash-300x200.jpg 300w, https:\/\/www.camping-calypso.com\/wp-content\/uploads\/2023\/01\/maxence-bouniort-J3ZvsCRgjm0-unsplash-1024x683.jpg 1024w, https:\/\/www.camping-calypso.com\/wp-content\/uploads\/2023\/01\/maxence-bouniort-J3ZvsCRgjm0-unsplash-768x512.jpg 768w, https:\/\/www.camping-calypso.com\/wp-content\/uploads\/2023\/01\/maxence-bouniort-J3ZvsCRgjm0-unsplash-1536x1024.jpg 1536w, https:\/\/www.camping-calypso.com\/wp-content\/uploads\/2023\/01\/maxence-bouniort-J3ZvsCRgjm0-unsplash-2048x1365.jpg 2048w\" sizes=\"(max-width: 2560px) 100vw, 2560px\" \/><\/figure>\n<\/div>\n\n\n\n<div class=\"wp-block-column\">\n<h2 id=\"emplacements-de-camping-pres-de-perpignan\">Sus vacaciones entre mar y tierra en los Pirineos Orientales<\/h2>\n\n\n\n<p>Este <strong>camping cerca de Perpi\u00f1\u00e1n<\/strong>, junto al mar, ofrece un amplio abanico de actividades para todos los gustos, pero su ubicaci\u00f3n ideal tambi\u00e9n le permitir\u00e1 <a href=\"https:\/\/www.camping-calypso.com\/es\/turismo\/\" data-type=\"page\" data-id=\"571\">visitar todos los tesoros de los Pirineos Orientales<\/a>. \u00bfPrefiere las estaciones balnearias, los paseos y los deportes n\u00e1uticos? En este caso, <strong>explore la costa de Vermeille<\/strong> y alterne entre el descubrimiento de la orilla del mar, los placeres del agua y el descanso en la playa. Podr\u00e1 elegir entre <strong>Collioure<\/strong>, la ciudad de los pintores,<strong> Argel\u00e8s sur mer<\/strong>, <strong>Banyuls<\/strong> o <strong>Saint-Cyprien<\/strong>. Todos estos lugares ofrecen la posibilidad de practicar vela, submarinismo, moto acu\u00e1tica, parasailing, etc.<\/p>\n\n\n\n<div class=\"wp-block-group lire-plus-pc\"><div class=\"wp-block-group__inner-container\">\n<p>Seguir leyendo<\/p>\n\n\n\n<div class=\"wp-container-69f222e35de8e wp-block-group\"><div class=\"wp-block-group__inner-container\">\n<p>\u00bfPrefiere los grandes espacios, las visitas culturales y los pueblos pintorescos? Cerca del camping Le Calypso encontrar\u00e1 <strong>el gran yacimiento de Canigou<\/strong>, <strong>la cueva de Tautavel<\/strong> y su museo prehist\u00f3rico, los extraordinarios paisajes de los <strong>\u00f3rganos de Ille-sur-T\u00eat<\/strong> o<strong> el pueblo de Saint-Andr\u00e9 en el macizo de Alb\u00e8res<\/strong>.<\/p>\n\n\n\n<p>Los amantes de la naturaleza, el senderismo y las maravillas arquitect\u00f3nicas no podr\u00e1n explorarlo todo en esta zona, ya que hay muchos tesoros. Pero no importa, \u00a1todo el equipo del camping Le Calypso estar\u00e1 encantado de recibirle de nuevo para otras <strong>vacaciones cerca de Perpi\u00f1\u00e1n<\/strong>!<\/p>\n<\/div><\/div>\n<\/div><\/div>\n<\/div>\n<\/div>\n","protected":false},"excerpt":{"rendered":"<p>Camping 5 estrellas Perpi\u00f1\u00e1n, Le Calypso \u00bfSue\u00f1a con un alquiler de vacaciones en las inmediaciones del mar, en un bello entorno, con servicios de calidad? Descubra sin m\u00e1s demora el Calypso, un camping de 5 estrellas cerca de Perpi\u00f1\u00e1n. Todo est\u00e1 previsto para que su estancia en familia sea inolvidable: alojamiento totalmente equipado o una [&hellip;]<\/p>\n","protected":false},"author":1,"featured_media":556,"parent":0,"menu_order":0,"comment_status":"closed","ping_status":"closed","template":"","meta":[],"acf":[],"yoast_head":"<!-- This site is optimized with the Yoast SEO plugin v18.8 - https:\/\/yoast.com\/wordpress\/plugins\/seo\/ -->\n<title>Camping 5 estrellas Perpi\u00f1\u00e1n - Camping Calypso<\/title>\n<meta name=\"robots\" content=\"index, follow, max-snippet:-1, max-image-preview:large, max-video-preview:-1\" \/>\n<link rel=\"canonical\" href=\"https:\/\/www.camping-calypso.com\/es\/camping-5-estrellas-perpinan\/\" \/>\n<meta property=\"og:locale\" content=\"es_ES\" \/>\n<meta property=\"og:type\" content=\"article\" \/>\n<meta property=\"og:title\" content=\"Camping 5 estrellas Perpi\u00f1\u00e1n - Camping Calypso\" \/>\n<meta property=\"og:description\" content=\"Camping 5 estrellas Perpi\u00f1\u00e1n, Le Calypso \u00bfSue\u00f1a con un alquiler de vacaciones en las inmediaciones del mar, en un bello entorno, con servicios de calidad? Descubra sin m\u00e1s demora el Calypso, un camping de 5 estrellas cerca de Perpi\u00f1\u00e1n. Todo est\u00e1 previsto para que su estancia en familia sea inolvidable: alojamiento totalmente equipado o una [&hellip;]\" \/>\n<meta property=\"og:url\" content=\"https:\/\/www.camping-calypso.com\/es\/camping-5-estrellas-perpinan\/\" \/>\n<meta property=\"og:site_name\" content=\"Camping Calypso\" \/>\n<meta property=\"article:modified_time\" content=\"2025-10-01T13:15:03+00:00\" \/>\n<meta property=\"og:image\" content=\"https:\/\/www.camping-calypso.com\/wp-content\/uploads\/2023\/01\/plage.jpg\" \/>\n\t<meta property=\"og:image:width\" content=\"1920\" \/>\n\t<meta property=\"og:image:height\" content=\"1528\" \/>\n\t<meta property=\"og:image:type\" content=\"image\/jpeg\" \/>\n<meta name=\"twitter:card\" content=\"summary_large_image\" \/>\n<meta name=\"twitter:label1\" content=\"Est. reading time\" \/>\n\t<meta name=\"twitter:data1\" content=\"6 minutos\" \/>\n<script type=\"application\/ld+json\" class=\"yoast-schema-graph\">{\"@context\":\"https:\/\/schema.org\",\"@graph\":[{\"@type\":\"WebSite\",\"@id\":\"https:\/\/www.camping-calypso.com\/#website\",\"url\":\"https:\/\/www.camping-calypso.com\/\",\"name\":\"Camping Calypso\",\"description\":\"Camping 5 \u00e9toiles \u00e0 Toreilles Plage (66)\",\"potentialAction\":[{\"@type\":\"SearchAction\",\"target\":{\"@type\":\"EntryPoint\",\"urlTemplate\":\"https:\/\/www.camping-calypso.com\/?s={search_term_string}\"},\"query-input\":\"required name=search_term_string\"}],\"inLanguage\":\"es\"},{\"@type\":\"ImageObject\",\"inLanguage\":\"es\",\"@id\":\"https:\/\/www.camping-calypso.com\/es\/camping-5-estrellas-perpinan\/#primaryimage\",\"url\":\"https:\/\/www.camping-calypso.com\/wp-content\/uploads\/2023\/01\/plage.jpg\",\"contentUrl\":\"https:\/\/www.camping-calypso.com\/wp-content\/uploads\/2023\/01\/plage.jpg\",\"width\":1920,\"height\":1528},{\"@type\":\"WebPage\",\"@id\":\"https:\/\/www.camping-calypso.com\/es\/camping-5-estrellas-perpinan\/#webpage\",\"url\":\"https:\/\/www.camping-calypso.com\/es\/camping-5-estrellas-perpinan\/\",\"name\":\"Camping 5 estrellas Perpi\u00f1\u00e1n - Camping Calypso\",\"isPartOf\":{\"@id\":\"https:\/\/www.camping-calypso.com\/#website\"},\"primaryImageOfPage\":{\"@id\":\"https:\/\/www.camping-calypso.com\/es\/camping-5-estrellas-perpinan\/#primaryimage\"},\"datePublished\":\"2023-02-22T13:49:50+00:00\",\"dateModified\":\"2025-10-01T13:15:03+00:00\",\"breadcrumb\":{\"@id\":\"https:\/\/www.camping-calypso.com\/es\/camping-5-estrellas-perpinan\/#breadcrumb\"},\"inLanguage\":\"es\",\"potentialAction\":[{\"@type\":\"ReadAction\",\"target\":[\"https:\/\/www.camping-calypso.com\/es\/camping-5-estrellas-perpinan\/\"]}]},{\"@type\":\"BreadcrumbList\",\"@id\":\"https:\/\/www.camping-calypso.com\/es\/camping-5-estrellas-perpinan\/#breadcrumb\",\"itemListElement\":[{\"@type\":\"ListItem\",\"position\":1,\"name\":\"Camping Torreilles\",\"item\":\"https:\/\/www.camping-calypso.com\/es\/\"},{\"@type\":\"ListItem\",\"position\":2,\"name\":\"Camping 5 estrellas Perpi\u00f1\u00e1n\"}]}]}<\/script>\n<!-- \/ Yoast SEO plugin. -->","yoast_head_json":{"title":"Camping 5 estrellas Perpi\u00f1\u00e1n - Camping Calypso","robots":{"index":"index","follow":"follow","max-snippet":"max-snippet:-1","max-image-preview":"max-image-preview:large","max-video-preview":"max-video-preview:-1"},"canonical":"https:\/\/www.camping-calypso.com\/es\/camping-5-estrellas-perpinan\/","og_locale":"es_ES","og_type":"article","og_title":"Camping 5 estrellas Perpi\u00f1\u00e1n - Camping Calypso","og_description":"Camping 5 estrellas Perpi\u00f1\u00e1n, Le Calypso \u00bfSue\u00f1a con un alquiler de vacaciones en las inmediaciones del mar, en un bello entorno, con servicios de calidad? Descubra sin m\u00e1s demora el Calypso, un camping de 5 estrellas cerca de Perpi\u00f1\u00e1n. Todo est\u00e1 previsto para que su estancia en familia sea inolvidable: alojamiento totalmente equipado o una [&hellip;]","og_url":"https:\/\/www.camping-calypso.com\/es\/camping-5-estrellas-perpinan\/","og_site_name":"Camping Calypso","article_modified_time":"2025-10-01T13:15:03+00:00","og_image":[{"width":1920,"height":1528,"url":"https:\/\/www.camping-calypso.com\/wp-content\/uploads\/2023\/01\/plage.jpg","type":"image\/jpeg"}],"twitter_card":"summary_large_image","twitter_misc":{"Est. reading time":"6 minutos"},"schema":{"@context":"https:\/\/schema.org","@graph":[{"@type":"WebSite","@id":"https:\/\/www.camping-calypso.com\/#website","url":"https:\/\/www.camping-calypso.com\/","name":"Camping Calypso","description":"Camping 5 \u00e9toiles \u00e0 Toreilles Plage (66)","potentialAction":[{"@type":"SearchAction","target":{"@type":"EntryPoint","urlTemplate":"https:\/\/www.camping-calypso.com\/?s={search_term_string}"},"query-input":"required name=search_term_string"}],"inLanguage":"es"},{"@type":"ImageObject","inLanguage":"es","@id":"https:\/\/www.camping-calypso.com\/es\/camping-5-estrellas-perpinan\/#primaryimage","url":"https:\/\/www.camping-calypso.com\/wp-content\/uploads\/2023\/01\/plage.jpg","contentUrl":"https:\/\/www.camping-calypso.com\/wp-content\/uploads\/2023\/01\/plage.jpg","width":1920,"height":1528},{"@type":"WebPage","@id":"https:\/\/www.camping-calypso.com\/es\/camping-5-estrellas-perpinan\/#webpage","url":"https:\/\/www.camping-calypso.com\/es\/camping-5-estrellas-perpinan\/","name":"Camping 5 estrellas Perpi\u00f1\u00e1n - Camping Calypso","isPartOf":{"@id":"https:\/\/www.camping-calypso.com\/#website"},"primaryImageOfPage":{"@id":"https:\/\/www.camping-calypso.com\/es\/camping-5-estrellas-perpinan\/#primaryimage"},"datePublished":"2023-02-22T13:49:50+00:00","dateModified":"2025-10-01T13:15:03+00:00","breadcrumb":{"@id":"https:\/\/www.camping-calypso.com\/es\/camping-5-estrellas-perpinan\/#breadcrumb"},"inLanguage":"es","potentialAction":[{"@type":"ReadAction","target":["https:\/\/www.camping-calypso.com\/es\/camping-5-estrellas-perpinan\/"]}]},{"@type":"BreadcrumbList","@id":"https:\/\/www.camping-calypso.com\/es\/camping-5-estrellas-perpinan\/#breadcrumb","itemListElement":[{"@type":"ListItem","position":1,"name":"Camping Torreilles","item":"https:\/\/www.camping-calypso.com\/es\/"},{"@type":"ListItem","position":2,"name":"Camping 5 estrellas Perpi\u00f1\u00e1n"}]}]}},"_links":{"self":[{"href":"https:\/\/www.camping-calypso.com\/es\/wp-json\/wp\/v2\/pages\/2385"}],"collection":[{"href":"https:\/\/www.camping-calypso.com\/es\/wp-json\/wp\/v2\/pages"}],"about":[{"href":"https:\/\/www.camping-calypso.com\/es\/wp-json\/wp\/v2\/types\/page"}],"author":[{"embeddable":true,"href":"https:\/\/www.camping-calypso.com\/es\/wp-json\/wp\/v2\/users\/1"}],"replies":[{"embeddable":true,"href":"https:\/\/www.camping-calypso.com\/es\/wp-json\/wp\/v2\/comments?post=2385"}],"version-history":[{"count":6,"href":"https:\/\/www.camping-calypso.com\/es\/wp-json\/wp\/v2\/pages\/2385\/revisions"}],"predecessor-version":[{"id":6701,"href":"https:\/\/www.camping-calypso.com\/es\/wp-json\/wp\/v2\/pages\/2385\/revisions\/6701"}],"wp:featuredmedia":[{"embeddable":true,"href":"https:\/\/www.camping-calypso.com\/es\/wp-json\/wp\/v2\/media\/556"}],"wp:attachment":[{"href":"https:\/\/www.camping-calypso.com\/es\/wp-json\/wp\/v2\/media?parent=2385"}],"curies":[{"name":"wp","href":"https:\/\/api.w.org\/{rel}","templated":true}]}}