{"id":2375,"date":"2023-01-30T09:47:23","date_gmt":"2023-01-30T08:47:23","guid":{"rendered":"https:\/\/www.camping-calypso.com\/seaside\/"},"modified":"2024-08-05T17:01:46","modified_gmt":"2024-08-05T15:01:46","slug":"seaside","status":"publish","type":"page","link":"https:\/\/www.camping-calypso.com\/es\/seaside\/","title":{"rendered":"Seaside"},"content":{"rendered":"\n<div class=\"wp-block-cover alignfull\"><span aria-hidden=\"true\" class=\"wp-block-cover__gradient-background has-background-dim\"><\/span><img loading=\"lazy\" width=\"2560\" height=\"1451\" class=\"wp-block-cover__image-background wp-image-1055\" alt=\"\" src=\"https:\/\/www.camping-calypso.com\/wp-content\/uploads\/2023\/01\/vincent-grg-AYMdO2Vfx0E-unsplash-scaled.jpg\" data-object-fit=\"cover\" srcset=\"https:\/\/www.camping-calypso.com\/wp-content\/uploads\/2023\/01\/vincent-grg-AYMdO2Vfx0E-unsplash-scaled.jpg 2560w, https:\/\/www.camping-calypso.com\/wp-content\/uploads\/2023\/01\/vincent-grg-AYMdO2Vfx0E-unsplash-300x170.jpg 300w, https:\/\/www.camping-calypso.com\/wp-content\/uploads\/2023\/01\/vincent-grg-AYMdO2Vfx0E-unsplash-1024x580.jpg 1024w, https:\/\/www.camping-calypso.com\/wp-content\/uploads\/2023\/01\/vincent-grg-AYMdO2Vfx0E-unsplash-768x435.jpg 768w, https:\/\/www.camping-calypso.com\/wp-content\/uploads\/2023\/01\/vincent-grg-AYMdO2Vfx0E-unsplash-1536x870.jpg 1536w, https:\/\/www.camping-calypso.com\/wp-content\/uploads\/2023\/01\/vincent-grg-AYMdO2Vfx0E-unsplash-2048x1161.jpg 2048w\" sizes=\"(max-width: 2560px) 100vw, 2560px\" \/><div class=\"wp-block-cover__inner-container\">\n<p class=\"has-text-align-center has-large-font-size\"><\/p>\n<\/div><\/div>\n\n\n\n<div class=\"wp-block-columns\">\n<div class=\"wp-block-column\">\n<h1 id=\"camping-a-toreilles-5-etoiles-a-500-m-de-la-plage\">Camping 5 estrellas en los Pirineos Orientales <em>junto al mar<\/em><\/h1>\n\n\n\n<p>\u00bfY si sus vacaciones so\u00f1adas se hicieran realidad aloj\u00e1ndose en un <strong>camping de 5 estrellas en los Pirineos Orientales<\/strong>?<\/p>\n\n\n\n<p>Enclavado <strong>entre el mar Mediterr\u00e1neo y el Canigou<\/strong>, la monta\u00f1a sagrada de los catalanes, el camping Calypso goza de una ubicaci\u00f3n ideal frente al mar.<\/p>\n\n\n\n<p>A menos de 500 metros de la playa, invita a relajarse y tambi\u00e9n a practicar numerosas actividades tanto dentro como fuera del camping.<\/p>\n<\/div>\n\n\n\n<div class=\"wp-block-column\" style=\"flex-basis:52%\">\n<figure class=\"wp-block-image alignfull size-large\"><img loading=\"lazy\" width=\"1024\" height=\"853\" src=\"https:\/\/www.camping-calypso.com\/wp-content\/uploads\/2023\/02\/Sans-titre-33-1024x853.jpg\" alt=\"\" class=\"wp-image-1606\" srcset=\"https:\/\/www.camping-calypso.com\/wp-content\/uploads\/2023\/02\/Sans-titre-33-1024x853.jpg 1024w, https:\/\/www.camping-calypso.com\/wp-content\/uploads\/2023\/02\/Sans-titre-33-300x250.jpg 300w, https:\/\/www.camping-calypso.com\/wp-content\/uploads\/2023\/02\/Sans-titre-33-768x640.jpg 768w, https:\/\/www.camping-calypso.com\/wp-content\/uploads\/2023\/02\/Sans-titre-33.jpg 1080w\" sizes=\"(max-width: 1024px) 100vw, 1024px\" \/><\/figure>\n<\/div>\n<\/div>\n\n\n\n<div class=\"wp-block-columns alignfull reverse-mob has-bleu-background-color has-background\">\n<div class=\"wp-block-column\" style=\"flex-basis:48%\">\n<figure class=\"wp-block-image alignfull size-large\"><img loading=\"lazy\" width=\"1920\" height=\"2560\" src=\"https:\/\/www.camping-calypso.com\/wp-content\/uploads\/2023\/02\/romain-cellier-be0Lpj0Ua6E-unsplash-edited-1-scaled.jpg\" alt=\"\" class=\"wp-image-1961\" srcset=\"https:\/\/www.camping-calypso.com\/wp-content\/uploads\/2023\/02\/romain-cellier-be0Lpj0Ua6E-unsplash-edited-1-scaled.jpg 1920w, https:\/\/www.camping-calypso.com\/wp-content\/uploads\/2023\/02\/romain-cellier-be0Lpj0Ua6E-unsplash-edited-1-225x300.jpg 225w, https:\/\/www.camping-calypso.com\/wp-content\/uploads\/2023\/02\/romain-cellier-be0Lpj0Ua6E-unsplash-edited-1-768x1024.jpg 768w, https:\/\/www.camping-calypso.com\/wp-content\/uploads\/2023\/02\/romain-cellier-be0Lpj0Ua6E-unsplash-edited-1-1152x1536.jpg 1152w, https:\/\/www.camping-calypso.com\/wp-content\/uploads\/2023\/02\/romain-cellier-be0Lpj0Ua6E-unsplash-edited-1-1536x2048.jpg 1536w\" sizes=\"(max-width: 1920px) 100vw, 1920px\" \/><\/figure>\n<\/div>\n\n\n\n<div class=\"wp-block-column\">\n<h2 id=\"emplacements-de-camping-pres-de-perpignan\">Camping cerca de las <em>playas de Torreilles<\/em><\/h2>\n\n\n\n<p>El Mediterr\u00e1neo nunca ha estado tan cerca de casa. A s\u00f3lo unos pasos de su alquiler, nuestro camping familiar est\u00e1 muy cerca de <a href=\"https:\/\/www.camping-calypso.com\/es\/alentours\/playa-de-torreilles\/\" data-type=\"alentours\" data-id=\"1049\">las playas de Torreilles<\/a>. Si elige unas vacaciones de <strong>camping en Torreilles plage<\/strong>, mejor que sea cerca del mar.<\/p>\n\n\n\n<div class=\"wp-block-group lire-plus-pc\"><div class=\"wp-block-group__inner-container\">\n<p>Seguir leyendo<\/p>\n\n\n\n<div class=\"wp-container-69f20b3bee540 wp-block-group\"><div class=\"wp-block-group__inner-container\">\n<p>Elegir nuestro camping Torreilles plage es la garant\u00eda de pasar <strong>unas aut\u00e9nticas vacaciones con los pies<\/strong> en el agua. Qu\u00e9 placer disfrutar de unas vacaciones junto al mar sin tener que pedir prestado un coche ni encontrar aparcamiento. La playa, garantiza un horario enteramente dedicado a la relajaci\u00f3n.  <\/p>\n\n\n\n<p>Como en un interludio encantado, redescubra el placer de hacerlo todo a pie y, adem\u00e1s, act\u00fae a favor de las buenas pr\u00e1cticas del <strong>turismo ecorresponsable<\/strong>.<br>Los madrugadores pueden disfrutar de la belleza del amanecer, de un paseo ma\u00f1anero para hacer cosquillas a la espuma o de la arena mojada para un vigorizante footing.<\/p>\n\n\n\n<p>\u00bfSe levanta tarde? No hay nada como un chapuz\u00f3n en las c\u00e1lidas olas y unos cuantos castillos de arena en <strong>la playa de Bourdigou<\/strong> con los ni\u00f1os para empezar un d\u00eda lleno de \u00e9xitos.<\/p>\n\n\n\n<p>\u00bfY si el verdadero lujo fuera simplemente disfrutar de las ventajas de un <a href=\"https:\/\/www.camping-calypso.com\/es\/\" data-type=\"page\" data-id=\"5\">camping en los Pirineos Orientales junto<\/a> al mar?<\/p>\n<\/div><\/div>\n<\/div><\/div>\n<\/div>\n<\/div>\n\n\n\n<section class=\"wp-container-69f20b3bee880 wp-block-group alignfull has-noir-background-color has-background\"><div class=\"wp-block-group__inner-container\">\n<p class=\"has-text-align-center h3 has-blanc-color has-text-color\">Para unas buenas vacaciones junto al mar<\/p>\n\n\n\n<ul class=\"pictos large centre has-vert-color has-text-color\"><li><i class=\"fas fa-trees\"><\/i>  Acampar <em>en el campo<\/em><\/li><li><i class=\"fas fa-sun-haze\"><\/i>  Cerca de <em>la playa<\/em><\/li><li><i class=\"fas fa-family\"><\/i> Vacaciones con la familia <em>y los amigos<\/em><\/li><\/ul>\n<\/div><\/section>\n\n\n\n<div class=\"wp-block-columns\">\n<div class=\"wp-block-column\">\n<h2 id=\"camping-pyrenees-orientales-en-bord-de-mer-et-avec-piscine\">Camping Pyr\u00e9n\u00e9es Orientales  <\/h2>\n\n\n\n<h2 id=\"camping-pyrenees-orientales-en-bord-de-mer-et-avec-piscine\">junto al mar <em>y con piscina<\/em><\/h2>\n\n\n\n<p>El dilema es qu\u00e9 camping de 5 estrellas elegir para las pr\u00f3ximas vacaciones. \u00bfDebe elegir un alojamiento junto al mar o un camping con piscina? \u00bfY si un<strong> camping en los Pirineos Orientales junto al mar y con piscina<\/strong> pusiera de acuerdo a todo el mundo?<\/p>\n\n\n\n<div class=\"wp-block-group lire-plus-pc\"><div class=\"wp-block-group__inner-container\">\n<p>Seguir leyendo<\/p>\n\n\n\n<div class=\"wp-container-69f20b3beebf0 wp-block-group\"><div class=\"wp-block-group__inner-container\">\n<p>En un entorno verde, como un pinar en la playa, <a href=\"https:\/\/www.camping-calypso.com\/es\/parque-acuatico\/\" data-type=\"page\" data-id=\"563\">el camping con piscina Pyr\u00e9n\u00e9es Orientales<\/a> dedica una superficie de 3.000 m2 <strong>al parque acu\u00e1tico<\/strong>. Tanto si las vacaciones son contemplativas como activas, hay algo para todos los gustos. Los ni\u00f1os tendr\u00e1n mucho tiempo para disfrutar del parque acu\u00e1tico y de los numerosos <strong>juegos de agua<\/strong> disponibles (toboganes, columpios o pentagliss&#8230;). Los padres pueden relajarse en la piscina de su elecci\u00f3n y disfrutar de las <strong>piscinas climatizadas<\/strong> o <strong>de la zona de relajaci\u00f3n<\/strong> con su jacuzzi y sol\u00e1rium.<\/p>\n\n\n\n<p>Nuestro camping de 5 estrellas, con su gran <strong>piscina exterior<\/strong>, es un lugar ideal para <strong>relajarse<\/strong>, pero <strong>la<\/strong> cercana costa tiene mucho que ofrecer. <strong>Las salidas a la playa<\/strong> son siempre un momento de diversi\u00f3n, convivencia y uni\u00f3n familiar. Equipado con globos, toallas, sombrilla, nevera y crema solar, no hay lugar para el estr\u00e9s de olvidar algo, \u00a1est\u00e1s al lado de tu alojamiento!<\/p>\n<\/div><\/div>\n<\/div><\/div>\n<\/div>\n\n\n\n<div class=\"wp-block-column\" style=\"flex-basis:52%\">\n<figure class=\"wp-block-image alignfull size-large\"><img loading=\"lazy\" width=\"1024\" height=\"768\" src=\"https:\/\/www.camping-calypso.com\/wp-content\/uploads\/2024\/02\/DJI_0926-1024x768.jpg\" alt=\"Camping 5 \u00e9toiles pyr\u00e9n\u00e9es orientales bord de mer\" class=\"wp-image-6101\" srcset=\"https:\/\/www.camping-calypso.com\/wp-content\/uploads\/2024\/02\/DJI_0926-1024x768.jpg 1024w, https:\/\/www.camping-calypso.com\/wp-content\/uploads\/2024\/02\/DJI_0926-300x225.jpg 300w, https:\/\/www.camping-calypso.com\/wp-content\/uploads\/2024\/02\/DJI_0926-768x576.jpg 768w, https:\/\/www.camping-calypso.com\/wp-content\/uploads\/2024\/02\/DJI_0926-1536x1152.jpg 1536w, https:\/\/www.camping-calypso.com\/wp-content\/uploads\/2024\/02\/DJI_0926-2048x1536.jpg 2048w\" sizes=\"(max-width: 1024px) 100vw, 1024px\" \/><\/figure>\n<\/div>\n<\/div>\n\n\n\n<div class=\"wp-block-columns alignfull reverse-mob has-bleu-background-color has-background\">\n<div class=\"wp-block-column\" style=\"flex-basis:48%\">\n<figure class=\"wp-block-image alignfull size-full\"><img loading=\"lazy\" width=\"2560\" height=\"1707\" src=\"https:\/\/www.camping-calypso.com\/wp-content\/uploads\/2023\/01\/maxence-bouniort-J3ZvsCRgjm0-unsplash-scaled.jpg\" alt=\"\" class=\"wp-image-1025\" srcset=\"https:\/\/www.camping-calypso.com\/wp-content\/uploads\/2023\/01\/maxence-bouniort-J3ZvsCRgjm0-unsplash-scaled.jpg 2560w, https:\/\/www.camping-calypso.com\/wp-content\/uploads\/2023\/01\/maxence-bouniort-J3ZvsCRgjm0-unsplash-300x200.jpg 300w, https:\/\/www.camping-calypso.com\/wp-content\/uploads\/2023\/01\/maxence-bouniort-J3ZvsCRgjm0-unsplash-1024x683.jpg 1024w, https:\/\/www.camping-calypso.com\/wp-content\/uploads\/2023\/01\/maxence-bouniort-J3ZvsCRgjm0-unsplash-768x512.jpg 768w, https:\/\/www.camping-calypso.com\/wp-content\/uploads\/2023\/01\/maxence-bouniort-J3ZvsCRgjm0-unsplash-1536x1024.jpg 1536w, https:\/\/www.camping-calypso.com\/wp-content\/uploads\/2023\/01\/maxence-bouniort-J3ZvsCRgjm0-unsplash-2048x1365.jpg 2048w\" sizes=\"(max-width: 2560px) 100vw, 2560px\" \/><\/figure>\n<\/div>\n\n\n\n<div class=\"wp-block-column\">\n<h2 id=\"emplacements-de-camping-pres-de-perpignan\">Estancia frente al mar <em>cerca de Perpi\u00f1\u00e1n<\/em><\/h2>\n\n\n\n<p>Nuestro <strong>camping Torreilles plage<\/strong> goza de una ubicaci\u00f3n privilegiada en la <strong>costa catalana<\/strong>. Adem\u00e1s, las playas del municipio est\u00e1n protegidas por el Conservatoire du Littoral, lo que les confiere un entorno salvaje pero seguro y vigilado.<\/p>\n\n\n\n<p>Si la estaci\u00f3n balnearia es popular entre los amantes de las vacaciones junto al mar Mediterr\u00e1neo, es porque alojarse en <strong>un camping de vacaciones<\/strong> camping de es una combinaci\u00f3n ganadora.<\/p>\n\n\n\n<div class=\"wp-block-group lire-plus-pc\"><div class=\"wp-block-group__inner-container\">\n<p>Seguir leyendo<\/p>\n\n\n\n<div class=\"wp-container-69f20b3bef027 wp-block-group\"><div class=\"wp-block-group__inner-container\">\n<p>Torreilles es <strong>una de las localidades m\u00e1s cercanas a Perpi\u00f1\u00e1n <\/strong>para disfrutar del litoral. El <strong>litoral aren<\/strong> oso ofrece hermosas extensiones de playas de arena fina que se extienden hasta la costa bermell\u00f3n, en la frontera con Espa\u00f1a.<\/p>\n\n\n\n<p>Destino tur\u00edstico por excelencia, los <a href=\"https:\/\/www.camping-calypso.com\/es\/turismo\/\" data-type=\"page\" data-id=\"571\">Pirineos Orientales<\/a> cuentan con un patrimonio cultural, hist\u00f3rico y natural excepcional. Para una <strong>estancia con los pies en el agua cerca de Perpi\u00f1\u00e1n<\/strong>, el camping de Torreilles plage es una elecci\u00f3n evidente.<\/p>\n\n\n\n<p>A s\u00f3lo unos kil\u00f3metros de la capital del departamento, Torreilles es el punto de partida de numerosas excursiones. A la costa rocosa para descubrir el pintoresco pueblo de <strong>Collioure<\/strong>, a la Cerda\u00f1a para respirar aire puro o al centro de <a href=\"https:\/\/www.camping-calypso.com\/es\/alentours\/que-ver-y-hacer-en-un-camping-en-perpinan\/\" data-type=\"alentours\" data-id=\"1024\">Perpi\u00f1\u00e1n<\/a> para admirar las fortificaciones de Vauban.<\/p>\n\n\n\n<p>\u00bfDesea pasar unas vacaciones relajantes en un <strong>camping de 5 estrellas en los Pirineos Orientales<\/strong>? El equipo Calypso responde a todas las exigencias de los veraneantes, y las 3 playas de Torreilles, galardonadas con la etiqueta ecol\u00f3gica \u00abBandera Azul\u00bb desde hace 35 a\u00f1os, se encargar\u00e1n del resto para crearle recuerdos inolvidables&#8230;<\/p>\n<\/div><\/div>\n<\/div><\/div>\n<\/div>\n<\/div>\n","protected":false},"excerpt":{"rendered":"<p>Camping 5 estrellas en los Pirineos Orientales junto al mar \u00bfY si sus vacaciones so\u00f1adas se hicieran realidad aloj\u00e1ndose en un camping de 5 estrellas en los Pirineos Orientales? Enclavado entre el mar Mediterr\u00e1neo y el Canigou, la monta\u00f1a sagrada de los catalanes, el camping Calypso goza de una ubicaci\u00f3n ideal frente al mar. A [&hellip;]<\/p>\n","protected":false},"author":1,"featured_media":4077,"parent":0,"menu_order":0,"comment_status":"closed","ping_status":"closed","template":"","meta":[],"acf":[],"yoast_head":"<!-- This site is optimized with the Yoast SEO plugin v18.8 - https:\/\/yoast.com\/wordpress\/plugins\/seo\/ -->\n<title>Seaside - Camping Calypso<\/title>\n<meta name=\"robots\" content=\"index, follow, max-snippet:-1, max-image-preview:large, max-video-preview:-1\" \/>\n<link rel=\"canonical\" href=\"https:\/\/www.camping-calypso.com\/es\/seaside\/\" \/>\n<meta property=\"og:locale\" content=\"es_ES\" \/>\n<meta property=\"og:type\" content=\"article\" \/>\n<meta property=\"og:title\" content=\"Seaside - Camping Calypso\" \/>\n<meta property=\"og:description\" content=\"Camping 5 estrellas en los Pirineos Orientales junto al mar \u00bfY si sus vacaciones so\u00f1adas se hicieran realidad aloj\u00e1ndose en un camping de 5 estrellas en los Pirineos Orientales? Enclavado entre el mar Mediterr\u00e1neo y el Canigou, la monta\u00f1a sagrada de los catalanes, el camping Calypso goza de una ubicaci\u00f3n ideal frente al mar. A [&hellip;]\" \/>\n<meta property=\"og:url\" content=\"https:\/\/www.camping-calypso.com\/es\/seaside\/\" \/>\n<meta property=\"og:site_name\" content=\"Camping Calypso\" \/>\n<meta property=\"article:modified_time\" content=\"2024-08-05T15:01:46+00:00\" \/>\n<meta property=\"og:image\" content=\"https:\/\/www.camping-calypso.com\/wp-content\/uploads\/2023\/09\/IMG_2913-scaled.jpg\" \/>\n\t<meta property=\"og:image:width\" content=\"1920\" \/>\n\t<meta property=\"og:image:height\" content=\"2560\" \/>\n\t<meta property=\"og:image:type\" content=\"image\/jpeg\" \/>\n<meta name=\"twitter:card\" content=\"summary_large_image\" \/>\n<meta name=\"twitter:label1\" content=\"Est. reading time\" \/>\n\t<meta name=\"twitter:data1\" content=\"5 minutos\" \/>\n<script type=\"application\/ld+json\" class=\"yoast-schema-graph\">{\"@context\":\"https:\/\/schema.org\",\"@graph\":[{\"@type\":\"WebSite\",\"@id\":\"https:\/\/www.camping-calypso.com\/#website\",\"url\":\"https:\/\/www.camping-calypso.com\/\",\"name\":\"Camping Calypso\",\"description\":\"Camping 5 \u00e9toiles \u00e0 Toreilles Plage (66)\",\"potentialAction\":[{\"@type\":\"SearchAction\",\"target\":{\"@type\":\"EntryPoint\",\"urlTemplate\":\"https:\/\/www.camping-calypso.com\/?s={search_term_string}\"},\"query-input\":\"required name=search_term_string\"}],\"inLanguage\":\"es\"},{\"@type\":\"ImageObject\",\"inLanguage\":\"es\",\"@id\":\"https:\/\/www.camping-calypso.com\/es\/seaside\/#primaryimage\",\"url\":\"https:\/\/www.camping-calypso.com\/wp-content\/uploads\/2023\/09\/IMG_2913-scaled.jpg\",\"contentUrl\":\"https:\/\/www.camping-calypso.com\/wp-content\/uploads\/2023\/09\/IMG_2913-scaled.jpg\",\"width\":1920,\"height\":2560,\"caption\":\"camping s\u00e9minaire\"},{\"@type\":\"WebPage\",\"@id\":\"https:\/\/www.camping-calypso.com\/es\/seaside\/#webpage\",\"url\":\"https:\/\/www.camping-calypso.com\/es\/seaside\/\",\"name\":\"Seaside - Camping Calypso\",\"isPartOf\":{\"@id\":\"https:\/\/www.camping-calypso.com\/#website\"},\"primaryImageOfPage\":{\"@id\":\"https:\/\/www.camping-calypso.com\/es\/seaside\/#primaryimage\"},\"datePublished\":\"2023-01-30T08:47:23+00:00\",\"dateModified\":\"2024-08-05T15:01:46+00:00\",\"breadcrumb\":{\"@id\":\"https:\/\/www.camping-calypso.com\/es\/seaside\/#breadcrumb\"},\"inLanguage\":\"es\",\"potentialAction\":[{\"@type\":\"ReadAction\",\"target\":[\"https:\/\/www.camping-calypso.com\/es\/seaside\/\"]}]},{\"@type\":\"BreadcrumbList\",\"@id\":\"https:\/\/www.camping-calypso.com\/es\/seaside\/#breadcrumb\",\"itemListElement\":[{\"@type\":\"ListItem\",\"position\":1,\"name\":\"Camping Torreilles\",\"item\":\"https:\/\/www.camping-calypso.com\/es\/\"},{\"@type\":\"ListItem\",\"position\":2,\"name\":\"Seaside\"}]}]}<\/script>\n<!-- \/ Yoast SEO plugin. -->","yoast_head_json":{"title":"Seaside - Camping Calypso","robots":{"index":"index","follow":"follow","max-snippet":"max-snippet:-1","max-image-preview":"max-image-preview:large","max-video-preview":"max-video-preview:-1"},"canonical":"https:\/\/www.camping-calypso.com\/es\/seaside\/","og_locale":"es_ES","og_type":"article","og_title":"Seaside - Camping Calypso","og_description":"Camping 5 estrellas en los Pirineos Orientales junto al mar \u00bfY si sus vacaciones so\u00f1adas se hicieran realidad aloj\u00e1ndose en un camping de 5 estrellas en los Pirineos Orientales? Enclavado entre el mar Mediterr\u00e1neo y el Canigou, la monta\u00f1a sagrada de los catalanes, el camping Calypso goza de una ubicaci\u00f3n ideal frente al mar. A [&hellip;]","og_url":"https:\/\/www.camping-calypso.com\/es\/seaside\/","og_site_name":"Camping Calypso","article_modified_time":"2024-08-05T15:01:46+00:00","og_image":[{"width":1920,"height":2560,"url":"https:\/\/www.camping-calypso.com\/wp-content\/uploads\/2023\/09\/IMG_2913-scaled.jpg","type":"image\/jpeg"}],"twitter_card":"summary_large_image","twitter_misc":{"Est. reading time":"5 minutos"},"schema":{"@context":"https:\/\/schema.org","@graph":[{"@type":"WebSite","@id":"https:\/\/www.camping-calypso.com\/#website","url":"https:\/\/www.camping-calypso.com\/","name":"Camping Calypso","description":"Camping 5 \u00e9toiles \u00e0 Toreilles Plage (66)","potentialAction":[{"@type":"SearchAction","target":{"@type":"EntryPoint","urlTemplate":"https:\/\/www.camping-calypso.com\/?s={search_term_string}"},"query-input":"required name=search_term_string"}],"inLanguage":"es"},{"@type":"ImageObject","inLanguage":"es","@id":"https:\/\/www.camping-calypso.com\/es\/seaside\/#primaryimage","url":"https:\/\/www.camping-calypso.com\/wp-content\/uploads\/2023\/09\/IMG_2913-scaled.jpg","contentUrl":"https:\/\/www.camping-calypso.com\/wp-content\/uploads\/2023\/09\/IMG_2913-scaled.jpg","width":1920,"height":2560,"caption":"camping s\u00e9minaire"},{"@type":"WebPage","@id":"https:\/\/www.camping-calypso.com\/es\/seaside\/#webpage","url":"https:\/\/www.camping-calypso.com\/es\/seaside\/","name":"Seaside - Camping Calypso","isPartOf":{"@id":"https:\/\/www.camping-calypso.com\/#website"},"primaryImageOfPage":{"@id":"https:\/\/www.camping-calypso.com\/es\/seaside\/#primaryimage"},"datePublished":"2023-01-30T08:47:23+00:00","dateModified":"2024-08-05T15:01:46+00:00","breadcrumb":{"@id":"https:\/\/www.camping-calypso.com\/es\/seaside\/#breadcrumb"},"inLanguage":"es","potentialAction":[{"@type":"ReadAction","target":["https:\/\/www.camping-calypso.com\/es\/seaside\/"]}]},{"@type":"BreadcrumbList","@id":"https:\/\/www.camping-calypso.com\/es\/seaside\/#breadcrumb","itemListElement":[{"@type":"ListItem","position":1,"name":"Camping Torreilles","item":"https:\/\/www.camping-calypso.com\/es\/"},{"@type":"ListItem","position":2,"name":"Seaside"}]}]}},"_links":{"self":[{"href":"https:\/\/www.camping-calypso.com\/es\/wp-json\/wp\/v2\/pages\/2375"}],"collection":[{"href":"https:\/\/www.camping-calypso.com\/es\/wp-json\/wp\/v2\/pages"}],"about":[{"href":"https:\/\/www.camping-calypso.com\/es\/wp-json\/wp\/v2\/types\/page"}],"author":[{"embeddable":true,"href":"https:\/\/www.camping-calypso.com\/es\/wp-json\/wp\/v2\/users\/1"}],"replies":[{"embeddable":true,"href":"https:\/\/www.camping-calypso.com\/es\/wp-json\/wp\/v2\/comments?post=2375"}],"version-history":[{"count":6,"href":"https:\/\/www.camping-calypso.com\/es\/wp-json\/wp\/v2\/pages\/2375\/revisions"}],"predecessor-version":[{"id":6760,"href":"https:\/\/www.camping-calypso.com\/es\/wp-json\/wp\/v2\/pages\/2375\/revisions\/6760"}],"wp:featuredmedia":[{"embeddable":true,"href":"https:\/\/www.camping-calypso.com\/es\/wp-json\/wp\/v2\/media\/4077"}],"wp:attachment":[{"href":"https:\/\/www.camping-calypso.com\/es\/wp-json\/wp\/v2\/media?parent=2375"}],"curies":[{"name":"wp","href":"https:\/\/api.w.org\/{rel}","templated":true}]}}