{"id":2357,"date":"2023-01-31T12:12:32","date_gmt":"2023-01-31T11:12:32","guid":{"rendered":"https:\/\/www.camping-calypso.com\/noticias\/"},"modified":"2025-12-22T16:18:13","modified_gmt":"2025-12-22T15:18:13","slug":"noticias","status":"publish","type":"page","link":"https:\/\/www.camping-calypso.com\/es\/noticias\/","title":{"rendered":"Noticias"},"content":{"rendered":"\n<div class=\"wp-block-cover alignfull\"><span aria-hidden=\"true\" class=\"wp-block-cover__gradient-background has-background-dim\"><\/span><img loading=\"lazy\" width=\"1920\" height=\"900\" class=\"wp-block-cover__image-background wp-image-1774\" alt=\"\" src=\"https:\/\/www.camping-calypso.com\/wp-content\/uploads\/2023\/02\/Sans-titre-40.png\" style=\"object-position:50% 90%\" data-object-fit=\"cover\" data-object-position=\"50% 90%\" srcset=\"https:\/\/www.camping-calypso.com\/wp-content\/uploads\/2023\/02\/Sans-titre-40.png 1920w, https:\/\/www.camping-calypso.com\/wp-content\/uploads\/2023\/02\/Sans-titre-40-300x141.png 300w, https:\/\/www.camping-calypso.com\/wp-content\/uploads\/2023\/02\/Sans-titre-40-1024x480.png 1024w, https:\/\/www.camping-calypso.com\/wp-content\/uploads\/2023\/02\/Sans-titre-40-768x360.png 768w, https:\/\/www.camping-calypso.com\/wp-content\/uploads\/2023\/02\/Sans-titre-40-1536x720.png 1536w\" sizes=\"(max-width: 1920px) 100vw, 1920px\" \/><div class=\"wp-block-cover__inner-container\">\n<h1 class=\"has-text-align-center\" id=\"camping-a-toreilles-5-etoiles-a-500-m-de-la-plage\">Noticias<\/h1>\n<\/div><\/div>\n\n\n\n<section class=\"wp-container-69f29367eaa88 wp-block-group alignfull has-white-background-color has-background\"><div class=\"wp-block-group__inner-container\">\n<p class=\"has-text-align-center h2 has-large-font-size\" style=\"letter-spacing:1px\"><strong><strong>La Gran Diversi\u00f3n antes de la Vuelta al Cole \u2013 Semana Especial para Ni\u00f1os<\/strong><\/strong><\/p>\n\n\n\n<ul class=\"pictos large centre has-bleu-color has-text-color\" style=\"letter-spacing:1px\"><li><i class=\"fas fa-calendar-check\"><\/i> <strong><strong>Del <strong>s\u00e1bado 22 de agosto al domingo 30 de agosto de 2026<\/strong><\/strong><\/strong><\/li><\/ul>\n\n\n\n<p class=\"has-text-align-center\"><\/p>\n\n\n\n<p class=\"has-text-align-center\">Durante una semana, ofrecemos a ni\u00f1os menores de 10 a\u00f1os y a sus padres actividades en torno a un tema diferente cada d\u00eda, as\u00ed como todo el confort necesario para combinar vacaciones, descanso y (un poco de) trabajo si es necesario.<\/p>\n\n\n\n<div class=\"wp-container-69f29367ea7d0 wp-block-buttons\">\n<div class=\"wp-block-button btn_resa\"><a class=\"wp-block-button__link\" href=\"https:\/\/www.camping-calypso.com\/es\/campingclub\" target=\"_blank\" rel=\"noreferrer noopener\"><strong>Descubra esta semana dedicada a los ni\u00f1os<\/strong><\/a><\/div>\n<\/div>\n<\/div><\/section>\n\n\n\n<section class=\"wp-container-69f29367eb0df wp-block-group alignfull has-white-color has-bleu-background-color has-text-color has-background\"><div class=\"wp-block-group__inner-container\">\n<p class=\"has-text-align-center h2 has-large-font-size\" style=\"letter-spacing:1px\"><strong>Servicio Vacanciones Premium &amp; Servicio Vacaciones Plus<\/strong><\/p>\n\n\n\n<p class=\"has-text-align-center\">\u00bfAcceso al parque acu\u00e1tico fuera del horario de apertura? \u00bfEl mejor lugar en la terraza para disfrutar de un espect\u00e1culo? \u00bfLo sue\u00f1as?<\/p>\n\n\n\n<p class=\"has-text-align-center\">\u00a1Con el Servicio Vacaciones Premium y el Servicio Vacaciones Plus, disfrute de ventajas que har\u00e1n sus vacaciones REALMENTE EXCLUSIVAS!<\/p>\n\n\n\n<div class=\"wp-block-image is-style-default\"><figure class=\"aligncenter size-large\"><img loading=\"lazy\" width=\"819\" height=\"1024\" src=\"https:\/\/www.camping-calypso.com\/wp-content\/uploads\/2025\/12\/ES-819x1024.png\" alt=\"\" class=\"wp-image-9669\" srcset=\"https:\/\/www.camping-calypso.com\/wp-content\/uploads\/2025\/12\/ES-819x1024.png 819w, https:\/\/www.camping-calypso.com\/wp-content\/uploads\/2025\/12\/ES-240x300.png 240w, https:\/\/www.camping-calypso.com\/wp-content\/uploads\/2025\/12\/ES-768x960.png 768w, https:\/\/www.camping-calypso.com\/wp-content\/uploads\/2025\/12\/ES.png 1080w\" sizes=\"(max-width: 819px) 100vw, 819px\" \/><\/figure><\/div>\n\n\n\n<div class=\"wp-container-69f29367eae3e wp-block-buttons\">\n<div class=\"wp-block-button btn_resa\"><a class=\"wp-block-button__link\">Reserve ahora<\/a><\/div>\n<\/div>\n<\/div><\/section>\n\n\n\n<section class=\"wp-container-69f29367eb72e wp-block-group alignfull has-noir-background-color has-background\"><div class=\"wp-block-group__inner-container\">\n<p class=\"has-text-align-center h2 has-large-font-size\" style=\"letter-spacing:1px\">Reserve pronto con el pago en 3 cuotas sin intereses<\/p>\n\n\n\n<ul class=\"pictos large centre has-bleu-color has-text-color\" style=\"letter-spacing:1px\"><li><i class=\"fas fa-calendar-check\"><\/i> <strong>Distribuya sus cuotas hasta un mes antes de su llegada<\/strong><\/li><\/ul>\n\n\n\n<p class=\"has-text-align-center\"><\/p>\n\n\n\n<p class=\"has-text-align-center\">Reservar pronto con el pago en 3 cuotas sin intereses ofrece una conveniencia \u00fanica para aquellos que deseen asegurar sus vacaciones en Torreilles-Plage al mejor precio.<\/p>\n\n\n\n<p class=\"has-text-align-center\">Esta modalidad de pago les permite planificar su estad\u00eda en Calypso sin impactar significativamente sus finanzas, garantiz\u00e1ndoles una experiencia costera durante la temporada estival.<\/p>\n\n\n\n<p class=\"has-text-align-center\">Al distribuir el costo del viaje a lo largo de varios meses, se vuelve m\u00e1s asequible financieramente.<\/p>\n\n\n\n<p class=\"has-text-align-center\"><strong>Sin cargos adicionales ni tr\u00e1mites complicados, solo deben elegir esta opci\u00f3n al momento de efectuar su reserva.<\/strong><\/p>\n\n\n\n<div class=\"wp-container-69f29367eb488 wp-block-buttons\">\n<div class=\"wp-block-button btn_resa\"><a class=\"wp-block-button__link\">Reserve ahora<\/a><\/div>\n<\/div>\n<\/div><\/section>\n\n\n\n<div class=\"wp-block-columns alignfull reverse-mob has-noir-color has-vert-background-color has-text-color has-background\">\n<div class=\"wp-block-column is-vertically-aligned-center\">\n<h2 class=\"has-noir-color has-text-color\" id=\"ouverture-2024\"><strong>Sin estar seguro, no hay problema !<\/strong><\/h2>\n\n\n\n<p class=\"h3 has-medium-font-size\" style=\"letter-spacing:1px\"><strong>La opci\u00f3n Flex te permite modificar y cancelar tu estancia sin complicaciones.<\/strong><\/p>\n\n\n\n<p class=\"has-text-align-left\">Menos costosa que el seguro de cancelaci\u00f3n, esta opci\u00f3n te asegura cierta flexibilidad para realizar cambios en tu estancia. Las incertidumbres de la vida cotidiana ya no son un problema al planificar tus vacaciones familiares en Camping Le Calypso, junto al mar. Por lo tanto, puedes reservar tu estad\u00eda al mejor precio con la posibilidad de modificarla si es necesario.<\/p>\n\n\n\n<div class=\"wp-container-69f29367eba9d wp-block-buttons alignwide\">\n<div class=\"wp-block-button\"><a class=\"wp-block-button__link\" href=\"https:\/\/www.camping-calypso.com\/es\/cgles\/\" target=\"_blank\" rel=\"noreferrer noopener\">Saber m\u00e1s<\/a><\/div>\n<\/div>\n<\/div>\n\n\n\n<div class=\"wp-block-column is-vertically-aligned-center\" style=\"flex-basis:48%\">\n<figure class=\"wp-block-image size-large is-style-default\"><img loading=\"lazy\" width=\"1024\" height=\"683\" src=\"https:\/\/www.camping-calypso.com\/wp-content\/uploads\/2024\/08\/BD-Venus-5-1024x683.jpg\" alt=\"\" class=\"wp-image-6705\" srcset=\"https:\/\/www.camping-calypso.com\/wp-content\/uploads\/2024\/08\/BD-Venus-5-1024x683.jpg 1024w, https:\/\/www.camping-calypso.com\/wp-content\/uploads\/2024\/08\/BD-Venus-5-300x200.jpg 300w, https:\/\/www.camping-calypso.com\/wp-content\/uploads\/2024\/08\/BD-Venus-5-768x512.jpg 768w, https:\/\/www.camping-calypso.com\/wp-content\/uploads\/2024\/08\/BD-Venus-5-1536x1024.jpg 1536w, https:\/\/www.camping-calypso.com\/wp-content\/uploads\/2024\/08\/BD-Venus-5.jpg 1920w\" sizes=\"(max-width: 1024px) 100vw, 1024px\" \/><\/figure>\n<\/div>\n<\/div>\n\n\n\n<p><\/p>\n","protected":false},"excerpt":{"rendered":"<p>La Gran Diversi\u00f3n antes de la Vuelta al Cole \u2013 Semana Especial para Ni\u00f1os Del s\u00e1bado 22 de agosto al domingo 30 de agosto de 2026 Durante una semana, ofrecemos a ni\u00f1os menores de 10 a\u00f1os y a sus padres actividades en torno a un tema diferente cada d\u00eda, as\u00ed como todo el confort necesario [&hellip;]<\/p>\n","protected":false},"author":1,"featured_media":0,"parent":0,"menu_order":0,"comment_status":"closed","ping_status":"closed","template":"","meta":[],"acf":[],"yoast_head":"<!-- This site is optimized with the Yoast SEO plugin v18.8 - https:\/\/yoast.com\/wordpress\/plugins\/seo\/ -->\n<title>Noticias - Camping Calypso<\/title>\n<meta name=\"robots\" content=\"index, follow, max-snippet:-1, max-image-preview:large, max-video-preview:-1\" \/>\n<link rel=\"canonical\" href=\"https:\/\/www.camping-calypso.com\/es\/noticias\/\" \/>\n<meta property=\"og:locale\" content=\"es_ES\" \/>\n<meta property=\"og:type\" content=\"article\" \/>\n<meta property=\"og:title\" content=\"Noticias - Camping Calypso\" \/>\n<meta property=\"og:description\" content=\"La Gran Diversi\u00f3n antes de la Vuelta al Cole \u2013 Semana Especial para Ni\u00f1os Del s\u00e1bado 22 de agosto al domingo 30 de agosto de 2026 Durante una semana, ofrecemos a ni\u00f1os menores de 10 a\u00f1os y a sus padres actividades en torno a un tema diferente cada d\u00eda, as\u00ed como todo el confort necesario [&hellip;]\" \/>\n<meta property=\"og:url\" content=\"https:\/\/www.camping-calypso.com\/es\/noticias\/\" \/>\n<meta property=\"og:site_name\" content=\"Camping Calypso\" \/>\n<meta property=\"article:modified_time\" content=\"2025-12-22T15:18:13+00:00\" \/>\n<meta property=\"og:image\" content=\"https:\/\/www.camping-calypso.com\/wp-content\/uploads\/2023\/02\/Sans-titre-40.png\" \/>\n<meta name=\"twitter:card\" content=\"summary_large_image\" \/>\n<meta name=\"twitter:label1\" content=\"Est. reading time\" \/>\n\t<meta name=\"twitter:data1\" content=\"3 minutos\" \/>\n<script type=\"application\/ld+json\" class=\"yoast-schema-graph\">{\"@context\":\"https:\/\/schema.org\",\"@graph\":[{\"@type\":\"WebSite\",\"@id\":\"https:\/\/www.camping-calypso.com\/#website\",\"url\":\"https:\/\/www.camping-calypso.com\/\",\"name\":\"Camping Calypso\",\"description\":\"Camping 5 \u00e9toiles \u00e0 Toreilles Plage (66)\",\"potentialAction\":[{\"@type\":\"SearchAction\",\"target\":{\"@type\":\"EntryPoint\",\"urlTemplate\":\"https:\/\/www.camping-calypso.com\/?s={search_term_string}\"},\"query-input\":\"required name=search_term_string\"}],\"inLanguage\":\"es\"},{\"@type\":\"ImageObject\",\"inLanguage\":\"es\",\"@id\":\"https:\/\/www.camping-calypso.com\/es\/noticias\/#primaryimage\",\"url\":\"https:\/\/www.camping-calypso.com\/wp-content\/uploads\/2023\/02\/Sans-titre-40.png\",\"contentUrl\":\"https:\/\/www.camping-calypso.com\/wp-content\/uploads\/2023\/02\/Sans-titre-40.png\",\"width\":1920,\"height\":900,\"caption\":\"h\u00e9bergement camping pyr\u00e9n\u00e9es orientales\"},{\"@type\":\"WebPage\",\"@id\":\"https:\/\/www.camping-calypso.com\/es\/noticias\/#webpage\",\"url\":\"https:\/\/www.camping-calypso.com\/es\/noticias\/\",\"name\":\"Noticias - Camping Calypso\",\"isPartOf\":{\"@id\":\"https:\/\/www.camping-calypso.com\/#website\"},\"primaryImageOfPage\":{\"@id\":\"https:\/\/www.camping-calypso.com\/es\/noticias\/#primaryimage\"},\"datePublished\":\"2023-01-31T11:12:32+00:00\",\"dateModified\":\"2025-12-22T15:18:13+00:00\",\"breadcrumb\":{\"@id\":\"https:\/\/www.camping-calypso.com\/es\/noticias\/#breadcrumb\"},\"inLanguage\":\"es\",\"potentialAction\":[{\"@type\":\"ReadAction\",\"target\":[\"https:\/\/www.camping-calypso.com\/es\/noticias\/\"]}]},{\"@type\":\"BreadcrumbList\",\"@id\":\"https:\/\/www.camping-calypso.com\/es\/noticias\/#breadcrumb\",\"itemListElement\":[{\"@type\":\"ListItem\",\"position\":1,\"name\":\"Camping Torreilles\",\"item\":\"https:\/\/www.camping-calypso.com\/es\/\"},{\"@type\":\"ListItem\",\"position\":2,\"name\":\"Noticias\"}]}]}<\/script>\n<!-- \/ Yoast SEO plugin. -->","yoast_head_json":{"title":"Noticias - Camping Calypso","robots":{"index":"index","follow":"follow","max-snippet":"max-snippet:-1","max-image-preview":"max-image-preview:large","max-video-preview":"max-video-preview:-1"},"canonical":"https:\/\/www.camping-calypso.com\/es\/noticias\/","og_locale":"es_ES","og_type":"article","og_title":"Noticias - Camping Calypso","og_description":"La Gran Diversi\u00f3n antes de la Vuelta al Cole \u2013 Semana Especial para Ni\u00f1os Del s\u00e1bado 22 de agosto al domingo 30 de agosto de 2026 Durante una semana, ofrecemos a ni\u00f1os menores de 10 a\u00f1os y a sus padres actividades en torno a un tema diferente cada d\u00eda, as\u00ed como todo el confort necesario [&hellip;]","og_url":"https:\/\/www.camping-calypso.com\/es\/noticias\/","og_site_name":"Camping Calypso","article_modified_time":"2025-12-22T15:18:13+00:00","og_image":[{"url":"https:\/\/www.camping-calypso.com\/wp-content\/uploads\/2023\/02\/Sans-titre-40.png"}],"twitter_card":"summary_large_image","twitter_misc":{"Est. reading time":"3 minutos"},"schema":{"@context":"https:\/\/schema.org","@graph":[{"@type":"WebSite","@id":"https:\/\/www.camping-calypso.com\/#website","url":"https:\/\/www.camping-calypso.com\/","name":"Camping Calypso","description":"Camping 5 \u00e9toiles \u00e0 Toreilles Plage (66)","potentialAction":[{"@type":"SearchAction","target":{"@type":"EntryPoint","urlTemplate":"https:\/\/www.camping-calypso.com\/?s={search_term_string}"},"query-input":"required name=search_term_string"}],"inLanguage":"es"},{"@type":"ImageObject","inLanguage":"es","@id":"https:\/\/www.camping-calypso.com\/es\/noticias\/#primaryimage","url":"https:\/\/www.camping-calypso.com\/wp-content\/uploads\/2023\/02\/Sans-titre-40.png","contentUrl":"https:\/\/www.camping-calypso.com\/wp-content\/uploads\/2023\/02\/Sans-titre-40.png","width":1920,"height":900,"caption":"h\u00e9bergement camping pyr\u00e9n\u00e9es orientales"},{"@type":"WebPage","@id":"https:\/\/www.camping-calypso.com\/es\/noticias\/#webpage","url":"https:\/\/www.camping-calypso.com\/es\/noticias\/","name":"Noticias - Camping Calypso","isPartOf":{"@id":"https:\/\/www.camping-calypso.com\/#website"},"primaryImageOfPage":{"@id":"https:\/\/www.camping-calypso.com\/es\/noticias\/#primaryimage"},"datePublished":"2023-01-31T11:12:32+00:00","dateModified":"2025-12-22T15:18:13+00:00","breadcrumb":{"@id":"https:\/\/www.camping-calypso.com\/es\/noticias\/#breadcrumb"},"inLanguage":"es","potentialAction":[{"@type":"ReadAction","target":["https:\/\/www.camping-calypso.com\/es\/noticias\/"]}]},{"@type":"BreadcrumbList","@id":"https:\/\/www.camping-calypso.com\/es\/noticias\/#breadcrumb","itemListElement":[{"@type":"ListItem","position":1,"name":"Camping Torreilles","item":"https:\/\/www.camping-calypso.com\/es\/"},{"@type":"ListItem","position":2,"name":"Noticias"}]}]}},"_links":{"self":[{"href":"https:\/\/www.camping-calypso.com\/es\/wp-json\/wp\/v2\/pages\/2357"}],"collection":[{"href":"https:\/\/www.camping-calypso.com\/es\/wp-json\/wp\/v2\/pages"}],"about":[{"href":"https:\/\/www.camping-calypso.com\/es\/wp-json\/wp\/v2\/types\/page"}],"author":[{"embeddable":true,"href":"https:\/\/www.camping-calypso.com\/es\/wp-json\/wp\/v2\/users\/1"}],"replies":[{"embeddable":true,"href":"https:\/\/www.camping-calypso.com\/es\/wp-json\/wp\/v2\/comments?post=2357"}],"version-history":[{"count":6,"href":"https:\/\/www.camping-calypso.com\/es\/wp-json\/wp\/v2\/pages\/2357\/revisions"}],"predecessor-version":[{"id":9717,"href":"https:\/\/www.camping-calypso.com\/es\/wp-json\/wp\/v2\/pages\/2357\/revisions\/9717"}],"wp:attachment":[{"href":"https:\/\/www.camping-calypso.com\/es\/wp-json\/wp\/v2\/media?parent=2357"}],"curies":[{"name":"wp","href":"https:\/\/api.w.org\/{rel}","templated":true}]}}