{"id":4529,"date":"2023-10-23T12:02:13","date_gmt":"2023-10-23T10:02:13","guid":{"rendered":"https:\/\/www.camping-calypso.com\/?page_id=4529"},"modified":"2024-08-05T17:50:37","modified_gmt":"2024-08-05T15:50:37","slug":"seminars-perpignan-our-campsite-hosts-your-corporate-events","status":"publish","type":"page","link":"https:\/\/www.camping-calypso.com\/en\/seminars-perpignan-our-campsite-hosts-your-corporate-events\/","title":{"rendered":"Seminars Perpignan: our campsite hosts your corporate events"},"content":{"rendered":"\n<div class=\"wp-block-cover alignfull is-light\"><span aria-hidden=\"true\" class=\"wp-block-cover__gradient-background has-background-dim\"><\/span><img loading=\"lazy\" width=\"1920\" height=\"1280\" class=\"wp-block-cover__image-background wp-image-6779\" alt=\"\" src=\"https:\/\/www.camping-calypso.com\/wp-content\/uploads\/2024\/08\/BD-Lavande-2.jpg\" style=\"object-position:60% 66%\" data-object-fit=\"cover\" data-object-position=\"60% 66%\" srcset=\"https:\/\/www.camping-calypso.com\/wp-content\/uploads\/2024\/08\/BD-Lavande-2.jpg 1920w, https:\/\/www.camping-calypso.com\/wp-content\/uploads\/2024\/08\/BD-Lavande-2-300x200.jpg 300w, https:\/\/www.camping-calypso.com\/wp-content\/uploads\/2024\/08\/BD-Lavande-2-1024x683.jpg 1024w, https:\/\/www.camping-calypso.com\/wp-content\/uploads\/2024\/08\/BD-Lavande-2-768x512.jpg 768w, https:\/\/www.camping-calypso.com\/wp-content\/uploads\/2024\/08\/BD-Lavande-2-1536x1024.jpg 1536w\" sizes=\"(max-width: 1920px) 100vw, 1920px\" \/><div class=\"wp-block-cover__inner-container\">\n<p class=\"has-text-align-center has-large-font-size\"><\/p>\n<\/div><\/div>\n\n\n\n<h1 id=\"seminaire-perpignan-notre-camping-accueille-vos-evenements-d-entreprise\">Seminars in South of France : Our campsite hosts your corporate events.<\/h1>\n\n\n\n<p class=\"has-text-align-center\">What if this year you organised a <strong>seminar in South of France, in the Pyr\u00e9n\u00e9es-Orientales region<\/strong>, in an unusual location? Say goodbye to meeting rooms in city-centre hotels &#8211; think company seminars at campsites! Our Le Calypso campsite is the perfect venue for your company seminars. Your <strong>seminar at a<\/strong> <a href=\"https:\/\/www.camping-calypso.com\/en\/\"><strong>campsite near Perpignan<\/strong><\/a>: a charming, original and attractive solution that your employees will love!<\/p>\n\n\n\n<section class=\"wp-container-69f4003c83510 wp-block-group alignfull has-noir-background-color has-background\"><div class=\"wp-block-group__inner-container\">\n<h2 class=\"has-text-align-center\" id=\"seminars-in-south-of-france\">Seminars in South of France<\/h2>\n\n\n\n<ul class=\"pictos normal centre col-4 diaporama-mob has-vert-color has-text-color\"><li><i class=\"fas fa-microphone\"><\/i>&nbsp;<em>1 conference room<\/em> of 180m2 up to 200 persons<\/li><li><i class=\"fas fa-user-tie\"><\/i>&nbsp;<em>1 conference room <\/em>of 50m2 up to 60 persons<\/li><li><i class=\"fas fa-paperclip\"><\/i>&nbsp;<em>1 meeting room<\/em> of 23m2 up to 6 persons<\/li><li><i class=\"fas fa-laptop\"><\/i>&nbsp;<em>1 co-working space <\/em>of 24m2<\/li><\/ul>\n<\/div><\/section>\n\n\n\n<div class=\"wp-block-columns alignfull has-blanc-background-color has-background\">\n<div class=\"wp-block-column\">\n<h1 id=\"camping-a-toreilles-5-etoiles-a-500-m-de-la-plage\"><strong>Why hold your seminar at a campsite <em>near Perpignan?<\/em><\/strong><\/h1>\n\n\n\n<p>Our Le Calypso campsite has a double advantage: it&#8217;s ideally <strong>situated by the sea<\/strong> (Torreilles Plage) and <strong>in the heart of a 5-hectare landscaped park<\/strong>, while still being very close to Perpignan, the largest city in the Pyr\u00e9n\u00e9es-Orientales. <\/p>\n\n\n\n<p>If you&#8217;re looking to organise a <a href=\"https:\/\/www.camping-calypso.com\/en\/book-the-calypso-5-star-campsite-in-torreilles-for-your-events\/\">private event<\/a> or a <strong>seminar that combines nature and the city<\/strong>, our campsite is sure to please! <\/p>\n\n\n\n<p>The <strong>bucolic aspect<\/strong> of our campsite, surrounded by greenery, will be a definite advantage in boosting the concentration and motivation of your teams. As for the <strong>direct proximity to Perpignan<\/strong>, this will facilitate the logistical organisation of your seminar as well as the organisation of team-building activities.<\/p>\n<\/div>\n\n\n\n<div class=\"wp-block-column\" style=\"flex-basis:52%\">\n<figure class=\"wp-block-image alignfull size-large\"><img loading=\"lazy\" width=\"1024\" height=\"683\" src=\"https:\/\/www.camping-calypso.com\/wp-content\/uploads\/2024\/08\/BD-Jasmin-1-1024x683.jpg\" alt=\"\" class=\"wp-image-6767\" srcset=\"https:\/\/www.camping-calypso.com\/wp-content\/uploads\/2024\/08\/BD-Jasmin-1-1024x683.jpg 1024w, https:\/\/www.camping-calypso.com\/wp-content\/uploads\/2024\/08\/BD-Jasmin-1-300x200.jpg 300w, https:\/\/www.camping-calypso.com\/wp-content\/uploads\/2024\/08\/BD-Jasmin-1-768x512.jpg 768w, https:\/\/www.camping-calypso.com\/wp-content\/uploads\/2024\/08\/BD-Jasmin-1-1536x1024.jpg 1536w, https:\/\/www.camping-calypso.com\/wp-content\/uploads\/2024\/08\/BD-Jasmin-1-2048x1365.jpg 2048w\" sizes=\"(max-width: 1024px) 100vw, 1024px\" \/><\/figure>\n<\/div>\n<\/div>\n\n\n\n<div class=\"wp-block-columns alignfull reverse-mob has-bleu-background-color has-background\">\n<div class=\"wp-block-column\" style=\"flex-basis:48%\">\n<figure class=\"wp-block-image alignfull size-large\"><img loading=\"lazy\" width=\"1024\" height=\"768\" src=\"https:\/\/www.camping-calypso.com\/wp-content\/uploads\/2024\/02\/DJI_0926-1024x768.jpg\" alt=\"Camping 5 \u00e9toiles pyr\u00e9n\u00e9es orientales bord de mer\" class=\"wp-image-6100\" srcset=\"https:\/\/www.camping-calypso.com\/wp-content\/uploads\/2024\/02\/DJI_0926-1024x768.jpg 1024w, https:\/\/www.camping-calypso.com\/wp-content\/uploads\/2024\/02\/DJI_0926-300x225.jpg 300w, https:\/\/www.camping-calypso.com\/wp-content\/uploads\/2024\/02\/DJI_0926-768x576.jpg 768w, https:\/\/www.camping-calypso.com\/wp-content\/uploads\/2024\/02\/DJI_0926-1536x1152.jpg 1536w, https:\/\/www.camping-calypso.com\/wp-content\/uploads\/2024\/02\/DJI_0926-2048x1536.jpg 2048w\" sizes=\"(max-width: 1024px) 100vw, 1024px\" \/><figcaption>DCIM100MEDIADJI_0926.JPG<\/figcaption><\/figure>\n<\/div>\n\n\n\n<div class=\"wp-block-column\">\n<h2 id=\"bar\"><strong>The advantages of our Perpignan campsite for your company seminar<em><\/em><\/strong><\/h2>\n\n\n\n<p>Thanks to the facilities at our <a href=\"https:\/\/www.camping-calypso.com\/en\/\">campsite near Perpignan<\/a>, your seminar will be a <strong>resounding success<\/strong>!<\/p>\n<\/div>\n<\/div>\n\n\n\n<div class=\"wp-block-columns\">\n<div class=\"wp-block-column\">\n<h3 id=\"des-hebergements-de-qualite\">Quality accommodation<\/h3>\n\n\n\n<p>Our campsite near Perpignan has <strong>121 mobile homes and 24 chalets<\/strong>. Each <a href=\"https:\/\/www.camping-calypso.com\/en\/mobil-home-chalet\/\">holiday rental in Torreilles<\/a> comes with all the necessary amenities and guarantees <strong>comfort and privacy<\/strong>, with fully-equipped bedrooms, lounge area, kitchen, bathroom and separate toilet, all in a leafy setting.<\/p>\n\n\n\n<p>You can opt for individual or group accommodation and benefit from <strong>hotel services<\/strong> such as made-up beds or linen (sheets and towels) provided.<\/p>\n\n\n\n<p>At our campsite near Perpignan, your employees will be well looked after, so your <strong>seminar runs smoothly<\/strong>!<\/p>\n\n\n\n<div class=\"wp-container-69f4003c83a08 wp-block-buttons\">\n<div class=\"wp-block-button\"><a class=\"wp-block-button__link\">See the rentals<\/a><\/div>\n<\/div>\n<\/div>\n\n\n\n<div class=\"wp-block-column\">\n<h3 id=\"des-salles-de-reunion-completes\">Fully equipped meeting rooms<\/h3>\n\n\n\n<p>At our campsite near Perpignan, you&#8217;ll have optimum working conditions thanks to our two <strong>meeting rooms, perfectly adapted<\/strong> to your needs. High-speed WiFi, projector, flipchart, screen and microphone are all available in the meeting room for efficient conferences and workshops.<\/p>\n<\/div>\n\n\n\n<div class=\"wp-block-column\">\n<h3 id=\"une-situation-ideale-pour-vos-activites-de-cohesion-d-equipe\">An ideal location for your team-building activities<\/h3>\n\n\n\n<p>Our campsite near Perpignan is located <strong>500 metres from the beach<\/strong>. Are you looking for a nautical team-building activity to strengthen the bonds within your company? Just a stone&#8217;s throw from our campsite, you can organise canoeing, sand yachting, paddle boarding or yoga sessions, as well as boat or catamaran trips on the Mediterranean Sea or on the Etang de Salses. <strong>a wide range of activities<\/strong> to help your team get to know each other better: escape games, olympiads, rallies, etc. Finally, thanks to our multi-sports pitch, swimming pool, extensive grounds and meeting and function room, you can also <strong>organise your activities on site<\/strong>, without leaving our campsite: sports tournament, p\u00e9tanque, outdoor games, team building evening&#8230;<\/p>\n<\/div>\n<\/div>\n\n\n\n<div style=\"height:42px\" aria-hidden=\"true\" class=\"wp-block-spacer\"><\/div>\n\n\n\n<div class=\"wp-block-columns reverse-mob\">\n<div class=\"wp-block-column\" style=\"flex-basis:55%\">\n<h3 id=\"un-camping-5-etoiles-a-torreilles-aux-services-d-exception\">A catering service tailored to your needs<\/h3>\n\n\n\n<p>The <strong>seminar offer at our campsite near Perpignan<\/strong> includes half-board or full-board. You can also choose to bring in a caterer. Your company meals will take place in our spacious and comfortable dining room, laid out in such a way as to promote conviviality. We can also provide coffee, pastries and fruit juice for your <strong>seminar breaks<\/strong>.<\/p>\n\n\n\n<h3 id=\"des-equipements-attractifs-au-sein-de-notre-camping\">Attractive facilities at our campsite<\/h3>\n\n\n\n<p>Between meetings, your employees can relax in the sunshine of the Pyr\u00e9n\u00e9es-Orientales on a deckchair or even take advantage of our <strong><a href=\"https:\/\/www.camping-calypso.com\/en\/water-park\/\">swimming pool and 3000 m\u00b2 water park<\/a><\/strong>. After a swim or a vitamin D boost in the sun, your employees will be even more productive!<\/p>\n<\/div>\n\n\n\n<div class=\"wp-block-column\">\n<figure class=\"wp-block-image alignfull size-large\"><img loading=\"lazy\" width=\"1024\" height=\"683\" src=\"https:\/\/www.camping-calypso.com\/wp-content\/uploads\/2024\/08\/BD-Restaurant-4-1024x683.jpg\" alt=\"\" class=\"wp-image-6819\" srcset=\"https:\/\/www.camping-calypso.com\/wp-content\/uploads\/2024\/08\/BD-Restaurant-4-1024x683.jpg 1024w, https:\/\/www.camping-calypso.com\/wp-content\/uploads\/2024\/08\/BD-Restaurant-4-300x200.jpg 300w, https:\/\/www.camping-calypso.com\/wp-content\/uploads\/2024\/08\/BD-Restaurant-4-768x512.jpg 768w, https:\/\/www.camping-calypso.com\/wp-content\/uploads\/2024\/08\/BD-Restaurant-4-1536x1024.jpg 1536w, https:\/\/www.camping-calypso.com\/wp-content\/uploads\/2024\/08\/BD-Restaurant-4.jpg 1920w\" sizes=\"(max-width: 1024px) 100vw, 1024px\" \/><\/figure>\n<\/div>\n<\/div>\n\n\n\n<div class=\"wp-container-69f4003c83ebe wp-block-group alignfull has-noir-background-color has-background\"><div class=\"wp-block-group__inner-container\">\n<h2 class=\"has-text-align-center h3\" id=\"votre-seminaire-d-entreprise-sur-mesure\">Your tailor-made corporate seminar<\/h2>\n\n\n\n<p class=\"has-text-align-center\">Contact us to organise a <strong>corporate seminar<\/strong> on our estate near Perpignan that perfectly meets your expectations! Equipped meeting room, rental of several mobile homes, team-building activities&#8230; tell us what you need and we&#8217;ll send you a personalised quote.<\/p>\n\n\n\n<p class=\"has-text-align-center\">Our campsite in the Pyr\u00e9n\u00e9es-Orientales, just outside Perpignan, is the perfect venue for tailor-made corporate seminars. Instead of a business meeting in a traditional hotel, take your team to an <strong>enchanting estate with all the necessary amenities<\/strong>!<\/p>\n<\/div><\/div>\n","protected":false},"excerpt":{"rendered":"<p>Seminars in South of France : Our campsite hosts your corporate events. What if this year you organised a seminar in South of France, in the Pyr\u00e9n\u00e9es-Orientales region, in an unusual location? Say goodbye to meeting rooms in city-centre hotels &#8211; think company seminars at campsites! Our Le Calypso campsite is the perfect venue for [&hellip;]<\/p>\n","protected":false},"author":3,"featured_media":2129,"parent":0,"menu_order":0,"comment_status":"closed","ping_status":"closed","template":"","meta":[],"acf":[],"yoast_head":"<!-- This site is optimized with the Yoast SEO plugin v18.8 - https:\/\/yoast.com\/wordpress\/plugins\/seo\/ -->\n<title>Seminars Perpignan: our campsite hosts your corporate events - Camping Calypso<\/title>\n<meta name=\"robots\" content=\"index, follow, max-snippet:-1, max-image-preview:large, max-video-preview:-1\" \/>\n<link rel=\"canonical\" href=\"https:\/\/www.camping-calypso.com\/en\/seminars-perpignan-our-campsite-hosts-your-corporate-events\/\" \/>\n<meta property=\"og:locale\" content=\"en_US\" \/>\n<meta property=\"og:type\" content=\"article\" \/>\n<meta property=\"og:title\" content=\"Seminars Perpignan: our campsite hosts your corporate events - Camping Calypso\" \/>\n<meta property=\"og:description\" content=\"Seminars in South of France : Our campsite hosts your corporate events. What if this year you organised a seminar in South of France, in the Pyr\u00e9n\u00e9es-Orientales region, in an unusual location? Say goodbye to meeting rooms in city-centre hotels &#8211; think company seminars at campsites! Our Le Calypso campsite is the perfect venue for [&hellip;]\" \/>\n<meta property=\"og:url\" content=\"https:\/\/www.camping-calypso.com\/en\/seminars-perpignan-our-campsite-hosts-your-corporate-events\/\" \/>\n<meta property=\"og:site_name\" content=\"Camping Calypso\" \/>\n<meta property=\"article:modified_time\" content=\"2024-08-05T15:50:37+00:00\" \/>\n<meta property=\"og:image\" content=\"https:\/\/www.camping-calypso.com\/wp-content\/uploads\/2023\/02\/Sans-titre-81.png\" \/>\n\t<meta property=\"og:image:width\" content=\"1080\" \/>\n\t<meta property=\"og:image:height\" content=\"900\" \/>\n\t<meta property=\"og:image:type\" content=\"image\/png\" \/>\n<meta name=\"twitter:card\" content=\"summary_large_image\" \/>\n<meta name=\"twitter:label1\" content=\"Est. reading time\" \/>\n\t<meta name=\"twitter:data1\" content=\"5 minutes\" \/>\n<script type=\"application\/ld+json\" class=\"yoast-schema-graph\">{\"@context\":\"https:\/\/schema.org\",\"@graph\":[{\"@type\":\"WebSite\",\"@id\":\"https:\/\/www.camping-calypso.com\/#website\",\"url\":\"https:\/\/www.camping-calypso.com\/\",\"name\":\"Camping Calypso\",\"description\":\"Camping 5 \u00e9toiles \u00e0 Toreilles Plage (66)\",\"potentialAction\":[{\"@type\":\"SearchAction\",\"target\":{\"@type\":\"EntryPoint\",\"urlTemplate\":\"https:\/\/www.camping-calypso.com\/?s={search_term_string}\"},\"query-input\":\"required name=search_term_string\"}],\"inLanguage\":\"en-US\"},{\"@type\":\"ImageObject\",\"inLanguage\":\"en-US\",\"@id\":\"https:\/\/www.camping-calypso.com\/en\/seminars-perpignan-our-campsite-hosts-your-corporate-events\/#primaryimage\",\"url\":\"https:\/\/www.camping-calypso.com\/wp-content\/uploads\/2023\/02\/Sans-titre-81.png\",\"contentUrl\":\"https:\/\/www.camping-calypso.com\/wp-content\/uploads\/2023\/02\/Sans-titre-81.png\",\"width\":1080,\"height\":900,\"caption\":\"s\u00e9minaire camping\"},{\"@type\":\"WebPage\",\"@id\":\"https:\/\/www.camping-calypso.com\/en\/seminars-perpignan-our-campsite-hosts-your-corporate-events\/#webpage\",\"url\":\"https:\/\/www.camping-calypso.com\/en\/seminars-perpignan-our-campsite-hosts-your-corporate-events\/\",\"name\":\"Seminars Perpignan: our campsite hosts your corporate events - Camping Calypso\",\"isPartOf\":{\"@id\":\"https:\/\/www.camping-calypso.com\/#website\"},\"primaryImageOfPage\":{\"@id\":\"https:\/\/www.camping-calypso.com\/en\/seminars-perpignan-our-campsite-hosts-your-corporate-events\/#primaryimage\"},\"datePublished\":\"2023-10-23T10:02:13+00:00\",\"dateModified\":\"2024-08-05T15:50:37+00:00\",\"breadcrumb\":{\"@id\":\"https:\/\/www.camping-calypso.com\/en\/seminars-perpignan-our-campsite-hosts-your-corporate-events\/#breadcrumb\"},\"inLanguage\":\"en-US\",\"potentialAction\":[{\"@type\":\"ReadAction\",\"target\":[\"https:\/\/www.camping-calypso.com\/en\/seminars-perpignan-our-campsite-hosts-your-corporate-events\/\"]}]},{\"@type\":\"BreadcrumbList\",\"@id\":\"https:\/\/www.camping-calypso.com\/en\/seminars-perpignan-our-campsite-hosts-your-corporate-events\/#breadcrumb\",\"itemListElement\":[{\"@type\":\"ListItem\",\"position\":1,\"name\":\"Camping Torreilles\",\"item\":\"https:\/\/www.camping-calypso.com\/en\/\"},{\"@type\":\"ListItem\",\"position\":2,\"name\":\"Seminars Perpignan: our campsite hosts your corporate events\"}]}]}<\/script>\n<!-- \/ Yoast SEO plugin. -->","yoast_head_json":{"title":"Seminars Perpignan: our campsite hosts your corporate events - Camping Calypso","robots":{"index":"index","follow":"follow","max-snippet":"max-snippet:-1","max-image-preview":"max-image-preview:large","max-video-preview":"max-video-preview:-1"},"canonical":"https:\/\/www.camping-calypso.com\/en\/seminars-perpignan-our-campsite-hosts-your-corporate-events\/","og_locale":"en_US","og_type":"article","og_title":"Seminars Perpignan: our campsite hosts your corporate events - Camping Calypso","og_description":"Seminars in South of France : Our campsite hosts your corporate events. What if this year you organised a seminar in South of France, in the Pyr\u00e9n\u00e9es-Orientales region, in an unusual location? Say goodbye to meeting rooms in city-centre hotels &#8211; think company seminars at campsites! Our Le Calypso campsite is the perfect venue for [&hellip;]","og_url":"https:\/\/www.camping-calypso.com\/en\/seminars-perpignan-our-campsite-hosts-your-corporate-events\/","og_site_name":"Camping Calypso","article_modified_time":"2024-08-05T15:50:37+00:00","og_image":[{"width":1080,"height":900,"url":"https:\/\/www.camping-calypso.com\/wp-content\/uploads\/2023\/02\/Sans-titre-81.png","type":"image\/png"}],"twitter_card":"summary_large_image","twitter_misc":{"Est. reading time":"5 minutes"},"schema":{"@context":"https:\/\/schema.org","@graph":[{"@type":"WebSite","@id":"https:\/\/www.camping-calypso.com\/#website","url":"https:\/\/www.camping-calypso.com\/","name":"Camping Calypso","description":"Camping 5 \u00e9toiles \u00e0 Toreilles Plage (66)","potentialAction":[{"@type":"SearchAction","target":{"@type":"EntryPoint","urlTemplate":"https:\/\/www.camping-calypso.com\/?s={search_term_string}"},"query-input":"required name=search_term_string"}],"inLanguage":"en-US"},{"@type":"ImageObject","inLanguage":"en-US","@id":"https:\/\/www.camping-calypso.com\/en\/seminars-perpignan-our-campsite-hosts-your-corporate-events\/#primaryimage","url":"https:\/\/www.camping-calypso.com\/wp-content\/uploads\/2023\/02\/Sans-titre-81.png","contentUrl":"https:\/\/www.camping-calypso.com\/wp-content\/uploads\/2023\/02\/Sans-titre-81.png","width":1080,"height":900,"caption":"s\u00e9minaire camping"},{"@type":"WebPage","@id":"https:\/\/www.camping-calypso.com\/en\/seminars-perpignan-our-campsite-hosts-your-corporate-events\/#webpage","url":"https:\/\/www.camping-calypso.com\/en\/seminars-perpignan-our-campsite-hosts-your-corporate-events\/","name":"Seminars Perpignan: our campsite hosts your corporate events - Camping Calypso","isPartOf":{"@id":"https:\/\/www.camping-calypso.com\/#website"},"primaryImageOfPage":{"@id":"https:\/\/www.camping-calypso.com\/en\/seminars-perpignan-our-campsite-hosts-your-corporate-events\/#primaryimage"},"datePublished":"2023-10-23T10:02:13+00:00","dateModified":"2024-08-05T15:50:37+00:00","breadcrumb":{"@id":"https:\/\/www.camping-calypso.com\/en\/seminars-perpignan-our-campsite-hosts-your-corporate-events\/#breadcrumb"},"inLanguage":"en-US","potentialAction":[{"@type":"ReadAction","target":["https:\/\/www.camping-calypso.com\/en\/seminars-perpignan-our-campsite-hosts-your-corporate-events\/"]}]},{"@type":"BreadcrumbList","@id":"https:\/\/www.camping-calypso.com\/en\/seminars-perpignan-our-campsite-hosts-your-corporate-events\/#breadcrumb","itemListElement":[{"@type":"ListItem","position":1,"name":"Camping Torreilles","item":"https:\/\/www.camping-calypso.com\/en\/"},{"@type":"ListItem","position":2,"name":"Seminars Perpignan: our campsite hosts your corporate events"}]}]}},"_links":{"self":[{"href":"https:\/\/www.camping-calypso.com\/en\/wp-json\/wp\/v2\/pages\/4529"}],"collection":[{"href":"https:\/\/www.camping-calypso.com\/en\/wp-json\/wp\/v2\/pages"}],"about":[{"href":"https:\/\/www.camping-calypso.com\/en\/wp-json\/wp\/v2\/types\/page"}],"author":[{"embeddable":true,"href":"https:\/\/www.camping-calypso.com\/en\/wp-json\/wp\/v2\/users\/3"}],"replies":[{"embeddable":true,"href":"https:\/\/www.camping-calypso.com\/en\/wp-json\/wp\/v2\/comments?post=4529"}],"version-history":[{"count":6,"href":"https:\/\/www.camping-calypso.com\/en\/wp-json\/wp\/v2\/pages\/4529\/revisions"}],"predecessor-version":[{"id":6834,"href":"https:\/\/www.camping-calypso.com\/en\/wp-json\/wp\/v2\/pages\/4529\/revisions\/6834"}],"wp:featuredmedia":[{"embeddable":true,"href":"https:\/\/www.camping-calypso.com\/en\/wp-json\/wp\/v2\/media\/2129"}],"wp:attachment":[{"href":"https:\/\/www.camping-calypso.com\/en\/wp-json\/wp\/v2\/media?parent=4529"}],"curies":[{"name":"wp","href":"https:\/\/api.w.org\/{rel}","templated":true}]}}