{"id":2455,"date":"2023-01-19T12:13:57","date_gmt":"2023-01-19T11:13:57","guid":{"rendered":"https:\/\/www.camping-calypso.com\/water-park\/"},"modified":"2025-12-22T15:00:14","modified_gmt":"2025-12-22T14:00:14","slug":"water-park","status":"publish","type":"page","link":"https:\/\/www.camping-calypso.com\/en\/water-park\/","title":{"rendered":"Water park"},"content":{"rendered":"\n<div class=\"wp-block-cover alignfull is-light\"><span aria-hidden=\"true\" class=\"wp-block-cover__gradient-background has-background-dim\"><\/span><img loading=\"lazy\" width=\"2560\" height=\"1920\" class=\"wp-block-cover__image-background wp-image-6014\" alt=\"Camping Le Calypso Torreilles Plage\" src=\"https:\/\/www.camping-calypso.com\/wp-content\/uploads\/2024\/02\/DJI_0909-scaled.jpg\" style=\"object-position:49% 33%\" data-object-fit=\"cover\" data-object-position=\"49% 33%\" srcset=\"https:\/\/www.camping-calypso.com\/wp-content\/uploads\/2024\/02\/DJI_0909-scaled.jpg 2560w, https:\/\/www.camping-calypso.com\/wp-content\/uploads\/2024\/02\/DJI_0909-300x225.jpg 300w, https:\/\/www.camping-calypso.com\/wp-content\/uploads\/2024\/02\/DJI_0909-1024x768.jpg 1024w, https:\/\/www.camping-calypso.com\/wp-content\/uploads\/2024\/02\/DJI_0909-768x576.jpg 768w, https:\/\/www.camping-calypso.com\/wp-content\/uploads\/2024\/02\/DJI_0909-1536x1152.jpg 1536w, https:\/\/www.camping-calypso.com\/wp-content\/uploads\/2024\/02\/DJI_0909-2048x1536.jpg 2048w\" sizes=\"(max-width: 2560px) 100vw, 2560px\" \/><div class=\"wp-block-cover__inner-container\">\n<p class=\"has-text-align-center has-large-font-size\"><\/p>\n<\/div><\/div>\n\n\n\n<div class=\"wp-block-columns\" id=\"piscine\">\n<div class=\"wp-block-column\">\n<h1 class=\"has-text-align-left\" id=\"camping-a-toreilles-5-etoiles-a-500-m-de-la-plage\">Camping near Perpignan with Water Park <em>A 3000 m\u00b2 heated aquatic space<\/em><\/h1>\n\n\n\n<h2><\/h2>\n\n\n\n<p>The <a href=\"https:\/\/www.camping-calypso.com\/en\/\" data-type=\"page\" data-id=\"5\">campsite Le Calypso in Torreilles Plage<\/a> opens its doors to you for a successful vacation with family or friends. What could be more pleasant, when you go to the <strong>south of France<\/strong>, for vacations, than to be able to combine the joy of fine sandy beaches, with the attraction of superb swimming pools, in which you can dive head first! For your greatest pleasure, Calypso offers you an exceptional aquatic space: a real park, intended for adults as well as for children, of all ages.<\/p>\n\n\n\n<div class=\"wp-block-group lire-plus-pc\"><div class=\"wp-block-group__inner-container\">\n<p>Read more<\/p>\n\n\n\n<div class=\"wp-container-69f21738453d1 wp-block-group\"><div class=\"wp-block-group__inner-container\">\n<p>In total, <strong>3,000 m\u00b2 open and heated from April to September<\/strong>. By welcoming you to our 5 star campsite near <a href=\"https:\/\/www.camping-calypso.com\/en\/alentours\/what-to-see-and-do-while-camping-around-perpignan\/\" data-type=\"alentours\" data-id=\"1024\">Perpignan<\/a>, our main objective is to provide you with the necessary relaxation to fully enjoy <strong>your summer in the Eastern Pyrenees<\/strong>. It was therefore legitimate for us to offer you this infrastructure, which is probably the most appreciated by our holidaymakers. You can also take advantage of many quality services at the heart of our <a href=\"https:\/\/www.camping-calypso.com\/en\/services\/\" data-type=\"page\" data-id=\"569\">5-star campsite in Torreilles<\/a>, which complement this magnificent aquatic area.<\/p>\n<\/div><\/div>\n<\/div><\/div>\n\n\n\n<div class=\"wp-block-group encart-information\"><div class=\"wp-block-group__inner-container\">\n<p>Because you deserve much more than a swimming pool, we offer you a real aquatic complex of 3000 m\u00b2 with multiple pleasures and possibilities.<\/p>\n<\/div><\/div>\n\n\n\n<div class=\"wp-container-69f21738457cc wp-block-buttons\">\n<div class=\"wp-block-button btn_resa\"><a class=\"wp-block-button__link\">Book now!<\/a><\/div>\n<\/div>\n<\/div>\n\n\n\n<div class=\"wp-block-column\" style=\"flex-basis:52%\">\n<figure class=\"wp-block-image alignfull size-large\"><img loading=\"lazy\" width=\"1024\" height=\"768\" src=\"https:\/\/www.camping-calypso.com\/wp-content\/uploads\/2024\/02\/DJI_0937-1024x768.jpg\" alt=\"Camping Pyr\u00e9n\u00e9es Orientales 5 \u00e9toiles\" class=\"wp-image-6091\" srcset=\"https:\/\/www.camping-calypso.com\/wp-content\/uploads\/2024\/02\/DJI_0937-1024x768.jpg 1024w, https:\/\/www.camping-calypso.com\/wp-content\/uploads\/2024\/02\/DJI_0937-300x225.jpg 300w, https:\/\/www.camping-calypso.com\/wp-content\/uploads\/2024\/02\/DJI_0937-768x576.jpg 768w, https:\/\/www.camping-calypso.com\/wp-content\/uploads\/2024\/02\/DJI_0937-1536x1152.jpg 1536w, https:\/\/www.camping-calypso.com\/wp-content\/uploads\/2024\/02\/DJI_0937-2048x1536.jpg 2048w\" sizes=\"(max-width: 1024px) 100vw, 1024px\" \/><\/figure>\n<\/div>\n<\/div>\n\n\n\n<section class=\"wp-container-69f2173845b7e wp-block-group alignfull has-noir-background-color has-background\"><div class=\"wp-block-group__inner-container\">\n<h2 class=\"has-text-align-center\" id=\"camping-proche-perpignan-avec-espace-aquatique-et-jacuzzi-pour-toute-la-famille\">Campsite near Perpignan with aquatic space and jacuzzi <em>for the whole family<\/em><\/h2>\n\n\n\n<p class=\"has-text-align-center\"><strong>The Calypso campsite in Torreilles<\/strong> Plage near Perpignan invites you not to miss any of the gentle rays of the southern sun, thanks to this aquatic area dedicated to the whole family. <strong>Comfortably installed on our deckchairs<\/strong>, all you have to do is enjoy the moment, quite simply. And for your bathing, you will be spoilt for choice:<\/p>\n\n\n\n<ul class=\"pictos large centre scroll-mob l-2-mob has-vert-color has-text-color\"><li><i class=\"fas fa-person-sledding\"><\/i>  Pentagliss <em>to measure yourself against others<\/em><\/li><li><i class=\"fas fa-water-ladder\"><\/i>  A slide <em>to have fun<\/em><\/li><li><i class=\"fas fa-person-swimming\"><\/i>  A pool <em>for free swimming<\/em><\/li><li><i class=\"fas fa-hot-tub-person\"><\/i>  A jacuzzi and solarium <em>to relax<\/em><\/li><li><i class=\"fas fa-water-arrow-down\"><\/i>  A paddling pool for the <em>happiness of children<\/em><\/li><\/ul>\n<\/div><\/section>\n\n\n\n<div class=\"wp-block-columns are-vertically-aligned-bottom\">\n<div class=\"wp-block-column is-vertically-aligned-bottom\">\n<h2 class=\"h3\" id=\"emplacements-de-camping-pres-de-perpignan\">An aquatic space <em>for all<\/em><\/h2>\n\n\n\n<p>In the heart of our <a href=\"https:\/\/www.camping-calypso.com\/en\/seaside\/\" data-type=\"page\" data-id=\"989\">campsite by the sea near Perpignan<\/a>, the little ones will have a large paddling pool, with many fun water games such as :<\/p>\n\n\n\n<ul class=\"pictos l-2-mob\"><li><i class=\"fas fa-trees\"><\/i>  Tobogan crocodile, monkey, turtle&#8230;<\/li><li><i class=\"fas fa-sun-haze\"><\/i>  Small and large barrels<\/li><li><i class=\"fas fa-child\"><\/i>  Swings<\/li><li><i class=\"fas fa-tank-water\"><\/i>  Water tower<\/li><\/ul>\n<\/div>\n\n\n\n<div class=\"wp-block-column is-vertically-aligned-bottom\" style=\"flex-basis:67%\">\n<figure class=\"wp-block-gallery has-nested-images columns-default is-cropped diaporama--2 align\">\n<figure class=\"wp-block-image size-large\"><img loading=\"lazy\" width=\"1024\" height=\"768\" src=\"https:\/\/www.camping-calypso.com\/wp-content\/uploads\/2024\/02\/DJI_0915-1024x768.jpg\" alt=\"Piscine chauff\u00e9e camping 5 \u00e9toiles Torreilles-Plage\" class=\"wp-image-6087\" srcset=\"https:\/\/www.camping-calypso.com\/wp-content\/uploads\/2024\/02\/DJI_0915-1024x768.jpg 1024w, https:\/\/www.camping-calypso.com\/wp-content\/uploads\/2024\/02\/DJI_0915-300x225.jpg 300w, https:\/\/www.camping-calypso.com\/wp-content\/uploads\/2024\/02\/DJI_0915-768x576.jpg 768w, https:\/\/www.camping-calypso.com\/wp-content\/uploads\/2024\/02\/DJI_0915-1536x1152.jpg 1536w, https:\/\/www.camping-calypso.com\/wp-content\/uploads\/2024\/02\/DJI_0915-2048x1536.jpg 2048w\" sizes=\"(max-width: 1024px) 100vw, 1024px\" \/><\/figure>\n\n\n\n<figure class=\"wp-block-image size-large\"><img loading=\"lazy\" width=\"1024\" height=\"853\" src=\"https:\/\/www.camping-calypso.com\/wp-content\/uploads\/2023\/02\/Sans-titre-51-1024x853.png\" alt=\"\" class=\"wp-image-1898\" srcset=\"https:\/\/www.camping-calypso.com\/wp-content\/uploads\/2023\/02\/Sans-titre-51-1024x853.png 1024w, https:\/\/www.camping-calypso.com\/wp-content\/uploads\/2023\/02\/Sans-titre-51-300x250.png 300w, https:\/\/www.camping-calypso.com\/wp-content\/uploads\/2023\/02\/Sans-titre-51-768x640.png 768w, https:\/\/www.camping-calypso.com\/wp-content\/uploads\/2023\/02\/Sans-titre-51.png 1080w\" sizes=\"(max-width: 1024px) 100vw, 1024px\" \/><\/figure>\n\n\n\n<figure class=\"wp-block-image size-large\"><img loading=\"lazy\" width=\"1024\" height=\"681\" src=\"https:\/\/www.camping-calypso.com\/wp-content\/uploads\/2023\/02\/pataugeoire-enfant-1024x681.jpg\" alt=\"\" class=\"wp-image-1870\" srcset=\"https:\/\/www.camping-calypso.com\/wp-content\/uploads\/2023\/02\/pataugeoire-enfant-1024x681.jpg 1024w, https:\/\/www.camping-calypso.com\/wp-content\/uploads\/2023\/02\/pataugeoire-enfant-300x200.jpg 300w, https:\/\/www.camping-calypso.com\/wp-content\/uploads\/2023\/02\/pataugeoire-enfant-768x511.jpg 768w, https:\/\/www.camping-calypso.com\/wp-content\/uploads\/2023\/02\/pataugeoire-enfant-1536x1022.jpg 1536w, https:\/\/www.camping-calypso.com\/wp-content\/uploads\/2023\/02\/pataugeoire-enfant-2048x1363.jpg 2048w\" sizes=\"(max-width: 1024px) 100vw, 1024px\" \/><\/figure>\n\n\n\n<figure class=\"wp-block-image size-large\"><img loading=\"lazy\" width=\"1024\" height=\"853\" src=\"https:\/\/www.camping-calypso.com\/wp-content\/uploads\/2023\/02\/Sans-titre-52-1024x853.png\" alt=\"\" class=\"wp-image-1902\" srcset=\"https:\/\/www.camping-calypso.com\/wp-content\/uploads\/2023\/02\/Sans-titre-52-1024x853.png 1024w, https:\/\/www.camping-calypso.com\/wp-content\/uploads\/2023\/02\/Sans-titre-52-300x250.png 300w, https:\/\/www.camping-calypso.com\/wp-content\/uploads\/2023\/02\/Sans-titre-52-768x640.png 768w, https:\/\/www.camping-calypso.com\/wp-content\/uploads\/2023\/02\/Sans-titre-52.png 1080w\" sizes=\"(max-width: 1024px) 100vw, 1024px\" \/><\/figure>\n\n\n\n<figure class=\"wp-block-image size-large\"><img loading=\"lazy\" width=\"1024\" height=\"681\" src=\"https:\/\/www.camping-calypso.com\/wp-content\/uploads\/2023\/02\/enfants-pataugeoire-1-1024x681.jpg\" alt=\"\" class=\"wp-image-1906\" srcset=\"https:\/\/www.camping-calypso.com\/wp-content\/uploads\/2023\/02\/enfants-pataugeoire-1-1024x681.jpg 1024w, https:\/\/www.camping-calypso.com\/wp-content\/uploads\/2023\/02\/enfants-pataugeoire-1-300x200.jpg 300w, https:\/\/www.camping-calypso.com\/wp-content\/uploads\/2023\/02\/enfants-pataugeoire-1-768x511.jpg 768w, https:\/\/www.camping-calypso.com\/wp-content\/uploads\/2023\/02\/enfants-pataugeoire-1-1536x1022.jpg 1536w, https:\/\/www.camping-calypso.com\/wp-content\/uploads\/2023\/02\/enfants-pataugeoire-1-2048x1363.jpg 2048w\" sizes=\"(max-width: 1024px) 100vw, 1024px\" \/><\/figure>\n\n\n\n<figure class=\"wp-block-image size-large\"><img loading=\"lazy\" width=\"1024\" height=\"681\" src=\"https:\/\/www.camping-calypso.com\/wp-content\/uploads\/2023\/02\/enfant-pataugeoire-1024x681.jpg\" alt=\"\" class=\"wp-image-1842\" srcset=\"https:\/\/www.camping-calypso.com\/wp-content\/uploads\/2023\/02\/enfant-pataugeoire-1024x681.jpg 1024w, https:\/\/www.camping-calypso.com\/wp-content\/uploads\/2023\/02\/enfant-pataugeoire-300x200.jpg 300w, https:\/\/www.camping-calypso.com\/wp-content\/uploads\/2023\/02\/enfant-pataugeoire-768x511.jpg 768w, https:\/\/www.camping-calypso.com\/wp-content\/uploads\/2023\/02\/enfant-pataugeoire-1536x1022.jpg 1536w, https:\/\/www.camping-calypso.com\/wp-content\/uploads\/2023\/02\/enfant-pataugeoire-2048x1363.jpg 2048w\" sizes=\"(max-width: 1024px) 100vw, 1024px\" \/><\/figure>\n<\/figure>\n<\/div>\n<\/div>\n\n\n\n<div class=\"wp-block-columns alignfull reverse-mob has-bleu-background-color has-background\">\n<div class=\"wp-block-column\" style=\"flex-basis:48%\">\n<figure class=\"wp-block-gallery alignfull has-nested-images columns-default is-cropped grid-3 diaporama-mob\">\n<figure class=\"wp-block-image size-large\"><img loading=\"lazy\" width=\"1024\" height=\"681\" src=\"https:\/\/www.camping-calypso.com\/wp-content\/uploads\/2024\/02\/toboggans-piscine-2-1024x681.jpg\" alt=\"Pyr\u00e9n\u00e9es orientales 5 \u00e9toiles bord de mer\" class=\"wp-image-6104\" srcset=\"https:\/\/www.camping-calypso.com\/wp-content\/uploads\/2024\/02\/toboggans-piscine-2-1024x681.jpg 1024w, https:\/\/www.camping-calypso.com\/wp-content\/uploads\/2024\/02\/toboggans-piscine-2-300x200.jpg 300w, https:\/\/www.camping-calypso.com\/wp-content\/uploads\/2024\/02\/toboggans-piscine-2-768x511.jpg 768w, https:\/\/www.camping-calypso.com\/wp-content\/uploads\/2024\/02\/toboggans-piscine-2-1536x1022.jpg 1536w, https:\/\/www.camping-calypso.com\/wp-content\/uploads\/2024\/02\/toboggans-piscine-2-2048x1363.jpg 2048w\" sizes=\"(max-width: 1024px) 100vw, 1024px\" \/><\/figure>\n\n\n\n<figure class=\"wp-block-image size-large\"><img loading=\"lazy\" width=\"1024\" height=\"681\" src=\"https:\/\/www.camping-calypso.com\/wp-content\/uploads\/2023\/02\/pataugeoire-jeux-enfants-1024x681.jpg\" alt=\"\" class=\"wp-image-1878\" srcset=\"https:\/\/www.camping-calypso.com\/wp-content\/uploads\/2023\/02\/pataugeoire-jeux-enfants-1024x681.jpg 1024w, https:\/\/www.camping-calypso.com\/wp-content\/uploads\/2023\/02\/pataugeoire-jeux-enfants-300x200.jpg 300w, https:\/\/www.camping-calypso.com\/wp-content\/uploads\/2023\/02\/pataugeoire-jeux-enfants-768x511.jpg 768w, https:\/\/www.camping-calypso.com\/wp-content\/uploads\/2023\/02\/pataugeoire-jeux-enfants-1536x1022.jpg 1536w, https:\/\/www.camping-calypso.com\/wp-content\/uploads\/2023\/02\/pataugeoire-jeux-enfants-2048x1363.jpg 2048w\" sizes=\"(max-width: 1024px) 100vw, 1024px\" \/><\/figure>\n\n\n\n<figure class=\"wp-block-image size-large\"><img loading=\"lazy\" width=\"1024\" height=\"768\" src=\"https:\/\/www.camping-calypso.com\/wp-content\/uploads\/2024\/02\/DJI_0911-1024x768.jpg\" alt=\"Camping Le Calypso Torreilles-Plage\" class=\"wp-image-6083\" srcset=\"https:\/\/www.camping-calypso.com\/wp-content\/uploads\/2024\/02\/DJI_0911-1024x768.jpg 1024w, https:\/\/www.camping-calypso.com\/wp-content\/uploads\/2024\/02\/DJI_0911-300x225.jpg 300w, https:\/\/www.camping-calypso.com\/wp-content\/uploads\/2024\/02\/DJI_0911-768x576.jpg 768w, https:\/\/www.camping-calypso.com\/wp-content\/uploads\/2024\/02\/DJI_0911-1536x1152.jpg 1536w, https:\/\/www.camping-calypso.com\/wp-content\/uploads\/2024\/02\/DJI_0911-2048x1536.jpg 2048w\" sizes=\"(max-width: 1024px) 100vw, 1024px\" \/><\/figure>\n\n\n\n<figure class=\"wp-block-image size-full\"><img loading=\"lazy\" width=\"1024\" height=\"682\" src=\"https:\/\/www.camping-calypso.com\/wp-content\/uploads\/2023\/01\/jaux-pataugeoire-1024x682-1.jpg\" alt=\"\" class=\"wp-image-892\" srcset=\"https:\/\/www.camping-calypso.com\/wp-content\/uploads\/2023\/01\/jaux-pataugeoire-1024x682-1.jpg 1024w, https:\/\/www.camping-calypso.com\/wp-content\/uploads\/2023\/01\/jaux-pataugeoire-1024x682-1-300x200.jpg 300w, https:\/\/www.camping-calypso.com\/wp-content\/uploads\/2023\/01\/jaux-pataugeoire-1024x682-1-768x512.jpg 768w\" sizes=\"(max-width: 1024px) 100vw, 1024px\" \/><\/figure>\n\n\n\n<figure class=\"wp-block-image size-large\"><img loading=\"lazy\" width=\"1024\" height=\"768\" src=\"https:\/\/www.camping-calypso.com\/wp-content\/uploads\/2024\/02\/DJI_0926-1024x768.jpg\" alt=\"Camping 5 \u00e9toiles pyr\u00e9n\u00e9es orientales bord de mer\" class=\"wp-image-6100\" srcset=\"https:\/\/www.camping-calypso.com\/wp-content\/uploads\/2024\/02\/DJI_0926-1024x768.jpg 1024w, https:\/\/www.camping-calypso.com\/wp-content\/uploads\/2024\/02\/DJI_0926-300x225.jpg 300w, https:\/\/www.camping-calypso.com\/wp-content\/uploads\/2024\/02\/DJI_0926-768x576.jpg 768w, https:\/\/www.camping-calypso.com\/wp-content\/uploads\/2024\/02\/DJI_0926-1536x1152.jpg 1536w, https:\/\/www.camping-calypso.com\/wp-content\/uploads\/2024\/02\/DJI_0926-2048x1536.jpg 2048w\" sizes=\"(max-width: 1024px) 100vw, 1024px\" \/><\/figure>\n\n\n\n<figure class=\"wp-block-image size-full\"><img loading=\"lazy\" width=\"1024\" height=\"682\" src=\"https:\/\/www.camping-calypso.com\/wp-content\/uploads\/2023\/01\/pataugeoire-enfants-1024x682-1.jpg\" alt=\"\" class=\"wp-image-876\" srcset=\"https:\/\/www.camping-calypso.com\/wp-content\/uploads\/2023\/01\/pataugeoire-enfants-1024x682-1.jpg 1024w, https:\/\/www.camping-calypso.com\/wp-content\/uploads\/2023\/01\/pataugeoire-enfants-1024x682-1-300x200.jpg 300w, https:\/\/www.camping-calypso.com\/wp-content\/uploads\/2023\/01\/pataugeoire-enfants-1024x682-1-768x512.jpg 768w\" sizes=\"(max-width: 1024px) 100vw, 1024px\" \/><\/figure>\n<\/figure>\n<\/div>\n\n\n\n<div class=\"wp-block-column\">\n<h3 id=\"emplacements-de-camping-pres-de-perpignan\">Choose a family campsite with a water park <em>\n  <em>in the Eastern Pyrenees<\/em>\n<\/em><\/h3>\n\n\n\n<p>We are particularly proud of our water play area for the little ones, because we know how much they appreciate this kind of infrastructure.  <\/p>\n\n\n\n<div class=\"wp-block-group lire-plus-mobile\"><div class=\"wp-block-group__inner-container\">\n<p>Read more<\/p>\n\n\n\n<div class=\"wp-container-69f2173846126 wp-block-group\"><div class=\"wp-block-group__inner-container\">\n<p>It is a real little paradise for the little ones, but also for the older ones who can enjoy relaxing moments in our jacuzzi and solarium. Choosing a <strong>family campsite in the Eastern Pyrenees<\/strong> with a water park is a guarantee to please all tastes in a region where life is good. You will be able to take advantage of it throughout the many days spent at the campsite for a pleasant family stay. Take advantage of this beautiful space during the <a href=\"https:\/\/www.camping-calypso.com\/en\/animations\/\" data-type=\"page\" data-id=\"565\">numerous activities and animations<\/a> which will be proposed to you throughout your stay in the heart of <strong>our 5 star campsite in Torreilles<\/strong>.<\/p>\n<\/div><\/div>\n<\/div><\/div>\n\n\n\n<div class=\"wp-container-69f21738463f8 wp-block-buttons\">\n<div class=\"wp-block-button btn_resa\"><a class=\"wp-block-button__link\">Book now!<\/a><\/div>\n<\/div>\n<\/div>\n<\/div>\n","protected":false},"excerpt":{"rendered":"<p>Camping near Perpignan with Water Park A 3000 m\u00b2 heated aquatic space The campsite Le Calypso in Torreilles Plage opens its doors to you for a successful vacation with family or friends. What could be more pleasant, when you go to the south of France, for vacations, than to be able to combine the joy [&hellip;]<\/p>\n","protected":false},"author":1,"featured_media":2816,"parent":0,"menu_order":0,"comment_status":"closed","ping_status":"closed","template":"","meta":[],"acf":[],"yoast_head":"<!-- This site is optimized with the Yoast SEO plugin v18.8 - https:\/\/yoast.com\/wordpress\/plugins\/seo\/ -->\n<title>Water park - Camping Calypso<\/title>\n<meta name=\"robots\" content=\"index, follow, max-snippet:-1, max-image-preview:large, max-video-preview:-1\" \/>\n<link rel=\"canonical\" href=\"https:\/\/www.camping-calypso.com\/en\/water-park\/\" \/>\n<meta property=\"og:locale\" content=\"en_US\" \/>\n<meta property=\"og:type\" content=\"article\" \/>\n<meta property=\"og:title\" content=\"Water park - Camping Calypso\" \/>\n<meta property=\"og:description\" content=\"Camping near Perpignan with Water Park A 3000 m\u00b2 heated aquatic space The campsite Le Calypso in Torreilles Plage opens its doors to you for a successful vacation with family or friends. What could be more pleasant, when you go to the south of France, for vacations, than to be able to combine the joy [&hellip;]\" \/>\n<meta property=\"og:url\" content=\"https:\/\/www.camping-calypso.com\/en\/water-park\/\" \/>\n<meta property=\"og:site_name\" content=\"Camping Calypso\" \/>\n<meta property=\"article:modified_time\" content=\"2025-12-22T14:00:14+00:00\" \/>\n<meta property=\"og:image\" content=\"https:\/\/www.camping-calypso.com\/wp-content\/uploads\/2023\/03\/calypso-video-piscine.jpg\" \/>\n\t<meta property=\"og:image:width\" content=\"1220\" \/>\n\t<meta property=\"og:image:height\" content=\"646\" \/>\n\t<meta property=\"og:image:type\" content=\"image\/jpeg\" \/>\n<meta name=\"twitter:card\" content=\"summary_large_image\" \/>\n<meta name=\"twitter:label1\" content=\"Est. reading time\" \/>\n\t<meta name=\"twitter:data1\" content=\"6 minutes\" \/>\n<script type=\"application\/ld+json\" class=\"yoast-schema-graph\">{\"@context\":\"https:\/\/schema.org\",\"@graph\":[{\"@type\":\"WebSite\",\"@id\":\"https:\/\/www.camping-calypso.com\/#website\",\"url\":\"https:\/\/www.camping-calypso.com\/\",\"name\":\"Camping Calypso\",\"description\":\"Camping 5 \u00e9toiles \u00e0 Toreilles Plage (66)\",\"potentialAction\":[{\"@type\":\"SearchAction\",\"target\":{\"@type\":\"EntryPoint\",\"urlTemplate\":\"https:\/\/www.camping-calypso.com\/?s={search_term_string}\"},\"query-input\":\"required name=search_term_string\"}],\"inLanguage\":\"en-US\"},{\"@type\":\"ImageObject\",\"inLanguage\":\"en-US\",\"@id\":\"https:\/\/www.camping-calypso.com\/en\/water-park\/#primaryimage\",\"url\":\"https:\/\/www.camping-calypso.com\/wp-content\/uploads\/2023\/03\/calypso-video-piscine.jpg\",\"contentUrl\":\"https:\/\/www.camping-calypso.com\/wp-content\/uploads\/2023\/03\/calypso-video-piscine.jpg\",\"width\":1220,\"height\":646,\"caption\":\"parc aquatique perpignan\"},{\"@type\":\"WebPage\",\"@id\":\"https:\/\/www.camping-calypso.com\/en\/water-park\/#webpage\",\"url\":\"https:\/\/www.camping-calypso.com\/en\/water-park\/\",\"name\":\"Water park - Camping Calypso\",\"isPartOf\":{\"@id\":\"https:\/\/www.camping-calypso.com\/#website\"},\"primaryImageOfPage\":{\"@id\":\"https:\/\/www.camping-calypso.com\/en\/water-park\/#primaryimage\"},\"datePublished\":\"2023-01-19T11:13:57+00:00\",\"dateModified\":\"2025-12-22T14:00:14+00:00\",\"breadcrumb\":{\"@id\":\"https:\/\/www.camping-calypso.com\/en\/water-park\/#breadcrumb\"},\"inLanguage\":\"en-US\",\"potentialAction\":[{\"@type\":\"ReadAction\",\"target\":[\"https:\/\/www.camping-calypso.com\/en\/water-park\/\"]}]},{\"@type\":\"BreadcrumbList\",\"@id\":\"https:\/\/www.camping-calypso.com\/en\/water-park\/#breadcrumb\",\"itemListElement\":[{\"@type\":\"ListItem\",\"position\":1,\"name\":\"Camping Torreilles\",\"item\":\"https:\/\/www.camping-calypso.com\/en\/\"},{\"@type\":\"ListItem\",\"position\":2,\"name\":\"Water park\"}]}]}<\/script>\n<!-- \/ Yoast SEO plugin. -->","yoast_head_json":{"title":"Water park - Camping Calypso","robots":{"index":"index","follow":"follow","max-snippet":"max-snippet:-1","max-image-preview":"max-image-preview:large","max-video-preview":"max-video-preview:-1"},"canonical":"https:\/\/www.camping-calypso.com\/en\/water-park\/","og_locale":"en_US","og_type":"article","og_title":"Water park - Camping Calypso","og_description":"Camping near Perpignan with Water Park A 3000 m\u00b2 heated aquatic space The campsite Le Calypso in Torreilles Plage opens its doors to you for a successful vacation with family or friends. What could be more pleasant, when you go to the south of France, for vacations, than to be able to combine the joy [&hellip;]","og_url":"https:\/\/www.camping-calypso.com\/en\/water-park\/","og_site_name":"Camping Calypso","article_modified_time":"2025-12-22T14:00:14+00:00","og_image":[{"width":1220,"height":646,"url":"https:\/\/www.camping-calypso.com\/wp-content\/uploads\/2023\/03\/calypso-video-piscine.jpg","type":"image\/jpeg"}],"twitter_card":"summary_large_image","twitter_misc":{"Est. reading time":"6 minutes"},"schema":{"@context":"https:\/\/schema.org","@graph":[{"@type":"WebSite","@id":"https:\/\/www.camping-calypso.com\/#website","url":"https:\/\/www.camping-calypso.com\/","name":"Camping Calypso","description":"Camping 5 \u00e9toiles \u00e0 Toreilles Plage (66)","potentialAction":[{"@type":"SearchAction","target":{"@type":"EntryPoint","urlTemplate":"https:\/\/www.camping-calypso.com\/?s={search_term_string}"},"query-input":"required name=search_term_string"}],"inLanguage":"en-US"},{"@type":"ImageObject","inLanguage":"en-US","@id":"https:\/\/www.camping-calypso.com\/en\/water-park\/#primaryimage","url":"https:\/\/www.camping-calypso.com\/wp-content\/uploads\/2023\/03\/calypso-video-piscine.jpg","contentUrl":"https:\/\/www.camping-calypso.com\/wp-content\/uploads\/2023\/03\/calypso-video-piscine.jpg","width":1220,"height":646,"caption":"parc aquatique perpignan"},{"@type":"WebPage","@id":"https:\/\/www.camping-calypso.com\/en\/water-park\/#webpage","url":"https:\/\/www.camping-calypso.com\/en\/water-park\/","name":"Water park - Camping Calypso","isPartOf":{"@id":"https:\/\/www.camping-calypso.com\/#website"},"primaryImageOfPage":{"@id":"https:\/\/www.camping-calypso.com\/en\/water-park\/#primaryimage"},"datePublished":"2023-01-19T11:13:57+00:00","dateModified":"2025-12-22T14:00:14+00:00","breadcrumb":{"@id":"https:\/\/www.camping-calypso.com\/en\/water-park\/#breadcrumb"},"inLanguage":"en-US","potentialAction":[{"@type":"ReadAction","target":["https:\/\/www.camping-calypso.com\/en\/water-park\/"]}]},{"@type":"BreadcrumbList","@id":"https:\/\/www.camping-calypso.com\/en\/water-park\/#breadcrumb","itemListElement":[{"@type":"ListItem","position":1,"name":"Camping Torreilles","item":"https:\/\/www.camping-calypso.com\/en\/"},{"@type":"ListItem","position":2,"name":"Water park"}]}]}},"_links":{"self":[{"href":"https:\/\/www.camping-calypso.com\/en\/wp-json\/wp\/v2\/pages\/2455"}],"collection":[{"href":"https:\/\/www.camping-calypso.com\/en\/wp-json\/wp\/v2\/pages"}],"about":[{"href":"https:\/\/www.camping-calypso.com\/en\/wp-json\/wp\/v2\/types\/page"}],"author":[{"embeddable":true,"href":"https:\/\/www.camping-calypso.com\/en\/wp-json\/wp\/v2\/users\/1"}],"replies":[{"embeddable":true,"href":"https:\/\/www.camping-calypso.com\/en\/wp-json\/wp\/v2\/comments?post=2455"}],"version-history":[{"count":6,"href":"https:\/\/www.camping-calypso.com\/en\/wp-json\/wp\/v2\/pages\/2455\/revisions"}],"predecessor-version":[{"id":9674,"href":"https:\/\/www.camping-calypso.com\/en\/wp-json\/wp\/v2\/pages\/2455\/revisions\/9674"}],"wp:featuredmedia":[{"embeddable":true,"href":"https:\/\/www.camping-calypso.com\/en\/wp-json\/wp\/v2\/media\/2816"}],"wp:attachment":[{"href":"https:\/\/www.camping-calypso.com\/en\/wp-json\/wp\/v2\/media?parent=2455"}],"curies":[{"name":"wp","href":"https:\/\/api.w.org\/{rel}","templated":true}]}}