{"id":2439,"date":"2023-03-02T12:20:52","date_gmt":"2023-03-02T11:20:52","guid":{"rendered":"https:\/\/www.camping-calypso.com\/the-most-beautiful-hikes-to-do-in-the-pyrenees-orientales\/"},"modified":"2023-03-07T10:41:47","modified_gmt":"2023-03-07T09:41:47","slug":"the-most-beautiful-hikes-to-do-in-the-pyrenees-orientales","status":"publish","type":"page","link":"https:\/\/www.camping-calypso.com\/en\/the-most-beautiful-hikes-to-do-in-the-pyrenees-orientales\/","title":{"rendered":"The most beautiful hikes to do in the Pyr\u00e9n\u00e9es-Orientales"},"content":{"rendered":"\n<h1 id=\"les-plus-belles-randonnees-a-faire-dans-les-pyrenees-orientales\">The most beautiful hikes to do in the Pyr\u00e9n\u00e9es-Orientales<\/h1>\n\n<p><em>From the seaside path to the high mountain landscapes, the Pyrenees-Orientales region offers you a wide choice of hikes. Stay at the Calypso campsite in Torreilles and discover the Pyrenees-Orientales. From a walk on the coast to the ascent of the Canigou, put on your hiking shoes and enjoy the region in a different way!<\/em><\/p>\n\n<div style=\"height:20px\" aria-hidden=\"true\" class=\"wp-block-spacer\"><\/div>\n\n<div class=\"wp-block-columns\">\n<div class=\"wp-block-column\" style=\"flex-basis:50%\">\n<h2 class=\"h3\" id=\"grimpez-jusqu-a-la-tour-madeloc-ou-la-tour-de-la-massane\">Climb to the Madeloc Tower or the Massane Tower<\/h2>\n\n\n\n<p>Saint-Cyprien is a commune that combines all the ingredients for  <\/p>\n\n\n\n<p>Meet two watchtowers, which overlook the Vermeille coast, and enjoy a breathtaking view of the sea and the Roussillon region.<br\/>To reach the Madeloc Tower, you can choose between several paths. From the place called Les Casernes-de-Gauche, it takes about 45 minutes to reach the summit. This 4 km hike (round trip) is accessible to all. There is a more difficult itinerary starting from the Col des Gascons, near Banyuls-sur-Mer, which takes 3 hours.<br\/>From the harbour master&#8217;s office in Collioure, you can also enjoy a beautiful 7-hour hike on a 15 km trail.<\/p>\n\n\n\n<p>To reach the Tour de Massane, another medieval tower, there are several departures. You can start from Valmy and do a 14 km loop (5 hr walk), or from Lavall for a 6 km walk, accessible in 3 hr.<\/p>\n\n\n\n<blockquote class=\"wp-block-quote\"><p>Level : Easy to Difficult (depending on the trail chosen)<\/p><\/blockquote>\n<\/div>\n\n\n\n<div class=\"wp-block-column\" style=\"flex-basis:50%\">\n<figure class=\"wp-block-image alignwide size-full\"><img loading=\"lazy\" width=\"533\" height=\"799\" src=\"https:\/\/www.camping-calypso.com\/wp-content\/uploads\/2023\/03\/Tour-de-la-Massane.jpg\" alt=\"\" class=\"wp-image-2278\" srcset=\"https:\/\/www.camping-calypso.com\/wp-content\/uploads\/2023\/03\/Tour-de-la-Massane.jpg 533w, https:\/\/www.camping-calypso.com\/wp-content\/uploads\/2023\/03\/Tour-de-la-Massane-200x300.jpg 200w\" sizes=\"(max-width: 533px) 100vw, 533px\" \/><figcaption>Photo credit: <a href=\"https:\/\/visualhunt.co\/a7\/65d3f2ee\">Philippe Garcelon<\/a> on <a href=\"https:\/\/visualhunt.com\/re10\/159da182\">VisualHunt<\/a><\/figcaption><\/figure><\/div>\n<\/div>\n\n<div class=\"wp-block-columns\">\n<div class=\"wp-block-column\" style=\"flex-basis:50%\">\n<figure class=\"wp-block-image alignwide size-full\"><img loading=\"lazy\" width=\"800\" height=\"483\" src=\"https:\/\/www.camping-calypso.com\/wp-content\/uploads\/2023\/03\/Randonnee-au-Pic-Carlit.jpg\" alt=\"\" class=\"wp-image-2284\" srcset=\"https:\/\/www.camping-calypso.com\/wp-content\/uploads\/2023\/03\/Randonnee-au-Pic-Carlit.jpg 800w, https:\/\/www.camping-calypso.com\/wp-content\/uploads\/2023\/03\/Randonnee-au-Pic-Carlit-300x181.jpg 300w, https:\/\/www.camping-calypso.com\/wp-content\/uploads\/2023\/03\/Randonnee-au-Pic-Carlit-768x464.jpg 768w\" sizes=\"(max-width: 800px) 100vw, 800px\" \/><figcaption>Photo credit: <a href=\"https:\/\/visualhunt.co\/a7\/61a052be\">thierry llansades<\/a> on <a href=\"https:\/\/visualhunt.com\/re10\/159da182\">Visualhunt.com<\/a><\/figcaption><\/figure><\/div>\n\n\n\n<div class=\"wp-block-column\" style=\"flex-basis:50%\">\n<h2 class=\"h3\" id=\"partez-a-la-rencontre-des-etangs-du-mont-carlit\">Meet the ponds of Mont Carlit<\/h2>\n\n\n\n<p>Discover during this hike in the extraordinary mountain scenery, nine ponds of altitude, in the heart of the natural site of Bouillouses. Starting from the parking lot of the Bouillouses Lake, count 2 hours of walking to make this circuit.<br\/>There is a 3.5 hour variant, which allows you to walk around the 12 ponds (10 km).<\/p>\n\n\n\n<blockquote class=\"wp-block-quote\"><p>To know:<br\/>Level : easy<br\/>Length: 7.6 km<\/p><\/blockquote>\n<\/div>\n<\/div>\n\n<div class=\"wp-block-columns\">\n<div class=\"wp-block-column\" style=\"flex-basis:50%\">\n<h2 class=\"h3\" id=\"baladez-vous-sur-le-sentier-du-littoral\">Stroll along the coastal path<\/h2>\n\n\n\n<p>The coastal path offers a magnificent panorama of the Vermeille coast and its preserved creeks. With a total length of 32 km, this trail connects Argel\u00e8s-sur-Mer to Cerb\u00e8re. We advise you to walk the 10 km from Argel\u00e8s-sur-Mer to Port-Vendres, to discover the beautiful village of Collioure.<br\/>The trail is accessible to all. Ideal for a family outing!<\/p>\n\n\n\n<blockquote class=\"wp-block-quote\"><p>To know:<br\/>Level : easy<br\/>Length : 32 km maximum<\/p><\/blockquote>\n<\/div>\n\n\n\n<div class=\"wp-block-column\" style=\"flex-basis:50%\">\n<figure class=\"wp-block-image alignwide size-large\"><img loading=\"lazy\" width=\"1024\" height=\"768\" src=\"https:\/\/www.camping-calypso.com\/wp-content\/uploads\/2023\/01\/op23-DgE-BlRLKUU-unsplash-1024x768.jpg\" alt=\"\" class=\"wp-image-1089\" srcset=\"https:\/\/www.camping-calypso.com\/wp-content\/uploads\/2023\/01\/op23-DgE-BlRLKUU-unsplash-1024x768.jpg 1024w, https:\/\/www.camping-calypso.com\/wp-content\/uploads\/2023\/01\/op23-DgE-BlRLKUU-unsplash-300x225.jpg 300w, https:\/\/www.camping-calypso.com\/wp-content\/uploads\/2023\/01\/op23-DgE-BlRLKUU-unsplash-768x576.jpg 768w, https:\/\/www.camping-calypso.com\/wp-content\/uploads\/2023\/01\/op23-DgE-BlRLKUU-unsplash-1536x1152.jpg 1536w, https:\/\/www.camping-calypso.com\/wp-content\/uploads\/2023\/01\/op23-DgE-BlRLKUU-unsplash-2048x1536.jpg 2048w\" sizes=\"(max-width: 1024px) 100vw, 1024px\" \/><\/figure><\/div>\n<\/div>\n\n<div class=\"wp-block-columns\">\n<div class=\"wp-block-column\" style=\"flex-basis:50%\">\n<figure class=\"wp-block-image alignwide size-full\"><img loading=\"lazy\" width=\"800\" height=\"600\" src=\"https:\/\/www.camping-calypso.com\/wp-content\/uploads\/2023\/03\/Cascade-des-anglais.jpg\" alt=\"\" class=\"wp-image-2296\" srcset=\"https:\/\/www.camping-calypso.com\/wp-content\/uploads\/2023\/03\/Cascade-des-anglais.jpg 800w, https:\/\/www.camping-calypso.com\/wp-content\/uploads\/2023\/03\/Cascade-des-anglais-300x225.jpg 300w, https:\/\/www.camping-calypso.com\/wp-content\/uploads\/2023\/03\/Cascade-des-anglais-768x576.jpg 768w\" sizes=\"(max-width: 800px) 100vw, 800px\" \/><\/figure><\/div>\n\n\n\n<div class=\"wp-block-column\" style=\"flex-basis:50%\">\n<h2 class=\"h3\" id=\"profitez-de-la-fraicheur-de-la-cascade-des-anglais\">Enjoy the coolness of the English waterfall<\/h2>\n\n\n\n<p>Starting from Vernet-les-bains, this hike, accessible to children, takes you to the discovery of two waterfalls: the Saint-Vincent waterfall and the English waterfall. This hike is ideal during the summer to enjoy the cooler weather. Throughout your walk, you will be accompanied by the river of Saint-Vincent.<br\/>Count 2 h 30 of walk to go and back.<\/p>\n\n\n\n<blockquote class=\"wp-block-quote\"><p>To know:<br\/>Level : easy<br\/>Length: 6.7 km<br\/>Trail closed from October to April<\/p><\/blockquote>\n<\/div>\n<\/div>\n\n<div class=\"wp-block-columns\">\n<div class=\"wp-block-column\" style=\"flex-basis:50%\">\n<h2 class=\"h3\" id=\"decouvrez-le-decor-magique-des-gorges-de-la-caranca\">Discover the magical setting of the Caran\u00e7a gorges<\/h2>\n\n\n\n<p>Located near Villefranche-de-Conflent, in the village of Thu\u00e8s-Entre-Valls, the Caran\u00e7a gorges reveal a breathtaking rocky scenery. During this original hike, pass by vertiginous ledges, a suspension bridge, or enjoy the coolness of the forest.<br\/>From the parking lot, there are several hikes lasting from 1 hour to 5 hours for some!<\/p>\n\n\n\n<blockquote class=\"wp-block-quote\"><p>To know:<br\/>Level : medium<br\/>not recommended for people with vertigo<br\/>not recommended for young children<br\/>impassable on a rainy day<\/p><\/blockquote>\n<\/div>\n\n\n\n<div class=\"wp-block-column\" style=\"flex-basis:50%\">\n<figure class=\"wp-block-image alignwide size-full\"><img loading=\"lazy\" width=\"799\" height=\"509\" src=\"https:\/\/www.camping-calypso.com\/wp-content\/uploads\/2023\/03\/Gorges-de-la-Caranca.jpg\" alt=\"\" class=\"wp-image-2301\" srcset=\"https:\/\/www.camping-calypso.com\/wp-content\/uploads\/2023\/03\/Gorges-de-la-Caranca.jpg 799w, https:\/\/www.camping-calypso.com\/wp-content\/uploads\/2023\/03\/Gorges-de-la-Caranca-300x191.jpg 300w, https:\/\/www.camping-calypso.com\/wp-content\/uploads\/2023\/03\/Gorges-de-la-Caranca-768x489.jpg 768w\" sizes=\"(max-width: 799px) 100vw, 799px\" \/><figcaption>Photo credit: <a href=\"https:\/\/visualhunt.co\/a7\/d2cde5b7\">thierry llansades<\/a> on <a href=\"https:\/\/visualhunt.com\/re10\/159da182\">Visualhunt<\/a><\/figcaption><\/figure><\/div>\n<\/div>\n\n<div class=\"wp-block-columns\">\n<div class=\"wp-block-column\" style=\"flex-basis:50%\">\n<figure class=\"wp-block-image alignwide size-large\"><img loading=\"lazy\" width=\"1024\" height=\"683\" src=\"https:\/\/www.camping-calypso.com\/wp-content\/uploads\/2023\/01\/maxence-bouniort-J3ZvsCRgjm0-unsplash-1024x683.jpg\" alt=\"\" class=\"wp-image-1025\" srcset=\"https:\/\/www.camping-calypso.com\/wp-content\/uploads\/2023\/01\/maxence-bouniort-J3ZvsCRgjm0-unsplash-1024x683.jpg 1024w, https:\/\/www.camping-calypso.com\/wp-content\/uploads\/2023\/01\/maxence-bouniort-J3ZvsCRgjm0-unsplash-300x200.jpg 300w, https:\/\/www.camping-calypso.com\/wp-content\/uploads\/2023\/01\/maxence-bouniort-J3ZvsCRgjm0-unsplash-768x512.jpg 768w, https:\/\/www.camping-calypso.com\/wp-content\/uploads\/2023\/01\/maxence-bouniort-J3ZvsCRgjm0-unsplash-1536x1024.jpg 1536w, https:\/\/www.camping-calypso.com\/wp-content\/uploads\/2023\/01\/maxence-bouniort-J3ZvsCRgjm0-unsplash-2048x1365.jpg 2048w\" sizes=\"(max-width: 1024px) 100vw, 1024px\" \/><\/figure><\/div>\n\n\n\n<div class=\"wp-block-column\">\n<h2 class=\"h3\" id=\"lancez-vous-dans-l-ascension-du-pic-du-canigou\">Launch yourself in the ascent of the Pic du Canigou<\/h2>\n\n\n\n<p>The Pic du Canigou (2783 m), considered the sacred mountain of the Catalans, is accessible after 2 days of walking. On the first day, go to one of the refuges such as Mariailles or Cortalets, to spend the night. The next day, climb to the top to enjoy a magical view of the Pyrenees.<\/p>\n\n\n\n<blockquote class=\"wp-block-quote\"><p>To know:<br\/>Level : Difficult<br\/>Bivouac tolerated<\/p><\/blockquote>\n<\/div>\n<\/div>\n\n<p>Discover more about the hikes to do in the Eastern Pyrenees:  <br\/><a rel=\"noreferrer noopener\" href=\"https:\/\/www.tourisme-pyreneesorientales.com\" target=\"_blank\">Tourism Pyrenees Orientales<br\/><\/a><a href=\"https:\/\/www.tourisme-canigou.com\/organisez\/voir-faire\/randonnees\" target=\"_blank\" rel=\"noreferrer noopener\">Hiking in Canigou<\/a><\/p>\n","protected":false},"excerpt":{"rendered":"<p>The most beautiful hikes to do in the Pyr\u00e9n\u00e9es-Orientales From the seaside path to the high mountain landscapes, the Pyrenees-Orientales region offers you a wide choice of hikes. Stay at the Calypso campsite in Torreilles and discover the Pyrenees-Orientales. From a walk on the coast to the ascent of the Canigou, put on your hiking [&hellip;]<\/p>\n","protected":false},"author":1,"featured_media":2280,"parent":0,"menu_order":0,"comment_status":"closed","ping_status":"closed","template":"","meta":[],"acf":[],"yoast_head":"<!-- This site is optimized with the Yoast SEO plugin v18.8 - https:\/\/yoast.com\/wordpress\/plugins\/seo\/ -->\n<title>The most beautiful hikes to do in the Pyr\u00e9n\u00e9es-Orientales - Camping Calypso<\/title>\n<meta name=\"robots\" content=\"index, follow, max-snippet:-1, max-image-preview:large, max-video-preview:-1\" \/>\n<link rel=\"canonical\" href=\"https:\/\/www.camping-calypso.com\/en\/the-most-beautiful-hikes-to-do-in-the-pyrenees-orientales\/\" \/>\n<meta property=\"og:locale\" content=\"en_US\" \/>\n<meta property=\"og:type\" content=\"article\" \/>\n<meta property=\"og:title\" content=\"The most beautiful hikes to do in the Pyr\u00e9n\u00e9es-Orientales - Camping Calypso\" \/>\n<meta property=\"og:description\" content=\"The most beautiful hikes to do in the Pyr\u00e9n\u00e9es-Orientales From the seaside path to the high mountain landscapes, the Pyrenees-Orientales region offers you a wide choice of hikes. Stay at the Calypso campsite in Torreilles and discover the Pyrenees-Orientales. From a walk on the coast to the ascent of the Canigou, put on your hiking [&hellip;]\" \/>\n<meta property=\"og:url\" content=\"https:\/\/www.camping-calypso.com\/en\/the-most-beautiful-hikes-to-do-in-the-pyrenees-orientales\/\" \/>\n<meta property=\"og:site_name\" content=\"Camping Calypso\" \/>\n<meta property=\"article:modified_time\" content=\"2023-03-07T09:41:47+00:00\" \/>\n<meta property=\"og:image\" content=\"https:\/\/www.camping-calypso.com\/wp-content\/uploads\/2023\/03\/Tour-de-la-Massane.jpg\" \/>\n\t<meta property=\"og:image:width\" content=\"533\" \/>\n\t<meta property=\"og:image:height\" content=\"799\" \/>\n\t<meta property=\"og:image:type\" content=\"image\/jpeg\" \/>\n<meta name=\"twitter:card\" content=\"summary_large_image\" \/>\n<meta name=\"twitter:label1\" content=\"Est. reading time\" \/>\n\t<meta name=\"twitter:data1\" content=\"3 minutes\" \/>\n<script type=\"application\/ld+json\" class=\"yoast-schema-graph\">{\"@context\":\"https:\/\/schema.org\",\"@graph\":[{\"@type\":\"WebSite\",\"@id\":\"https:\/\/www.camping-calypso.com\/#website\",\"url\":\"https:\/\/www.camping-calypso.com\/\",\"name\":\"Camping Calypso\",\"description\":\"Camping 5 \u00e9toiles \u00e0 Toreilles Plage (66)\",\"potentialAction\":[{\"@type\":\"SearchAction\",\"target\":{\"@type\":\"EntryPoint\",\"urlTemplate\":\"https:\/\/www.camping-calypso.com\/?s={search_term_string}\"},\"query-input\":\"required name=search_term_string\"}],\"inLanguage\":\"en-US\"},{\"@type\":\"ImageObject\",\"inLanguage\":\"en-US\",\"@id\":\"https:\/\/www.camping-calypso.com\/en\/the-most-beautiful-hikes-to-do-in-the-pyrenees-orientales\/#primaryimage\",\"url\":\"https:\/\/www.camping-calypso.com\/wp-content\/uploads\/2023\/03\/Tour-de-la-Massane.jpg\",\"contentUrl\":\"https:\/\/www.camping-calypso.com\/wp-content\/uploads\/2023\/03\/Tour-de-la-Massane.jpg\",\"width\":533,\"height\":799,\"caption\":\"Photo credit: Philippe Garcelon on VisualHunt\"},{\"@type\":\"WebPage\",\"@id\":\"https:\/\/www.camping-calypso.com\/en\/the-most-beautiful-hikes-to-do-in-the-pyrenees-orientales\/#webpage\",\"url\":\"https:\/\/www.camping-calypso.com\/en\/the-most-beautiful-hikes-to-do-in-the-pyrenees-orientales\/\",\"name\":\"The most beautiful hikes to do in the Pyr\u00e9n\u00e9es-Orientales - Camping Calypso\",\"isPartOf\":{\"@id\":\"https:\/\/www.camping-calypso.com\/#website\"},\"primaryImageOfPage\":{\"@id\":\"https:\/\/www.camping-calypso.com\/en\/the-most-beautiful-hikes-to-do-in-the-pyrenees-orientales\/#primaryimage\"},\"datePublished\":\"2023-03-02T11:20:52+00:00\",\"dateModified\":\"2023-03-07T09:41:47+00:00\",\"breadcrumb\":{\"@id\":\"https:\/\/www.camping-calypso.com\/en\/the-most-beautiful-hikes-to-do-in-the-pyrenees-orientales\/#breadcrumb\"},\"inLanguage\":\"en-US\",\"potentialAction\":[{\"@type\":\"ReadAction\",\"target\":[\"https:\/\/www.camping-calypso.com\/en\/the-most-beautiful-hikes-to-do-in-the-pyrenees-orientales\/\"]}]},{\"@type\":\"BreadcrumbList\",\"@id\":\"https:\/\/www.camping-calypso.com\/en\/the-most-beautiful-hikes-to-do-in-the-pyrenees-orientales\/#breadcrumb\",\"itemListElement\":[{\"@type\":\"ListItem\",\"position\":1,\"name\":\"Camping Torreilles\",\"item\":\"https:\/\/www.camping-calypso.com\/en\/\"},{\"@type\":\"ListItem\",\"position\":2,\"name\":\"The most beautiful hikes to do in the Pyr\u00e9n\u00e9es-Orientales\"}]}]}<\/script>\n<!-- \/ Yoast SEO plugin. -->","yoast_head_json":{"title":"The most beautiful hikes to do in the Pyr\u00e9n\u00e9es-Orientales - Camping Calypso","robots":{"index":"index","follow":"follow","max-snippet":"max-snippet:-1","max-image-preview":"max-image-preview:large","max-video-preview":"max-video-preview:-1"},"canonical":"https:\/\/www.camping-calypso.com\/en\/the-most-beautiful-hikes-to-do-in-the-pyrenees-orientales\/","og_locale":"en_US","og_type":"article","og_title":"The most beautiful hikes to do in the Pyr\u00e9n\u00e9es-Orientales - Camping Calypso","og_description":"The most beautiful hikes to do in the Pyr\u00e9n\u00e9es-Orientales From the seaside path to the high mountain landscapes, the Pyrenees-Orientales region offers you a wide choice of hikes. Stay at the Calypso campsite in Torreilles and discover the Pyrenees-Orientales. From a walk on the coast to the ascent of the Canigou, put on your hiking [&hellip;]","og_url":"https:\/\/www.camping-calypso.com\/en\/the-most-beautiful-hikes-to-do-in-the-pyrenees-orientales\/","og_site_name":"Camping Calypso","article_modified_time":"2023-03-07T09:41:47+00:00","og_image":[{"width":533,"height":799,"url":"https:\/\/www.camping-calypso.com\/wp-content\/uploads\/2023\/03\/Tour-de-la-Massane.jpg","type":"image\/jpeg"}],"twitter_card":"summary_large_image","twitter_misc":{"Est. reading time":"3 minutes"},"schema":{"@context":"https:\/\/schema.org","@graph":[{"@type":"WebSite","@id":"https:\/\/www.camping-calypso.com\/#website","url":"https:\/\/www.camping-calypso.com\/","name":"Camping Calypso","description":"Camping 5 \u00e9toiles \u00e0 Toreilles Plage (66)","potentialAction":[{"@type":"SearchAction","target":{"@type":"EntryPoint","urlTemplate":"https:\/\/www.camping-calypso.com\/?s={search_term_string}"},"query-input":"required name=search_term_string"}],"inLanguage":"en-US"},{"@type":"ImageObject","inLanguage":"en-US","@id":"https:\/\/www.camping-calypso.com\/en\/the-most-beautiful-hikes-to-do-in-the-pyrenees-orientales\/#primaryimage","url":"https:\/\/www.camping-calypso.com\/wp-content\/uploads\/2023\/03\/Tour-de-la-Massane.jpg","contentUrl":"https:\/\/www.camping-calypso.com\/wp-content\/uploads\/2023\/03\/Tour-de-la-Massane.jpg","width":533,"height":799,"caption":"Photo credit: Philippe Garcelon on VisualHunt"},{"@type":"WebPage","@id":"https:\/\/www.camping-calypso.com\/en\/the-most-beautiful-hikes-to-do-in-the-pyrenees-orientales\/#webpage","url":"https:\/\/www.camping-calypso.com\/en\/the-most-beautiful-hikes-to-do-in-the-pyrenees-orientales\/","name":"The most beautiful hikes to do in the Pyr\u00e9n\u00e9es-Orientales - Camping Calypso","isPartOf":{"@id":"https:\/\/www.camping-calypso.com\/#website"},"primaryImageOfPage":{"@id":"https:\/\/www.camping-calypso.com\/en\/the-most-beautiful-hikes-to-do-in-the-pyrenees-orientales\/#primaryimage"},"datePublished":"2023-03-02T11:20:52+00:00","dateModified":"2023-03-07T09:41:47+00:00","breadcrumb":{"@id":"https:\/\/www.camping-calypso.com\/en\/the-most-beautiful-hikes-to-do-in-the-pyrenees-orientales\/#breadcrumb"},"inLanguage":"en-US","potentialAction":[{"@type":"ReadAction","target":["https:\/\/www.camping-calypso.com\/en\/the-most-beautiful-hikes-to-do-in-the-pyrenees-orientales\/"]}]},{"@type":"BreadcrumbList","@id":"https:\/\/www.camping-calypso.com\/en\/the-most-beautiful-hikes-to-do-in-the-pyrenees-orientales\/#breadcrumb","itemListElement":[{"@type":"ListItem","position":1,"name":"Camping Torreilles","item":"https:\/\/www.camping-calypso.com\/en\/"},{"@type":"ListItem","position":2,"name":"The most beautiful hikes to do in the Pyr\u00e9n\u00e9es-Orientales"}]}]}},"_links":{"self":[{"href":"https:\/\/www.camping-calypso.com\/en\/wp-json\/wp\/v2\/pages\/2439"}],"collection":[{"href":"https:\/\/www.camping-calypso.com\/en\/wp-json\/wp\/v2\/pages"}],"about":[{"href":"https:\/\/www.camping-calypso.com\/en\/wp-json\/wp\/v2\/types\/page"}],"author":[{"embeddable":true,"href":"https:\/\/www.camping-calypso.com\/en\/wp-json\/wp\/v2\/users\/1"}],"replies":[{"embeddable":true,"href":"https:\/\/www.camping-calypso.com\/en\/wp-json\/wp\/v2\/comments?post=2439"}],"version-history":[{"count":3,"href":"https:\/\/www.camping-calypso.com\/en\/wp-json\/wp\/v2\/pages\/2439\/revisions"}],"predecessor-version":[{"id":2442,"href":"https:\/\/www.camping-calypso.com\/en\/wp-json\/wp\/v2\/pages\/2439\/revisions\/2442"}],"wp:featuredmedia":[{"embeddable":true,"href":"https:\/\/www.camping-calypso.com\/en\/wp-json\/wp\/v2\/media\/2280"}],"wp:attachment":[{"href":"https:\/\/www.camping-calypso.com\/en\/wp-json\/wp\/v2\/media?parent=2439"}],"curies":[{"name":"wp","href":"https:\/\/api.w.org\/{rel}","templated":true}]}}