{"id":2429,"date":"2023-03-02T14:43:06","date_gmt":"2023-03-02T13:43:06","guid":{"rendered":"https:\/\/www.camping-calypso.com\/the-most-beautiful-villages-of-the-pyrenees-orientales\/"},"modified":"2025-02-06T12:13:15","modified_gmt":"2025-02-06T11:13:15","slug":"the-most-beautiful-villages-of-the-pyrenees-orientales","status":"publish","type":"page","link":"https:\/\/www.camping-calypso.com\/en\/the-most-beautiful-villages-of-the-pyrenees-orientales\/","title":{"rendered":"The most beautiful villages of the Pyr\u00e9n\u00e9es-Orientales"},"content":{"rendered":"<div class=\"yoast-breadcrumbs\"><span><span><a href=\"https:\/\/www.camping-calypso.com\/en\/\">Camping Torreilles<\/a> \u00bb <span class=\"breadcrumb_last\" aria-current=\"page\">The most beautiful villages of the Pyr\u00e9n\u00e9es-Orientales<\/span><\/span><\/span><\/div>\n<h1 id=\"les-plus-beaux-villages-a-visiter-dans-les-pyrenees-orientales\">The most beautiful villages to visit in the Pyr\u00e9n\u00e9es-Orientales<\/h1>\n\n<p>Stay at the <a href=\"https:\/\/www.camping-calypso.com\/en\/\" data-type=\"alentours\">5-star Calypso campsite in Torreilles<\/a> and <strong>discover the most beautiful villages in the Pyr\u00e9n\u00e9es-Orientales region<\/strong>. Ideally located close to the most important places to visit, you can easily reach one of these villages in the heart of a green nature or on the coast of the Vermeille coast. Discover the architectural gems not to be missed during your <a href=\"https:\/\/www.camping-calypso.com\/en\/tourism\/\" data-type=\"page\" data-id=\"571\">vacation in the Pyr\u00e9n\u00e9es-Orientales<\/a>!<\/p>\n\n<div class=\"wp-block-columns\">\n<div class=\"wp-block-column\" style=\"flex-basis:50%\">\n<h2 class=\"h3\" id=\"eus-le-village-ensoleille\">Eus, the sunny village<\/h2>\n\n\n\n<p>Stop in <strong>Eus<\/strong>, and walk through the cobbled streets of this village, considered one of the most beautiful in the department. Perched on a hill in the Conflent region, the sunny village of Eus offers a breathtaking view of the famous peak of Mont Canigou. At the bend of a street, discover the small stores of craftsmen and artists, visit the Saint-Vincent church dating from the 18th century or enjoy a walk on the hiking trails around the village, in the heart of the vineyards.<\/p>\n\n\n\n<p>* Photo credit: <a rel=\"noreferrer noopener\" href=\"https:\/\/visualhunt.co\/a7\/62f3255c\" target=\"_blank\">Floyd@Overdoz.com<\/a><\/p>\n\n\n\n<blockquote class=\"wp-block-quote\"><p>Torreilles &#8211; Eus : 62km<\/p><\/blockquote>\n<\/div>\n\n\n\n<div class=\"wp-block-column\" style=\"flex-basis:50%\">\n<figure class=\"wp-block-image alignwide size-full\"><img loading=\"lazy\" width=\"640\" height=\"360\" src=\"https:\/\/www.camping-calypso.com\/wp-content\/uploads\/2023\/03\/Eus-Pyrenees-Orientales.jpg\" alt=\"village pyr&#xE9;n&#xE9;es orientales\" class=\"wp-image-2312\" srcset=\"https:\/\/www.camping-calypso.com\/wp-content\/uploads\/2023\/03\/Eus-Pyrenees-Orientales.jpg 640w, https:\/\/www.camping-calypso.com\/wp-content\/uploads\/2023\/03\/Eus-Pyrenees-Orientales-300x169.jpg 300w\" sizes=\"(max-width: 640px) 100vw, 640px\" \/><\/figure>\n<\/div>\n<\/div>\n\n<div class=\"wp-block-columns\">\n<div class=\"wp-block-column\" style=\"flex-basis:50%\">\n<figure class=\"wp-block-image alignwide size-full\"><img loading=\"lazy\" width=\"640\" height=\"480\" src=\"https:\/\/www.camping-calypso.com\/wp-content\/uploads\/2023\/03\/Villefranche-de-Conflent.jpg\" alt=\"villefranche de conflent eastern pyr&#xE9;n&#xE9;es\" class=\"wp-image-2316\" srcset=\"https:\/\/www.camping-calypso.com\/wp-content\/uploads\/2023\/03\/Villefranche-de-Conflent.jpg 640w, https:\/\/www.camping-calypso.com\/wp-content\/uploads\/2023\/03\/Villefranche-de-Conflent-300x225.jpg 300w\" sizes=\"(max-width: 640px) 100vw, 640px\" \/><\/figure>\n<\/div>\n\n\n\n<div class=\"wp-block-column\" style=\"flex-basis:50%\">\n<h2 class=\"h3\" id=\"villefranche-de-conflent-la-cite-fortifiee\">Villefranche-de-Conflent, the fortified city<\/h2>\n\n\n\n<p>Located in the center of the Pyr\u00e9n\u00e9es-Orientales, 6 km from Prades, <strong>Villefranche-de-Conflent<\/strong> offers you a journey through time and history. Designated as one of France&#8217;s most beautiful villages, Villefranche-de-Conflent will charm you with its medieval architecture, its ramparts and its charming little streets.<br\/>Discover its fortified complex, recently listed as a UNESCO World Heritage Site, enter the Saint-Jacques church or watch <a href=\"https:\/\/www.camping-calypso.com\/en\/alentours\/the-yellow-train-of-cerdanya\/\">the famous little yellow train<\/a> that links Villefranche-de-Conflent to Andorra. For the curious, it is possible to visit the caves around the village. Discover the fortified cave of Cova Bastera or the cave of Grandes Canalettes also called &#8220;the underground Versailles of the Pyrenees&#8221;, considered one of the most beautiful caves in France.<\/p>\n\n\n\n<blockquote class=\"wp-block-quote\"><p>Torreilles &#8211; Villefranche de Conflent : 71km<\/p><\/blockquote>\n<\/div>\n<\/div>\n\n<div class=\"wp-block-columns\">\n<div class=\"wp-block-column\" style=\"flex-basis:50%\">\n<h2 class=\"h3\" id=\"castelnou-le-village-medieval\">Castelnou, the medieval village<\/h2>\n\n\n\n<p>Located in the heart of the Aspres, only 25 minutes from Perpignan, this village made of stones, is today labeled the most beautiful village in France. Built on a hill, <strong>Castelnou<\/strong> is also one of the oldest villages in France and Catalonia. During your visit, go through the large gate protected by its two towers, observe the remains of the ramparts and discover the 10th century viscounty castle built on a rock, overlooking the village. Architecture lovers will be seduced by the church of Santa Maria de Mercadal dating from the 12th century and its baroque furniture.<\/p>\n\n\n\n<blockquote class=\"wp-block-quote\"><p>Torreilles &#8211; Castelnou : 41km<\/p><\/blockquote>\n<\/div>\n\n\n\n<div class=\"wp-block-column\" style=\"flex-basis:50%\">\n<figure class=\"wp-block-image alignwide size-full\"><img loading=\"lazy\" width=\"800\" height=\"600\" src=\"https:\/\/www.camping-calypso.com\/wp-content\/uploads\/2023\/03\/Castelnou-Pyrenees-Orientales.jpg\" alt=\"castelnou eastern pyr&#xE9;n&#xE9;es\" class=\"wp-image-2321\" srcset=\"https:\/\/www.camping-calypso.com\/wp-content\/uploads\/2023\/03\/Castelnou-Pyrenees-Orientales.jpg 800w, https:\/\/www.camping-calypso.com\/wp-content\/uploads\/2023\/03\/Castelnou-Pyrenees-Orientales-300x225.jpg 300w, https:\/\/www.camping-calypso.com\/wp-content\/uploads\/2023\/03\/Castelnou-Pyrenees-Orientales-768x576.jpg 768w\" sizes=\"(max-width: 800px) 100vw, 800px\" \/><\/figure>\n<\/div>\n<\/div>\n\n<div class=\"wp-block-columns\">\n<div class=\"wp-block-column\" style=\"flex-basis:50%\">\n<figure class=\"wp-block-image alignwide size-full\"><img loading=\"lazy\" width=\"799\" height=\"504\" src=\"https:\/\/www.camping-calypso.com\/wp-content\/uploads\/2023\/03\/Evol-Olette-Pyrenees-Orientales.jpg\" alt=\"evol village pyr&#xE9;n&#xE9;es orientales\" class=\"wp-image-2330\" srcset=\"https:\/\/www.camping-calypso.com\/wp-content\/uploads\/2023\/03\/Evol-Olette-Pyrenees-Orientales.jpg 799w, https:\/\/www.camping-calypso.com\/wp-content\/uploads\/2023\/03\/Evol-Olette-Pyrenees-Orientales-300x189.jpg 300w, https:\/\/www.camping-calypso.com\/wp-content\/uploads\/2023\/03\/Evol-Olette-Pyrenees-Orientales-768x484.jpg 768w\" sizes=\"(max-width: 799px) 100vw, 799px\" \/><\/figure>\n<\/div>\n\n\n\n<div class=\"wp-block-column\" style=\"flex-basis:50%\">\n<h2 class=\"h3\" id=\"evol-le-village-montagnard\">Evol, the mountain village<\/h2>\n\n\n\n<p>Located in the Pyrenean mountains, this small hamlet full of charm offers you a trip back to the medieval times. Overlooked by its 13th century castle, this village, classified among the four most beautiful villages of the Pyr\u00e9n\u00e9es-Orientales, welcomes you in its narrow streets to discover the small houses made of schist stone, its Romanesque church classified as a historical monument, its bread ovens and its wash houses still visible, witnesses of the past rural life. You can also visit the Museum of Popular Arts and Traditions.<\/p>\n\n\n\n<p>*Photo credit: <a rel=\"noreferrer noopener\" href=\"https:\/\/www.flickr.com\/photos\/llansades\/\" target=\"_blank\">Thierry llansades<\/a><\/p>\n\n\n\n<blockquote class=\"wp-block-quote\"><p>Torreilles &#8211; Evol (Olette) : 80km<\/p><\/blockquote>\n<\/div>\n<\/div>\n\n<div class=\"wp-block-columns\">\n<div class=\"wp-block-column\" style=\"flex-basis:50%\">\n<h2 class=\"h3\" id=\"eus-le-village-ensoleille\">Collioure, the fishing village<\/h2>\n\n\n\n<p>Located on the Mediterranean coast, a few kilometers from Perpignan and Argel\u00e8s-sur-Mer, <a href=\"https:\/\/www.camping-calypso.com\/en\/alentours\/collioure\/\">Collioure<\/a> is a fishing village that invites you to take a deep breath of fresh air. Its flowery streets and Catalan port have inspired many painters such as Matisse and Picasso. For a day, enjoy a stroll on the port and reach the lighthouse at the end of the Saint Vincent dike. Discover the history of <strong>Collioure&#8217;s<\/strong> 13th-century <strong>royal castle<\/strong> or enjoy the picturesque market in the heart of the lively town. Visit the Mus\u00e9e d&#8217;Art Moderne and discover the story of the birth of Fauvism, an artistic movement led by painters such as Matisse and Serein.<br\/>The coastal path that runs alongside the village offers hikers the chance to enjoy a long stroll along the Mediterranean. <\/p>\n\n\n\n<blockquote class=\"wp-block-quote\"><p>Torreilles &#8211; Collioure : 38km<\/p><\/blockquote>\n<\/div>\n\n\n\n<div class=\"wp-block-column\" style=\"flex-basis:50%\">\n<figure class=\"wp-block-image alignwide size-large\"><img loading=\"lazy\" width=\"819\" height=\"1024\" src=\"https:\/\/www.camping-calypso.com\/wp-content\/uploads\/2023\/01\/jacques-dillies-w1o_TW5RFoY-unsplash-819x1024.jpg\" alt=\"collioure village pyr&#xE9;n&#xE9;es orientales\" class=\"wp-image-936\" srcset=\"https:\/\/www.camping-calypso.com\/wp-content\/uploads\/2023\/01\/jacques-dillies-w1o_TW5RFoY-unsplash-819x1024.jpg 819w, https:\/\/www.camping-calypso.com\/wp-content\/uploads\/2023\/01\/jacques-dillies-w1o_TW5RFoY-unsplash-240x300.jpg 240w, https:\/\/www.camping-calypso.com\/wp-content\/uploads\/2023\/01\/jacques-dillies-w1o_TW5RFoY-unsplash-768x960.jpg 768w, https:\/\/www.camping-calypso.com\/wp-content\/uploads\/2023\/01\/jacques-dillies-w1o_TW5RFoY-unsplash-1229x1536.jpg 1229w, https:\/\/www.camping-calypso.com\/wp-content\/uploads\/2023\/01\/jacques-dillies-w1o_TW5RFoY-unsplash-1638x2048.jpg 1638w, https:\/\/www.camping-calypso.com\/wp-content\/uploads\/2023\/01\/jacques-dillies-w1o_TW5RFoY-unsplash-scaled.jpg 2048w\" sizes=\"(max-width: 819px) 100vw, 819px\" \/><\/figure>\n<\/div>\n<\/div>\n\n<h2 id=\"decouvrir-les-plus-beaux-villages-des-pyrenees-orientales-en-camping-5-etoiles\">Discover the most beautiful villages in the Pyr\u00e9n\u00e9es-Orientales on a 5-star campsite<\/h2>\n\n<p>Our <strong>5-star campsite in Pyr\u00e9n\u00e9es-Orientales<\/strong> is ideally located for exploring the villages of the region. Situated in Torreilles Plage, between land and sea, our top-of-the-range establishment is the perfect vacation spot for holidaymakers looking for cultural visits, water sports or <a href=\"https:\/\/www.camping-calypso.com\/en\/the-most-beautiful-hikes-to-do-in-the-pyrenees-orientales\/\" data-type=\"page\" data-id=\"2273\">hiking<\/a>.   <\/p>\n\n<p>To discover the authentic atmosphere of the most beautiful villages in the Pyr\u00e9n\u00e9es-Orientales, choose camping! Our<a href=\"https:\/\/www.camping-calypso.com\/en\/mobil-home-chalet\/\" data-type=\"page\" data-id=\"559\"> mobile homes and chalets<\/a> are sure to provide the comfort you&#8217;re looking for on your <strong>vacation in Torreilles<\/strong>. <a href=\"https:\/\/www.camping-calypso.com\/en\/locations\/\" data-type=\"page\" data-id=\"561\">Pitches for caravans, motorhomes or tents<\/a> are an equally valid option; you&#8217;ll have access to the calm, tree-lined setting of our campsite, while benefiting from its <a href=\"https:\/\/www.camping-calypso.com\/en\/services\/\" data-type=\"page\" data-id=\"569\">5-star services<\/a>. Equipped with a swimming pool, Jacuzzi and slides, our <a href=\"https:\/\/www.camping-calypso.com\/en\/water-park\/\" data-type=\"page\" data-id=\"563\">water park<\/a> awaits young and old alike for moments of relaxation or fun, depending on your mood.     <\/p>\n\n<p>For the ultimate in adventure and a change of scenery, opt for a camping holiday in the Pyr\u00e9n\u00e9es-Orientales; you&#8217;re sure to take home some unforgettable memories!<\/p>\n","protected":false},"excerpt":{"rendered":"<p>The most beautiful villages to visit in the Pyr\u00e9n\u00e9es-Orientales Stay at the 5-star Calypso campsite in Torreilles and discover the most beautiful villages in the Pyr\u00e9n\u00e9es-Orientales region. Ideally located close to the most important places to visit, you can easily reach one of these villages in the heart of a green nature or on the [&hellip;]<\/p>\n","protected":false},"author":1,"featured_media":2318,"parent":0,"menu_order":0,"comment_status":"closed","ping_status":"closed","template":"","meta":[],"acf":[],"yoast_head":"<!-- This site is optimized with the Yoast SEO plugin v18.8 - https:\/\/yoast.com\/wordpress\/plugins\/seo\/ -->\n<title>The most beautiful villages of the Pyr\u00e9n\u00e9es-Orientales - Camping Calypso<\/title>\n<meta name=\"robots\" content=\"index, follow, max-snippet:-1, max-image-preview:large, max-video-preview:-1\" \/>\n<link rel=\"canonical\" href=\"https:\/\/www.camping-calypso.com\/en\/the-most-beautiful-villages-of-the-pyrenees-orientales\/\" \/>\n<meta property=\"og:locale\" content=\"en_US\" \/>\n<meta property=\"og:type\" content=\"article\" \/>\n<meta property=\"og:title\" content=\"The most beautiful villages of the Pyr\u00e9n\u00e9es-Orientales - Camping Calypso\" \/>\n<meta property=\"og:description\" content=\"The most beautiful villages to visit in the Pyr\u00e9n\u00e9es-Orientales Stay at the 5-star Calypso campsite in Torreilles and discover the most beautiful villages in the Pyr\u00e9n\u00e9es-Orientales region. Ideally located close to the most important places to visit, you can easily reach one of these villages in the heart of a green nature or on the [&hellip;]\" \/>\n<meta property=\"og:url\" content=\"https:\/\/www.camping-calypso.com\/en\/the-most-beautiful-villages-of-the-pyrenees-orientales\/\" \/>\n<meta property=\"og:site_name\" content=\"Camping Calypso\" \/>\n<meta property=\"article:modified_time\" content=\"2025-02-06T11:13:15+00:00\" \/>\n<meta property=\"og:image\" content=\"https:\/\/www.camping-calypso.com\/wp-content\/uploads\/2023\/03\/Villefranche-de-Conflent.jpg\" \/>\n\t<meta property=\"og:image:width\" content=\"640\" \/>\n\t<meta property=\"og:image:height\" content=\"480\" \/>\n\t<meta property=\"og:image:type\" content=\"image\/jpeg\" \/>\n<meta name=\"twitter:card\" content=\"summary_large_image\" \/>\n<meta name=\"twitter:label1\" content=\"Est. reading time\" \/>\n\t<meta name=\"twitter:data1\" content=\"4 minutes\" \/>\n<script type=\"application\/ld+json\" class=\"yoast-schema-graph\">{\"@context\":\"https:\/\/schema.org\",\"@graph\":[{\"@type\":\"WebSite\",\"@id\":\"https:\/\/www.camping-calypso.com\/#website\",\"url\":\"https:\/\/www.camping-calypso.com\/\",\"name\":\"Camping Calypso\",\"description\":\"Camping 5 \u00e9toiles \u00e0 Toreilles Plage (66)\",\"potentialAction\":[{\"@type\":\"SearchAction\",\"target\":{\"@type\":\"EntryPoint\",\"urlTemplate\":\"https:\/\/www.camping-calypso.com\/?s={search_term_string}\"},\"query-input\":\"required name=search_term_string\"}],\"inLanguage\":\"en-US\"},{\"@type\":\"ImageObject\",\"inLanguage\":\"en-US\",\"@id\":\"https:\/\/www.camping-calypso.com\/en\/the-most-beautiful-villages-of-the-pyrenees-orientales\/#primaryimage\",\"url\":\"https:\/\/www.camping-calypso.com\/wp-content\/uploads\/2023\/03\/Villefranche-de-Conflent.jpg\",\"contentUrl\":\"https:\/\/www.camping-calypso.com\/wp-content\/uploads\/2023\/03\/Villefranche-de-Conflent.jpg\",\"width\":640,\"height\":480},{\"@type\":\"WebPage\",\"@id\":\"https:\/\/www.camping-calypso.com\/en\/the-most-beautiful-villages-of-the-pyrenees-orientales\/#webpage\",\"url\":\"https:\/\/www.camping-calypso.com\/en\/the-most-beautiful-villages-of-the-pyrenees-orientales\/\",\"name\":\"The most beautiful villages of the Pyr\u00e9n\u00e9es-Orientales - Camping Calypso\",\"isPartOf\":{\"@id\":\"https:\/\/www.camping-calypso.com\/#website\"},\"primaryImageOfPage\":{\"@id\":\"https:\/\/www.camping-calypso.com\/en\/the-most-beautiful-villages-of-the-pyrenees-orientales\/#primaryimage\"},\"datePublished\":\"2023-03-02T13:43:06+00:00\",\"dateModified\":\"2025-02-06T11:13:15+00:00\",\"breadcrumb\":{\"@id\":\"https:\/\/www.camping-calypso.com\/en\/the-most-beautiful-villages-of-the-pyrenees-orientales\/#breadcrumb\"},\"inLanguage\":\"en-US\",\"potentialAction\":[{\"@type\":\"ReadAction\",\"target\":[\"https:\/\/www.camping-calypso.com\/en\/the-most-beautiful-villages-of-the-pyrenees-orientales\/\"]}]},{\"@type\":\"BreadcrumbList\",\"@id\":\"https:\/\/www.camping-calypso.com\/en\/the-most-beautiful-villages-of-the-pyrenees-orientales\/#breadcrumb\",\"itemListElement\":[{\"@type\":\"ListItem\",\"position\":1,\"name\":\"Camping Torreilles\",\"item\":\"https:\/\/www.camping-calypso.com\/en\/\"},{\"@type\":\"ListItem\",\"position\":2,\"name\":\"The most beautiful villages of the Pyr\u00e9n\u00e9es-Orientales\"}]}]}<\/script>\n<!-- \/ Yoast SEO plugin. -->","yoast_head_json":{"title":"The most beautiful villages of the Pyr\u00e9n\u00e9es-Orientales - Camping Calypso","robots":{"index":"index","follow":"follow","max-snippet":"max-snippet:-1","max-image-preview":"max-image-preview:large","max-video-preview":"max-video-preview:-1"},"canonical":"https:\/\/www.camping-calypso.com\/en\/the-most-beautiful-villages-of-the-pyrenees-orientales\/","og_locale":"en_US","og_type":"article","og_title":"The most beautiful villages of the Pyr\u00e9n\u00e9es-Orientales - Camping Calypso","og_description":"The most beautiful villages to visit in the Pyr\u00e9n\u00e9es-Orientales Stay at the 5-star Calypso campsite in Torreilles and discover the most beautiful villages in the Pyr\u00e9n\u00e9es-Orientales region. Ideally located close to the most important places to visit, you can easily reach one of these villages in the heart of a green nature or on the [&hellip;]","og_url":"https:\/\/www.camping-calypso.com\/en\/the-most-beautiful-villages-of-the-pyrenees-orientales\/","og_site_name":"Camping Calypso","article_modified_time":"2025-02-06T11:13:15+00:00","og_image":[{"width":640,"height":480,"url":"https:\/\/www.camping-calypso.com\/wp-content\/uploads\/2023\/03\/Villefranche-de-Conflent.jpg","type":"image\/jpeg"}],"twitter_card":"summary_large_image","twitter_misc":{"Est. reading time":"4 minutes"},"schema":{"@context":"https:\/\/schema.org","@graph":[{"@type":"WebSite","@id":"https:\/\/www.camping-calypso.com\/#website","url":"https:\/\/www.camping-calypso.com\/","name":"Camping Calypso","description":"Camping 5 \u00e9toiles \u00e0 Toreilles Plage (66)","potentialAction":[{"@type":"SearchAction","target":{"@type":"EntryPoint","urlTemplate":"https:\/\/www.camping-calypso.com\/?s={search_term_string}"},"query-input":"required name=search_term_string"}],"inLanguage":"en-US"},{"@type":"ImageObject","inLanguage":"en-US","@id":"https:\/\/www.camping-calypso.com\/en\/the-most-beautiful-villages-of-the-pyrenees-orientales\/#primaryimage","url":"https:\/\/www.camping-calypso.com\/wp-content\/uploads\/2023\/03\/Villefranche-de-Conflent.jpg","contentUrl":"https:\/\/www.camping-calypso.com\/wp-content\/uploads\/2023\/03\/Villefranche-de-Conflent.jpg","width":640,"height":480},{"@type":"WebPage","@id":"https:\/\/www.camping-calypso.com\/en\/the-most-beautiful-villages-of-the-pyrenees-orientales\/#webpage","url":"https:\/\/www.camping-calypso.com\/en\/the-most-beautiful-villages-of-the-pyrenees-orientales\/","name":"The most beautiful villages of the Pyr\u00e9n\u00e9es-Orientales - Camping Calypso","isPartOf":{"@id":"https:\/\/www.camping-calypso.com\/#website"},"primaryImageOfPage":{"@id":"https:\/\/www.camping-calypso.com\/en\/the-most-beautiful-villages-of-the-pyrenees-orientales\/#primaryimage"},"datePublished":"2023-03-02T13:43:06+00:00","dateModified":"2025-02-06T11:13:15+00:00","breadcrumb":{"@id":"https:\/\/www.camping-calypso.com\/en\/the-most-beautiful-villages-of-the-pyrenees-orientales\/#breadcrumb"},"inLanguage":"en-US","potentialAction":[{"@type":"ReadAction","target":["https:\/\/www.camping-calypso.com\/en\/the-most-beautiful-villages-of-the-pyrenees-orientales\/"]}]},{"@type":"BreadcrumbList","@id":"https:\/\/www.camping-calypso.com\/en\/the-most-beautiful-villages-of-the-pyrenees-orientales\/#breadcrumb","itemListElement":[{"@type":"ListItem","position":1,"name":"Camping Torreilles","item":"https:\/\/www.camping-calypso.com\/en\/"},{"@type":"ListItem","position":2,"name":"The most beautiful villages of the Pyr\u00e9n\u00e9es-Orientales"}]}]}},"_links":{"self":[{"href":"https:\/\/www.camping-calypso.com\/en\/wp-json\/wp\/v2\/pages\/2429"}],"collection":[{"href":"https:\/\/www.camping-calypso.com\/en\/wp-json\/wp\/v2\/pages"}],"about":[{"href":"https:\/\/www.camping-calypso.com\/en\/wp-json\/wp\/v2\/types\/page"}],"author":[{"embeddable":true,"href":"https:\/\/www.camping-calypso.com\/en\/wp-json\/wp\/v2\/users\/1"}],"replies":[{"embeddable":true,"href":"https:\/\/www.camping-calypso.com\/en\/wp-json\/wp\/v2\/comments?post=2429"}],"version-history":[{"count":6,"href":"https:\/\/www.camping-calypso.com\/en\/wp-json\/wp\/v2\/pages\/2429\/revisions"}],"predecessor-version":[{"id":8071,"href":"https:\/\/www.camping-calypso.com\/en\/wp-json\/wp\/v2\/pages\/2429\/revisions\/8071"}],"wp:featuredmedia":[{"embeddable":true,"href":"https:\/\/www.camping-calypso.com\/en\/wp-json\/wp\/v2\/media\/2318"}],"wp:attachment":[{"href":"https:\/\/www.camping-calypso.com\/en\/wp-json\/wp\/v2\/media?parent=2429"}],"curies":[{"name":"wp","href":"https:\/\/api.w.org\/{rel}","templated":true}]}}