{"id":2373,"date":"2023-01-30T09:47:23","date_gmt":"2023-01-30T08:47:23","guid":{"rendered":"https:\/\/www.camping-calypso.com\/seaside\/"},"modified":"2024-08-05T17:01:30","modified_gmt":"2024-08-05T15:01:30","slug":"seaside","status":"publish","type":"page","link":"https:\/\/www.camping-calypso.com\/en\/seaside\/","title":{"rendered":"Seaside"},"content":{"rendered":"\n<div class=\"wp-block-cover alignfull\"><span aria-hidden=\"true\" class=\"wp-block-cover__gradient-background has-background-dim\"><\/span><img loading=\"lazy\" width=\"2560\" height=\"1451\" class=\"wp-block-cover__image-background wp-image-1055\" alt=\"\" src=\"https:\/\/www.camping-calypso.com\/wp-content\/uploads\/2023\/01\/vincent-grg-AYMdO2Vfx0E-unsplash-scaled.jpg\" data-object-fit=\"cover\" srcset=\"https:\/\/www.camping-calypso.com\/wp-content\/uploads\/2023\/01\/vincent-grg-AYMdO2Vfx0E-unsplash-scaled.jpg 2560w, https:\/\/www.camping-calypso.com\/wp-content\/uploads\/2023\/01\/vincent-grg-AYMdO2Vfx0E-unsplash-300x170.jpg 300w, https:\/\/www.camping-calypso.com\/wp-content\/uploads\/2023\/01\/vincent-grg-AYMdO2Vfx0E-unsplash-1024x580.jpg 1024w, https:\/\/www.camping-calypso.com\/wp-content\/uploads\/2023\/01\/vincent-grg-AYMdO2Vfx0E-unsplash-768x435.jpg 768w, https:\/\/www.camping-calypso.com\/wp-content\/uploads\/2023\/01\/vincent-grg-AYMdO2Vfx0E-unsplash-1536x870.jpg 1536w, https:\/\/www.camping-calypso.com\/wp-content\/uploads\/2023\/01\/vincent-grg-AYMdO2Vfx0E-unsplash-2048x1161.jpg 2048w\" sizes=\"(max-width: 2560px) 100vw, 2560px\" \/><div class=\"wp-block-cover__inner-container\">\n<p class=\"has-text-align-center has-large-font-size\"><\/p>\n<\/div><\/div>\n\n\n\n<div class=\"wp-block-columns\">\n<div class=\"wp-block-column\">\n<h1 id=\"camping-a-toreilles-5-etoiles-a-500-m-de-la-plage\">5 star campsite in the Eastern Pyrenees <em>by the sea<\/em><\/h1>\n\n\n\n<p>What if your dream vacation became reality by staying in a <strong>5 star campsite in the Eastern Pyrenees<\/strong>?<\/p>\n\n\n\n<p>Nestled <strong>between the Mediterranean Sea and the Canigou<\/strong>, the sacred mountain of the Catalans, Camping Calypso is ideally located by the sea.<\/p>\n\n\n\n<p>Less than 500 meters from the beach, it is an invitation to relax and also to practice many activities both inside and outside the campsite.<\/p>\n<\/div>\n\n\n\n<div class=\"wp-block-column\" style=\"flex-basis:52%\">\n<figure class=\"wp-block-image alignfull size-large\"><img loading=\"lazy\" width=\"1024\" height=\"853\" src=\"https:\/\/www.camping-calypso.com\/wp-content\/uploads\/2023\/02\/Sans-titre-33-1024x853.jpg\" alt=\"\" class=\"wp-image-1606\" srcset=\"https:\/\/www.camping-calypso.com\/wp-content\/uploads\/2023\/02\/Sans-titre-33-1024x853.jpg 1024w, https:\/\/www.camping-calypso.com\/wp-content\/uploads\/2023\/02\/Sans-titre-33-300x250.jpg 300w, https:\/\/www.camping-calypso.com\/wp-content\/uploads\/2023\/02\/Sans-titre-33-768x640.jpg 768w, https:\/\/www.camping-calypso.com\/wp-content\/uploads\/2023\/02\/Sans-titre-33.jpg 1080w\" sizes=\"(max-width: 1024px) 100vw, 1024px\" \/><\/figure>\n<\/div>\n<\/div>\n\n\n\n<div class=\"wp-block-columns alignfull reverse-mob has-bleu-background-color has-background\">\n<div class=\"wp-block-column\" style=\"flex-basis:48%\">\n<figure class=\"wp-block-image alignfull size-large\"><img loading=\"lazy\" width=\"1920\" height=\"2560\" src=\"https:\/\/www.camping-calypso.com\/wp-content\/uploads\/2023\/02\/romain-cellier-be0Lpj0Ua6E-unsplash-edited-1-scaled.jpg\" alt=\"\" class=\"wp-image-1961\" srcset=\"https:\/\/www.camping-calypso.com\/wp-content\/uploads\/2023\/02\/romain-cellier-be0Lpj0Ua6E-unsplash-edited-1-scaled.jpg 1920w, https:\/\/www.camping-calypso.com\/wp-content\/uploads\/2023\/02\/romain-cellier-be0Lpj0Ua6E-unsplash-edited-1-225x300.jpg 225w, https:\/\/www.camping-calypso.com\/wp-content\/uploads\/2023\/02\/romain-cellier-be0Lpj0Ua6E-unsplash-edited-1-768x1024.jpg 768w, https:\/\/www.camping-calypso.com\/wp-content\/uploads\/2023\/02\/romain-cellier-be0Lpj0Ua6E-unsplash-edited-1-1152x1536.jpg 1152w, https:\/\/www.camping-calypso.com\/wp-content\/uploads\/2023\/02\/romain-cellier-be0Lpj0Ua6E-unsplash-edited-1-1536x2048.jpg 1536w\" sizes=\"(max-width: 1920px) 100vw, 1920px\" \/><\/figure>\n<\/div>\n\n\n\n<div class=\"wp-block-column\">\n<h2 id=\"emplacements-de-camping-pres-de-perpignan\">Camping near the <em>beaches of Torreilles<\/em><\/h2>\n\n\n\n<p>The Mediterranean Sea has never been so close to your home! Only a few steps from your rental, our family campsite is very close to the <a href=\"https:\/\/www.camping-calypso.com\/en\/alentours\/torreilles-beach\/\" data-type=\"alentours\" data-id=\"1049\">beaches of Torreilles<\/a>. If you choose a <strong>camping vacation camping<\/strong>, you might as well choose one that is close to the sea!<\/p>\n\n\n\n<div class=\"wp-block-group lire-plus-pc\"><div class=\"wp-block-group__inner-container\">\n<p>Read more<\/p>\n\n\n\n<div class=\"wp-container-69f4009fc6ede wp-block-group\"><div class=\"wp-block-group__inner-container\">\n<p>Choosing our camping Torreilles plage is the assurance of spending <strong>authentic vacations with your feet in the water<\/strong>. What a pleasure to enjoy a vacation by the sea without having to borrow a car or find a place to park it. The beach, ensures a schedule entirely dedicated to relaxation.  <\/p>\n\n\n\n<p>Like an enchanted parenthesis, rediscover the pleasure of doing everything on foot and act in addition for the good practice of an <strong>eco-responsible tourism<\/strong>.<br>Early risers can enjoy the beauty of the sunrise, a morning stroll to tickle the foam or the wet sand to improvise an invigorating jog.<\/p>\n\n\n\n<p>Are you a late riser? There&#8217;s nothing like a splash in the warm waves and a few sand castles at <strong>Bourdigou beach<\/strong> with the kids to start a successful day.<\/p>\n\n\n\n<p>What if the real luxury was simply to enjoy the advantages of a <a href=\"https:\/\/www.camping-calypso.com\/en\/\" data-type=\"page\" data-id=\"5\">campsite in the Eastern Pyrenees by the sea<\/a>?<\/p>\n<\/div><\/div>\n<\/div><\/div>\n<\/div>\n<\/div>\n\n\n\n<section class=\"wp-container-69f4009fc7248 wp-block-group alignfull has-noir-background-color has-background\"><div class=\"wp-block-group__inner-container\">\n<p class=\"has-text-align-center h3 has-blanc-color has-text-color\">For a successful vacation by the sea!<\/p>\n\n\n\n<ul class=\"pictos large centre has-vert-color has-text-color\"><li><i class=\"fas fa-trees\"><\/i>  Camping <em>in the middle of nature<\/em><\/li><li><i class=\"fas fa-sun-haze\"><\/i>  Close to <em>the beach!<\/em><\/li><li><i class=\"fas fa-family\"><\/i>  Vacations with family <em>or friends<\/em><\/li><\/ul>\n<\/div><\/section>\n\n\n\n<div class=\"wp-block-columns\">\n<div class=\"wp-block-column\">\n<h2 id=\"camping-pyrenees-orientales-en-bord-de-mer-et-avec-piscine\">Camping Pyr\u00e9n\u00e9es Orientales  <\/h2>\n\n\n\n<h2 id=\"camping-pyrenees-orientales-en-bord-de-mer-et-avec-piscine\">by the sea <em>and with swimming pool<\/em><\/h2>\n\n\n\n<p>The dilemma is which 5 star campsite to choose for the next vacation? Should I choose a seaside accommodation or a campsite with a swimming pool? What if a<strong> campsite in the Pyrenees Orientales by the sea with a swimming pool<\/strong> would make everyone agree?<\/p>\n\n\n\n<div class=\"wp-block-group lire-plus-pc\"><div class=\"wp-block-group__inner-container\">\n<p>Read more<\/p>\n\n\n\n<div class=\"wp-container-69f4009fc75bf wp-block-group\"><div class=\"wp-block-group__inner-container\">\n<p>In a green setting like a beach pine forest, <a href=\"https:\/\/www.camping-calypso.com\/en\/water-park\/\" data-type=\"page\" data-id=\"563\">the Pyrenees Orientales campsite with swimming pool<\/a> dedicates an area of 3,000m2 to <strong>the aquatic area<\/strong>. Whether the vacation is contemplative or active, there is something for everyone. Children will have plenty of time to enjoy the water park and the many <strong>water games<\/strong> available (water slides, swings or pentagliss&#8230;). Parents can relax in the pool of their choice and enjoy the <strong>heated pools<\/strong> or <strong>the relaxation area<\/strong> with its Jacuzzi and solarium.<\/p>\n\n\n\n<p>If our 5 star campsite with its large <strong>outdoor swimming pool<\/strong> remains a privileged place <strong>to relax<\/strong>, you will also be seduced by <strong>the<\/strong> nearby seaside which offers as many seductive arguments. The <strong>beach outings<\/strong> are always moments of pleasure, sharing and conviviality in family. Equipped with balloons, towels, umbrella, cooler and sun cream, there&#8217;s no room for the stress of forgetting something, you&#8217;re right next to your accommodation!<\/p>\n<\/div><\/div>\n<\/div><\/div>\n<\/div>\n\n\n\n<div class=\"wp-block-column\" style=\"flex-basis:52%\">\n<figure class=\"wp-block-image alignfull size-large\"><img loading=\"lazy\" width=\"1024\" height=\"768\" src=\"https:\/\/www.camping-calypso.com\/wp-content\/uploads\/2024\/02\/DJI_0926-1024x768.jpg\" alt=\"Camping 5 \u00e9toiles pyr\u00e9n\u00e9es orientales bord de mer\" class=\"wp-image-6100\" srcset=\"https:\/\/www.camping-calypso.com\/wp-content\/uploads\/2024\/02\/DJI_0926-1024x768.jpg 1024w, https:\/\/www.camping-calypso.com\/wp-content\/uploads\/2024\/02\/DJI_0926-300x225.jpg 300w, https:\/\/www.camping-calypso.com\/wp-content\/uploads\/2024\/02\/DJI_0926-768x576.jpg 768w, https:\/\/www.camping-calypso.com\/wp-content\/uploads\/2024\/02\/DJI_0926-1536x1152.jpg 1536w, https:\/\/www.camping-calypso.com\/wp-content\/uploads\/2024\/02\/DJI_0926-2048x1536.jpg 2048w\" sizes=\"(max-width: 1024px) 100vw, 1024px\" \/><\/figure>\n<\/div>\n<\/div>\n\n\n\n<div class=\"wp-block-columns alignfull reverse-mob has-bleu-background-color has-background\">\n<div class=\"wp-block-column\" style=\"flex-basis:48%\">\n<figure class=\"wp-block-image alignfull size-full\"><img loading=\"lazy\" width=\"2560\" height=\"1707\" src=\"https:\/\/www.camping-calypso.com\/wp-content\/uploads\/2023\/01\/maxence-bouniort-J3ZvsCRgjm0-unsplash-scaled.jpg\" alt=\"\" class=\"wp-image-1025\" srcset=\"https:\/\/www.camping-calypso.com\/wp-content\/uploads\/2023\/01\/maxence-bouniort-J3ZvsCRgjm0-unsplash-scaled.jpg 2560w, https:\/\/www.camping-calypso.com\/wp-content\/uploads\/2023\/01\/maxence-bouniort-J3ZvsCRgjm0-unsplash-300x200.jpg 300w, https:\/\/www.camping-calypso.com\/wp-content\/uploads\/2023\/01\/maxence-bouniort-J3ZvsCRgjm0-unsplash-1024x683.jpg 1024w, https:\/\/www.camping-calypso.com\/wp-content\/uploads\/2023\/01\/maxence-bouniort-J3ZvsCRgjm0-unsplash-768x512.jpg 768w, https:\/\/www.camping-calypso.com\/wp-content\/uploads\/2023\/01\/maxence-bouniort-J3ZvsCRgjm0-unsplash-1536x1024.jpg 1536w, https:\/\/www.camping-calypso.com\/wp-content\/uploads\/2023\/01\/maxence-bouniort-J3ZvsCRgjm0-unsplash-2048x1365.jpg 2048w\" sizes=\"(max-width: 2560px) 100vw, 2560px\" \/><\/figure>\n<\/div>\n\n\n\n<div class=\"wp-block-column\">\n<h2 id=\"emplacements-de-camping-pres-de-perpignan\">Waterfront stay <em>near Perpignan<\/em><\/h2>\n\n\n\n<p>Our <strong>Torreilles plage campsite<\/strong> enjoys a privileged location on the <strong>Catalan coast<\/strong>. In addition, the beaches of the commune are protected by the Conservatoire du Littoral, which gives them a wild but secure and supervised environment.<\/p>\n\n\n\n<p>If the seaside resort is popular with lovers of vacations by the Mediterranean sea, it is because staying on vacation in a <strong>campsite in perpignan plage<\/strong> is a winning combination.<\/p>\n\n\n\n<div class=\"wp-block-group lire-plus-pc\"><div class=\"wp-block-group__inner-container\">\n<p>Read more<\/p>\n\n\n\n<div class=\"wp-container-69f4009fc79ce wp-block-group\"><div class=\"wp-block-group__inner-container\">\n<p>Torreilles is <strong>one of the closest towns to Perpignan <\/strong>to enjoy the coastline. The <strong>sandy coast<\/strong> offers beautiful stretches of fine sandy beaches that extend to the vermilion coast on the border with Spain.<\/p>\n\n\n\n<p>A tourist destination par excellence, <a href=\"https:\/\/www.camping-calypso.com\/en\/tourism\/\" data-type=\"page\" data-id=\"571\">the Eastern Pyrenees<\/a> have an extraordinary cultural, historical and natural heritage. For a <strong>stay with your feet in the water near Perpignan<\/strong>, camping at Torreilles plage is an obvious choice.<\/p>\n\n\n\n<p>Only a few kilometers from the capital of the department, Torreilles is the starting point for many excursions. Towards the rocky coast to discover the picturesque village of <strong>Collioure<\/strong>, towards the Cerdanya for a great breath of fresh air or towards the city center of <a href=\"https:\/\/www.camping-calypso.com\/en\/alentours\/what-to-see-and-do-while-camping-around-perpignan\/\" data-type=\"alentours\" data-id=\"1024\">Perpignan<\/a> to admire the fortifications of Vauban.<\/p>\n\n\n\n<p>You want to spend a relaxing stay in a <strong>5 star campsite in the Eastern Pyrenees<\/strong>? The Calypso team meets all the requirements of the holidaymakers, the 3 beaches of Torreilles rewarded for 35 years by the eco label &#8220;Blue Flag&#8221;, will take care of the rest to make you unforgettable memories&#8230;<\/p>\n<\/div><\/div>\n<\/div><\/div>\n<\/div>\n<\/div>\n","protected":false},"excerpt":{"rendered":"<p>5 star campsite in the Eastern Pyrenees by the sea What if your dream vacation became reality by staying in a 5 star campsite in the Eastern Pyrenees? Nestled between the Mediterranean Sea and the Canigou, the sacred mountain of the Catalans, Camping Calypso is ideally located by the sea. Less than 500 meters from [&hellip;]<\/p>\n","protected":false},"author":1,"featured_media":4076,"parent":0,"menu_order":0,"comment_status":"closed","ping_status":"closed","template":"","meta":[],"acf":[],"yoast_head":"<!-- This site is optimized with the Yoast SEO plugin v18.8 - https:\/\/yoast.com\/wordpress\/plugins\/seo\/ -->\n<title>Seaside - Camping Calypso<\/title>\n<meta name=\"robots\" content=\"index, follow, max-snippet:-1, max-image-preview:large, max-video-preview:-1\" \/>\n<link rel=\"canonical\" href=\"https:\/\/www.camping-calypso.com\/en\/seaside\/\" \/>\n<meta property=\"og:locale\" content=\"en_US\" \/>\n<meta property=\"og:type\" content=\"article\" \/>\n<meta property=\"og:title\" content=\"Seaside - Camping Calypso\" \/>\n<meta property=\"og:description\" content=\"5 star campsite in the Eastern Pyrenees by the sea What if your dream vacation became reality by staying in a 5 star campsite in the Eastern Pyrenees? Nestled between the Mediterranean Sea and the Canigou, the sacred mountain of the Catalans, Camping Calypso is ideally located by the sea. Less than 500 meters from [&hellip;]\" \/>\n<meta property=\"og:url\" content=\"https:\/\/www.camping-calypso.com\/en\/seaside\/\" \/>\n<meta property=\"og:site_name\" content=\"Camping Calypso\" \/>\n<meta property=\"article:modified_time\" content=\"2024-08-05T15:01:30+00:00\" \/>\n<meta property=\"og:image\" content=\"https:\/\/www.camping-calypso.com\/wp-content\/uploads\/2023\/09\/IMG_2913-scaled.jpg\" \/>\n\t<meta property=\"og:image:width\" content=\"1920\" \/>\n\t<meta property=\"og:image:height\" content=\"2560\" \/>\n\t<meta property=\"og:image:type\" content=\"image\/jpeg\" \/>\n<meta name=\"twitter:card\" content=\"summary_large_image\" \/>\n<meta name=\"twitter:label1\" content=\"Est. reading time\" \/>\n\t<meta name=\"twitter:data1\" content=\"5 minutes\" \/>\n<script type=\"application\/ld+json\" class=\"yoast-schema-graph\">{\"@context\":\"https:\/\/schema.org\",\"@graph\":[{\"@type\":\"WebSite\",\"@id\":\"https:\/\/www.camping-calypso.com\/#website\",\"url\":\"https:\/\/www.camping-calypso.com\/\",\"name\":\"Camping Calypso\",\"description\":\"Camping 5 \u00e9toiles \u00e0 Toreilles Plage (66)\",\"potentialAction\":[{\"@type\":\"SearchAction\",\"target\":{\"@type\":\"EntryPoint\",\"urlTemplate\":\"https:\/\/www.camping-calypso.com\/?s={search_term_string}\"},\"query-input\":\"required name=search_term_string\"}],\"inLanguage\":\"en-US\"},{\"@type\":\"ImageObject\",\"inLanguage\":\"en-US\",\"@id\":\"https:\/\/www.camping-calypso.com\/en\/seaside\/#primaryimage\",\"url\":\"https:\/\/www.camping-calypso.com\/wp-content\/uploads\/2023\/09\/IMG_2913-scaled.jpg\",\"contentUrl\":\"https:\/\/www.camping-calypso.com\/wp-content\/uploads\/2023\/09\/IMG_2913-scaled.jpg\",\"width\":1920,\"height\":2560,\"caption\":\"Campsite le Calypso in torreilles france pitches\"},{\"@type\":\"WebPage\",\"@id\":\"https:\/\/www.camping-calypso.com\/en\/seaside\/#webpage\",\"url\":\"https:\/\/www.camping-calypso.com\/en\/seaside\/\",\"name\":\"Seaside - Camping Calypso\",\"isPartOf\":{\"@id\":\"https:\/\/www.camping-calypso.com\/#website\"},\"primaryImageOfPage\":{\"@id\":\"https:\/\/www.camping-calypso.com\/en\/seaside\/#primaryimage\"},\"datePublished\":\"2023-01-30T08:47:23+00:00\",\"dateModified\":\"2024-08-05T15:01:30+00:00\",\"breadcrumb\":{\"@id\":\"https:\/\/www.camping-calypso.com\/en\/seaside\/#breadcrumb\"},\"inLanguage\":\"en-US\",\"potentialAction\":[{\"@type\":\"ReadAction\",\"target\":[\"https:\/\/www.camping-calypso.com\/en\/seaside\/\"]}]},{\"@type\":\"BreadcrumbList\",\"@id\":\"https:\/\/www.camping-calypso.com\/en\/seaside\/#breadcrumb\",\"itemListElement\":[{\"@type\":\"ListItem\",\"position\":1,\"name\":\"Camping Torreilles\",\"item\":\"https:\/\/www.camping-calypso.com\/en\/\"},{\"@type\":\"ListItem\",\"position\":2,\"name\":\"Seaside\"}]}]}<\/script>\n<!-- \/ Yoast SEO plugin. -->","yoast_head_json":{"title":"Seaside - Camping Calypso","robots":{"index":"index","follow":"follow","max-snippet":"max-snippet:-1","max-image-preview":"max-image-preview:large","max-video-preview":"max-video-preview:-1"},"canonical":"https:\/\/www.camping-calypso.com\/en\/seaside\/","og_locale":"en_US","og_type":"article","og_title":"Seaside - Camping Calypso","og_description":"5 star campsite in the Eastern Pyrenees by the sea What if your dream vacation became reality by staying in a 5 star campsite in the Eastern Pyrenees? Nestled between the Mediterranean Sea and the Canigou, the sacred mountain of the Catalans, Camping Calypso is ideally located by the sea. Less than 500 meters from [&hellip;]","og_url":"https:\/\/www.camping-calypso.com\/en\/seaside\/","og_site_name":"Camping Calypso","article_modified_time":"2024-08-05T15:01:30+00:00","og_image":[{"width":1920,"height":2560,"url":"https:\/\/www.camping-calypso.com\/wp-content\/uploads\/2023\/09\/IMG_2913-scaled.jpg","type":"image\/jpeg"}],"twitter_card":"summary_large_image","twitter_misc":{"Est. reading time":"5 minutes"},"schema":{"@context":"https:\/\/schema.org","@graph":[{"@type":"WebSite","@id":"https:\/\/www.camping-calypso.com\/#website","url":"https:\/\/www.camping-calypso.com\/","name":"Camping Calypso","description":"Camping 5 \u00e9toiles \u00e0 Toreilles Plage (66)","potentialAction":[{"@type":"SearchAction","target":{"@type":"EntryPoint","urlTemplate":"https:\/\/www.camping-calypso.com\/?s={search_term_string}"},"query-input":"required name=search_term_string"}],"inLanguage":"en-US"},{"@type":"ImageObject","inLanguage":"en-US","@id":"https:\/\/www.camping-calypso.com\/en\/seaside\/#primaryimage","url":"https:\/\/www.camping-calypso.com\/wp-content\/uploads\/2023\/09\/IMG_2913-scaled.jpg","contentUrl":"https:\/\/www.camping-calypso.com\/wp-content\/uploads\/2023\/09\/IMG_2913-scaled.jpg","width":1920,"height":2560,"caption":"Campsite le Calypso in torreilles france pitches"},{"@type":"WebPage","@id":"https:\/\/www.camping-calypso.com\/en\/seaside\/#webpage","url":"https:\/\/www.camping-calypso.com\/en\/seaside\/","name":"Seaside - Camping Calypso","isPartOf":{"@id":"https:\/\/www.camping-calypso.com\/#website"},"primaryImageOfPage":{"@id":"https:\/\/www.camping-calypso.com\/en\/seaside\/#primaryimage"},"datePublished":"2023-01-30T08:47:23+00:00","dateModified":"2024-08-05T15:01:30+00:00","breadcrumb":{"@id":"https:\/\/www.camping-calypso.com\/en\/seaside\/#breadcrumb"},"inLanguage":"en-US","potentialAction":[{"@type":"ReadAction","target":["https:\/\/www.camping-calypso.com\/en\/seaside\/"]}]},{"@type":"BreadcrumbList","@id":"https:\/\/www.camping-calypso.com\/en\/seaside\/#breadcrumb","itemListElement":[{"@type":"ListItem","position":1,"name":"Camping Torreilles","item":"https:\/\/www.camping-calypso.com\/en\/"},{"@type":"ListItem","position":2,"name":"Seaside"}]}]}},"_links":{"self":[{"href":"https:\/\/www.camping-calypso.com\/en\/wp-json\/wp\/v2\/pages\/2373"}],"collection":[{"href":"https:\/\/www.camping-calypso.com\/en\/wp-json\/wp\/v2\/pages"}],"about":[{"href":"https:\/\/www.camping-calypso.com\/en\/wp-json\/wp\/v2\/types\/page"}],"author":[{"embeddable":true,"href":"https:\/\/www.camping-calypso.com\/en\/wp-json\/wp\/v2\/users\/1"}],"replies":[{"embeddable":true,"href":"https:\/\/www.camping-calypso.com\/en\/wp-json\/wp\/v2\/comments?post=2373"}],"version-history":[{"count":6,"href":"https:\/\/www.camping-calypso.com\/en\/wp-json\/wp\/v2\/pages\/2373\/revisions"}],"predecessor-version":[{"id":6759,"href":"https:\/\/www.camping-calypso.com\/en\/wp-json\/wp\/v2\/pages\/2373\/revisions\/6759"}],"wp:featuredmedia":[{"embeddable":true,"href":"https:\/\/www.camping-calypso.com\/en\/wp-json\/wp\/v2\/media\/4076"}],"wp:attachment":[{"href":"https:\/\/www.camping-calypso.com\/en\/wp-json\/wp\/v2\/media?parent=2373"}],"curies":[{"name":"wp","href":"https:\/\/api.w.org\/{rel}","templated":true}]}}